{"id":8216,"date":"2018-07-24T12:51:17","date_gmt":"2018-07-24T10:51:17","guid":{"rendered":"http:\/\/physics.uwb.edu.pl\/wf\/?page_id=8216"},"modified":"2018-07-24T12:51:17","modified_gmt":"2018-07-24T10:51:17","slug":"fizycy-uwb-zademonstrowali-nowa-ultraszybka-metode-zapisu-informacji","status":"publish","type":"page","link":"https:\/\/physics.uwb.edu.pl\/wf\/?page_id=8216","title":{"rendered":"Doktorat fizyka z UwB z Nagrod\u0105 Premiera"},"content":{"rendered":"<p><img loading=\"lazy\" decoding=\"async\" class=\"alignleft wp-image-4182\" src=\"http:\/\/physics.uwb.edu.pl\/wf\/wp-content\/uploads\/2017\/01\/nature2017-szerenos-stupakiewicz-1-300x162.jpg\" alt=\"\" width=\"400\" height=\"216\" srcset=\"https:\/\/physics.uwb.edu.pl\/wf\/wp-content\/uploads\/2017\/01\/nature2017-szerenos-stupakiewicz-1-300x162.jpg 300w, https:\/\/physics.uwb.edu.pl\/wf\/wp-content\/uploads\/2017\/01\/nature2017-szerenos-stupakiewicz-1-150x81.jpg 150w, https:\/\/physics.uwb.edu.pl\/wf\/wp-content\/uploads\/2017\/01\/nature2017-szerenos-stupakiewicz-1-1024x553.jpg 1024w, https:\/\/physics.uwb.edu.pl\/wf\/wp-content\/uploads\/2017\/01\/nature2017-szerenos-stupakiewicz-1-926x500.jpg 926w, https:\/\/physics.uwb.edu.pl\/wf\/wp-content\/uploads\/2017\/01\/nature2017-szerenos-stupakiewicz-1.jpg 1980w\" sizes=\"auto, (max-width: 400px) 100vw, 400px\" \/>Dr Krzysztof Szerenos, absolwent Wydzia\u0142u Fizyki Uniwersytetu w Bia\u0142ymstoku, otrzyma\u0142 Nagrod\u0119 Prezesa Rady Ministr\u00f3w za najlepsz\u0105 rozpraw\u0119 doktorsk\u0105. Tytu\u0142 jego pracy brzmi \u201eUltrafast nonthermal photo-magnetic recording in dielectrics\u201d. Promotorem rozprawy doktorskiej by\u0142&nbsp;dr hab. Andrzej Stupakiewicz, prof. UwB z Zak\u0142adu Fizyki Magnetyk\u00f3w.<\/p>\n<p>Dr Szerenos w swojej pracy opisa\u0142 now\u0105 metod\u0119 ultraszybkiego zapisu fotomagnetycznego w cienkich warstwach dielektrycznych. <a href=\"https:\/\/www.nature.com\/articles\/nature20807\">Jest on tak\u017ce wsp\u00f3\u0142autorem publikacji w tygodniku \u201eNature\u201d (2017)<\/a>, kt\u00f3ra opisuje odkrycie nowego zapisu danych za pomoc\u0105 femtosekundowych impuls\u00f3w \u015bwiat\u0142a. Obecnie dr Szerenos jest na sta\u017cu podoktorskim w Uniwersytecie w Nijmegen w Holandii.<\/p>\n<p>Wr\u0119czenie nagrody odb\u0119dzie si\u0119 w pa\u017adzierniku&nbsp; bie\u017c\u0105cego roku. Pe\u0142na lista 25 prac doktorskich z ca\u0142ego kraju, wyr\u00f3\u017cnionych Nagrod\u0105 Prezesa Rady Ministr\u00f3w w 2018 r., znajduje si\u0119 na stronie KPRM pod adresem:<\/p>\n<p><a href=\"https:\/\/bip.kprm.gov.pl\/kpr\/bip-kancelarii-prezesa\/nagrody-premiera\/1983,Nagrody-Prezesa-Rady-Ministrow-za-dzialalnosc-naukowa-naukowo-techniczna-lub-art.html\">https:\/\/bip.kprm.gov.pl\/kpr\/bip-kancelarii-prezesa\/nagrody-premiera\/1983,Nagrody-Prezesa-Rady-Ministrow-za-dzialalnosc-naukowa-naukowo-techniczna-lub-art.html<\/a><\/p>\n<p>To nie pierwsze wyr\u00f3\u017cnienie dla dr. Krzysztofa Szerenosa. W kwietniu odebra\u0142 on <a href=\"http:\/\/physics.uwb.edu.pl\/wf\/?page_id=7742\">Medal M\u0142odego Uczonego<\/a> przyznany przez Politechnik\u0119 Warszawsk\u0105.<\/p>\n<p>Wi\u0119cej informacji o badaniach prowadzonych przez dr. Krzysztofa Szerenosa oraz dr. hab. Andrzeja Stupakiewicza mo\u017cna znale\u017a\u0107 <a href=\"http:\/\/physics.uwb.edu.pl\/wf\/?page_id=4171\">tutaj<\/a>.<\/p>\n","protected":false},"excerpt":{"rendered":"<p>Dr Krzysztof Szerenos, absolwent Wydzia\u0142u Fizyki Uniwersytetu w Bia\u0142ymstoku, otrzyma\u0142 Nagrod\u0119 Prezesa Rady Ministr\u00f3w za najlepsz\u0105 rozpraw\u0119 doktorsk\u0105. Tytu\u0142 jego pracy brzmi \u201eUltrafast nonthermal photo-magnetic recording in dielectrics\u201d. Promotorem rozprawy <a href=\"https:\/\/physics.uwb.edu.pl\/wf\/?page_id=8216\" class=\"more-link\">[&hellip;]<\/a><\/p>\n","protected":false},"author":14,"featured_media":4172,"parent":713,"menu_order":0,"comment_status":"closed","ping_status":"closed","template":"","meta":{"ngg_post_thumbnail":0,"Layout":"1c","footnotes":""},"categories":[27,3],"tags":[],"class_list":["entry","author-ulag","post-8216","page","type-page","status-publish","has-post-thumbnail","category-post_news_pl","category-wydzialowe_pl"],"jetpack_sharing_enabled":true,"jetpack_shortlink":"https:\/\/wp.me\/P7nvcn-28w","_links":{"self":[{"href":"https:\/\/physics.uwb.edu.pl\/wf\/index.php?rest_route=\/wp\/v2\/pages\/8216","targetHints":{"allow":["GET"]}}],"collection":[{"href":"https:\/\/physics.uwb.edu.pl\/wf\/index.php?rest_route=\/wp\/v2\/pages"}],"about":[{"href":"https:\/\/physics.uwb.edu.pl\/wf\/index.php?rest_route=\/wp\/v2\/types\/page"}],"author":[{"embeddable":true,"href":"https:\/\/physics.uwb.edu.pl\/wf\/index.php?rest_route=\/wp\/v2\/users\/14"}],"replies":[{"embeddable":true,"href":"https:\/\/physics.uwb.edu.pl\/wf\/index.php?rest_route=%2Fwp%2Fv2%2Fcomments&post=8216"}],"version-history":[{"count":6,"href":"https:\/\/physics.uwb.edu.pl\/wf\/index.php?rest_route=\/wp\/v2\/pages\/8216\/revisions"}],"predecessor-version":[{"id":8222,"href":"https:\/\/physics.uwb.edu.pl\/wf\/index.php?rest_route=\/wp\/v2\/pages\/8216\/revisions\/8222"}],"up":[{"embeddable":true,"href":"https:\/\/physics.uwb.edu.pl\/wf\/index.php?rest_route=\/wp\/v2\/pages\/713"}],"wp:featuredmedia":[{"embeddable":true,"href":"https:\/\/physics.uwb.edu.pl\/wf\/index.php?rest_route=\/wp\/v2\/media\/4172"}],"wp:attachment":[{"href":"https:\/\/physics.uwb.edu.pl\/wf\/index.php?rest_route=%2Fwp%2Fv2%2Fmedia&parent=8216"}],"wp:term":[{"taxonomy":"category","embeddable":true,"href":"https:\/\/physics.uwb.edu.pl\/wf\/index.php?rest_route=%2Fwp%2Fv2%2Fcategories&post=8216"},{"taxonomy":"post_tag","embeddable":true,"href":"https:\/\/physics.uwb.edu.pl\/wf\/index.php?rest_route=%2Fwp%2Fv2%2Ftags&post=8216"}],"curies":[{"name":"wp","href":"https:\/\/api.w.org\/{rel}","templated":true}]}}