{"id":8228,"date":"2018-08-02T14:49:34","date_gmt":"2018-08-02T12:49:34","guid":{"rendered":"http:\/\/physics.uwb.edu.pl\/wf\/?page_id=8228"},"modified":"2018-08-02T14:49:34","modified_gmt":"2018-08-02T12:49:34","slug":"fizycy-uwb-zademonstrowali-nowa-ultraszybka-metode-zapisu-informacji-2","status":"publish","type":"page","link":"https:\/\/physics.uwb.edu.pl\/wf\/?page_id=8228","title":{"rendered":"Kolejny grant z NCN b\u0119dzie realizowany na Wydziale Fizyki"},"content":{"rendered":"<p><img loading=\"lazy\" decoding=\"async\" class=\"aligncenter wp-image-8229 \" src=\"http:\/\/physics.uwb.edu.pl\/wf\/wp-content\/uploads\/2018\/08\/fizyka-laser-2-1024x631.png\" alt=\"\" width=\"565\" height=\"348\" srcset=\"https:\/\/physics.uwb.edu.pl\/wf\/wp-content\/uploads\/2018\/08\/fizyka-laser-2-1024x631.png 1024w, https:\/\/physics.uwb.edu.pl\/wf\/wp-content\/uploads\/2018\/08\/fizyka-laser-2-150x92.png 150w, https:\/\/physics.uwb.edu.pl\/wf\/wp-content\/uploads\/2018\/08\/fizyka-laser-2-300x185.png 300w, https:\/\/physics.uwb.edu.pl\/wf\/wp-content\/uploads\/2018\/08\/fizyka-laser-2-811x500.png 811w, https:\/\/physics.uwb.edu.pl\/wf\/wp-content\/uploads\/2018\/08\/fizyka-laser-2.png 1343w\" sizes=\"auto, (max-width: 565px) 100vw, 565px\" \/>Dr Micha\u0142 Matczak z Instytutu Fizyki Molekularnej PAN b\u0119dzie prowadzi\u0142 badania w Zak\u0142adzie Fizyki Magnetyk\u00f3w Uniwersytetu w Bia\u0142ymstoku. Na realizacj\u0119 projektu otrzyma\u0142 dofinansowanie w konkursie SONATINA 2 Narodowego Centrum Nauki \u2013 ponad 900 tys. z\u0142.<\/p>\n<p>Naukowiec b\u0119dzie bada\u0142 w\u0142a\u015bciwo\u015bci magnetyczne materia\u0142\u00f3w, kt\u00f3re mog\u0142yby zosta\u0107 wykorzystane do skonstruowania magnetycznych pami\u0119ci masowych i uk\u0142ad\u00f3w logicznych wykorzystuj\u0105cych skyrmiony. Skyrmiony to magnetyczne quasicz\u0105stki o bardzo ma\u0142ych rozmiarach, pozwalaj\u0105ce uzyska\u0107 du\u017ce g\u0119sto\u015bci zapisu informacji.<\/p>\n<p>Dr Micha\u0142 Matczak zamierza bada\u0107 specjalnie zaprojektowane ultracienkie warstwy magnetyczne. Chce sprawdzi\u0107, czy &#8211; zgodnie z pojawiaj\u0105cymi si\u0119 ostatnio koncepcjami teoretycznymi &#8211; mo\u017cliwe jest w nich przesuwanie skyrmion\u00f3w w wyniku przep\u0142ywu pr\u0105du elektrycznego, w linii prostej. W dotychczas testowanych uk\u0142adach warstwowych skyrmiony poruszaj\u0105 si\u0119 bowiem po zakrzywionej trajektorii ze wzgl\u0119du na &#8220;skyrmionowy efekt halla&#8221;, co jest niekorzystne z punktu widzenia potencjalnych zastosowa\u0144.<\/p>\n<p>&#8211; Realizacja tego zadania jest trudna zar\u00f3wno od strony technologicznej, jak i pomiarowej \u2013 ocenia fizyk. &#8211; Struktury wielowarstwowe nale\u017cy wytwarza\u0107 w warunkach ultrawysokiej pr\u00f3\u017cni, a grubo\u015bci warstw musz\u0105 by\u0107 kontrolowane z precyzj\u0105 por\u00f3wnywaln\u0105 z rozmiarami atom\u00f3w. Badania musz\u0105 by\u0107 realizowane z wykorzystaniem metod gwarantuj\u0105cych niezwyk\u0142\u0105 czu\u0142o\u015b\u0107 oraz rozdzielczo\u015b\u0107. Doskonale nadaj\u0105 si\u0119 do tego metody magnetooptyczne wykorzystuj\u0105ce zmian\u0119 polaryzacji \u015bwiat\u0142a w wyniku oddzia\u0142ywania \u015bwiat\u0142a z materia\u0142em magnetycznym.<\/p>\n<p>To dlatego projekt b\u0119dzie realizowany na Uniwersytecie w Bia\u0142ymstoku w Zak\u0142adzie Fizyki Magnetyk\u00f3w, kt\u00f3ry dysponuje najlepszym w Polsce wyposa\u017ceniem do magnetycznych pomiar\u00f3w nanostruktur warstwowych z wykorzystaniem technik magnetooptycznych.<\/p>\n<p>&#8211; Ten grant to pok\u0142osie intensywnej wsp\u00f3\u0142pracy sze\u015bciu polskich instytucji naukowych, zainicjowanej blisko 10 lat temu &#8211; przypomina prof. Andrzej Maziewski, kierownik Zak\u0142adu Fizyki Magnetyk\u00f3w na Wydziale Fizyki UwB. &#8211; Utworzyli\u015bmy Krajowe Centrum Nanofizyki i Spintroniki &#8211; SPINLAB do kompleksowych bada\u0144 nanostruktur magnetycznych pod k\u0105tem ich zastosowa\u0144 w elektronice spinowej. SPINLAB pozyska\u0142 du\u017ce fundusze na inwestycje aparaturowe, dzi\u0119ki czemu w naszych jednostkach powsta\u0142y specjalistyczne, uzupe\u0142niaj\u0105ce si\u0119 laboratoria. Nasz bia\u0142ostocki zesp\u00f3\u0142 zbudowa\u0142 unikatowe, w skali europejskiej, laboratoria wykorzystuj\u0105ce techniki magnetooptyczne do bada\u0144 statycznych i dynamicznych w\u0142a\u015bciwo\u015bci materia\u0142\u00f3w magnetycznych z zastosowaniem np. ultrakr\u00f3tkich, femtosekundowych impuls\u00f3w \u015bwiat\u0142a czy wysokoczu\u0142ych metod interferometrycznych w spektroskopii rozpraszania \u015bwiat\u0142a Brillouina. Sprz\u0119t i umiej\u0119tno\u015bci zespo\u0142u umo\u017cliwi\u0142y nam realizacj\u0119 wielu krajowych i zagranicznych projekt\u00f3w naukowych. Potencja\u0142 Centrum SPINLAB jest te\u017c wykorzystywany poprzez wymian\u0119 osobow\u0105 naukowc\u00f3w. Przyk\u0142adowo, nasz pracownik dr Piotr Mazalski realizuje obecnie projekty NCN w Krakowie, a po wakacjach dr Micha\u0142 Matczak z Poznania rozpocznie realizacj\u0119 projektu SONATINA w Bia\u0142ymstoku.<\/p>\n<p>Jak informuje dr Micha\u0142 Matczak, pomiary uzupe\u0142niaj\u0105ce w ramach jego projektu przeprowadzone b\u0119d\u0105 w Leibniz Institute for Solid State and Materials Research (Drezno), kt\u00f3ry jest \u015bwiatowym liderem w dziedzinie bada\u0144 magnetycznych z wykorzystaniem metod magnetooptycznej mikroskopii. Natomiast struktury warstwowe przeznaczone do bada\u0144 zostan\u0105 wytwarzane w Instytucie Fizyki Molekularnej PAN.<\/p>\n<p>Jak mo\u017cna przeczyta\u0107 na stronie internetowej Narodowego Centrum Nauki, SONATINA to konkurs skierowany do naukowc\u00f3w, kt\u00f3rzy posiadaj\u0105 stopie\u0144 doktora nie d\u0142u\u017cej ni\u017c od 3 lat. W drugiej edycji konkursu z\u0142o\u017cono 154 wnioski, z czego finansowanie otrzyma 45 badaczy.<\/p>\n<p>Wi\u0119cej na ten temat: <a href=\"https:\/\/www.ncn.gov.pl\/aktualnosci\/2018-07-31-wyniki-sonatina-2\">https:\/\/www.ncn.gov.pl\/aktualnosci\/2018-07-31-wyniki-sonatina-2<\/a>.<\/p>\n<p>Szczeg\u00f3\u0142owe informacje na temat projektu dra Matczaka dost\u0119pne s\u0105 pod adresem <a href=\"https:\/\/www.ncn.gov.pl\/sites\/default\/files\/listy-rankingowe\/2017-12-15\/streszczenia\/401337-pl.pdf\">https:\/\/www.ncn.gov.pl\/sites\/default\/files\/listy-rankingowe\/2017-12-15\/streszczenia\/401337-pl.pdf<\/a><\/p>\n","protected":false},"excerpt":{"rendered":"<p>Dr Micha\u0142 Matczak z Instytutu Fizyki Molekularnej PAN b\u0119dzie prowadzi\u0142 badania w Zak\u0142adzie Fizyki Magnetyk\u00f3w Uniwersytetu w Bia\u0142ymstoku. Na realizacj\u0119 projektu otrzyma\u0142 dofinansowanie w konkursie SONATINA 2 Narodowego Centrum Nauki <a href=\"https:\/\/physics.uwb.edu.pl\/wf\/?page_id=8228\" class=\"more-link\">[&hellip;]<\/a><\/p>\n","protected":false},"author":14,"featured_media":8229,"parent":713,"menu_order":0,"comment_status":"closed","ping_status":"closed","template":"","meta":{"ngg_post_thumbnail":0,"Layout":"1c","footnotes":""},"categories":[27,3],"tags":[],"class_list":["entry","author-ulag","post-8228","page","type-page","status-publish","has-post-thumbnail","category-post_news_pl","category-wydzialowe_pl"],"jetpack_sharing_enabled":true,"jetpack_shortlink":"https:\/\/wp.me\/P7nvcn-28I","_links":{"self":[{"href":"https:\/\/physics.uwb.edu.pl\/wf\/index.php?rest_route=\/wp\/v2\/pages\/8228","targetHints":{"allow":["GET"]}}],"collection":[{"href":"https:\/\/physics.uwb.edu.pl\/wf\/index.php?rest_route=\/wp\/v2\/pages"}],"about":[{"href":"https:\/\/physics.uwb.edu.pl\/wf\/index.php?rest_route=\/wp\/v2\/types\/page"}],"author":[{"embeddable":true,"href":"https:\/\/physics.uwb.edu.pl\/wf\/index.php?rest_route=\/wp\/v2\/users\/14"}],"replies":[{"embeddable":true,"href":"https:\/\/physics.uwb.edu.pl\/wf\/index.php?rest_route=%2Fwp%2Fv2%2Fcomments&post=8228"}],"version-history":[{"count":2,"href":"https:\/\/physics.uwb.edu.pl\/wf\/index.php?rest_route=\/wp\/v2\/pages\/8228\/revisions"}],"predecessor-version":[{"id":8231,"href":"https:\/\/physics.uwb.edu.pl\/wf\/index.php?rest_route=\/wp\/v2\/pages\/8228\/revisions\/8231"}],"up":[{"embeddable":true,"href":"https:\/\/physics.uwb.edu.pl\/wf\/index.php?rest_route=\/wp\/v2\/pages\/713"}],"wp:featuredmedia":[{"embeddable":true,"href":"https:\/\/physics.uwb.edu.pl\/wf\/index.php?rest_route=\/wp\/v2\/media\/8229"}],"wp:attachment":[{"href":"https:\/\/physics.uwb.edu.pl\/wf\/index.php?rest_route=%2Fwp%2Fv2%2Fmedia&parent=8228"}],"wp:term":[{"taxonomy":"category","embeddable":true,"href":"https:\/\/physics.uwb.edu.pl\/wf\/index.php?rest_route=%2Fwp%2Fv2%2Fcategories&post=8228"},{"taxonomy":"post_tag","embeddable":true,"href":"https:\/\/physics.uwb.edu.pl\/wf\/index.php?rest_route=%2Fwp%2Fv2%2Ftags&post=8228"}],"curies":[{"name":"wp","href":"https:\/\/api.w.org\/{rel}","templated":true}]}}