{"id":8279,"date":"2018-10-07T14:25:30","date_gmt":"2018-10-07T12:25:30","guid":{"rendered":"http:\/\/physics.uwb.edu.pl\/wf\/?page_id=8279"},"modified":"2018-10-08T17:49:54","modified_gmt":"2018-10-08T15:49:54","slug":"fizycy-uwb-zademonstrowali-nowa-ultraszybka-metode-zapisu-informacji-2-2","status":"publish","type":"page","link":"https:\/\/physics.uwb.edu.pl\/wf\/?page_id=8279","title":{"rendered":"Pierwszy ameryka\u0144ski patent dla fizyk\u00f3w!"},"content":{"rendered":"<div class=\"news-img pull-left\">&nbsp;<\/div>\n<div class=\"wcag-font\">\n<p><img loading=\"lazy\" decoding=\"async\" class=\"aligncenter wp-image-8280\" src=\"http:\/\/physics.uwb.edu.pl\/wf\/wp-content\/uploads\/2018\/09\/usa-patent-300x123.jpg\" alt=\"\" width=\"600\" height=\"245\" srcset=\"https:\/\/physics.uwb.edu.pl\/wf\/wp-content\/uploads\/2018\/09\/usa-patent-300x123.jpg 300w, https:\/\/physics.uwb.edu.pl\/wf\/wp-content\/uploads\/2018\/09\/usa-patent-150x61.jpg 150w, https:\/\/physics.uwb.edu.pl\/wf\/wp-content\/uploads\/2018\/09\/usa-patent.jpg 800w\" sizes=\"auto, (max-width: 600px) 100vw, 600px\" \/>Metoda ultraszybkiego zapisu fotomagnetycznego, opracowana przez fizyk\u00f3w z Uniwersytetu w Bia\u0142ymstoku \u2013 <strong>dr. hab. Andrzeja Stupakiewicza<\/strong>, prof. UwB oraz <strong>dr. Krzysztofa Szerenosa<\/strong> &#8211; otrzyma\u0142a ochron\u0119 Ameryka\u0144skiego Urz\u0119du Patentowego. Najwi\u0119ksza podlaska uczelnia jest w\u0142a\u015bcicielem wynalazku i jest to pierwszy ameryka\u0144ski patent w jej historii. Ca\u0142a procedura patentowa trwa\u0142a zaledwie jeden rok.<\/p>\n<p>Naukowcy opatentowali wyniki swoich bada\u0144 przeprowadzonych w ostatnich latach w ramach projekt\u00f3w krajowych i europejskich realizowanych w Zak\u0142adzie Fizyki Magnetyk\u00f3w na Wydziale Fizyki. Istot\u0105 wynalazku pt.<a href=\"http:\/\/pdfpiw.uspto.gov\/.piw?PageNum=0&amp;docid=10037777&amp;IDKey=AAD9856727E1&amp;HomeUrl=http%3A%2F%2Fpatft.uspto.gov%2Fnetacgi%2Fnph-Parser%3FSect1%3DPTO2%2526Sect2%3DHITOFF%2526p%3D1%2526u%3D%25252Fnetahtml%25252FPTO%25252Fsearch-bool.html%2526r%3D1%2526f%3DG%2526l%3D50%2526co1%3DAND%2526d%3DPTXT%2526s1%3D%252522US%252B10%2C037%2C777%252BB1%252522%2526OS%3D%2526RS%3D\"><strong> \u201eUltrafast photomagnetic recording in a dielectric medium using anisotropic ions and effective Gilbert damping\u201d (US 10,037,777 B1)<\/strong><\/a> jest metoda oraz system do zapisu fotomagnetycznego wykorzystuj\u0105cego przezroczysty no\u015bnik dielektryczny. Innowacyjno\u015b\u0107, a r\u00f3wnocze\u015bnie atrakcyjno\u015b\u0107 wynalazku polega na zastosowaniu femtosekundowych spolaryzowanych impuls\u00f3w \u015bwiat\u0142a laserowego okre\u015blonej d\u0142ugo\u015bci fali, do zapisu i odczytu danych w spos\u00f3b nietermiczny.<\/p>\n<p>Patent zawiera cze\u015b\u0107 wynik\u00f3w, kt\u00f3re zosta\u0142y ju\u017c opublikowane na \u0142amach tygodnika \u201eNature\u201d, a tak\u017ce nowe wyniki, prezentuj\u0105ce koncepcj\u0119 budowy systemu do zapisu danych oraz parametry no\u015bnika informacji. Warto podkre\u015bli\u0107, \u017ce patent zawiera 17 zastrze\u017ce\u0144, kt\u00f3re pozwol\u0105 na skuteczn\u0105 ochron\u0119 wynalazku.<\/p>\n<p>Autorzy spodziewaj\u0105 si\u0119, \u017ce ameryka\u0144ski patent da szans\u0119 na zainicjowanie rewolucyjnych zmian w wydajno\u015bci przysz\u0142ych system\u00f3w komputerowych w zakresie magazynowania i przetwarzania informacji cyfrowej.<\/p>\n<p>&#8211; <em>Liderzy w technologiach informatycznych, a w szczeg\u00f3lno\u015bci system\u00f3w pami\u0119ci magnetycznych, znajduj\u0105 si\u0119 g\u0142\u00f3wnie na rynku ameryka\u0144skim, dlatego zale\u017ca\u0142o nam na ochronie patentowej w\u0142a\u015bnie na terenie USA<\/em> \u2013 t\u0142umaczy prof. UwB Andrzej Stupakiewicz. I dodaje: &#8211; <em>Uzyskanie patentu w presti\u017cowej i niezwykle konkurencyjnej bran\u017cy IT potwierdza nowatorski charakter rozwi\u0105zania, a to plasuje UwB w w\u0105skim gronie polskich uczelni posiadaj\u0105cych innowacyjne osi\u0105gni\u0119cia w skali mi\u0119dzynarodowej.<\/em><\/p>\n<p>Opatentowany system do zapisu fotomagnetycznego b\u0119dzie krokiem milowym je\u017celi chodzi o szybko\u015b\u0107 i energooszcz\u0119dno\u015b\u0107 system\u00f3w pami\u0119ciowych.<\/p>\n<p><em>&#8211; Na \u015bwiecie nie ma podobnego rozwi\u0105zania, kt\u00f3re pozwala\u0142oby przekroczy\u0107 barier\u0119 szybko\u015bci zapisu informacji, jednocze\u015bnie skutecznie redukuj\u0105c wydzielenie niepotrzebnego ciep\u0142a<\/em> \u2013 dodaje dr Krzysztof Szerenos.<\/p>\n<p>Droga do komercjalizacji mo\u017ce by\u0107 jednak d\u0142uga. Autorzy wynalazku licz\u0105, \u017ce przyci\u0105gn\u0105 &nbsp;inwestora spo\u015br\u00f3d \u015bwiatowych lider\u00f3w produkuj\u0105cych pami\u0119ci magnetyczne i b\u0119d\u0105 z nim wsp\u00f3\u0142pracowa\u0107 w celu wdro\u017cenia nowej metody. Pomog\u0105 w tym realizowane na Wydziale Fizyki UwB granty.<\/p>\n<p>&#8211; <em>W tym roku pozyskali\u015bmy fundusze krajowe i europejskie na kilka projekt\u00f3w naukowych oraz badawczo-rozwojowych<\/em> &#8211; przypomina prof. Stupakiewicz. &#8211; <em>\u015arodki grantowe pozwol\u0105 nam rozbudowa\u0107 baz\u0119 aparaturow\u0105, przeprowadzi\u0107 nowe badania oraz rozwin\u0105\u0107 wsp\u00f3\u0142prac\u0119 mi\u0119dzynarodow\u0105 w kierunku opracowania nowej technologii zapisu. <\/em><\/p>\n<p>Procedura patentowa by\u0142a dofinansowana z funduszy grantowych oraz programu \u201eInkubator Innowacyjno\u015bci+\u201d wsp\u00f3\u0142finansowanego ze \u015brodk\u00f3w unijnych w ramach Programu Operacyjnego Inteligentny Rozw\u00f3j, a prowadzonego przez Wschodni O\u015brodek Transferu Technologii UwB.<\/p>\n<\/div>\n","protected":false},"excerpt":{"rendered":"<p>&nbsp; Metoda ultraszybkiego zapisu fotomagnetycznego, opracowana przez fizyk\u00f3w z Uniwersytetu w Bia\u0142ymstoku \u2013 dr. hab. Andrzeja Stupakiewicza, prof. UwB oraz dr. Krzysztofa Szerenosa &#8211; otrzyma\u0142a ochron\u0119 Ameryka\u0144skiego Urz\u0119du Patentowego. Najwi\u0119ksza <a href=\"https:\/\/physics.uwb.edu.pl\/wf\/?page_id=8279\" class=\"more-link\">[&hellip;]<\/a><\/p>\n","protected":false},"author":14,"featured_media":8280,"parent":713,"menu_order":0,"comment_status":"closed","ping_status":"closed","template":"","meta":{"ngg_post_thumbnail":0,"Layout":"1c","footnotes":""},"categories":[27,3],"tags":[],"class_list":["entry","author-ulag","post-8279","page","type-page","status-publish","has-post-thumbnail","category-post_news_pl","category-wydzialowe_pl"],"jetpack_sharing_enabled":true,"jetpack_shortlink":"https:\/\/wp.me\/P7nvcn-29x","_links":{"self":[{"href":"https:\/\/physics.uwb.edu.pl\/wf\/index.php?rest_route=\/wp\/v2\/pages\/8279","targetHints":{"allow":["GET"]}}],"collection":[{"href":"https:\/\/physics.uwb.edu.pl\/wf\/index.php?rest_route=\/wp\/v2\/pages"}],"about":[{"href":"https:\/\/physics.uwb.edu.pl\/wf\/index.php?rest_route=\/wp\/v2\/types\/page"}],"author":[{"embeddable":true,"href":"https:\/\/physics.uwb.edu.pl\/wf\/index.php?rest_route=\/wp\/v2\/users\/14"}],"replies":[{"embeddable":true,"href":"https:\/\/physics.uwb.edu.pl\/wf\/index.php?rest_route=%2Fwp%2Fv2%2Fcomments&post=8279"}],"version-history":[{"count":4,"href":"https:\/\/physics.uwb.edu.pl\/wf\/index.php?rest_route=\/wp\/v2\/pages\/8279\/revisions"}],"predecessor-version":[{"id":8284,"href":"https:\/\/physics.uwb.edu.pl\/wf\/index.php?rest_route=\/wp\/v2\/pages\/8279\/revisions\/8284"}],"up":[{"embeddable":true,"href":"https:\/\/physics.uwb.edu.pl\/wf\/index.php?rest_route=\/wp\/v2\/pages\/713"}],"wp:featuredmedia":[{"embeddable":true,"href":"https:\/\/physics.uwb.edu.pl\/wf\/index.php?rest_route=\/wp\/v2\/media\/8280"}],"wp:attachment":[{"href":"https:\/\/physics.uwb.edu.pl\/wf\/index.php?rest_route=%2Fwp%2Fv2%2Fmedia&parent=8279"}],"wp:term":[{"taxonomy":"category","embeddable":true,"href":"https:\/\/physics.uwb.edu.pl\/wf\/index.php?rest_route=%2Fwp%2Fv2%2Fcategories&post=8279"},{"taxonomy":"post_tag","embeddable":true,"href":"https:\/\/physics.uwb.edu.pl\/wf\/index.php?rest_route=%2Fwp%2Fv2%2Ftags&post=8279"}],"curies":[{"name":"wp","href":"https:\/\/api.w.org\/{rel}","templated":true}]}}