{"id":828,"date":"2016-03-17T08:38:05","date_gmt":"2016-03-17T07:38:05","guid":{"rendered":"http:\/\/physics.uwb.edu.pl\/wf\/?page_id=828"},"modified":"2016-03-17T08:38:33","modified_gmt":"2016-03-17T07:38:33","slug":"wydawnictwa-elektroniczne-2015","status":"publish","type":"page","link":"https:\/\/physics.uwb.edu.pl\/wf\/?page_id=828","title":{"rendered":"Wydawnictwa elektroniczne 2015"},"content":{"rendered":"<p style=\"text-align: center;\"><em><strong>Biblioteka Uniwersytecka im. Jerzego Giedroycia,<\/strong><\/em><br \/>\n<em><strong>przy ul. M. Sk\u0142odowskiej-Curie 14A w Bia\u0142ymstoku<\/strong><\/em><br \/>\nzaprasza do korzystania<br \/>\nz zakupionych wydawnictw elektronicznych<br \/>\noraz zasob\u00f3w licencyjnych dost\u0119pnych dla wszystkich instytucji akademickich<br \/>\nw Polsce w ramach Biblioteki Wirtualnej Nauki<br \/>\nBazy dost\u0119pne s\u0105 do dnia <strong>31 grudnia 2015 roku<\/strong><br \/>\nz komputer\u00f3w w sieci uniwersyteckiej<br \/>\n<a href=\"http:\/\/bg.uwb.edu.pl\/?pid=Wydawnictwa_elektroniczne\">http:\/\/bg.uwb.edu.pl\/?pid=Wydawnictwa_elektroniczne<\/a><br \/>\noraz z komputer\u00f3w prywatnych<br \/>\npo zalogowaniu si\u0119 na stronie <a href=\"https:\/\/prima.uwb.edu.pl\/login\">https:\/\/prima.uwb.edu.pl\/login<\/a><\/p>\n<p style=\"text-align: center;\"><em>B\u0119dziemy wdzi\u0119czni za wszelkie Pa\u0144stwa uwagi i opinie<\/em><br \/>\n<em>na temat wydawnictw oraz ich przydatno\u015bci do pracy naukowej.<\/em><br \/>\n<em>Uwagi prosimy przesy\u0142a\u0107 na adres &#8211; <a href=\"mailto:oin@uwb.edu.pl\">oin@uwb.edu.pl<\/a><\/em><\/p>\n<p style=\"text-align: left;\">Z powa\u017caniem<br \/>\nAgnieszka Ga\u0142ecka-Golec<br \/>\nOddzia\u0142 Informacji Naukowej<br \/>\nBiblioteki Uniwersyteckiej w Bia\u0142ymstoku<\/p>\n","protected":false},"excerpt":{"rendered":"<p>Biblioteka Uniwersytecka im. Jerzego Giedroycia, przy ul. M. Sk\u0142odowskiej-Curie 14A w Bia\u0142ymstoku zaprasza do korzystania z zakupionych wydawnictw elektronicznych oraz zasob\u00f3w licencyjnych dost\u0119pnych dla wszystkich instytucji akademickich w Polsce w <a href=\"https:\/\/physics.uwb.edu.pl\/wf\/?page_id=828\" class=\"more-link\">[&hellip;]<\/a><\/p>\n","protected":false},"author":2,"featured_media":0,"parent":821,"menu_order":0,"comment_status":"closed","ping_status":"closed","template":"","meta":{"ngg_post_thumbnail":0,"Layout":"","footnotes":""},"categories":[42],"tags":[],"class_list":["entry","author-dobrog","post-828","page","type-page","status-publish","category-nauka_pl"],"jetpack_sharing_enabled":true,"jetpack_shortlink":"https:\/\/wp.me\/P7nvcn-dm","_links":{"self":[{"href":"https:\/\/physics.uwb.edu.pl\/wf\/index.php?rest_route=\/wp\/v2\/pages\/828","targetHints":{"allow":["GET"]}}],"collection":[{"href":"https:\/\/physics.uwb.edu.pl\/wf\/index.php?rest_route=\/wp\/v2\/pages"}],"about":[{"href":"https:\/\/physics.uwb.edu.pl\/wf\/index.php?rest_route=\/wp\/v2\/types\/page"}],"author":[{"embeddable":true,"href":"https:\/\/physics.uwb.edu.pl\/wf\/index.php?rest_route=\/wp\/v2\/users\/2"}],"replies":[{"embeddable":true,"href":"https:\/\/physics.uwb.edu.pl\/wf\/index.php?rest_route=%2Fwp%2Fv2%2Fcomments&post=828"}],"version-history":[{"count":2,"href":"https:\/\/physics.uwb.edu.pl\/wf\/index.php?rest_route=\/wp\/v2\/pages\/828\/revisions"}],"predecessor-version":[{"id":832,"href":"https:\/\/physics.uwb.edu.pl\/wf\/index.php?rest_route=\/wp\/v2\/pages\/828\/revisions\/832"}],"up":[{"embeddable":true,"href":"https:\/\/physics.uwb.edu.pl\/wf\/index.php?rest_route=\/wp\/v2\/pages\/821"}],"wp:attachment":[{"href":"https:\/\/physics.uwb.edu.pl\/wf\/index.php?rest_route=%2Fwp%2Fv2%2Fmedia&parent=828"}],"wp:term":[{"taxonomy":"category","embeddable":true,"href":"https:\/\/physics.uwb.edu.pl\/wf\/index.php?rest_route=%2Fwp%2Fv2%2Fcategories&post=828"},{"taxonomy":"post_tag","embeddable":true,"href":"https:\/\/physics.uwb.edu.pl\/wf\/index.php?rest_route=%2Fwp%2Fv2%2Ftags&post=828"}],"curies":[{"name":"wp","href":"https:\/\/api.w.org\/{rel}","templated":true}]}}