{"id":8349,"date":"2018-10-01T12:15:52","date_gmt":"2018-10-01T10:15:52","guid":{"rendered":"http:\/\/physics.uwb.edu.pl\/wf\/?page_id=8349"},"modified":"2018-10-02T10:43:16","modified_gmt":"2018-10-02T08:43:16","slug":"inauguracja-roku-akademickiego-20172018-2","status":"publish","type":"page","link":"https:\/\/physics.uwb.edu.pl\/wf\/?page_id=8349","title":{"rendered":"Inauguracja roku akademickiego 2018\/2019"},"content":{"rendered":"<p>W dniu 1 pa\u017adziernika 2018 r. odby\u0142a si\u0119 uroczysta inauguracja roku akademickiego 2018\/2019 na Wydziale Fizyki UwB. Uroczysto\u015b\u0107 prowadzi\u0142 prof. <a href=\"http:\/\/physics.uwb.edu.pl\/wf\/?pracownik=piotr-jaranowski\">Piotra Jaranowskiego<\/a> (dziekana Wydzia\u0142u Fizyki) oraz dr. hab. <a href=\"http:\/\/physics.uwb.edu.pl\/wf\/?pracownik=andrzej-andrejczuk\">Andrzeja Andrejczuka<\/a>, prof. UwB (prodziekana ds. og\u00f3lnych) i dr. hab. <a href=\"http:\/\/physics.uwb.edu.pl\/wf\/?pracownik=marek-nikolajuk\">Marka Niko\u0142ajuka<\/a>, prof. UwB (prodziekana ds. studenckich). Jak i w poprzednim roku swoj\u0105 obecno\u015bci\u0105 zaszczyci\u0142a nas Prorektor ds. Nauki prof. dr hab. <a href=\"http:\/\/uwb.edu.pl\/prorektor-ds-nauki\">Izabela \u015awi\u0119cicka<\/a>.<\/p>\n<p><img loading=\"lazy\" decoding=\"async\" class=\"alignnone wp-image-8350 size-medium\" src=\"http:\/\/physics.uwb.edu.pl\/wf\/wp-content\/uploads\/2018\/10\/2-300x199.jpg\" alt=\"\" width=\"300\" height=\"199\" srcset=\"https:\/\/physics.uwb.edu.pl\/wf\/wp-content\/uploads\/2018\/10\/2-300x199.jpg 300w, https:\/\/physics.uwb.edu.pl\/wf\/wp-content\/uploads\/2018\/10\/2-150x100.jpg 150w, https:\/\/physics.uwb.edu.pl\/wf\/wp-content\/uploads\/2018\/10\/2-1024x680.jpg 1024w, https:\/\/physics.uwb.edu.pl\/wf\/wp-content\/uploads\/2018\/10\/2-600x400.jpg 600w, https:\/\/physics.uwb.edu.pl\/wf\/wp-content\/uploads\/2018\/10\/2-753x500.jpg 753w\" sizes=\"auto, (max-width: 300px) 100vw, 300px\" \/>&nbsp;<img loading=\"lazy\" decoding=\"async\" class=\"alignnone wp-image-8351 size-medium\" src=\"http:\/\/physics.uwb.edu.pl\/wf\/wp-content\/uploads\/2018\/10\/1-300x199.jpg\" alt=\"\" width=\"300\" height=\"199\" srcset=\"https:\/\/physics.uwb.edu.pl\/wf\/wp-content\/uploads\/2018\/10\/1-300x199.jpg 300w, https:\/\/physics.uwb.edu.pl\/wf\/wp-content\/uploads\/2018\/10\/1-150x100.jpg 150w, https:\/\/physics.uwb.edu.pl\/wf\/wp-content\/uploads\/2018\/10\/1-1024x680.jpg 1024w, https:\/\/physics.uwb.edu.pl\/wf\/wp-content\/uploads\/2018\/10\/1-600x400.jpg 600w, https:\/\/physics.uwb.edu.pl\/wf\/wp-content\/uploads\/2018\/10\/1-753x500.jpg 753w\" sizes=\"auto, (max-width: 300px) 100vw, 300px\" \/>&nbsp;<img loading=\"lazy\" decoding=\"async\" class=\"alignnone size-medium wp-image-8352\" src=\"http:\/\/physics.uwb.edu.pl\/wf\/wp-content\/uploads\/2018\/10\/4-300x199.jpg\" alt=\"\" width=\"300\" height=\"199\" srcset=\"https:\/\/physics.uwb.edu.pl\/wf\/wp-content\/uploads\/2018\/10\/4-300x199.jpg 300w, https:\/\/physics.uwb.edu.pl\/wf\/wp-content\/uploads\/2018\/10\/4-150x100.jpg 150w, https:\/\/physics.uwb.edu.pl\/wf\/wp-content\/uploads\/2018\/10\/4-1024x680.jpg 1024w, https:\/\/physics.uwb.edu.pl\/wf\/wp-content\/uploads\/2018\/10\/4-600x400.jpg 600w, https:\/\/physics.uwb.edu.pl\/wf\/wp-content\/uploads\/2018\/10\/4-753x500.jpg 753w\" sizes=\"auto, (max-width: 300px) 100vw, 300px\" \/>&nbsp;<img loading=\"lazy\" decoding=\"async\" class=\"alignnone size-medium wp-image-8353\" src=\"http:\/\/physics.uwb.edu.pl\/wf\/wp-content\/uploads\/2018\/10\/3-300x199.jpg\" alt=\"\" width=\"300\" height=\"199\" srcset=\"https:\/\/physics.uwb.edu.pl\/wf\/wp-content\/uploads\/2018\/10\/3-300x199.jpg 300w, https:\/\/physics.uwb.edu.pl\/wf\/wp-content\/uploads\/2018\/10\/3-150x100.jpg 150w, https:\/\/physics.uwb.edu.pl\/wf\/wp-content\/uploads\/2018\/10\/3-1024x680.jpg 1024w, https:\/\/physics.uwb.edu.pl\/wf\/wp-content\/uploads\/2018\/10\/3-600x400.jpg 600w, https:\/\/physics.uwb.edu.pl\/wf\/wp-content\/uploads\/2018\/10\/3-753x500.jpg 753w\" sizes=\"auto, (max-width: 300px) 100vw, 300px\" \/>&nbsp;<img loading=\"lazy\" decoding=\"async\" class=\"alignnone size-medium wp-image-8354\" src=\"http:\/\/physics.uwb.edu.pl\/wf\/wp-content\/uploads\/2018\/10\/5-300x199.jpg\" alt=\"\" width=\"300\" height=\"199\" srcset=\"https:\/\/physics.uwb.edu.pl\/wf\/wp-content\/uploads\/2018\/10\/5-300x199.jpg 300w, https:\/\/physics.uwb.edu.pl\/wf\/wp-content\/uploads\/2018\/10\/5-150x100.jpg 150w, https:\/\/physics.uwb.edu.pl\/wf\/wp-content\/uploads\/2018\/10\/5-1024x680.jpg 1024w, https:\/\/physics.uwb.edu.pl\/wf\/wp-content\/uploads\/2018\/10\/5-600x400.jpg 600w, https:\/\/physics.uwb.edu.pl\/wf\/wp-content\/uploads\/2018\/10\/5-753x500.jpg 753w\" sizes=\"auto, (max-width: 300px) 100vw, 300px\" \/>&nbsp;<img loading=\"lazy\" decoding=\"async\" class=\"alignnone size-medium wp-image-8356\" src=\"http:\/\/physics.uwb.edu.pl\/wf\/wp-content\/uploads\/2018\/10\/IMG_20181001_125155_HDR-300x225.jpg\" alt=\"\" width=\"300\" height=\"225\" srcset=\"https:\/\/physics.uwb.edu.pl\/wf\/wp-content\/uploads\/2018\/10\/IMG_20181001_125155_HDR-300x225.jpg 300w, https:\/\/physics.uwb.edu.pl\/wf\/wp-content\/uploads\/2018\/10\/IMG_20181001_125155_HDR-150x113.jpg 150w, https:\/\/physics.uwb.edu.pl\/wf\/wp-content\/uploads\/2018\/10\/IMG_20181001_125155_HDR-1024x768.jpg 1024w, https:\/\/physics.uwb.edu.pl\/wf\/wp-content\/uploads\/2018\/10\/IMG_20181001_125155_HDR-175x131.jpg 175w, https:\/\/physics.uwb.edu.pl\/wf\/wp-content\/uploads\/2018\/10\/IMG_20181001_125155_HDR-667x500.jpg 667w\" sizes=\"auto, (max-width: 300px) 100vw, 300px\" \/><\/p>\n<p>Zgodnie z tradycj\u0105 inauguracja po\u0142\u0105czona by\u0142a z wyk\u0142adem &#8211; tym razem wyk\u0142ad pt. &#8220;<em>Fraktale, chaos i obliczenia numeryczne<\/em>&#8221; wyg\u0142osi\u0142 prof dr hab. Jan L. Cie\u015bli\u0144ski. Nie zabrak\u0142o tak\u017ce dyplom\u00f3w okoliczno\u015bciowych przyznawanych pracownikom Wydzia\u0142u Fizyki, a tak\u017ce dyplom\u00f3w studentom pierwszego roku za najlepsze wyniki w post\u0119powaniu rekrutacyjnym.<\/p>\n","protected":false},"excerpt":{"rendered":"<p>W dniu 1 pa\u017adziernika 2018 r. odby\u0142a si\u0119 uroczysta inauguracja roku akademickiego 2018\/2019 na Wydziale Fizyki UwB. Uroczysto\u015b\u0107 prowadzi\u0142 prof. Piotra Jaranowskiego (dziekana Wydzia\u0142u Fizyki) oraz dr. hab. Andrzeja Andrejczuka, <a href=\"https:\/\/physics.uwb.edu.pl\/wf\/?page_id=8349\" class=\"more-link\">[&hellip;]<\/a><\/p>\n","protected":false},"author":5,"featured_media":8350,"parent":2744,"menu_order":0,"comment_status":"closed","ping_status":"closed","template":"","meta":{"ngg_post_thumbnail":0,"Layout":"1c","footnotes":""},"categories":[131],"tags":[],"class_list":["entry","author-gawryl","post-8349","page","type-page","status-publish","has-post-thumbnail","category-galeria_foto"],"jetpack_sharing_enabled":true,"jetpack_shortlink":"https:\/\/wp.me\/P7nvcn-2aF","_links":{"self":[{"href":"https:\/\/physics.uwb.edu.pl\/wf\/index.php?rest_route=\/wp\/v2\/pages\/8349","targetHints":{"allow":["GET"]}}],"collection":[{"href":"https:\/\/physics.uwb.edu.pl\/wf\/index.php?rest_route=\/wp\/v2\/pages"}],"about":[{"href":"https:\/\/physics.uwb.edu.pl\/wf\/index.php?rest_route=\/wp\/v2\/types\/page"}],"author":[{"embeddable":true,"href":"https:\/\/physics.uwb.edu.pl\/wf\/index.php?rest_route=\/wp\/v2\/users\/5"}],"replies":[{"embeddable":true,"href":"https:\/\/physics.uwb.edu.pl\/wf\/index.php?rest_route=%2Fwp%2Fv2%2Fcomments&post=8349"}],"version-history":[{"count":2,"href":"https:\/\/physics.uwb.edu.pl\/wf\/index.php?rest_route=\/wp\/v2\/pages\/8349\/revisions"}],"predecessor-version":[{"id":8357,"href":"https:\/\/physics.uwb.edu.pl\/wf\/index.php?rest_route=\/wp\/v2\/pages\/8349\/revisions\/8357"}],"up":[{"embeddable":true,"href":"https:\/\/physics.uwb.edu.pl\/wf\/index.php?rest_route=\/wp\/v2\/pages\/2744"}],"wp:featuredmedia":[{"embeddable":true,"href":"https:\/\/physics.uwb.edu.pl\/wf\/index.php?rest_route=\/wp\/v2\/media\/8350"}],"wp:attachment":[{"href":"https:\/\/physics.uwb.edu.pl\/wf\/index.php?rest_route=%2Fwp%2Fv2%2Fmedia&parent=8349"}],"wp:term":[{"taxonomy":"category","embeddable":true,"href":"https:\/\/physics.uwb.edu.pl\/wf\/index.php?rest_route=%2Fwp%2Fv2%2Fcategories&post=8349"},{"taxonomy":"post_tag","embeddable":true,"href":"https:\/\/physics.uwb.edu.pl\/wf\/index.php?rest_route=%2Fwp%2Fv2%2Ftags&post=8349"}],"curies":[{"name":"wp","href":"https:\/\/api.w.org\/{rel}","templated":true}]}}