{"id":8388,"date":"2018-10-12T12:22:51","date_gmt":"2018-10-12T10:22:51","guid":{"rendered":"http:\/\/physics.uwb.edu.pl\/wf\/?page_id=8388"},"modified":"2019-02-06T14:32:45","modified_gmt":"2019-02-06T13:32:45","slug":"wyklad-ptf-promieniowanie-jonizujace-jest-cool-2-3-2-2-2","status":"publish","type":"page","link":"https:\/\/physics.uwb.edu.pl\/wf\/?page_id=8388","title":{"rendered":"Wyk\u0142ady PTF: Czy zimne atomy s\u0105 cool ?"},"content":{"rendered":"<p><em><strong>Wyk\u0142ady PTF o\/Bia\u0142ystok &#8211; zapowiedzi<\/strong><\/em><\/p>\n<p style=\"text-align: center\">W sobot\u0119 20 pa\u017adziernika 2018 roku o godz. 11.00<\/p>\n<p style=\"text-align: center\">w sali 2011 Wydzia\u0142u Fizyki przy ul. Konstantego Cio\u0142kowskiego 1L<\/p>\n<p style=\"text-align: center\"><strong>dr Krzysztof Gawryluk<\/strong><\/p>\n<p style=\"text-align: center\"><em>z Wydzia\u0142u Fizyki Uniwersytetu w Bia\u0142ymstoku<\/em><\/p>\n<p style=\"text-align: center\">wyg\u0142osi wyk\u0142ad pt.<\/p>\n<p style=\"text-align: center\"><strong>Czy zimne atomy s\u0105 <em>cool<\/em> ?<\/strong><\/p>\n<p>Zaczniemy od klasycznego spojrzenia na zagadnienie temperatury, sposobu jej pomiaru oraz ch\u0142odzenia substancji. Nast\u0119pnie om\u00f3wimy zjawisko tworzenia \u201esuperatomu\u201d &#8211; czyli nowego stanu skupienia materii. Wyja\u015bnimy spos\u00f3b ch\u0142odzenia atom\u00f3w z wykorzystaniem \u015bwiat\u0142a lasera. Mowa te\u017c b\u0119dzie o specjalnym \u201enaczyniu\u201d zrobionym z pola magnetycznego, w kt\u00f3rym potrafimy przechowywa\u0107 ten \u201esuperatom\u201d. Odpowiemy te\u017c na najwa\u017cniejsze pytanie: po co nam to wszystko i&nbsp;dlaczego warto si\u0119 tym zajmowa\u0107.&nbsp;W popularnonaukowej formie opowiemy o zjawisku, kt\u00f3re fizycy nazywaj\u0105 kondensatem Bosego-Einsteina, a przy okazji o elementach termodynamiki, falowej natury atom\u00f3w oraz o fizyki kwantowej.<\/p>\n<p><em>Dr. Krzysztof Gawryluk jest pracownikiem Zak\u0142adu Fizyki Nieliniowej na Wydziale Fizyki Uniwersytetu w Bia\u0142ymstoku. Specjalizuje si\u0119 fizyk\u0105 zdegenerowanych, zimnych gaz\u00f3w atomowych. W swojej pracy pos\u0142uguje si\u0119 symulacjami komputerowymi jako podstawowym narz\u0119dziem do modelowania zjawisk kwantowego \u015bwiata. Fascynuje go tak\u017ce wirtualna rzeczywisto\u015b\u0107, grafika komputerowa a tak\u017ce robotyka. Lubi zajmowa\u0107 si\u0119 popularyzacj\u0105 fizyki, prowadz\u0105c liczne warsztaty dla m\u0142odzie\u017cy z pogranicza fizyki, matematyki i informatyki. <\/em><\/p>\n<p>Wszystkie osoby zainteresowane serdecznie zapraszamy!<br \/>\nZarz\u0105d OB PTF<\/p>\n","protected":false},"excerpt":{"rendered":"<p>Wyk\u0142ady PTF o\/Bia\u0142ystok &#8211; zapowiedzi W sobot\u0119 20 pa\u017adziernika 2018 roku o godz. 11.00 w sali 2011 Wydzia\u0142u Fizyki przy ul. Konstantego Cio\u0142kowskiego 1L dr Krzysztof Gawryluk z Wydzia\u0142u Fizyki <a href=\"https:\/\/physics.uwb.edu.pl\/wf\/?page_id=8388\" class=\"more-link\">[&hellip;]<\/a><\/p>\n","protected":false},"author":10,"featured_media":1879,"parent":789,"menu_order":0,"comment_status":"closed","ping_status":"closed","template":"","meta":{"ngg_post_thumbnail":0,"Layout":"","footnotes":""},"categories":[40],"tags":[],"class_list":["entry","author-pzaleski","post-8388","page","type-page","status-publish","has-post-thumbnail","category-ptf_wyklad"],"jetpack_sharing_enabled":true,"jetpack_shortlink":"https:\/\/wp.me\/P7nvcn-2bi","_links":{"self":[{"href":"https:\/\/physics.uwb.edu.pl\/wf\/index.php?rest_route=\/wp\/v2\/pages\/8388","targetHints":{"allow":["GET"]}}],"collection":[{"href":"https:\/\/physics.uwb.edu.pl\/wf\/index.php?rest_route=\/wp\/v2\/pages"}],"about":[{"href":"https:\/\/physics.uwb.edu.pl\/wf\/index.php?rest_route=\/wp\/v2\/types\/page"}],"author":[{"embeddable":true,"href":"https:\/\/physics.uwb.edu.pl\/wf\/index.php?rest_route=\/wp\/v2\/users\/10"}],"replies":[{"embeddable":true,"href":"https:\/\/physics.uwb.edu.pl\/wf\/index.php?rest_route=%2Fwp%2Fv2%2Fcomments&post=8388"}],"version-history":[{"count":2,"href":"https:\/\/physics.uwb.edu.pl\/wf\/index.php?rest_route=\/wp\/v2\/pages\/8388\/revisions"}],"predecessor-version":[{"id":9208,"href":"https:\/\/physics.uwb.edu.pl\/wf\/index.php?rest_route=\/wp\/v2\/pages\/8388\/revisions\/9208"}],"up":[{"embeddable":true,"href":"https:\/\/physics.uwb.edu.pl\/wf\/index.php?rest_route=\/wp\/v2\/pages\/789"}],"wp:featuredmedia":[{"embeddable":true,"href":"https:\/\/physics.uwb.edu.pl\/wf\/index.php?rest_route=\/wp\/v2\/media\/1879"}],"wp:attachment":[{"href":"https:\/\/physics.uwb.edu.pl\/wf\/index.php?rest_route=%2Fwp%2Fv2%2Fmedia&parent=8388"}],"wp:term":[{"taxonomy":"category","embeddable":true,"href":"https:\/\/physics.uwb.edu.pl\/wf\/index.php?rest_route=%2Fwp%2Fv2%2Fcategories&post=8388"},{"taxonomy":"post_tag","embeddable":true,"href":"https:\/\/physics.uwb.edu.pl\/wf\/index.php?rest_route=%2Fwp%2Fv2%2Ftags&post=8388"}],"curies":[{"name":"wp","href":"https:\/\/api.w.org\/{rel}","templated":true}]}}