{"id":8415,"date":"2018-10-18T13:00:52","date_gmt":"2018-10-18T11:00:52","guid":{"rendered":"http:\/\/physics.uwb.edu.pl\/wf\/?page_id=8415"},"modified":"2018-10-18T13:00:52","modified_gmt":"2018-10-18T11:00:52","slug":"studenckie-pogotowie-lekcyjne-2","status":"publish","type":"page","link":"https:\/\/physics.uwb.edu.pl\/wf\/?page_id=8415","title":{"rendered":"Studenckie Pogotowie Lekcyjne"},"content":{"rendered":"<div class=\"wcag-font\">\n<p style=\"text-align: center\"><strong><span style=\"font-size: 14pt\">Zosta\u0144 wolontariuszem! Pom\u00f3\u017c dzieciakom!<\/span> <\/strong><\/p>\n<p><strong>Przed nami dziesi\u0105ty semestr akcji Studenckie Pogotowie Lekcyjne organizowanej przez Uniwersytet w Bia\u0142ymstoku we wsp\u00f3\u0142pracy z organizacjami charytatywnymi. Chcesz podzieli\u0107 si\u0119 swoj\u0105 wiedz\u0105 i czasem? Chcesz zdoby\u0107 cenne do\u015bwiadczenie? Chcesz pom\u00f3c? Przy\u0142\u0105cz si\u0119! Czekamy na student\u00f3w wszystkich kierunk\u00f3w! <\/strong><\/p>\n<p><strong>KOMU I W CZYM POMAGAMY?<\/strong><br \/>\nZapewniamy pomoc w odrabianiu lekcji podopiecznym \u015bwietlic socjoterapeutycznych prowadzonych przez organizacje charytatywne: CARITAS i ELEOS. Do tych plac\u00f3wek codziennie przychodz\u0105 dzieci i m\u0142odzie\u017c, kt\u00f3re przy pracach domowych zwykle nie mog\u0105 liczy\u0107 na pomoc najbli\u017cszych. To uczniowie szk\u00f3\u0142 podstawowych (wi\u0119kszo\u015b\u0107) i gimnazjalnych. Wielu z nich wychowuje si\u0119 w rodzinach dysfunkcyjnych albo w rodzinach niepe\u0142nych i ubogich. \u015awietlicowe grupy licz\u0105 zwykle kilkana\u015bcioro dzieci.<\/p>\n<p><strong>JAK B\u0118DZIE WYGL\u0104DA\u0141A POMOC?<\/strong><br \/>\nOrganizujemy w \u015bwietlicach socjoterapeutycznych dy\u017cury student\u00f3w. Wolontariusze b\u0119d\u0105 dy\u017curowa\u0107 w wybranych plac\u00f3wkach raz w tygodniu (od poniedzia\u0142ku do pi\u0105tku), w godzinach popo\u0142udniowych, wed\u0142ug ustalonych z nimi grafik\u00f3w. Student\u00f3w b\u0119d\u0105 wspiera\u0107 zatrudnieni w \u015bwietlicach wykwalifikowani opiekunowie. Dy\u017cury potrwaj\u0105 do ko\u0144ca semestru.<\/p>\n<p><strong>DLACZEGO WARTO W\u0141\u0104CZY\u0106 SI\u0118 DO AKCJI?<\/strong><br \/>\nPraca na rzecz dzieci to okazja do zdobycia bezcennych do\u015bwiadcze\u0144, wzmocnienia kompetencji interpersonalnych i sprawdzenia si\u0119 w kontakcie z innymi lud\u017ami. Niesienie pomocy potrzebuj\u0105cym daje satysfakcj\u0119, uczy empatii i wra\u017cliwo\u015bci na los innych.<\/p>\n<p><strong>NA CO MOG\u0104 LICZY\u0106 WOLONTARIUSZE?<\/strong><br \/>\nPracownicy \u015bwietlic przeka\u017c\u0105 wolontariuszom niezb\u0119dne wskaz\u00f3wki i wyja\u015bni\u0105 specyfik\u0119 pracy ze swoimi podopiecznymi. Ka\u017cdy student, kt\u00f3ry w\u0142\u0105czy si\u0119 do akcji, po zako\u0144czeniu dy\u017cur\u00f3w mo\u017ce otrzyma\u0107 ze \u015bwietlicy za\u015bwiadczenie o pracy wolontariackiej, wraz z opisem zrealizowanych zada\u0144 i wymiarem godzin. Ka\u017cdy wolontariusz, kt\u00f3ry b\u0119dzie dy\u017curowa\u0142 sumiennie i systematycznie, na koniec roku akademickiego otrzyma dodatkowo pami\u0105tkowy certyfikat. Dokumenty te mog\u0105 przyda\u0107 si\u0119 przy staraniach o stypendium, sta\u017c czy prac\u0119.<\/p>\n<p><strong>CO ZROBI\u0106, \u017bEBY W\u0141\u0104CZY\u0106 SI\u0118 DO AKCJI?<\/strong><br \/>\nTrzeba wype\u0142ni\u0107 kart\u0119 zg\u0142oszeniow\u0105, a w niej wskaza\u0107 miejsce i por\u0119 (dzie\u0144 tygodnia, godziny), w jakich chcesz i mo\u017cesz pomaga\u0107. Kart\u0119 trzeba wys\u0142a\u0107 na adres: <span style=\"color: #ff0000\"><strong>pogotowie@uwb.edu.pl<\/strong> <\/span><strong><span style=\"color: #ff0000\">do 26 pa\u017adziernika 2018<\/span> <span style=\"color: #ff0000\">r<\/span>.<\/strong> W tytule maila wpisz \u201eZg\u0142oszenie\u201d. Organizatorzy poinformuj\u0105 ci\u0119 o wynikach naboru i prze\u015bl\u0105 grafik dy\u017cur\u00f3w drog\u0105 mailow\u0105. Dy\u017cury rozpoczn\u0105 si\u0119 z pocz\u0105tkiem listopada.<\/p>\n<p>W przypadku, gdy t\u0119 sam\u0105 plac\u00f3wk\u0119 i ten sam termin dy\u017cur\u00f3w wska\u017ce wi\u0119ksza liczba zg\u0142aszaj\u0105cych si\u0119 student\u00f3w &#8211; o zakwalifikowaniu do udzia\u0142u w akcji b\u0119dzie decydowa\u0142a przede wszystkim kolejno\u015b\u0107 zg\u0142osze\u0144. Na ostateczny kszta\u0142t grafiku mo\u017ce mie\u0107 te\u017c wp\u0142yw kierunek studi\u00f3w i znajomo\u015b\u0107 j\u0119zyk\u00f3w obcych \u2013 chcemy zagwarantowa\u0107 podopiecznym \u015bwietlic mo\u017cliwie wszechstronn\u0105 pomoc. W pierwszej kolejno\u015bci do grafiku b\u0119d\u0105 wpisywane osoby, kt\u00f3re ju\u017c dy\u017curowa\u0142y w wybranej plac\u00f3wce \u2013 w tytule maila prosz\u0119 wpisa\u0107 \u201eZg\u0142oszenie \u2013 kontynuacja\u201d.<\/p>\n<p><strong>UWAGA!<\/strong><br \/>\nWolontariat daje mn\u00f3stwo satysfakcji, ale wymaga wytrwa\u0142o\u015bci i konsekwencji. Podopieczni \u015bwietlic potrzebuj\u0105 pomocy systematycznej, dlatego <strong>czekamy na przemy\u015blane zg\u0142oszenia!<\/strong><\/p>\n<p>Do pobrania:<\/p>\n<p><a href=\"http:\/\/www.uwb.edu.pl\/uploads\/tiny\/Studenckie%20Pogotowie%20Lekcyjne\/KARTA%20ZGLOSZENIA_2018_2019_zimowy.doc\">Karta zg\u0142oszenia 2018\/2019 semestr zimowy<\/a><\/p>\n<\/div>\n","protected":false},"excerpt":{"rendered":"<p>Zosta\u0144 wolontariuszem! Pom\u00f3\u017c dzieciakom! Przed nami dziesi\u0105ty semestr akcji Studenckie Pogotowie Lekcyjne organizowanej przez Uniwersytet w Bia\u0142ymstoku we wsp\u00f3\u0142pracy z organizacjami charytatywnymi. Chcesz podzieli\u0107 si\u0119 swoj\u0105 wiedz\u0105 i czasem? Chcesz <a href=\"https:\/\/physics.uwb.edu.pl\/wf\/?page_id=8415\" class=\"more-link\">[&hellip;]<\/a><\/p>\n","protected":false},"author":14,"featured_media":8416,"parent":713,"menu_order":0,"comment_status":"closed","ping_status":"closed","template":"","meta":{"ngg_post_thumbnail":0,"Layout":"","footnotes":""},"categories":[27],"tags":[],"class_list":["entry","author-ulag","post-8415","page","type-page","status-publish","has-post-thumbnail","category-post_news_pl"],"jetpack_sharing_enabled":true,"jetpack_shortlink":"https:\/\/wp.me\/P7nvcn-2bJ","_links":{"self":[{"href":"https:\/\/physics.uwb.edu.pl\/wf\/index.php?rest_route=\/wp\/v2\/pages\/8415","targetHints":{"allow":["GET"]}}],"collection":[{"href":"https:\/\/physics.uwb.edu.pl\/wf\/index.php?rest_route=\/wp\/v2\/pages"}],"about":[{"href":"https:\/\/physics.uwb.edu.pl\/wf\/index.php?rest_route=\/wp\/v2\/types\/page"}],"author":[{"embeddable":true,"href":"https:\/\/physics.uwb.edu.pl\/wf\/index.php?rest_route=\/wp\/v2\/users\/14"}],"replies":[{"embeddable":true,"href":"https:\/\/physics.uwb.edu.pl\/wf\/index.php?rest_route=%2Fwp%2Fv2%2Fcomments&post=8415"}],"version-history":[{"count":1,"href":"https:\/\/physics.uwb.edu.pl\/wf\/index.php?rest_route=\/wp\/v2\/pages\/8415\/revisions"}],"predecessor-version":[{"id":8417,"href":"https:\/\/physics.uwb.edu.pl\/wf\/index.php?rest_route=\/wp\/v2\/pages\/8415\/revisions\/8417"}],"up":[{"embeddable":true,"href":"https:\/\/physics.uwb.edu.pl\/wf\/index.php?rest_route=\/wp\/v2\/pages\/713"}],"wp:featuredmedia":[{"embeddable":true,"href":"https:\/\/physics.uwb.edu.pl\/wf\/index.php?rest_route=\/wp\/v2\/media\/8416"}],"wp:attachment":[{"href":"https:\/\/physics.uwb.edu.pl\/wf\/index.php?rest_route=%2Fwp%2Fv2%2Fmedia&parent=8415"}],"wp:term":[{"taxonomy":"category","embeddable":true,"href":"https:\/\/physics.uwb.edu.pl\/wf\/index.php?rest_route=%2Fwp%2Fv2%2Fcategories&post=8415"},{"taxonomy":"post_tag","embeddable":true,"href":"https:\/\/physics.uwb.edu.pl\/wf\/index.php?rest_route=%2Fwp%2Fv2%2Ftags&post=8415"}],"curies":[{"name":"wp","href":"https:\/\/api.w.org\/{rel}","templated":true}]}}