{"id":8425,"date":"2018-10-19T11:04:56","date_gmt":"2018-10-19T09:04:56","guid":{"rendered":"http:\/\/physics.uwb.edu.pl\/wf\/?page_id=8425"},"modified":"2018-10-19T11:04:56","modified_gmt":"2018-10-19T09:04:56","slug":"o-marianie-smoluchowskim-w-setna-rocznice-smierci-2-2-2-2-2-4-3-2-2-2-2-2-2-2-3-3-2-3-2-2","status":"publish","type":"page","link":"https:\/\/physics.uwb.edu.pl\/wf\/?page_id=8425","title":{"rendered":"Kolejne sukcesy na Wydziale Fizyki"},"content":{"rendered":"<div class=\"wcag-font\">\n<p><strong>Publikacja naukowa, kt\u00f3rej wsp\u00f3\u0142autorem jest dr hab. Andrzej Andrejczuk z Wydzia\u0142u Fizyki Uniwersytetu w Bia\u0142ymstoku, zdoby\u0142a nagrod\u0119 2018 Innovation Award, przyznawan\u0105 przez redakcj\u0119 pisma <em>Microscopy Today<\/em>. Nagrodzony tekst dotyczy <\/strong><strong>ogniskowania promieniowania rentgenowskiego za pomoc\u0105 wielowarstwowych soczewek Lauego. <\/strong><\/p>\n<p>Publikacja ukaza\u0142a si\u0119 w 2018 roku, w magazynie Light: Science &amp; Applications. Prezentuje efekty bada\u0144 prowadzonych przez naukowc\u00f3w z Deutsches Elektronen-Synchrotron (DESY), we wsp\u00f3\u0142pracy m.in. z dr. hab. Andrzejem Andrejczukiem, prof. UwB. Badacze opracowali soczewki, kt\u00f3re umo\u017cliwiaj\u0105 obrazowanie z rekordow\u0105 rozdzielczo\u015bci\u0105: potrafi\u0105 skupi\u0107 promieniowanie rentgenowskie do ogniska o \u015brednicy mniejszej ni\u017c 10 nm. Soczewki s\u0105 zrobione z element\u00f3w sk\u0142adaj\u0105cych si\u0119 z dziesi\u0105tk\u00f3w tysi\u0119cy bardzo cienkich (~ 2 nm) warstw zbudowanych na przemian z w\u0119glika krzemu (SiC) i z w\u0119glika wolframu (WC). Warstwy s\u0105 produkowane technik\u0105 napylania i s\u0105 wykonane z niezwykle du\u017c\u0105 precyzj\u0105. Autorzy zademonstrowali, \u017ce przy u\u017cyciu dw\u00f3ch liniowych soczewek wykonanych opisan\u0105 technik\u0105 udaje si\u0119 skupi\u0107 promieniowanie rentgenowskie o energii foton\u00f3w 16.3 keV do ogniska o rozmiarach 8.4 x 6.8 nm. Przy u\u017cyciu tak skupionej wi\u0105zki promieniowania technik\u0105 projekcyjn\u0105 zobrazowano pierwotniaka Kolcon\u00f3\u017cki (Acantharia). Mo\u017cna s\u0105dzi\u0107, \u017ce je\u017celi dodatkowo poprawi si\u0119 jako\u015b\u0107 soczewek, b\u0119dzie mo\u017cna uzyska\u0107 ognisko nawet o \u015brednicy 1 nm, co pozwoli na obrazowanie z jeszcze lepsz\u0105 zdolno\u015bci\u0105 rozdzielcz\u0105.&nbsp;<\/p>\n<p>Pismo <em>Microscopy Today<\/em> wydawane jest przez Microscopy Society of America od 1992 roku. Przyznaj\u0105c nagrody Innovation Award redakcja honoruje wyniki bada\u0144, kt\u00f3re wnosz\u0105 najwi\u0119kszy wk\u0142ad w rozw\u00f3j r\u00f3\u017cnych odmian mikroskopii i obrazowania mikroskopowego. Laureaci maj\u0105 prawo pos\u0142ugiwania si\u0119 specjalnym znakiem nagrody.<\/p>\n<p>To nie pierwsze wyr\u00f3\u017cnienie dla publikacji opisuj\u0105cej wyniki pracy mi\u0119dzynarodowego zespo\u0142u z udzia\u0142em dr. hab. Andrzeja Andrejczuka. Praca zbiorowa pt. &#8220;High numerical aperture multilayer Laue lenses&#8221; (opublikowana w 2015 roku) zosta\u0142a we wrze\u015bniu br. <strong>nagrodzona przez Polskie Towarzystwo Promieniowania Synchrotronowego<\/strong>. Nagroda PTPS za dany rok jest przyznawana za publikacje opublikowane w ci\u0105gu trzech lat poprzedzaj\u0105cych rok jej przyznania.<\/p>\n<p>Dr hab. Andrzej Andrejczuk pracuje w Zak\u0142adzie Fizyki Cia\u0142a Sta\u0142ego UwB. W swoich badaniach zajmuje si\u0119 m.in. spektrometri\u0105 komptonowsk\u0105, oddzia\u0142ywaniem intensywnego promieniowania rentgenowskiego z materi\u0105, a tak\u017ce optyk\u0105 rentgenowsk\u0105.<\/p>\n<p>Wi\u0119cej informacji o osi\u0105gni\u0119ciach opisanych w nagrodzonych publikacjach:<br \/>\n<a href=\"http:\/\/www.desy.de\/news\/news_search\/index_eng.html?openDirectAnchor=1324&amp;two_columns=1\">http:\/\/www.desy.de\/news\/news_search\/index_eng.html?openDirectAnchor=1324&amp;two_columns=1<\/a><\/p>\n<p>Dodatkowe informacje o nagrodach:<br \/>\n<a href=\"https:\/\/www.cambridge.org\/core\/journals\/microscopy-today\/article\/2018-microscopy-today-innovation-awards\/24B00D4F96D2603A4CD3592EF02B9669\">https:\/\/www.cambridge.org\/core\/journals\/microscopy-today\/article\/2018-microscopy-today-innovation-awards\/24B00D4F96D2603A4CD3592EF02B9669<\/a><br \/>\n<a href=\"http:\/\/www.synchrotron.org.pl\/index.php\/pl\/towarzystwo\/nagrody-ptps\/laureaci-nagrody-ptps\/96-laureaci-nagrody-ptps-2018\">http:\/\/www.synchrotron.org.pl\/index.php\/pl\/towarzystwo\/nagrody-ptps\/laureaci-nagrody-ptps\/96-laureaci-nagrody-ptps-2018<\/a>.<\/p>\n<\/div>\n","protected":false},"excerpt":{"rendered":"<p>Publikacja naukowa, kt\u00f3rej wsp\u00f3\u0142autorem jest dr hab. Andrzej Andrejczuk z Wydzia\u0142u Fizyki Uniwersytetu w Bia\u0142ymstoku, zdoby\u0142a nagrod\u0119 2018 Innovation Award, przyznawan\u0105 przez redakcj\u0119 pisma Microscopy Today. Nagrodzony tekst dotyczy ogniskowania <a href=\"https:\/\/physics.uwb.edu.pl\/wf\/?page_id=8425\" class=\"more-link\">[&hellip;]<\/a><\/p>\n","protected":false},"author":14,"featured_media":8426,"parent":713,"menu_order":0,"comment_status":"closed","ping_status":"closed","template":"","meta":{"ngg_post_thumbnail":0,"Layout":"","footnotes":""},"categories":[42,35,27,3],"tags":[],"class_list":["entry","author-ulag","post-8425","page","type-page","status-publish","has-post-thumbnail","category-nauka_pl","category-popularyzacja_pl","category-post_news_pl","category-wydzialowe_pl"],"jetpack_sharing_enabled":true,"jetpack_shortlink":"https:\/\/wp.me\/P7nvcn-2bT","_links":{"self":[{"href":"https:\/\/physics.uwb.edu.pl\/wf\/index.php?rest_route=\/wp\/v2\/pages\/8425","targetHints":{"allow":["GET"]}}],"collection":[{"href":"https:\/\/physics.uwb.edu.pl\/wf\/index.php?rest_route=\/wp\/v2\/pages"}],"about":[{"href":"https:\/\/physics.uwb.edu.pl\/wf\/index.php?rest_route=\/wp\/v2\/types\/page"}],"author":[{"embeddable":true,"href":"https:\/\/physics.uwb.edu.pl\/wf\/index.php?rest_route=\/wp\/v2\/users\/14"}],"replies":[{"embeddable":true,"href":"https:\/\/physics.uwb.edu.pl\/wf\/index.php?rest_route=%2Fwp%2Fv2%2Fcomments&post=8425"}],"version-history":[{"count":1,"href":"https:\/\/physics.uwb.edu.pl\/wf\/index.php?rest_route=\/wp\/v2\/pages\/8425\/revisions"}],"predecessor-version":[{"id":8427,"href":"https:\/\/physics.uwb.edu.pl\/wf\/index.php?rest_route=\/wp\/v2\/pages\/8425\/revisions\/8427"}],"up":[{"embeddable":true,"href":"https:\/\/physics.uwb.edu.pl\/wf\/index.php?rest_route=\/wp\/v2\/pages\/713"}],"wp:featuredmedia":[{"embeddable":true,"href":"https:\/\/physics.uwb.edu.pl\/wf\/index.php?rest_route=\/wp\/v2\/media\/8426"}],"wp:attachment":[{"href":"https:\/\/physics.uwb.edu.pl\/wf\/index.php?rest_route=%2Fwp%2Fv2%2Fmedia&parent=8425"}],"wp:term":[{"taxonomy":"category","embeddable":true,"href":"https:\/\/physics.uwb.edu.pl\/wf\/index.php?rest_route=%2Fwp%2Fv2%2Fcategories&post=8425"},{"taxonomy":"post_tag","embeddable":true,"href":"https:\/\/physics.uwb.edu.pl\/wf\/index.php?rest_route=%2Fwp%2Fv2%2Ftags&post=8425"}],"curies":[{"name":"wp","href":"https:\/\/api.w.org\/{rel}","templated":true}]}}