{"id":8434,"date":"2018-10-29T13:26:39","date_gmt":"2018-10-29T12:26:39","guid":{"rendered":"http:\/\/physics.uwb.edu.pl\/wf\/?page_id=8434"},"modified":"2018-10-29T13:32:08","modified_gmt":"2018-10-29T12:32:08","slug":"system-jakosci-ksztalcenia","status":"publish","type":"page","link":"https:\/\/physics.uwb.edu.pl\/wf\/?page_id=8434","title":{"rendered":"Misja i strategia rozwoju Wydzia\u0142u Fizyki"},"content":{"rendered":"<p style=\"text-align: center\"><em>Dokument zatwierdzony przez Rad\u0119 Wydzia\u0142u Fizyki UwB<\/em><br \/>\n<em>w dniu 23 czerwca 2014 r.<\/em><\/p>\n<p>Wydzia\u0142 Fizyki Uniwersytetu w Bia\u0142ymstoku jako samodzielna jednostka funkcjonuje od 1 wrze\u015bnia 2007 roku na mocy Uchwa\u0142y nr 514 Senatu UwB z dnia 28 marca 2007 roku. Realizuje misj\u0119 zgodn\u0105 z misj\u0105 Uniwersytetu w Bia\u0142ymstoku. Prawie 50-letnie do\u015bwiadczenie, datuj\u0105ce si\u0119 od czasu powo\u0142ania Studium Nauczycielskiego w Bia\u0142ymstoku w latach 50. ubieg\u0142ego wieku, zatrudniaj\u0105cego nauczycieli, kt\u00f3rzy p\u00f3\u017aniej stanowili kadr\u0119 Zak\u0142adu Fizyki funkcjonuj\u0105cego w ramach powo\u0142anej do \u017cycia w 1968 roku Filii UW w Bia\u0142ymstoku, pozwala okre\u015bli\u0107 podstawowe cele i obszary dzia\u0142ania Wydzia\u0142u Fizyki Uniwersytetu w Bia\u0142ymstoku dzi\u015b i w przysz\u0142o\u015bci. Podstaw\u0105 opracowanej misji i strategii s\u0105 uwarunkowania Wydzia\u0142u Fizyki w momencie przeprowadzki z budynku przy ulicy Lipowej 41, gdzie skupia\u0142a si\u0119 dzia\u0142alno\u015b\u0107 naukowo-dydaktyczna spo\u0142eczno\u015bci fizyk\u00f3w uniwersyteckich od 1975 roku, do nowej siedziby w kampusie Uniwersytetu w Bia\u0142ymstoku przy ul. Cio\u0142kowskiego. Wydzia\u0142 Fizyki przejawia szczeg\u00f3ln\u0105 dba\u0142o\u015b\u0107 o jak najwy\u017cszy poziom bada\u0144 naukowych prowadzonych w Uniwersytecie w Bia\u0142ymstoku oraz zapewnia ofert\u0119 edukacyjn\u0105 przygotowuj\u0105c\u0105 absolwent\u00f3w do aktualnych potrzeb rynku pracy.<\/p>\n<p><strong>Strategia rozwoju Wydzia\u0142u Fizyki &#8211; priorytety na lata 2014-2020<\/strong><\/p>\n<p>Strategia rozwoju Wydzia\u0142u Fizyki jest zgodna z Misj\u0105 Wydzia\u0142u oraz g\u0142\u00f3wnymi priorytetami Strategii Rozwoju Uniwersytetu w Bia\u0142ymstoku.<\/p>\n<p><strong>Zadania og\u00f3lne<\/strong><\/p>\n<ul>\n<li>d\u0105\u017cenie do utrzymania kadry naukowo-dydaktycznej o wysokich kompetencjach merytorycznych, publikuj\u0105cej w renomowanych czasopismach naukowych,<\/li>\n<li>utrzymywanie szerokiej wsp\u00f3\u0142pracy naukowej z o\u015brodkami krajowymi i zagranicznymi,<\/li>\n<li>pozyskiwanie \u015brodk\u00f3w finansowych na badania poprzez aktywny udzia\u0142 w realizacji projekt\u00f3w krajowych i mi\u0119dzynarodowych,<\/li>\n<li>zapewnienie oferty edukacyjnej dostosowanej do potrzeb rynku pracy,<\/li>\n<li>d\u0105\u017cenie do ci\u0105g\u0142ego podnoszenia jako\u015bci kszta\u0142cenia.<\/li>\n<\/ul>\n<p><strong>Zadania szczeg\u00f3\u0142owe w zakresie rozwoju naukowego<\/strong><\/p>\n<ul>\n<li>uzyskanie uprawnie\u0144 do nadawania stopnia naukowego doktora habilitowanego w zakresie fizyki,<\/li>\n<li>transfer nauki do praktyki, w szczeg\u00f3lno\u015bci do gospodarki,<\/li>\n<li>kadrowe i finansowe wzmacnianie tematyk badawczych zgodnych z priorytetowymi kierunkami rozwoju nauki i technologii w Polsce,<\/li>\n<li>kontynuowanie bada\u0144 z zakresu nanotechnologii, wa\u017cnej i priorytetowej tematyce w strategii rozwoju nauki w Polsce i Europie,<\/li>\n<li>kontynuowanie bada\u0144 r\u00f3\u017cnorodnych w\u0142a\u015bciwo\u015bci magnetycznych obiekt\u00f3w typu ultracienkie warstwy i wielowarstwy (ci\u0105g\u0142e i strukturyzowane) oraz proces\u00f3w ultraszybkich zachodz\u0105cych w r\u00f3\u017cnych materia\u0142ach,<\/li>\n<li>rozw\u00f3j bada\u0144 materia\u0142\u00f3w za pomoc\u0105 technik polarymetrii rezonansowej z wykorzystaniem monochromatycznego \u017ar\u00f3d\u0142a promieniowania spolaryzowanego ko\u0142owo oraz liniowo (Wydzia\u0142 Fizyki posiada jedyne laboratorium na \u015bwiecie dysponuj\u0105ce mo\u017cliwo\u015bciami pomiarowymi efektu M\u00f6ssbauera z u\u017cyciem czterech podstawowych stan\u00f3w polaryzacyjnych),<\/li>\n<li>kontynuacja wsp\u00f3\u0142pracy, poprzez udzia\u0142 w Polskim Konsorcjum Projektu Virgo, z mi\u0119dzynarodowym konsorcjum Virgo Collaboration, umo\u017cliwiaj\u0105ca udzia\u0142 w poszukiwaniach fal grawitacyjnych za pomoc\u0105 detektora Virgo oraz zwi\u0105zanych z LIGO Scientific Collaboration detektor\u00f3w LIGO i GEO600; wsp\u00f3\u0142praca z Virgo Collaboration jest jednym z przedsi\u0119wzi\u0119\u0107 umieszczonych na Polskiej Mapie Drogowej Infrastruktury Badawczej (opublikowanej w roku 2014),<\/li>\n<li>udzia\u0142 w Polskim Konsorcjum Projektu Einstein Telescope na rzecz realizacji bada\u0144 naukowych oraz projektowania i budowy aparatury naukowej w ramach mi\u0119dzynarodowego projektu badawczego maj\u0105cego na celu budow\u0119 detektora fal grawitacyjnych trzeciej generacji,<\/li>\n<li>kontynuacja i rozw\u00f3j wsp\u00f3\u0142pracy w ramach krajowej sieci LFPPI (Laboratorium Fizycznych Podstaw Przetwarzania Informacji),<\/li>\n<li>utrzymanie nawi\u0105zanej wsp\u00f3\u0142pracy z o\u015brodkami medycznymi i prowadzenie badaniach nad wykorzystaniem metod fizycznych w diagnostyce i terapii medycznej,<\/li>\n<li>poszukiwanie nowych dziedzin wsp\u00f3\u0142pracy z o\u015brodkami medycznymi.<\/li>\n<\/ul>\n<p><strong>Zadania szczeg\u00f3\u0142owe w zakresie kszta\u0142cenia<\/strong><\/p>\n<ul>\n<li>uruchomienie studi\u00f3w doktoranckich po uzyskaniu przez Wydzia\u0142 Fizyki uprawnie\u0144 do nadawania stopnia doktora habilitowanego,<\/li>\n<li>rozszerzenie oferty edukacyjnej Uniwersytetu o nowe specjalno\u015bci i specjalizacje na obecnie prowadzonych kierunkach, np. fizyka nanomateria\u0142\u00f3w, in\u017cynieria nowoczesnych materia\u0142\u00f3w,<\/li>\n<li>wyst\u0119powanie z ofert\u0105 prowadzenia zaj\u0119\u0107 z technologii informacyjnych na innych wydzia\u0142ach Uniwersytetu w Bia\u0142ymstoku,<\/li>\n<li>d\u0105\u017cenie do uruchomienia studi\u00f3w II stopnia z informatyki stosowanej, \u015bci\u015ble zwi\u0105zanych z praktycznymi zastosowaniami fizyki,<\/li>\n<li>w miar\u0119 mo\u017cliwo\u015bci kadrowych d\u0105\u017cenie do powo\u0142ywania kierunk\u00f3w interdyscyplinarnych i makrokierunk\u00f3w.<\/li>\n<\/ul>\n<p><strong>Zadanie szczeg\u00f3\u0142owe w zakresie infrastruktury<\/strong><\/p>\n<ul>\n<li>budowa Obserwatorium Astronomicznego wraz z Planetarium<\/li>\n<li>uczestnictwo w projekcie i budowie Parku Do\u015bwiadcze\u0144 w kampusie Uniwersytetu w Bia\u0142ymstoku,<\/li>\n<li>wyposa\u017cenie istniej\u0105cej Pracowni Mikroskopii Skaningowej w mikroskop elektronowy z opcj\u0105 litografii i Skaningowy mikroskop jon\u00f3w FIB.<\/li>\n<\/ul>\n<p><strong>Zadania w zakresie wsp\u00f3\u0142pracy ze \u015brodowiskiem<\/strong><\/p>\n<ul>\n<li>zintensyfikowanie dzia\u0142a\u0144 na rzecz pozyskiwania bud\u017cetowych i pozabud\u017cetowych \u015brodk\u00f3w na badania,<\/li>\n<li>rozwijanie wsp\u00f3\u0142pracy z otoczeniem gospodarczym,<\/li>\n<li>opracowanie programu intensywnej promocji Wydzia\u0142u Fizyki.<\/li>\n<\/ul>\n","protected":false},"excerpt":{"rendered":"<p>Dokument zatwierdzony przez Rad\u0119 Wydzia\u0142u Fizyki UwB w dniu 23 czerwca 2014 r. Wydzia\u0142 Fizyki Uniwersytetu w Bia\u0142ymstoku jako samodzielna jednostka funkcjonuje od 1 wrze\u015bnia 2007 roku na mocy Uchwa\u0142y <a href=\"https:\/\/physics.uwb.edu.pl\/wf\/?page_id=8434\" class=\"more-link\">[&hellip;]<\/a><\/p>\n","protected":false},"author":14,"featured_media":0,"parent":66,"menu_order":40,"comment_status":"closed","ping_status":"closed","template":"","meta":{"ngg_post_thumbnail":0,"Layout":"1c","footnotes":""},"categories":[3],"tags":[],"class_list":["entry","author-ulag","post-8434","page","type-page","status-publish","category-wydzialowe_pl"],"jetpack_sharing_enabled":true,"jetpack_shortlink":"https:\/\/wp.me\/P7nvcn-2c2","_links":{"self":[{"href":"https:\/\/physics.uwb.edu.pl\/wf\/index.php?rest_route=\/wp\/v2\/pages\/8434","targetHints":{"allow":["GET"]}}],"collection":[{"href":"https:\/\/physics.uwb.edu.pl\/wf\/index.php?rest_route=\/wp\/v2\/pages"}],"about":[{"href":"https:\/\/physics.uwb.edu.pl\/wf\/index.php?rest_route=\/wp\/v2\/types\/page"}],"author":[{"embeddable":true,"href":"https:\/\/physics.uwb.edu.pl\/wf\/index.php?rest_route=\/wp\/v2\/users\/14"}],"replies":[{"embeddable":true,"href":"https:\/\/physics.uwb.edu.pl\/wf\/index.php?rest_route=%2Fwp%2Fv2%2Fcomments&post=8434"}],"version-history":[{"count":1,"href":"https:\/\/physics.uwb.edu.pl\/wf\/index.php?rest_route=\/wp\/v2\/pages\/8434\/revisions"}],"predecessor-version":[{"id":8435,"href":"https:\/\/physics.uwb.edu.pl\/wf\/index.php?rest_route=\/wp\/v2\/pages\/8434\/revisions\/8435"}],"up":[{"embeddable":true,"href":"https:\/\/physics.uwb.edu.pl\/wf\/index.php?rest_route=\/wp\/v2\/pages\/66"}],"wp:attachment":[{"href":"https:\/\/physics.uwb.edu.pl\/wf\/index.php?rest_route=%2Fwp%2Fv2%2Fmedia&parent=8434"}],"wp:term":[{"taxonomy":"category","embeddable":true,"href":"https:\/\/physics.uwb.edu.pl\/wf\/index.php?rest_route=%2Fwp%2Fv2%2Fcategories&post=8434"},{"taxonomy":"post_tag","embeddable":true,"href":"https:\/\/physics.uwb.edu.pl\/wf\/index.php?rest_route=%2Fwp%2Fv2%2Ftags&post=8434"}],"curies":[{"name":"wp","href":"https:\/\/api.w.org\/{rel}","templated":true}]}}