{"id":8447,"date":"2018-11-02T12:55:46","date_gmt":"2018-11-02T11:55:46","guid":{"rendered":"http:\/\/physics.uwb.edu.pl\/wf\/?page_id=8447"},"modified":"2018-11-02T13:04:29","modified_gmt":"2018-11-02T12:04:29","slug":"o-marianie-smoluchowskim-w-setna-rocznice-smierci-2-2-2-2-2-4-3-2-2-2-2-2-2-2-3-3-2-3-2-2-2-2-2","status":"publish","type":"page","link":"https:\/\/physics.uwb.edu.pl\/wf\/?page_id=8447","title":{"rendered":"Spintronika antyferromagnetyczna \u2013 prze\u0142\u0105czanie CuMnAs pr\u0105dem elektrycznym"},"content":{"rendered":"<h3><strong>Konwersatorium wydzia\u0142owe<br \/>\n<\/strong><\/h3>\n<p align=\"justify\">Dnia 2018-11-06 o godzinie 13:15 w sali 2011 Wydzia\u0142u Fizyki UwB odb\u0119dzie si\u0119 wyk\u0142ad, na kt\u00f3rym <strong>mgr Micha\u0142 Grzybowski<\/strong> z Mi\u0119dzynarodowe Centrum Sprz\u0119\u017cenia Magnetyzmu i Nadprzewodnictwa z Materi\u0105 Topologiczn\u0105, Instytut Fizyki Polskiej Akademii Nauk w Warszawie wyg\u0142osi wyk\u0142ad pt:<\/p>\n<h3 style=\"text-align: center\">&#8220;<strong><u>Spintronika antyferromagnetyczna \u2013 prze\u0142\u0105czanie CuMnAs pr\u0105dem elektrycznym<\/u><\/strong>&#8220;<\/h3>\n<p align=\"justify\">&nbsp;<\/p>\n<p style=\"text-align: right\">Serdecznie zapraszamy<\/p>\n<p style=\"text-align: right\">Andrzej Maziewski<br \/>\nJerzy Przeszowski<\/p>\n<p align=\"justify\">Antyferromagnetyki budz\u0105 coraz wi\u0119ksze zainteresowanie ze wzgl\u0119du na potencjalne zastosowania w spintronice. Naprzemienny zwrot moment\u00f3w magnetycznych jon\u00f3w skutkuje wyst\u0119powaniem zerowej makroskopowej magnetyzacji, a co za tym idzie, ma\u0142\u0105 podatno\u015bci\u0105 na zewn\u0119trzne pola magnetyczne. Jednak kierunek osi magnetycznej mo\u017ce by\u0107 kontrolowany w spos\u00f3b inny ni\u017c przez zewn\u0119trzne pole magnetyczne. Efektywne pola, naprzemienne w obr\u0119bie kom\u00f3rki elementarnej, indukowane pr\u0105dem elektrycznym, wynikaj\u0105ce ze sprz\u0119\u017cenia spinowo-orbitalnego daj\u0105 mo\u017cliwo\u015b\u0107 kontroli uporz\u0105dkowania spin\u00f3w w antyferromagnetyku [1]. Przedstawiona zostanie do\u015bwiadczalna realizacja teoretycznych przewidywa\u0144 dla antyferromagnetycznego arsenku miedziowo-manganowego CuMnAs &#8211; zmiana kierunku uporz\u0105dkowania magnetycznego wywo\u0142ana impulsami pr\u0105du o du\u017cej g\u0119sto\u015bci [2,3], rejestrowana metodami elektrycznymi (<strong>AMR<\/strong>) wraz z obrazowaniem struktury domenowej (PEEM\u2011XMLD)&nbsp;[4].<\/p>\n<p>[1] <a href=\"https:\/\/journals.aps.org\/prl\/abstract\/10.1103\/PhysRevLett.113.157201\">J. \u017delezn\u00fd, H.Gao, K. V\u00fdborn\u00fd, J. Zemen, J. Ma\u0161ek, A. Manchon, J. Wunderlich, J. Sinova, T.Jungwirth, <em>Physical Review Letters <\/em><strong>113<\/strong>, 157201 (2014).<\/a><\/p>\n<p>[2] <a href=\"http:\/\/science.sciencemag.org\/content\/early\/2016\/01\/13\/science.aab1031\">P. Wadley, B. Howells, J. \u017delezn\u00fd, C. Andrews, V. Hills, R. P. Campion, V. Nov\u00e1k, K. Olejn\u00edk, F.&nbsp;Maccherozzi, S. S. Dhesi, S. Y. Martin, T.Wagner, J. Wunderlich, F. Freimuth, Y.&nbsp;Mokrousov, J.&nbsp;Kune\u0161, J. S. Chauhan, <u>M.&nbsp;J. Grzybowski<\/u>, A. W. Rushforth, K.W. Edmonds, B. L. Gallagher, T.&nbsp;Jungwirth, Electrical switching of an antiferromagnet, <em>Science<\/em> <strong>351<\/strong>, 587-590 (2016).<\/a><\/p>\n<p>[3] <a href=\"https:\/\/www.nature.com\/articles\/s41565-018-0079-1\">P. Wadley, S. Reimers, <u>M. J. Grzybowski<\/u>, C. Andrews, M. Wang, J. S. Chauhan, B. L. Gallagher, R. P. Champion, K. W. Edmonds, S. S. Dhesi, F. Macherozzi, V. Novak, J. Wunderlich, T. Jungwirth, Current-polarity dependent manipulation of antiferromagnetic domains, <em>Nature Nanotechnology<\/em> <strong>13<\/strong>, 362-365 (2018).<\/a><\/p>\n<p>[4]<a href=\"https:\/\/journals.aps.org\/prl\/abstract\/10.1103\/PhysRevLett.118.057701\"><u> M. J. Grzybowski<\/u>, P. Wadley, K. W. Edmonds, R. Beardsley, V. Hills, R. P. Campion, B.&nbsp;L.&nbsp;Gallagher, J. S. Chauhan, V. Novak, T. Jungwirth, F. Maccherozzi, S. S. Dhesi, Imaging Current-Induced Switching of Antiferromagnetic Domains in CuMnAs, <em>Physical Review Letters <\/em><strong>118<\/strong>, 057701 (2017)<\/a>.<\/p>\n","protected":false},"excerpt":{"rendered":"<p>Konwersatorium wydzia\u0142owe Dnia 2018-11-06 o godzinie 13:15 w sali 2011 Wydzia\u0142u Fizyki UwB odb\u0119dzie si\u0119 wyk\u0142ad, na kt\u00f3rym mgr Micha\u0142 Grzybowski z Mi\u0119dzynarodowe Centrum Sprz\u0119\u017cenia Magnetyzmu i Nadprzewodnictwa z Materi\u0105 <a href=\"https:\/\/physics.uwb.edu.pl\/wf\/?page_id=8447\" class=\"more-link\">[&hellip;]<\/a><\/p>\n","protected":false},"author":14,"featured_media":8413,"parent":822,"menu_order":0,"comment_status":"closed","ping_status":"closed","template":"","meta":{"ngg_post_thumbnail":0,"Layout":"1c","footnotes":""},"categories":[69],"tags":[],"class_list":["entry","author-ulag","post-8447","page","type-page","status-publish","has-post-thumbnail","category-seminarium_pl"],"jetpack_sharing_enabled":true,"jetpack_shortlink":"https:\/\/wp.me\/P7nvcn-2cf","_links":{"self":[{"href":"https:\/\/physics.uwb.edu.pl\/wf\/index.php?rest_route=\/wp\/v2\/pages\/8447","targetHints":{"allow":["GET"]}}],"collection":[{"href":"https:\/\/physics.uwb.edu.pl\/wf\/index.php?rest_route=\/wp\/v2\/pages"}],"about":[{"href":"https:\/\/physics.uwb.edu.pl\/wf\/index.php?rest_route=\/wp\/v2\/types\/page"}],"author":[{"embeddable":true,"href":"https:\/\/physics.uwb.edu.pl\/wf\/index.php?rest_route=\/wp\/v2\/users\/14"}],"replies":[{"embeddable":true,"href":"https:\/\/physics.uwb.edu.pl\/wf\/index.php?rest_route=%2Fwp%2Fv2%2Fcomments&post=8447"}],"version-history":[{"count":6,"href":"https:\/\/physics.uwb.edu.pl\/wf\/index.php?rest_route=\/wp\/v2\/pages\/8447\/revisions"}],"predecessor-version":[{"id":8453,"href":"https:\/\/physics.uwb.edu.pl\/wf\/index.php?rest_route=\/wp\/v2\/pages\/8447\/revisions\/8453"}],"up":[{"embeddable":true,"href":"https:\/\/physics.uwb.edu.pl\/wf\/index.php?rest_route=\/wp\/v2\/pages\/822"}],"wp:featuredmedia":[{"embeddable":true,"href":"https:\/\/physics.uwb.edu.pl\/wf\/index.php?rest_route=\/wp\/v2\/media\/8413"}],"wp:attachment":[{"href":"https:\/\/physics.uwb.edu.pl\/wf\/index.php?rest_route=%2Fwp%2Fv2%2Fmedia&parent=8447"}],"wp:term":[{"taxonomy":"category","embeddable":true,"href":"https:\/\/physics.uwb.edu.pl\/wf\/index.php?rest_route=%2Fwp%2Fv2%2Fcategories&post=8447"},{"taxonomy":"post_tag","embeddable":true,"href":"https:\/\/physics.uwb.edu.pl\/wf\/index.php?rest_route=%2Fwp%2Fv2%2Ftags&post=8447"}],"curies":[{"name":"wp","href":"https:\/\/api.w.org\/{rel}","templated":true}]}}