{"id":847,"date":"2016-03-17T10:20:32","date_gmt":"2016-03-17T09:20:32","guid":{"rendered":"http:\/\/physics.uwb.edu.pl\/wf\/?page_id=847"},"modified":"2016-03-22T19:43:21","modified_gmt":"2016-03-22T18:43:21","slug":"publikacje-pracownikow-instytutu-fizyki-doswiadczalnej-i-instytutu-fizyki-teoretycznej-format-pdf-w-latach-2004-2006","status":"publish","type":"page","link":"https:\/\/physics.uwb.edu.pl\/wf\/?page_id=847","title":{"rendered":"Publikacje pracownik\u00f3w w latach 2004 &#8211; 2006"},"content":{"rendered":"<h3>Publikacje pracownik\u00f3w Instytutu Fizyki Do\u015bwiadczalnej i Instytutu Fizyki Teoretycznej (format PDF) w latach 2004 &#8211; 2006<\/h3>\n<p>[mla_gallery post_mime_type=application\/pdf post_parent=847 size=full\u00a0 mla_viewer=single mla_viewer_best_fit mla_caption=&#8217;<a href={+filelink_url+}>{+title+}<\/a>&#8216; order=desc ]<\/p>\n","protected":false},"excerpt":{"rendered":"<p>Publikacje pracownik\u00f3w Instytutu Fizyki Do\u015bwiadczalnej i Instytutu Fizyki Teoretycznej (format PDF) w latach 2004 &#8211; 2006 [mla_gallery post_mime_type=application\/pdf post_parent=847 size=full\u00a0 mla_viewer=single mla_viewer_best_fit mla_caption=&#8217;{+title+}&#8216; order=desc ]<\/p>\n","protected":false},"author":2,"featured_media":0,"parent":844,"menu_order":0,"comment_status":"closed","ping_status":"closed","template":"","meta":{"ngg_post_thumbnail":0,"Layout":"","footnotes":""},"categories":[42],"tags":[],"class_list":["entry","author-dobrog","post-847","page","type-page","status-publish","category-nauka_pl"],"jetpack_sharing_enabled":true,"jetpack_shortlink":"https:\/\/wp.me\/P7nvcn-dF","_links":{"self":[{"href":"https:\/\/physics.uwb.edu.pl\/wf\/index.php?rest_route=\/wp\/v2\/pages\/847","targetHints":{"allow":["GET"]}}],"collection":[{"href":"https:\/\/physics.uwb.edu.pl\/wf\/index.php?rest_route=\/wp\/v2\/pages"}],"about":[{"href":"https:\/\/physics.uwb.edu.pl\/wf\/index.php?rest_route=\/wp\/v2\/types\/page"}],"author":[{"embeddable":true,"href":"https:\/\/physics.uwb.edu.pl\/wf\/index.php?rest_route=\/wp\/v2\/users\/2"}],"replies":[{"embeddable":true,"href":"https:\/\/physics.uwb.edu.pl\/wf\/index.php?rest_route=%2Fwp%2Fv2%2Fcomments&post=847"}],"version-history":[{"count":21,"href":"https:\/\/physics.uwb.edu.pl\/wf\/index.php?rest_route=\/wp\/v2\/pages\/847\/revisions"}],"predecessor-version":[{"id":1321,"href":"https:\/\/physics.uwb.edu.pl\/wf\/index.php?rest_route=\/wp\/v2\/pages\/847\/revisions\/1321"}],"up":[{"embeddable":true,"href":"https:\/\/physics.uwb.edu.pl\/wf\/index.php?rest_route=\/wp\/v2\/pages\/844"}],"wp:attachment":[{"href":"https:\/\/physics.uwb.edu.pl\/wf\/index.php?rest_route=%2Fwp%2Fv2%2Fmedia&parent=847"}],"wp:term":[{"taxonomy":"category","embeddable":true,"href":"https:\/\/physics.uwb.edu.pl\/wf\/index.php?rest_route=%2Fwp%2Fv2%2Fcategories&post=847"},{"taxonomy":"post_tag","embeddable":true,"href":"https:\/\/physics.uwb.edu.pl\/wf\/index.php?rest_route=%2Fwp%2Fv2%2Ftags&post=847"}],"curies":[{"name":"wp","href":"https:\/\/api.w.org\/{rel}","templated":true}]}}