{"id":85,"date":"2016-02-14T10:29:08","date_gmt":"2016-02-14T09:29:08","guid":{"rendered":"http:\/\/physics.uwb.edu.pl\/wf\/?page_id=85"},"modified":"2022-01-12T14:50:24","modified_gmt":"2022-01-12T13:50:24","slug":"dziekanat","status":"publish","type":"page","link":"https:\/\/physics.uwb.edu.pl\/wf\/?page_id=85","title":{"rendered":"Dziekanat"},"content":{"rendered":"<div class=\"entry-content\">\n<div class=\"sekcja\">\n<div class=\"tresc\">\n<h3 class=\"font-headlines\">Godziny przyj\u0119\u0107 dziekan\u00f3w<\/h3>\n<p class=\"itemize\">Dziekan Wydzia\u0142u<br \/>\n<a class=\"link-normalny\" href=\"http:\/\/physics.uwb.edu.pl\/wf\/?pracownik=jan-l-cieslinski\">prof. dr hab. Jan Cie\u015bli\u0144ski<\/a><br \/>\nponiedzia\u0142ek, godz. 12:00 &#8211; 14:00<\/p>\n<p>Prodziekan ds. og\u00f3lnych<br \/>\n<a class=\"link-normalny\" href=\"http:\/\/physics.uwb.edu.pl\/wf\/?pracownik=cezary-walczyk\">dr Cezary Walczyk<\/a><br \/>\n\u015broda, godz. 12:15 &#8211; 14:15<\/p>\n<p>Prodziekan ds. studenckich i wsp\u00f3\u0142pracy mi\u0119dzynarodowej<br \/>\n<a class=\"link-normalny\" href=\"https:\/\/physics.uwb.edu.pl\/wf\/?pracownik=krystyna-perzynska\">dr Krystyna Perzy\u0144ska<\/a><br \/>\nponiedzia\u0142ek, godz. 10:00 &#8211; 12:00<\/p>\n<h3 class=\"font-headlines\">Sprawy studenckie<\/h3>\n<\/div>\n<p><a href=\"https:\/\/physics.uwb.edu.pl\/wf\/?pracownik=10601\">El\u017cbieta Fiedoruk<\/a><br \/>\npok. 2010, tel. 85-745 72 44<\/p>\n<div class=\"tresc\">\n<p><b>Godziny pracy<\/b><br \/>\nponiedzia\u0142ek, wtorek, \u015broda \u2013 9:00 &#8211; 14:00<br \/>\nczwartek \u2013 wolny<br \/>\npi\u0105tek \u2013 9:00 &#8211; 15:00<\/p>\n<h3 class=\"font-headlines\">Sprawy og\u00f3lne<\/h3>\n<p class=\"itemize\"><a href=\"http:\/\/physics.uwb.edu.pl\/wf\/?pracownik=beata-sawoniewska&amp;lang=pl\">Beata Sawoniewska<\/a><br \/>\npok. 2020, tel. 85-745 72 39, fax. 85-745 72 23<\/p>\n<h3 class=\"font-headlines\">Kierownik Dziekanatu Wydzia\u0142u Fizyki<\/h3>\n<p class=\"itemize\"><a href=\"http:\/\/physics.uwb.edu.pl\/wf\/?pracownik=krystyna-snarska&amp;lang=pl\">mgr Krystyna Snarska<\/a><br \/>\npok. 2018, tel. 85-745 72 22<br \/>\n<b>E-mail: <a href=\"mailto:fizyka@uwb.edu.pl\">fizyka@uwb.edu.pl<\/a><\/b><\/p>\n<h3 class=\"font-headlines\">Pok\u00f3j Dzieka\u0144ski, Sala Posiedze\u0144 Rady Wydzia\u0142u<\/h3>\n<p class=\"itemize\">pok. 2012<\/p>\n<\/div>\n<\/div>\n<\/div>\n","protected":false},"excerpt":{"rendered":"<p>Godziny przyj\u0119\u0107 dziekan\u00f3w Dziekan Wydzia\u0142u prof. dr hab. Jan Cie\u015bli\u0144ski poniedzia\u0142ek, godz. 12:00 &#8211; 14:00 Prodziekan ds. og\u00f3lnych dr Cezary Walczyk \u015broda, godz. 12:15 &#8211; 14:15 Prodziekan ds. studenckich i <a href=\"https:\/\/physics.uwb.edu.pl\/wf\/?page_id=85\" class=\"more-link\">[&hellip;]<\/a><\/p>\n","protected":false},"author":2,"featured_media":103,"parent":66,"menu_order":20,"comment_status":"closed","ping_status":"closed","template":"","meta":{"ngg_post_thumbnail":0,"Layout":"","footnotes":""},"categories":[3],"tags":[],"class_list":["entry","author-dobrog","post-85","page","type-page","status-publish","has-post-thumbnail","category-wydzialowe_pl"],"jetpack_sharing_enabled":true,"jetpack_shortlink":"https:\/\/wp.me\/P7nvcn-1n","_links":{"self":[{"href":"https:\/\/physics.uwb.edu.pl\/wf\/index.php?rest_route=\/wp\/v2\/pages\/85","targetHints":{"allow":["GET"]}}],"collection":[{"href":"https:\/\/physics.uwb.edu.pl\/wf\/index.php?rest_route=\/wp\/v2\/pages"}],"about":[{"href":"https:\/\/physics.uwb.edu.pl\/wf\/index.php?rest_route=\/wp\/v2\/types\/page"}],"author":[{"embeddable":true,"href":"https:\/\/physics.uwb.edu.pl\/wf\/index.php?rest_route=\/wp\/v2\/users\/2"}],"replies":[{"embeddable":true,"href":"https:\/\/physics.uwb.edu.pl\/wf\/index.php?rest_route=%2Fwp%2Fv2%2Fcomments&post=85"}],"version-history":[{"count":19,"href":"https:\/\/physics.uwb.edu.pl\/wf\/index.php?rest_route=\/wp\/v2\/pages\/85\/revisions"}],"predecessor-version":[{"id":13163,"href":"https:\/\/physics.uwb.edu.pl\/wf\/index.php?rest_route=\/wp\/v2\/pages\/85\/revisions\/13163"}],"up":[{"embeddable":true,"href":"https:\/\/physics.uwb.edu.pl\/wf\/index.php?rest_route=\/wp\/v2\/pages\/66"}],"wp:featuredmedia":[{"embeddable":true,"href":"https:\/\/physics.uwb.edu.pl\/wf\/index.php?rest_route=\/wp\/v2\/media\/103"}],"wp:attachment":[{"href":"https:\/\/physics.uwb.edu.pl\/wf\/index.php?rest_route=%2Fwp%2Fv2%2Fmedia&parent=85"}],"wp:term":[{"taxonomy":"category","embeddable":true,"href":"https:\/\/physics.uwb.edu.pl\/wf\/index.php?rest_route=%2Fwp%2Fv2%2Fcategories&post=85"},{"taxonomy":"post_tag","embeddable":true,"href":"https:\/\/physics.uwb.edu.pl\/wf\/index.php?rest_route=%2Fwp%2Fv2%2Ftags&post=85"}],"curies":[{"name":"wp","href":"https:\/\/api.w.org\/{rel}","templated":true}]}}