{"id":8564,"date":"2018-11-12T22:59:09","date_gmt":"2018-11-12T21:59:09","guid":{"rendered":"http:\/\/physics.uwb.edu.pl\/wf\/?page_id=8564"},"modified":"2018-11-12T22:59:09","modified_gmt":"2018-11-12T21:59:09","slug":"studenckie-pogotowie-lekcyjne-2-2","status":"publish","type":"page","link":"https:\/\/physics.uwb.edu.pl\/wf\/?page_id=8564","title":{"rendered":"Koncert Ch\u00f3ru Akademickiego UwB"},"content":{"rendered":"<p>&#8220;<strong>Pie\u015bni patriotyczne na 100-lecie odzyskania niepodleg\u0142o\u015bci<\/strong>&#8221; 15 listopada 2018 r. godz. 19.00 Aula im. Prof. Aliny Myrch.<\/p>\n<p>Serdecznie zapraszamy wszystkich student\u00f3w i pracownik\u00f3w wraz z osobami towarzysz\u0105cymi na Koncert Ch\u00f3ru Akademickiego Uniwersytetu w Bia\u0142ymstoku pod dyrekcj\u0105: prof. Edwarda Kulikowskiego.<\/p>\n<p>Motywem przewodnim koncertu organizowanego na 100-lecie odzyskania przez Polsk\u0119 niepodleg\u0142o\u015bci b\u0119d\u0105 pie\u015bni patriotyczne.<\/p>\n<p>Koncert odb\u0119dzie si\u0119 15 listopada 2018 r. (czwartek) o godz. 19.00 w Auli im. Prof. Aliny Myrchy, Instytut Biologii, ul. Cio\u0142kowskiego 1J.<\/p>\n<p>Koncert zosta\u0142 obj\u0119ty patronatem Dziekan\u00f3w oraz Samorz\u0105d\u00f3w Studenckich trzech kampusowych Wydzia\u0142\u00f3w:<br \/>\nWydzia\u0142u Biologiczno-Chemicznego,<br \/>\nWydzia\u0142u Fizyki,<br \/>\nWydzia\u0142u Matematyki i Informatyki.<\/p>\n","protected":false},"excerpt":{"rendered":"<p>&#8220;Pie\u015bni patriotyczne na 100-lecie odzyskania niepodleg\u0142o\u015bci&#8221; 15 listopada 2018 r. godz. 19.00 Aula im. Prof. Aliny Myrch. Serdecznie zapraszamy wszystkich student\u00f3w i pracownik\u00f3w wraz z osobami towarzysz\u0105cymi na Koncert Ch\u00f3ru <a href=\"https:\/\/physics.uwb.edu.pl\/wf\/?page_id=8564\" class=\"more-link\">[&hellip;]<\/a><\/p>\n","protected":false},"author":3,"featured_media":8567,"parent":713,"menu_order":0,"comment_status":"closed","ping_status":"closed","template":"","meta":{"ngg_post_thumbnail":0,"Layout":"","footnotes":""},"categories":[27],"tags":[],"class_list":["entry","author-mark","post-8564","page","type-page","status-publish","has-post-thumbnail","category-post_news_pl"],"jetpack_sharing_enabled":true,"jetpack_shortlink":"https:\/\/wp.me\/P7nvcn-2e8","_links":{"self":[{"href":"https:\/\/physics.uwb.edu.pl\/wf\/index.php?rest_route=\/wp\/v2\/pages\/8564","targetHints":{"allow":["GET"]}}],"collection":[{"href":"https:\/\/physics.uwb.edu.pl\/wf\/index.php?rest_route=\/wp\/v2\/pages"}],"about":[{"href":"https:\/\/physics.uwb.edu.pl\/wf\/index.php?rest_route=\/wp\/v2\/types\/page"}],"author":[{"embeddable":true,"href":"https:\/\/physics.uwb.edu.pl\/wf\/index.php?rest_route=\/wp\/v2\/users\/3"}],"replies":[{"embeddable":true,"href":"https:\/\/physics.uwb.edu.pl\/wf\/index.php?rest_route=%2Fwp%2Fv2%2Fcomments&post=8564"}],"version-history":[{"count":2,"href":"https:\/\/physics.uwb.edu.pl\/wf\/index.php?rest_route=\/wp\/v2\/pages\/8564\/revisions"}],"predecessor-version":[{"id":8566,"href":"https:\/\/physics.uwb.edu.pl\/wf\/index.php?rest_route=\/wp\/v2\/pages\/8564\/revisions\/8566"}],"up":[{"embeddable":true,"href":"https:\/\/physics.uwb.edu.pl\/wf\/index.php?rest_route=\/wp\/v2\/pages\/713"}],"wp:featuredmedia":[{"embeddable":true,"href":"https:\/\/physics.uwb.edu.pl\/wf\/index.php?rest_route=\/wp\/v2\/media\/8567"}],"wp:attachment":[{"href":"https:\/\/physics.uwb.edu.pl\/wf\/index.php?rest_route=%2Fwp%2Fv2%2Fmedia&parent=8564"}],"wp:term":[{"taxonomy":"category","embeddable":true,"href":"https:\/\/physics.uwb.edu.pl\/wf\/index.php?rest_route=%2Fwp%2Fv2%2Fcategories&post=8564"},{"taxonomy":"post_tag","embeddable":true,"href":"https:\/\/physics.uwb.edu.pl\/wf\/index.php?rest_route=%2Fwp%2Fv2%2Ftags&post=8564"}],"curies":[{"name":"wp","href":"https:\/\/api.w.org\/{rel}","templated":true}]}}