{"id":8625,"date":"2018-11-19T00:16:54","date_gmt":"2018-11-18T23:16:54","guid":{"rendered":"http:\/\/physics.uwb.edu.pl\/wf\/?page_id=8625"},"modified":"2021-09-13T09:34:08","modified_gmt":"2021-09-13T07:34:08","slug":"karty-przedmiotow-3-2","status":"publish","type":"page","link":"https:\/\/physics.uwb.edu.pl\/wf\/?page_id=8625","title":{"rendered":"specjalno\u015b\u0107: Fizyka"},"content":{"rendered":"<h3>Pierwszy rok<\/h3>\n<ul type=\"circle\">\n<li><a href=\"https:\/\/usosweb.uwb.edu.pl\/kontroler.php?_action=katalog2\/przedmioty\/pokazPrzedmiot&amp;prz_kod=390-FS1-1WDF\">Wst\u0119p do fizyki<\/a><\/li>\n<li><a href=\"https:\/\/usosweb.uwb.edu.pl\/kontroler.php?_action=katalog2\/przedmioty\/pokazPrzedmiot&amp;prz_kod=390-FS1-1MEC\">Mechanika<\/a><\/li>\n<li><a href=\"https:\/\/usosweb.uwb.edu.pl\/kontroler.php?_action=katalog2\/przedmioty\/pokazPrzedmiot&amp;prz_kod=390-FS1-1RNP\">Rachunek niepewno\u015bci pomiarowych<\/a><\/li>\n<li><a href=\"https:\/\/usosweb.uwb.edu.pl\/kontroler.php?_action=katalog2\/przedmioty\/pokazPrzedmiot&amp;prz_kod=390-FS1-1WDM\">Wst\u0119p do matematyki<\/a><\/li>\n<li><a href=\"https:\/\/usosweb.uwb.edu.pl\/kontroler.php?_action=katalog2\/przedmioty\/pokazPrzedmiot&amp;prz_kod=390-FS1-1AM1\">Analiza matematyczna I<\/a><\/li>\n<li><a href=\"https:\/\/usosweb.uwb.edu.pl\/kontroler.php?_action=katalog2\/przedmioty\/pokazPrzedmiot&amp;prz_kod=390-FS1-1AM2\">Analiza matematyczna II<\/a><\/li>\n<li><a href=\"https:\/\/usosweb.uwb.edu.pl\/kontroler.php?_action=katalog2\/przedmioty\/pokazPrzedmiot&amp;prz_kod=390-FS1-1AZG\">Algebra z geometri\u0105<\/a><\/li>\n<li><a href=\"https:\/\/usosweb.uwb.edu.pl\/kontroler.php?_action=katalog2\/przedmioty\/pokazPrzedmiot&amp;prz_kod=390-FS1-1NKO\">Narz\u0119dzia komputerowe<\/a><\/li>\n<li><a href=\"https:\/\/usosweb.uwb.edu.pl\/kontroler.php?_action=katalog2\/przedmioty\/pokazPrzedmiot&amp;prz_kod=390-FS1-1KMO\">Komputerowe metody obliczeniowe<\/a><\/li>\n<li><a href=\"https:\/\/usosweb.uwb.edu.pl\/kontroler.php?_action=katalog2\/przedmioty\/pokazPrzedmiot&amp;prz_kod=390-FS1-1LJA1\">Lektorat j\u0119zyka angielskiego I<\/a><\/li>\n<li><a href=\"https:\/\/usosweb.uwb.edu.pl\/kontroler.php?_action=katalog2\/przedmioty\/pokazPrzedmiot&amp;prz_kod=390-FS1-1LJA2\">Lektorat j\u0119zyka angielskiego II<\/a><\/li>\n<li><a href=\"https:\/\/usosweb.uwb.edu.pl\/kontroler.php?_action=katalog2\/przedmioty\/pokazPrzedmiot&amp;prz_kod=390-FS1-1WF\">Wychowanie fizyczne<\/a><\/li>\n<\/ul>\n<h3>Drugi rok<\/h3>\n<ul type=\"circle\">\n<li><a href=\"https:\/\/usosweb.uwb.edu.pl\/kontroler.php?_action=katalog2\/przedmioty\/pokazPrzedmiot&amp;prz_kod=390-FS1-2EIM\">Elektryczno\u015b\u0107 i magnetyzm<\/a><\/li>\n<li><a href=\"https:\/\/usosweb.uwb.edu.pl\/kontroler.php?_action=katalog2\/przedmioty\/pokazPrzedmiot&amp;prz_kod=390-FS1-2TERM\">Termodynamika<\/a><\/li>\n<li><a href=\"https:\/\/usosweb.uwb.edu.pl\/kontroler.php?_action=katalog2\/przedmioty\/pokazPrzedmiot&amp;prz_kod=390-FS1-2OIF\">Optyka i fale<\/a><\/li>\n<li><a href=\"https:\/\/usosweb.uwb.edu.pl\/kontroler.php?_action=katalog2\/przedmioty\/pokazPrzedmiot&amp;prz_kod=390-FS1-2EMT\">Elementy mechaniki teoretycznej<\/a><\/li>\n<li><a href=\"https:\/\/usosweb.uwb.edu.pl\/kontroler.php?_action=katalog2\/przedmioty\/pokazPrzedmiot&amp;prz_kod=390-FS1-2EEK\">Elementy elektrodynamiki klasycznej<\/a><\/li>\n<li><a href=\"https:\/\/usosweb.uwb.edu.pl\/kontroler.php?_action=katalog2\/przedmioty\/pokazPrzedmiot&amp;prz_kod=390-FS1-2STW\">Szczeg\u00f3lna teoria wzgl\u0119dno\u015bci<\/a><\/li>\n<li><a href=\"https:\/\/usosweb.uwb.edu.pl\/kontroler.php?_action=katalog2\/przedmioty\/pokazPrzedmiot&amp;prz_kod=390-FS1-2PRO\">Programowanie I<\/a><\/li>\n<li><a href=\"https:\/\/usosweb.uwb.edu.pl\/kontroler.php?_action=katalog2\/przedmioty\/pokazPrzedmiot&amp;prz_kod=390-FS1-2PRO2\">Programowanie II<\/a><\/li>\n<li><a href=\"https:\/\/usosweb.uwb.edu.pl\/kontroler.php?_action=katalog2\/przedmioty\/pokazPrzedmiot&amp;prz_kod=390-FS1-2ELE\">Elektronika<\/a><\/li>\n<li><a href=\"https:\/\/usosweb.uwb.edu.pl\/kontroler.php?_action=katalog2\/przedmioty\/pokazPrzedmiot&amp;prz_kod=390-FS1-2EFW\">Elementy fizyki wsp\u00f3\u0142czesnej<\/a><\/li>\n<\/ul>\n<h3>Trzeci rok<\/h3>\n<ul type=\"circle\">\n<li><a href=\"https:\/\/usosweb.uwb.edu.pl\/kontroler.php?_action=katalog2\/przedmioty\/pokazPrzedmiot&amp;prz_kod=390-FS1-3AST\">Astronomia<\/a><\/li>\n<li><a href=\"https:\/\/usosweb.uwb.edu.pl\/kontroler.php?_action=katalog2\/przedmioty\/pokazPrzedmiot&amp;prz_kod=390-FS1-3BUM\">Budowa materii<\/a><\/li>\n<li><a href=\"https:\/\/usosweb.uwb.edu.pl\/kontroler.php?_action=katalog2\/przedmioty\/pokazPrzedmiot&amp;prz_kod=390-FS1-3EMK\">Elementy mechaniki kwantowej<\/a><\/li>\n<li><a href=\"https:\/\/usosweb.uwb.edu.pl\/kontroler.php?_action=katalog2\/przedmioty\/pokazPrzedmiot&amp;prz_kod=390-FS1-3ASD\">Algorytmy i struktury danych<\/a><\/li>\n<li><a href=\"https:\/\/usosweb.uwb.edu.pl\/kontroler.php?_action=katalog2\/przedmioty\/pokazPrzedmiot&amp;prz_kod=390-FS1-3MNU\">Metody numeryczne<\/a><\/li>\n<li><a href=\"https:\/\/usosweb.uwb.edu.pl\/kontroler.php?_action=katalog2\/przedmioty\/pokazPrzedmiot&amp;prz_kod=390-FS1-2PPR\">Podstawy przedsi\u0119biorczo\u015bci<\/a><\/li>\n<li><a href=\"https:\/\/usosweb.uwb.edu.pl\/kontroler.php?_action=katalog2\/przedmioty\/pokazPrzedmiot&amp;prz_kod=390-FS1-3PAD\">Prawne aspekty dzia\u0142alno\u015bci naukowej i zawodowej<\/a><\/li>\n<li><a href=\"https:\/\/usosweb.uwb.edu.pl\/kontroler.php?_action=katalog2\/przedmioty\/pokazPrzedmiot&amp;prz_kod=390-FS1-3HF\">Historia fizyki<\/a><\/li>\n<li><a href=\"https:\/\/usosweb.uwb.edu.pl\/kontroler.php?_action=katalog2\/przedmioty\/pokazPrzedmiot&amp;prz_kod=390-FS1-3STF\">Struktura fizyki<\/a><\/li>\n<li><a href=\"https:\/\/usosweb.uwb.edu.pl\/kontroler.php?_action=katalog2\/przedmioty\/pokazPrzedmiot&amp;prz_kod=390-FS1-3SED\">Seminarium dyplomowe<\/a><\/li>\n<li><a href=\"https:\/\/usosweb.uwb.edu.pl\/kontroler.php?_action=katalog2\/przedmioty\/pokazPrzedmiot&amp;prz_kod=390-FS1-3FW\">Fizyka wsp\u00f3\u0142czesna<\/a> (dotyczy roku akadem. 2018\/2019)<\/li>\n<li><a href=\"https:\/\/usosweb.uwb.edu.pl\/kontroler.php?_action=katalog2\/przedmioty\/pokazPrzedmiot&amp;prz_kod=390-FS1-3DYP\">Pracownia dyplomowa<\/a> (dotyczy roku akadem. 2018\/2019)<\/li>\n<\/ul>\n<p>&nbsp;<\/p>\n","protected":false},"excerpt":{"rendered":"<p>Pierwszy rok Wst\u0119p do fizyki Mechanika Rachunek niepewno\u015bci pomiarowych Wst\u0119p do matematyki Analiza matematyczna I Analiza matematyczna II Algebra z geometri\u0105 Narz\u0119dzia komputerowe Komputerowe metody obliczeniowe Lektorat j\u0119zyka angielskiego I <a href=\"https:\/\/physics.uwb.edu.pl\/wf\/?page_id=8625\" class=\"more-link\">[&hellip;]<\/a><\/p>\n","protected":false},"author":14,"featured_media":0,"parent":1429,"menu_order":3,"comment_status":"closed","ping_status":"closed","template":"","meta":{"ngg_post_thumbnail":0,"Layout":"2c-l","footnotes":""},"categories":[23],"tags":[],"class_list":["entry","author-ulag","post-8625","page","type-page","status-publish","category-student_pl"],"jetpack_sharing_enabled":true,"jetpack_shortlink":"https:\/\/wp.me\/P7nvcn-2f7","_links":{"self":[{"href":"https:\/\/physics.uwb.edu.pl\/wf\/index.php?rest_route=\/wp\/v2\/pages\/8625","targetHints":{"allow":["GET"]}}],"collection":[{"href":"https:\/\/physics.uwb.edu.pl\/wf\/index.php?rest_route=\/wp\/v2\/pages"}],"about":[{"href":"https:\/\/physics.uwb.edu.pl\/wf\/index.php?rest_route=\/wp\/v2\/types\/page"}],"author":[{"embeddable":true,"href":"https:\/\/physics.uwb.edu.pl\/wf\/index.php?rest_route=\/wp\/v2\/users\/14"}],"replies":[{"embeddable":true,"href":"https:\/\/physics.uwb.edu.pl\/wf\/index.php?rest_route=%2Fwp%2Fv2%2Fcomments&post=8625"}],"version-history":[{"count":17,"href":"https:\/\/physics.uwb.edu.pl\/wf\/index.php?rest_route=\/wp\/v2\/pages\/8625\/revisions"}],"predecessor-version":[{"id":12626,"href":"https:\/\/physics.uwb.edu.pl\/wf\/index.php?rest_route=\/wp\/v2\/pages\/8625\/revisions\/12626"}],"up":[{"embeddable":true,"href":"https:\/\/physics.uwb.edu.pl\/wf\/index.php?rest_route=\/wp\/v2\/pages\/1429"}],"wp:attachment":[{"href":"https:\/\/physics.uwb.edu.pl\/wf\/index.php?rest_route=%2Fwp%2Fv2%2Fmedia&parent=8625"}],"wp:term":[{"taxonomy":"category","embeddable":true,"href":"https:\/\/physics.uwb.edu.pl\/wf\/index.php?rest_route=%2Fwp%2Fv2%2Fcategories&post=8625"},{"taxonomy":"post_tag","embeddable":true,"href":"https:\/\/physics.uwb.edu.pl\/wf\/index.php?rest_route=%2Fwp%2Fv2%2Ftags&post=8625"}],"curies":[{"name":"wp","href":"https:\/\/api.w.org\/{rel}","templated":true}]}}