{"id":87,"date":"2016-02-14T10:37:31","date_gmt":"2016-02-14T09:37:31","guid":{"rendered":"http:\/\/physics.uwb.edu.pl\/wf\/?page_id=87"},"modified":"2018-07-09T10:51:06","modified_gmt":"2018-07-09T08:51:06","slug":"rada-wydzialu","status":"publish","type":"page","link":"https:\/\/physics.uwb.edu.pl\/wf\/?page_id=87","title":{"rendered":"Rada Wydzia\u0142u"},"content":{"rendered":"<p><strong>\n<!-- Page-list plugin v.5.9 wordpress.org\/plugins\/page-list\/ -->\n<div class=\"page-list page-list-ext \">\n<div class=\"page-list-ext-item\"><div class=\"page-list-ext-image\"><a href=\"https:\/\/physics.uwb.edu.pl\/wf\/?page_id=89\" title=\"Sk\u0142ad Rady Wydzia\u0142u Fizyki\"><img decoding=\"async\" src=\"https:\/\/physics.uwb.edu.pl\/wf\/wp-content\/uploads\/2016\/03\/rada-wydzialu-01-red-150x150.jpg\" width=\"150\" alt=\"Sk\u0142ad Rady Wydzia\u0142u Fizyki\" \/><\/a><\/div> <h3 class=\"page-list-ext-title\"><a href=\"https:\/\/physics.uwb.edu.pl\/wf\/?page_id=89\" title=\"Sk\u0142ad Rady Wydzia\u0142u Fizyki\">Sk\u0142ad Rady Wydzia\u0142u Fizyki<\/a><\/h3><\/div>\n<div class=\"page-list-ext-item\"><div class=\"page-list-ext-image\"><a href=\"https:\/\/physics.uwb.edu.pl\/wf\/?page_id=91\" title=\"Posiedzenia Rady Wydzia\u0142u Fizyki\"><img decoding=\"async\" src=\"https:\/\/physics.uwb.edu.pl\/wf\/wp-content\/uploads\/2016\/03\/rada-wydzialu-01-green-150x150.jpg\" width=\"150\" alt=\"Posiedzenia Rady Wydzia\u0142u Fizyki\" \/><\/a><\/div> <h3 class=\"page-list-ext-title\"><a href=\"https:\/\/physics.uwb.edu.pl\/wf\/?page_id=91\" title=\"Posiedzenia Rady Wydzia\u0142u Fizyki\">Posiedzenia Rady Wydzia\u0142u Fizyki<\/a><\/h3><\/div>\n<div class=\"page-list-ext-item\"><div class=\"page-list-ext-image\"><a href=\"https:\/\/physics.uwb.edu.pl\/wf\/?page_id=686\" title=\"Archiwalia\"><img decoding=\"async\" src=\"https:\/\/physics.uwb.edu.pl\/wf\/wp-content\/uploads\/2016\/03\/rada-wydzialu-01-blue-150x150.jpg\" width=\"150\" alt=\"Archiwalia\" \/><\/a><\/div> <h3 class=\"page-list-ext-title\"><a href=\"https:\/\/physics.uwb.edu.pl\/wf\/?page_id=686\" title=\"Archiwalia\">Archiwalia<\/a><\/h3><\/div>\n<div class=\"page-list-ext-item\"><div class=\"page-list-ext-image\"><a href=\"https:\/\/physics.uwb.edu.pl\/wf\/?page_id=8117\" title=\"Uchwa\u0142y i zarz\u0105dzenia Rady Wydzia\u0142u\"><img decoding=\"async\" src=\"https:\/\/physics.uwb.edu.pl\/wf\/wp-content\/uploads\/2018\/07\/rada-wydzialu-01-150x150.jpg\" width=\"150\" alt=\"Uchwa\u0142y i zarz\u0105dzenia Rady Wydzia\u0142u\" \/><\/a><\/div> <h3 class=\"page-list-ext-title\"><a href=\"https:\/\/physics.uwb.edu.pl\/wf\/?page_id=8117\" title=\"Uchwa\u0142y i zarz\u0105dzenia Rady Wydzia\u0142u\">Uchwa\u0142y i zarz\u0105dzenia Rady Wydzia\u0142u<\/a><\/h3><\/div>\n\n<\/div><\/strong><\/p>\n","protected":false},"excerpt":{"rendered":"","protected":false},"author":2,"featured_media":105,"parent":66,"menu_order":30,"comment_status":"closed","ping_status":"closed","template":"","meta":{"ngg_post_thumbnail":0,"Layout":"","footnotes":""},"categories":[3],"tags":[],"class_list":["entry","author-dobrog","post-87","page","type-page","status-publish","has-post-thumbnail","category-wydzialowe_pl"],"jetpack_sharing_enabled":true,"jetpack_shortlink":"https:\/\/wp.me\/P7nvcn-1p","_links":{"self":[{"href":"https:\/\/physics.uwb.edu.pl\/wf\/index.php?rest_route=\/wp\/v2\/pages\/87","targetHints":{"allow":["GET"]}}],"collection":[{"href":"https:\/\/physics.uwb.edu.pl\/wf\/index.php?rest_route=\/wp\/v2\/pages"}],"about":[{"href":"https:\/\/physics.uwb.edu.pl\/wf\/index.php?rest_route=\/wp\/v2\/types\/page"}],"author":[{"embeddable":true,"href":"https:\/\/physics.uwb.edu.pl\/wf\/index.php?rest_route=\/wp\/v2\/users\/2"}],"replies":[{"embeddable":true,"href":"https:\/\/physics.uwb.edu.pl\/wf\/index.php?rest_route=%2Fwp%2Fv2%2Fcomments&post=87"}],"version-history":[{"count":9,"href":"https:\/\/physics.uwb.edu.pl\/wf\/index.php?rest_route=\/wp\/v2\/pages\/87\/revisions"}],"predecessor-version":[{"id":8120,"href":"https:\/\/physics.uwb.edu.pl\/wf\/index.php?rest_route=\/wp\/v2\/pages\/87\/revisions\/8120"}],"up":[{"embeddable":true,"href":"https:\/\/physics.uwb.edu.pl\/wf\/index.php?rest_route=\/wp\/v2\/pages\/66"}],"wp:featuredmedia":[{"embeddable":true,"href":"https:\/\/physics.uwb.edu.pl\/wf\/index.php?rest_route=\/wp\/v2\/media\/105"}],"wp:attachment":[{"href":"https:\/\/physics.uwb.edu.pl\/wf\/index.php?rest_route=%2Fwp%2Fv2%2Fmedia&parent=87"}],"wp:term":[{"taxonomy":"category","embeddable":true,"href":"https:\/\/physics.uwb.edu.pl\/wf\/index.php?rest_route=%2Fwp%2Fv2%2Fcategories&post=87"},{"taxonomy":"post_tag","embeddable":true,"href":"https:\/\/physics.uwb.edu.pl\/wf\/index.php?rest_route=%2Fwp%2Fv2%2Ftags&post=87"}],"curies":[{"name":"wp","href":"https:\/\/api.w.org\/{rel}","templated":true}]}}