{"id":8808,"date":"2018-12-03T09:22:20","date_gmt":"2018-12-03T08:22:20","guid":{"rendered":"http:\/\/physics.uwb.edu.pl\/wf\/?page_id=8808"},"modified":"2018-12-03T09:22:20","modified_gmt":"2018-12-03T08:22:20","slug":"wyklad-ptf-promieniowanie-jonizujace-jest-cool-2-3-2-2-2-2-2","status":"publish","type":"page","link":"https:\/\/physics.uwb.edu.pl\/wf\/?page_id=8808","title":{"rendered":"Wyk\u0142ady PTF: NanoLego &#8211; niezwyk\u0142e w\u0142a\u015bciwo\u015bci struktur z pojedynczych warstw atomowych"},"content":{"rendered":"<p><em><strong>Wyk\u0142ady PTF o\/Bia\u0142ystok &#8211; zapowiedzi<\/strong><\/em><\/p>\n<p style=\"text-align: center\">W sobot\u0119 8 grudnia 2018 roku o godz. 11.00<\/p>\n<p style=\"text-align: center\">w sali 2011 Wydzia\u0142u Fizyki przy ul. Konstantego Cio\u0142kowskiego 1L<\/p>\n<p style=\"text-align: center\"><strong>prof. dr hab. Andrzej Wysmo\u0142ek<\/strong><\/p>\n<p style=\"text-align: center\"><em>z Wydzia\u0142u Fizyki Uniwersytetu Warszawskiego<\/em><\/p>\n<p style=\"text-align: center\">wyg\u0142osi wyk\u0142ad pt.<\/p>\n<p style=\"text-align: center\"><strong>NanoLego &#8211; niezwyk\u0142e w\u0142a\u015bciwo\u015bci struktur z pojedynczych warstw atomowych<\/strong><\/p>\n<p><strong>\u00a0<\/strong><\/p>\n<p>Uzyskanie grafenu z wykorzystaniem ta\u015bmy klej\u0105cej, pozwoli\u0142o przesz\u0142ym laureatom nagrody Nobla pokaza\u0107 jak interesuj\u0105ce w\u0142a\u015bciwo\u015bci ma ta pojedyncza warstwa w\u0119glowa. R\u00f3wnie wa\u017cne jest jednak to, \u017ce zainteresowania grafenem otworzy\u0142o zupe\u0142nie nowy obszar bada\u0144 zwi\u0105zany z innymi kryszta\u0142ami dwuwymiarowymi, takimi jak np. MoS<sub>2<\/sub> (disiarczek molibdenu), kt\u00f3ry dotychczas by\u0142 wykorzystywany jako smar odporny na wysok\u0105 temperatur\u0119! Du\u017ca cze\u015b\u0107 tych nowych materia\u0142\u00f3w to p\u00f3\u0142przewodniki i izolatory, kt\u00f3re wsp\u00f3lnie z grafenem mo\u017cna uk\u0142ada\u0107 tak jak klocki Lego, uzyskuj\u0105c struktury kwantowe o niezwyk\u0142ych w\u0142a\u015bciwo\u015bciach optycznych i elektrycznych. Otwiera to nowe mo\u017cliwo\u015bci dla nanotechnologii \u2013 w szczeg\u00f3lno\u015bci w dziedzinie elastycznej elektroniki, baterii s\u0142onecznych oraz wielu innych zastosowa\u0144, kt\u00f3re postaram si\u0119 przedstawi\u0107. Wyk\u0142ad b\u0119dzie ilustrowany pokazami.<\/p>\n<p><em>Prof. Andrzej Wysmo\u0142ek \u2013 jest specjalist\u0105 w zakresie bada\u0144 w\u0142a\u015bciwo\u015bci optycznych p\u00f3\u0142przewodnik\u00f3w oraz nanostruktur p\u00f3\u0142przewodnikowych. Aktualnie zajmuje uk\u0142adami hybrydowymi grafenu z dichalkogenkami metali przej\u015bciowych oraz heksagonalnym azotkiem boru. Wa\u017cn\u0105 cz\u0119\u015bci\u0105 jego pracy i r\u00f3wnocze\u015bnie hobby, jest popularyzacja fizyki, za co w 2014 roku otrzyma\u0142 Nagrod\u0119 m. st. Warszawy. \u00a0<\/em><\/p>\n<p>Wszystkie osoby zainteresowane serdecznie zapraszamy!<br \/>\nZarz\u0105d OB PTF<\/p>\n","protected":false},"excerpt":{"rendered":"<p>Wyk\u0142ady PTF o\/Bia\u0142ystok &#8211; zapowiedzi W sobot\u0119 8 grudnia 2018 roku o godz. 11.00 w sali 2011 Wydzia\u0142u Fizyki przy ul. Konstantego Cio\u0142kowskiego 1L prof. dr hab. Andrzej Wysmo\u0142ek z <a href=\"https:\/\/physics.uwb.edu.pl\/wf\/?page_id=8808\" class=\"more-link\">[&hellip;]<\/a><\/p>\n","protected":false},"author":10,"featured_media":1879,"parent":789,"menu_order":0,"comment_status":"closed","ping_status":"closed","template":"","meta":{"ngg_post_thumbnail":0,"Layout":"","footnotes":""},"categories":[40],"tags":[],"class_list":["entry","author-pzaleski","post-8808","page","type-page","status-publish","has-post-thumbnail","category-ptf_wyklad"],"jetpack_sharing_enabled":true,"jetpack_shortlink":"https:\/\/wp.me\/P7nvcn-2i4","_links":{"self":[{"href":"https:\/\/physics.uwb.edu.pl\/wf\/index.php?rest_route=\/wp\/v2\/pages\/8808","targetHints":{"allow":["GET"]}}],"collection":[{"href":"https:\/\/physics.uwb.edu.pl\/wf\/index.php?rest_route=\/wp\/v2\/pages"}],"about":[{"href":"https:\/\/physics.uwb.edu.pl\/wf\/index.php?rest_route=\/wp\/v2\/types\/page"}],"author":[{"embeddable":true,"href":"https:\/\/physics.uwb.edu.pl\/wf\/index.php?rest_route=\/wp\/v2\/users\/10"}],"replies":[{"embeddable":true,"href":"https:\/\/physics.uwb.edu.pl\/wf\/index.php?rest_route=%2Fwp%2Fv2%2Fcomments&post=8808"}],"version-history":[{"count":1,"href":"https:\/\/physics.uwb.edu.pl\/wf\/index.php?rest_route=\/wp\/v2\/pages\/8808\/revisions"}],"predecessor-version":[{"id":8809,"href":"https:\/\/physics.uwb.edu.pl\/wf\/index.php?rest_route=\/wp\/v2\/pages\/8808\/revisions\/8809"}],"up":[{"embeddable":true,"href":"https:\/\/physics.uwb.edu.pl\/wf\/index.php?rest_route=\/wp\/v2\/pages\/789"}],"wp:featuredmedia":[{"embeddable":true,"href":"https:\/\/physics.uwb.edu.pl\/wf\/index.php?rest_route=\/wp\/v2\/media\/1879"}],"wp:attachment":[{"href":"https:\/\/physics.uwb.edu.pl\/wf\/index.php?rest_route=%2Fwp%2Fv2%2Fmedia&parent=8808"}],"wp:term":[{"taxonomy":"category","embeddable":true,"href":"https:\/\/physics.uwb.edu.pl\/wf\/index.php?rest_route=%2Fwp%2Fv2%2Fcategories&post=8808"},{"taxonomy":"post_tag","embeddable":true,"href":"https:\/\/physics.uwb.edu.pl\/wf\/index.php?rest_route=%2Fwp%2Fv2%2Ftags&post=8808"}],"curies":[{"name":"wp","href":"https:\/\/api.w.org\/{rel}","templated":true}]}}