{"id":8815,"date":"2018-12-04T14:10:28","date_gmt":"2018-12-04T13:10:28","guid":{"rendered":"http:\/\/physics.uwb.edu.pl\/wf\/?page_id=8815"},"modified":"2021-03-05T11:56:41","modified_gmt":"2021-03-05T10:56:41","slug":"dokumenty-dla-studentow-2","status":"publish","type":"page","link":"https:\/\/physics.uwb.edu.pl\/wf\/?page_id=8815","title":{"rendered":"Zasady przygotowania prac dyplomowych"},"content":{"rendered":"<p><strong>Zasady przygotowania prac dyplomowych <\/strong><strong>na Wydziale Fizyki UwB<\/strong><\/p>\n<p><strong>Podstawa prawna procedury<\/strong><\/p>\n<ul>\n<li>Regulamin Studi\u00f3w Uniwersytetu w Bia\u0142ymstoku (Uchwa\u0142a nr 2527 Senatu Uniwersytetu w Bia\u0142ymstoku z dnia 26 czerwca 2019),<\/li>\n<li>Zarz\u0105dzenie nr 2 Rektora Uniwersytetu w Bia\u0142ymstoku z dnia 30 stycznia 2019 r. w sprawie elektronicznego archiwizowania prac dyplomowych, Zarz\u0105dzenie nr 43 Rektora Uniwersytetu w Bia\u0142ymstoku z dnia 4 czerwca 2020,<\/li>\n<li>Zarz\u0105dzenie nr 3 Rektora Uniwersytetu w Bia\u0142ymstoku z 30 stycznia 2019 r. w sprawie zasad weryfikacji pisemnych prac dyplomowych w ramach obowi\u0105zuj\u0105cych w Uniwersytecie w Bia\u0142ymstoku procedur antyplagiatowych, Zarz\u0105dzenie nr 38 Rektora Uniwersytetu w Bia\u0142ymstoku z dnia 2 czerwca 2020 i&nbsp; Zarz\u0105dzenie nr 51 Rektora Uniwersytetu w Bia\u0142ymstoku z dnia 18 czerwca 2020,<\/li>\n<li><a href=\"https:\/\/physics.uwb.edu.pl\/wf\/?attachment_id=11884\">Uchwa\u0142a nr 218 Rady Wydzia\u0142u Fizyki z dnia 22 lutego 2021 r. (+za\u0142\u0105cznik nr1)<\/a><\/li>\n<\/ul>\n<p><strong>Zakres procedury<\/strong><\/p>\n<p>Procedura dotyczy student\u00f3w studi\u00f3w stacjonarnych pierwszego oraz drugiego stopnia na kierunku fizyka.<\/p>\n<p><strong>Cel procedury<\/strong><\/p>\n<p>Celem procedury jest okre\u015blenie warunk\u00f3w, trybu i sposobu przygotowania pracy dyplomowej oraz wa\u017cnych termin\u00f3w realizacji przez studenta, promotora, recenzenta i dziekana r\u00f3\u017cnych zada\u0144 w procesie przygotowywania i obrony pracy dyplomowej.<\/p>\n<p><strong>Osoby odpowiedzialne za realizacj\u0119 procedury<\/strong><\/p>\n<ul>\n<li>pracownicy dziekanatu,<\/li>\n<li>studenci studi\u00f3w stacjonarnych I i II stopnia,<\/li>\n<li>nauczyciele akademiccy \u2013 promotorzy, recenzenci,<\/li>\n<li>prodziekan WFiz ds. studenckich, dziekan.<\/li>\n<\/ul>\n<p><strong>Postanowienia og\u00f3lne<\/strong><\/p>\n<ol>\n<li>Warunkiem uko\u0144czenia studi\u00f3w<strong> I stopnia<\/strong> i uzyskania tytu\u0142u zawodowego licencjata jest spe\u0142nienie wszystkich wymog\u00f3w przewidzianych programem studi\u00f3w, przygotowanie pracy dyplomowej (licencjackiej), oraz zdanie egzaminu dyplomowego (licencjackiego).<\/li>\n<li>Warunkiem uko\u0144czenia studi\u00f3w<strong> II stopnia<\/strong> i uzyskania tytu\u0142u zawodowego magistra jest spe\u0142nienie wszystkich wymog\u00f3w przewidzianych programem studi\u00f3w, przygotowanie pracy dyplomowej (magisterskiej) oraz zdanie egzaminu dyplomowego (magisterskiego).<\/li>\n<li>Dat\u0105 uko\u0144czenia studi\u00f3w jest data z\u0142o\u017cenia egzaminu dyplomowego.<\/li>\n<li>Praca dyplomowa musi by\u0107 przygotowana samodzielnie przez studenta.<\/li>\n<li>Praca dyplomowa powinna by\u0107 z\u0142o\u017cona najp\u00f3\u017aniej <strong>do ko\u0144ca sesji g\u0142\u00f3wnej<\/strong>. Dziekan mo\u017ce na pisemn\u0105 pro\u015bb\u0119 studenta przed\u0142u\u017cy\u0107 termin z\u0142o\u017cenia pracy dyplomowej <strong>do ko\u0144ca sesji poprawkowej<\/strong>.<\/li>\n<li>W przypadku niez\u0142o\u017cenia w terminie pracy dyplomowej Dziekan <strong>skre\u015bla<\/strong> studenta z listy student\u00f3w.<\/li>\n<li>Prace dyplomowe student\u00f3w s\u0105 archiwizowane w wersji elektronicznej w systemie Archiwum Prac Dyplomowych (APD).<\/li>\n<\/ol>\n<p><strong>Wyb\u00f3r tematu pracy, zasady wyboru promotora oraz recenzenta<\/strong><\/p>\n<ol>\n<li>Nauczyciele akademiccy zg\u0142aszaj\u0105 do 1 maja poprzedzaj\u0105cego roku akademickiego (do dziekanatu) proponowan\u0105 problematyk\u0119 seminarium licencjackiego lub magisterskiego, z kt\u00f3rej powinny wynika\u0107 g\u0142\u00f3wne obszary bada\u0144. Proponowany temat pracy powinien uwzgl\u0119dnia\u0107 specyfik\u0119 specjalno\u015bci obranej przez studenta.<\/li>\n<li>Tematyka prac dyplomowych powinna zapewnia\u0107 osi\u0105gni\u0119cie efekt\u00f3w uczenia si\u0119 przyj\u0119tych dla kierunku studi\u00f3w, w tym w szczeg\u00f3lno\u015bci w przypadku studi\u00f3w I stopnia \u2013 co najmniej przygotowanie do prowadzenia bada\u0144, za\u015b w przypadku studi\u00f3w II stopnia \u2013 udzia\u0142 w badaniach.<\/li>\n<li>Sugerowana problematyka prac dyplomowych i lista promotor\u00f3w powinna by\u0107 udost\u0119pniona na stronie internetowej Wydzia\u0142u Fizyki UwB i\/lub na tablicy informacyjnej do ko\u0144ca maja poprzedzaj\u0105cego roku akademickiego, w kt\u00f3rym b\u0119d\u0105 wykonywane prace dyplomowe.<\/li>\n<li>Student ma prawo do wyboru problematyki pracy i uprawnionego nauczyciela akademickiego \u2013 promotora, pod kierunkiem kt\u00f3rego b\u0119dzie wykonywa\u0142 prac\u0119 dyplomow\u0105. Student mo\u017ce zaproponowa\u0107 tematyk\u0119 np. opracowywan\u0105 przez siebie w ramach studenckiego ruchu naukowego oraz zaakceptowan\u0105 przez promotora.<\/li>\n<li>Ostateczny temat pracy dyplomowej powinien by\u0107 ustalony wsp\u00f3lnie przez promotora i studenta. Zatwierdzenie tematu pracy dyplomowej przez rad\u0119 Wydzia\u0142u Fizyki UwB powinno nast\u0105pi\u0107 nie p\u00f3\u017aniej ni\u017c z dniem rozpocz\u0119cia ostatniego semestru danego cyklu kszta\u0142cenia.<\/li>\n<li>Prac\u0119 dyplomow\u0105 student przygotowuje pod kierunkiem uprawnionego nauczyciela akademickiego \u2013 promotora. Promotorem mo\u017ce by\u0107 osoba posiadaj\u0105ca tytu\u0142 naukowy profesora, stopie\u0144 naukowy doktora habilitowanego lub uprawnienia r\u00f3wnowa\u017cne z uprawnieniami doktora habilitowanego. Promotorem mo\u017ce by\u0107 osoba posiadaj\u0105ca stopie\u0144 naukowy doktora lub tytu\u0142 zawodowy magistra. W obu przypadkach Rada Wydzia\u0142u musi upowa\u017cni\u0107 na czas okre\u015blony te osoby do pe\u0142nienia funkcji promotora. Rada Wydzia\u0142u przyjmuje zasad\u0119, \u017ce promotorem pracy licencjackiej jest osoba posiadaj\u0105ca co najmniej tytu\u0142 zawodowy magistra, a pracy magisterskiej osoba posiadaj\u0105ca co najmniej stopie\u0144 naukowy doktora.&nbsp;<\/li>\n<li>Praca dyplomowa mo\u017ce by\u0107 tak\u017ce przygotowana pod kierunkiem promotora zewn\u0119trznego, nieb\u0119d\u0105cego pracownikiem Uniwersytetu w Bia\u0142ymstoku w uzasadnionych przypadkach wsp\u00f3\u0142pracy naukowej.<\/li>\n<li>Recenzenta wyznacza dziekan. Recenzentem pracy powinien by\u0107 samodzielny pracownik naukowy lub wskazany przez kierownika katedry lub zak\u0142adu nauczyciel ze stopniem naukowym doktora.<\/li>\n<li>Dobr\u0105 praktyk\u0105 jest to, aby w przypadku, gdy promotorem pracy dyplomowej jest pracownik ze stopniem naukowym doktora czy tytu\u0142em zawodowym magistra, recenzentem pracy zosta\u0142 pracownik z tytu\u0142em naukowym profesora czy stopniem naukowym doktora habilitowanego.<\/li>\n<li>Praca dyplomowa mo\u017ce by\u0107 przygotowana w j\u0119zyku obcym. Dziekan mo\u017ce wyrazi\u0107 zgod\u0119 na przygotowanie pracy dyplomowej w j\u0119zyku obcym na wniosek studenta pozytywnie zaopiniowany przez promotora. Student zobowi\u0105zany jest przed\u0142o\u017cy\u0107 streszczenie pracy w t\u0142umaczeniu na j\u0119zyk polski.<\/li>\n<\/ol>\n<p><strong>Przygotowanie pracy dyplomowej do obrony \u2013 zadania student\u00f3w<\/strong><\/p>\n<p>Student, kt\u00f3rego dane dotycz\u0105ce pracy dyplomowej zosta\u0142y wprowadzone do systemu USOS przez pracownika dziekanatu, przed przyst\u0105pieniem do egzaminu dyplomowego zobowi\u0105zany<br \/>\njest do wykonania nast\u0119puj\u0105cych czynno\u015bci:<\/p>\n<ol>\n<li>Spe\u0142nienia wszystkich wymog\u00f3w przewidzianych programem studi\u00f3w (m.in. zdania wszystkich wymaganych egzamin\u00f3w i zalicze\u0144 przedmiot\u00f3w).<\/li>\n<li>Podania lub uaktualnienia w dziekanacie danych kontaktowych, a w szczeg\u00f3lno\u015bci adresu e-mail.<\/li>\n<li>Przekazania promotorowi elektronicznej wersji pracy w formacie pdf do wst\u0119pnego sprawdzenia w systemie JSA.<\/li>\n<li>Wyboru w APD j\u0119zyka pracy.<\/li>\n<li>Wype\u0142nienia w APD formularza zawieraj\u0105cego szczeg\u00f3\u0142owe dane dotycz\u0105ce pracy dyplomowej: tematu pracy, s\u0142\u00f3w kluczowych i streszczenia pracy \u2013 po uprzednim<br \/>\nuzgodnieniu tre\u015bci tych danych z promotorem.<\/li>\n<li>Wprowadzenia do APD ostatecznej wersji pracy dyplomowej (jeden egzemplarz pracy w formacie pdf \u2013 rodzaj za\u0142\u0105cznika \u201epraca\u201d, drugi w postaci pliku edytowalnego \u2013 rodzaj za\u0142\u0105cznika \u201einny\u201d) wraz z ewentualnymi za\u0142\u0105cznikami umieszczonymi w archiwum zip (w formacie zip) \u2013 rodzaj za\u0142\u0105cznika \u201einny\u201d.<\/li>\n<li>Wprowadzenie do APD skanu podpisanego o\u015bwiadczenia \u2013 rodzaj za\u0142\u0105cznika \u201eo\u015bwiadczenie\u201d.<\/li>\n<li>Z\u0142o\u017cenia w dziekanacie, w terminie co najmniej 7 dni przed planowanym terminem obrony, kompletu dokument\u00f3w wymaganych do przyst\u0105pienia do egzaminu<br \/>\ndyplomowego. Warunkiem z\u0142o\u017cenia poni\u017cszych dokument\u00f3w jest osi\u0105gni\u0119cie 5 etapu statusu pracy dyplomowej w systemie APD.<\/li>\n<li>Student sk\u0142ada do dziekanatu:\n<ul>\n<li>podpisany orygina\u0142 o\u015bwiadczenia<\/li>\n<li>podpisany orygina\u0142 o\u015bwiadczenia antyplagiatowego;<\/li>\n<li>informacje do suplementu dyplomu uko\u0144czenia studi\u00f3w o: przynale\u017cno\u015bci do k\u00f3\u0142 naukowych, dzia\u0142alno\u015bci naukowej, dzia\u0142alno\u015bci w organizacjach studenckich (rada samorz\u0105du, komisje, przedstawiciel w Senacie, Parlamencie, itp.), przedmiotach dodatkowych realizowanych w ramach programu Erasmus+, MOST, przedmiotach mi\u0119dzywydzia\u0142owych i og\u00f3lnouczelnianych;<\/li>\n<li>kart\u0119 obiegow\u0105 (wersja elektroniczna);<\/li>\n<li>po\u015bwiadczenie dokonania op\u0142aty za wydanie dyplomu. Op\u0142ata p\u0142atna jest na konto podane w systemie USOSweb (zak\u0142adka p\u0142atno\u015bci, nale\u017cno\u015bci nierozliczone, rodzaj op\u0142aty \u2013 inne \u2013 za wydanie dyplomu uko\u0144czenia studi\u00f3w). Na pisemny wniosek student mo\u017ce otrzyma\u0107 r\u00f3wnie\u017c dyplom w j\u0119zyku angielskim (p\u0142atny dodatkowo).&nbsp;<\/li>\n<\/ul>\n<\/li>\n<\/ol>\n<p>Dziekanat przyjmuje <strong>tylko komplet dokument\u00f3w<\/strong>.<\/p>\n<p><strong>Egzamin dyplomowy<\/strong><\/p>\n<ol>\n<li>Warunkiem dopuszczenia studenta do egzaminu dyplomowego jest:\n<ul>\n<li>spe\u0142nienie wszystkich wymog\u00f3w przewidzianych programem studi\u00f3w<\/li>\n<li>uzyskanie pozytywnej oceny pracy dyplomowej.<\/li>\n<\/ul>\n<\/li>\n<li>Praca dyplomowa uzyskuje ocen\u0119 liczon\u0105 odpowiednio jako \u015brednia arytmetyczna ocen promotora\/promotor\u00f3w i recenzenta.<\/li>\n<\/ol>\n<ol>\n<li>Egzamin dyplomowy odbywa si\u0119 przed komisj\u0105 egzaminacyjn\u0105 powo\u0142an\u0105 przez dziekana. W sk\u0142ad komisji wchodz\u0105:\n<ul>\n<li>przewodnicz\u0105cy \u2013 dziekan lub prodziekan lub wyznaczony przez dziekana nauczyciel akademicki posiadaj\u0105cy co najmniej stopie\u0144 naukowy doktora habilitowanego w przypadku egzaminu magisterskiego lub stopie\u0144 naukowy doktora w przypadku egzaminu licencjackiego,<\/li>\n<li>promotor,<\/li>\n<li>recenzent.<\/li>\n<\/ul>\n<\/li>\n<li>Decyzj\u0105 dziekana komisja egzaminacyjna mo\u017ce by\u0107 rozszerzona przez w\u0142\u0105czenie do jej sk\u0142adu promotora zewn\u0119trznego i\/lub opiekuna pracy (dodatkow\u0105 osob\u0119 pod kierunkiem kt\u00f3rej s\u0105 wykonywane badania laboratoryjne).&nbsp;<\/li>\n<li><a href=\"https:\/\/physics.uwb.edu.pl\/wf\/?attachment_id=11884\"><strong>Szczeg\u00f3\u0142owe zasady egzaminu dyplomowego<\/strong> reguluje Uchwa\u0142a 218 Rady Wydzia\u0142u z dnia 22 lutego 2021 (wraz z za\u0142\u0105cznikiem nr1).<\/a><\/li>\n<li>Dziekan, na pisemny wniosek studenta lub promotora, mo\u017ce wyrazi\u0107 zgod\u0119 na otwarty egzamin dyplomowy. Wniosek powinien by\u0107 z\u0142o\u017cony przez studenta wraz z prac\u0105 dyplomow\u0105.<\/li>\n<li>Uczestnicy egzaminu otwartego nieb\u0119d\u0105cy cz\u0142onkami komisji egzaminacyjnej nie mog\u0105 zadawa\u0107 pyta\u0144 dyplomantowi oraz uczestniczy\u0107 w obradach w cz\u0119\u015bci niejawnej oceniaj\u0105cej egzamin, mog\u0105 bra\u0107 udzia\u0142 w dyskusji zwi\u0105zanej z tematem pracy.<\/li>\n<li>W przypadku uzyskania z egzaminu dyplomowego oceny niedostatecznej (2.0) lub nieusprawiedliwionego nieprzyst\u0105pienia do egzaminu dyplomowego dziekan wyznacza drugi termin jako ostateczny.<\/li>\n<li>W przypadku uzyskania oceny niedostatecznej lub nieusprawiedliwionego nieprzyst\u0105pienia do egzaminu dyplomowego w drugim terminie student zostaje skre\u015blony z listy student\u00f3w.<\/li>\n<li>Student skre\u015blony z listy student\u00f3w w przypadku uzyskania zgody na wznowienie studi\u00f3w jest zobowi\u0105zany do powt\u00f3rzenia seminarium dyplomowego\/pracowni dyplomowej.<\/li>\n<li>Podstaw\u0105 obliczenia <strong>ostatecznego wyniku studi\u00f3w<\/strong> s\u0105:\n<ul>\n<li>\u015brednia arytmetyczna ocen ze studi\u00f3w,<\/li>\n<li>ocena pracy dyplomowej,<\/li>\n<li>ocena egzaminu dyplomowego.<\/li>\n<\/ul>\n<\/li>\n<li>Ostateczny wynik studi\u00f3w stanowi sum\u0119<strong> 0,7<\/strong> \u015bredniej ocen ze studi\u00f3w,<strong> 0,2<\/strong> oceny pracy dyplomowej i <strong>0,1<\/strong> oceny egzaminu dyplomowego.<\/li>\n<li>Komisja egzaminacyjna mo\u017ce podwy\u017cszy\u0107 ocen\u0119 o p\u00f3\u0142 stopnia (0,5), je\u017celi student uzyska\u0142 z pracy dyplomowej <strong>i<\/strong> egzaminu dyplomowego oceny bardzo dobre.<\/li>\n<li>Rada Wydzia\u0142u na wniosek komisji egzaminacyjnej przeprowadzaj\u0105cej egzamin dyplomowy mo\u017ce przyzna\u0107 absolwentowi dyplom honorowy, gdy spe\u0142nia \u0142\u0105cznie nast\u0119puj\u0105ce warunki:\n<ul>\n<li>uzyska\u0142 z egzamin\u00f3w i zalicze\u0144 przedmiot\u00f3w obj\u0119tych planem studi\u00f3w \u015bredni\u0105 ocen, nie ni\u017csz\u0105 ni\u017c 4,75,<\/li>\n<li>uzyska\u0142 z pracy dyplomowej i egzaminu dyplomowego oceny bardzo dobre,<\/li>\n<li>nie by\u0142 karany dyscyplinarnie.<\/li>\n<\/ul>\n<\/li>\n<\/ol>\n","protected":false},"excerpt":{"rendered":"<p>Zasady przygotowania prac dyplomowych na Wydziale Fizyki UwB Podstawa prawna procedury Regulamin Studi\u00f3w Uniwersytetu w Bia\u0142ymstoku (Uchwa\u0142a nr 2527 Senatu Uniwersytetu w Bia\u0142ymstoku z dnia 26 czerwca 2019), Zarz\u0105dzenie nr <a href=\"https:\/\/physics.uwb.edu.pl\/wf\/?page_id=8815\" class=\"more-link\">[&hellip;]<\/a><\/p>\n","protected":false},"author":14,"featured_media":8894,"parent":38,"menu_order":1,"comment_status":"closed","ping_status":"closed","template":"","meta":{"ngg_post_thumbnail":0,"Layout":"1c","footnotes":""},"categories":[23],"tags":[],"class_list":["entry","author-ulag","post-8815","page","type-page","status-publish","has-post-thumbnail","category-student_pl"],"jetpack_sharing_enabled":true,"jetpack_shortlink":"https:\/\/wp.me\/P7nvcn-2ib","_links":{"self":[{"href":"https:\/\/physics.uwb.edu.pl\/wf\/index.php?rest_route=\/wp\/v2\/pages\/8815","targetHints":{"allow":["GET"]}}],"collection":[{"href":"https:\/\/physics.uwb.edu.pl\/wf\/index.php?rest_route=\/wp\/v2\/pages"}],"about":[{"href":"https:\/\/physics.uwb.edu.pl\/wf\/index.php?rest_route=\/wp\/v2\/types\/page"}],"author":[{"embeddable":true,"href":"https:\/\/physics.uwb.edu.pl\/wf\/index.php?rest_route=\/wp\/v2\/users\/14"}],"replies":[{"embeddable":true,"href":"https:\/\/physics.uwb.edu.pl\/wf\/index.php?rest_route=%2Fwp%2Fv2%2Fcomments&post=8815"}],"version-history":[{"count":86,"href":"https:\/\/physics.uwb.edu.pl\/wf\/index.php?rest_route=\/wp\/v2\/pages\/8815\/revisions"}],"predecessor-version":[{"id":11905,"href":"https:\/\/physics.uwb.edu.pl\/wf\/index.php?rest_route=\/wp\/v2\/pages\/8815\/revisions\/11905"}],"up":[{"embeddable":true,"href":"https:\/\/physics.uwb.edu.pl\/wf\/index.php?rest_route=\/wp\/v2\/pages\/38"}],"wp:featuredmedia":[{"embeddable":true,"href":"https:\/\/physics.uwb.edu.pl\/wf\/index.php?rest_route=\/wp\/v2\/media\/8894"}],"wp:attachment":[{"href":"https:\/\/physics.uwb.edu.pl\/wf\/index.php?rest_route=%2Fwp%2Fv2%2Fmedia&parent=8815"}],"wp:term":[{"taxonomy":"category","embeddable":true,"href":"https:\/\/physics.uwb.edu.pl\/wf\/index.php?rest_route=%2Fwp%2Fv2%2Fcategories&post=8815"},{"taxonomy":"post_tag","embeddable":true,"href":"https:\/\/physics.uwb.edu.pl\/wf\/index.php?rest_route=%2Fwp%2Fv2%2Ftags&post=8815"}],"curies":[{"name":"wp","href":"https:\/\/api.w.org\/{rel}","templated":true}]}}