{"id":8891,"date":"2018-12-05T12:47:21","date_gmt":"2018-12-05T11:47:21","guid":{"rendered":"http:\/\/physics.uwb.edu.pl\/wf\/?page_id=8891"},"modified":"2018-12-05T12:47:21","modified_gmt":"2018-12-05T11:47:21","slug":"ogloszenie-2-2-2-2","status":"publish","type":"page","link":"https:\/\/physics.uwb.edu.pl\/wf\/?page_id=8891","title":{"rendered":"Dlaczego warto ubiega\u0107 si\u0119 o granty NCN?"},"content":{"rendered":"<p>Szanowni Pa\u0144stwo,<\/p>\n<p>Gor\u0105co zapraszam wszystkich, a zw\u0142aszcza osoby sk\u0142adaj\u0105ce\/my\u015bl\u0105ce o sk\u0142adaniu wniosk\u00f3w grantowych do NCN (co powinno dotyczy\u0107 wszystkich pracownik\u00f3w badawczych i badawczo-dydaktycznych), na spotkanie z przewodnicz\u0105cym Rady Narodowego Centrum Nauki, prof. Januszem Janeczkiem, kt\u00f3ry wyg\u0142osi prelekcj\u0119 &#8220;Dlaczego warto ubiega\u0107 si\u0119 o granty NCN?&#8221;<\/p>\n<p>Spotkanie odb\u0119dzie si\u0119 w czwartek <strong>6 grudnia 2018 r.<\/strong> (czyli jutro), <strong>o godz. 12.00 w Instytucie Biologii<\/strong>, w<strong> Auli im. Prof. Aliny Myrchy (sala nr 2003)<\/strong>.<\/p>\n<p>Pozdrawiam,<br \/>\nP.Jaranowski<\/p>\n","protected":false},"excerpt":{"rendered":"<p>Szanowni Pa\u0144stwo, Gor\u0105co zapraszam wszystkich, a zw\u0142aszcza osoby sk\u0142adaj\u0105ce\/my\u015bl\u0105ce o sk\u0142adaniu wniosk\u00f3w grantowych do NCN (co powinno dotyczy\u0107 wszystkich pracownik\u00f3w badawczych i badawczo-dydaktycznych), na spotkanie z przewodnicz\u0105cym Rady Narodowego Centrum <a href=\"https:\/\/physics.uwb.edu.pl\/wf\/?page_id=8891\" class=\"more-link\">[&hellip;]<\/a><\/p>\n","protected":false},"author":14,"featured_media":3376,"parent":713,"menu_order":0,"comment_status":"closed","ping_status":"closed","template":"","meta":{"ngg_post_thumbnail":0,"Layout":"","footnotes":""},"categories":[27,23],"tags":[],"class_list":["entry","author-ulag","post-8891","page","type-page","status-publish","has-post-thumbnail","category-post_news_pl","category-student_pl"],"jetpack_sharing_enabled":true,"jetpack_shortlink":"https:\/\/wp.me\/P7nvcn-2jp","_links":{"self":[{"href":"https:\/\/physics.uwb.edu.pl\/wf\/index.php?rest_route=\/wp\/v2\/pages\/8891","targetHints":{"allow":["GET"]}}],"collection":[{"href":"https:\/\/physics.uwb.edu.pl\/wf\/index.php?rest_route=\/wp\/v2\/pages"}],"about":[{"href":"https:\/\/physics.uwb.edu.pl\/wf\/index.php?rest_route=\/wp\/v2\/types\/page"}],"author":[{"embeddable":true,"href":"https:\/\/physics.uwb.edu.pl\/wf\/index.php?rest_route=\/wp\/v2\/users\/14"}],"replies":[{"embeddable":true,"href":"https:\/\/physics.uwb.edu.pl\/wf\/index.php?rest_route=%2Fwp%2Fv2%2Fcomments&post=8891"}],"version-history":[{"count":1,"href":"https:\/\/physics.uwb.edu.pl\/wf\/index.php?rest_route=\/wp\/v2\/pages\/8891\/revisions"}],"predecessor-version":[{"id":8892,"href":"https:\/\/physics.uwb.edu.pl\/wf\/index.php?rest_route=\/wp\/v2\/pages\/8891\/revisions\/8892"}],"up":[{"embeddable":true,"href":"https:\/\/physics.uwb.edu.pl\/wf\/index.php?rest_route=\/wp\/v2\/pages\/713"}],"wp:featuredmedia":[{"embeddable":true,"href":"https:\/\/physics.uwb.edu.pl\/wf\/index.php?rest_route=\/wp\/v2\/media\/3376"}],"wp:attachment":[{"href":"https:\/\/physics.uwb.edu.pl\/wf\/index.php?rest_route=%2Fwp%2Fv2%2Fmedia&parent=8891"}],"wp:term":[{"taxonomy":"category","embeddable":true,"href":"https:\/\/physics.uwb.edu.pl\/wf\/index.php?rest_route=%2Fwp%2Fv2%2Fcategories&post=8891"},{"taxonomy":"post_tag","embeddable":true,"href":"https:\/\/physics.uwb.edu.pl\/wf\/index.php?rest_route=%2Fwp%2Fv2%2Ftags&post=8891"}],"curies":[{"name":"wp","href":"https:\/\/api.w.org\/{rel}","templated":true}]}}