{"id":8895,"date":"2018-12-05T09:07:35","date_gmt":"2018-12-05T08:07:35","guid":{"rendered":"http:\/\/physics.uwb.edu.pl\/wf\/?page_id=8895"},"modified":"2018-12-14T18:17:28","modified_gmt":"2018-12-14T17:17:28","slug":"ogloszenie-2-2-2-2-2","status":"publish","type":"page","link":"https:\/\/physics.uwb.edu.pl\/wf\/?page_id=8895","title":{"rendered":"Uwaga studenci! We wtorek 11.12 godzina dzieka\u0144ska i spotkanie z PKA w auli"},"content":{"rendered":"<p style=\"text-align: justify\">Bardzo prosimy wszystkich student\u00f3w (nawet tych kt\u00f3rzy nie maj\u0105 zaj\u0119\u0107) o przybycie i uczestnictwo w spotkaniu. Spotkanie PKA ma na celu wypytanie si\u0119 o jako\u015b\u0107 uczenia si\u0119 (bol\u0105czki, sugestie) na Wydziale i Uniwersytecie. Jest to audyt Wydzia\u0142u. Uwagi zostan\u0105 przekazane odpowiednim w\u0142adzom. W spotkaniu nie b\u0119d\u0105 uczestniczyli pracownicy UwB.<\/p>\n<p>[mla_gallery size=full ids=&#8221;8896&#8243; post_mime_type=application\/pdf post_parent=all link=file mla_viewer=true columns=1 mla_rollover_text='{+description+}&#8217; ]<\/p>\n","protected":false},"excerpt":{"rendered":"<p>Bardzo prosimy wszystkich student\u00f3w (nawet tych kt\u00f3rzy nie maj\u0105 zaj\u0119\u0107) o przybycie i uczestnictwo w spotkaniu. Spotkanie PKA ma na celu wypytanie si\u0119 o jako\u015b\u0107 uczenia si\u0119 (bol\u0105czki, sugestie) na <a href=\"https:\/\/physics.uwb.edu.pl\/wf\/?page_id=8895\" class=\"more-link\">[&hellip;]<\/a><\/p>\n","protected":false},"author":14,"featured_media":3376,"parent":713,"menu_order":0,"comment_status":"closed","ping_status":"closed","template":"","meta":{"ngg_post_thumbnail":0,"Layout":"","footnotes":""},"categories":[27,23],"tags":[],"class_list":["entry","author-ulag","post-8895","page","type-page","status-publish","has-post-thumbnail","category-post_news_pl","category-student_pl"],"jetpack_sharing_enabled":true,"jetpack_shortlink":"https:\/\/wp.me\/P7nvcn-2jt","_links":{"self":[{"href":"https:\/\/physics.uwb.edu.pl\/wf\/index.php?rest_route=\/wp\/v2\/pages\/8895","targetHints":{"allow":["GET"]}}],"collection":[{"href":"https:\/\/physics.uwb.edu.pl\/wf\/index.php?rest_route=\/wp\/v2\/pages"}],"about":[{"href":"https:\/\/physics.uwb.edu.pl\/wf\/index.php?rest_route=\/wp\/v2\/types\/page"}],"author":[{"embeddable":true,"href":"https:\/\/physics.uwb.edu.pl\/wf\/index.php?rest_route=\/wp\/v2\/users\/14"}],"replies":[{"embeddable":true,"href":"https:\/\/physics.uwb.edu.pl\/wf\/index.php?rest_route=%2Fwp%2Fv2%2Fcomments&post=8895"}],"version-history":[{"count":10,"href":"https:\/\/physics.uwb.edu.pl\/wf\/index.php?rest_route=\/wp\/v2\/pages\/8895\/revisions"}],"predecessor-version":[{"id":8922,"href":"https:\/\/physics.uwb.edu.pl\/wf\/index.php?rest_route=\/wp\/v2\/pages\/8895\/revisions\/8922"}],"up":[{"embeddable":true,"href":"https:\/\/physics.uwb.edu.pl\/wf\/index.php?rest_route=\/wp\/v2\/pages\/713"}],"wp:featuredmedia":[{"embeddable":true,"href":"https:\/\/physics.uwb.edu.pl\/wf\/index.php?rest_route=\/wp\/v2\/media\/3376"}],"wp:attachment":[{"href":"https:\/\/physics.uwb.edu.pl\/wf\/index.php?rest_route=%2Fwp%2Fv2%2Fmedia&parent=8895"}],"wp:term":[{"taxonomy":"category","embeddable":true,"href":"https:\/\/physics.uwb.edu.pl\/wf\/index.php?rest_route=%2Fwp%2Fv2%2Fcategories&post=8895"},{"taxonomy":"post_tag","embeddable":true,"href":"https:\/\/physics.uwb.edu.pl\/wf\/index.php?rest_route=%2Fwp%2Fv2%2Ftags&post=8895"}],"curies":[{"name":"wp","href":"https:\/\/api.w.org\/{rel}","templated":true}]}}