{"id":89,"date":"2016-02-14T10:38:51","date_gmt":"2016-02-14T09:38:51","guid":{"rendered":"http:\/\/physics.uwb.edu.pl\/wf\/?page_id=89"},"modified":"2021-12-09T09:56:29","modified_gmt":"2021-12-09T08:56:29","slug":"sklad-rady-wydzialu","status":"publish","type":"page","link":"https:\/\/physics.uwb.edu.pl\/wf\/?page_id=89","title":{"rendered":"Sk\u0142ad Rady Wydzia\u0142u Fizyki"},"content":{"rendered":"<h4><strong>Przewodnicz\u0105cy Rady &#8211; Dziekan Wydzia\u0142u<\/strong><\/h4>\n<p>1. <a href=\"https:\/\/physics.uwb.edu.pl\/wf\/?pracownik=jan-l-cieslinski\">prof. dr hab. Jan Cie\u015bli\u0144ski<\/a><\/p>\n<h4>Prodziekani<\/h4>\n<p>2. <a href=\"https:\/\/physics.uwb.edu.pl\/wf\/?pracownik=cezary-walczyk\">dr&nbsp; Cezary Walczyk<\/a><br \/>\n3. <a href=\"https:\/\/physics.uwb.edu.pl\/wf\/?pracownik=krystyna-perzynska\">dr Krystyna Perzy\u0144ska<\/a><\/p>\n<h4>Pracownicy samodzielni<\/h4>\n<p>4. <a href=\"http:\/\/physics.uwb.edu.pl\/wf\/?pracownik=miroslaw-brewczyk&amp;lang=pl\">prof. dr hab. Miros\u0142aw Brewczyk<\/a><br \/>\n5. <a href=\"https:\/\/physics.uwb.edu.pl\/wf\/?pracownik=piotr-jaranowski\">prof. dr. hab. Piotr Jaranowski<\/a><br \/>\n6. <a href=\"http:\/\/physics.uwb.edu.pl\/wf\/?pracownik=marek-kisielewski&amp;lang=pl\">prof. dr hab. Marek Kisielewski<\/a><br \/>\n7. <a href=\"http:\/\/physics.uwb.edu.pl\/wf\/?pracownik=andrzej-maziewski&amp;lang=pl\">prof. dr hab. Andrzej Maziewski<\/a><br \/>\n8. <a href=\"https:\/\/physics.uwb.edu.pl\/wf\/?pracownik=edward-piotrowski\">prof. dr hab. Edward Piotrowski<\/a><br \/>\n9. <a href=\"http:\/\/physics.uwb.edu.pl\/wf\/?pracownik=michal-spalinski&amp;lang=pl\">prof. dr hab. Micha\u0142 Spali\u0144ski<\/a><br \/>\n10. <a href=\"http:\/\/physics.uwb.edu.pl\/wf\/?pracownik=andrzej-stupakiewicz&amp;lang=pl\">prof. dr hab. Andrzej Stupakiewicz<\/a><br \/>\n11. <a href=\"http:\/\/physics.uwb.edu.pl\/wf\/?pracownik=krzysztof-szymanski&amp;lang=pl\">prof. dr hab. Krzysztof Szyma\u0144ski<\/a><br \/>\n12. <a href=\"https:\/\/physics.uwb.edu.pl\/wf\/?pracownik=andrzej-andrejczuk\">dr hab. Andrzej Andrejczuk, prof. UwB<\/a><br \/>\n13. <a href=\"http:\/\/physics.uwb.edu.pl\/wf\/?pracownik=ryszard-gieniusz&amp;lang=pl\">dr hab. Ryszard Gieniusz, prof. UwB<\/a><br \/>\n14. <a href=\"https:\/\/physics.uwb.edu.pl\/wf\/?pracownik=tomasz-karpiuk\">dr hab. Tomasz Karpiuk, prof UwB<\/a><br \/>\n15. <a href=\"https:\/\/physics.uwb.edu.pl\/wf\/?pracownik=marek-nikolajuk\">dr hab. Marek Niko\u0142ajuk, prof UwB<\/a><br \/>\n16. <a href=\"http:\/\/physics.uwb.edu.pl\/wf\/?pracownik=jerzy-przeszowski&amp;lang=pl\">dr hab. Jerzy Przeszowski, prof. UwB<\/a><br \/>\n17. <a href=\"http:\/\/physics.uwb.edu.pl\/wf\/?pracownik=katarzyna-recko&amp;lang=pl\">dr hab. Katarzyna Re\u0107ko, prof. UwB<\/a><br \/>\n18. <a href=\"http:\/\/physics.uwb.edu.pl\/wf\/?pracownik=dariusz-satula&amp;lang=pl\">dr hab. Dariusz Satu\u0142a, prof. UwB<\/a><br \/>\n19. <a href=\"https:\/\/physics.uwb.edu.pl\/wf\/?pracownik=luba-uba\">dr hab. Luba Uba, prof. UwB<\/a><br \/>\n20. <a href=\"https:\/\/physics.uwb.edu.pl\/wf\/?pracownik=marian-uba\">dr hab. Marian Uba, prof. UwB<\/a><br \/>\n21. <a href=\"http:\/\/physics.uwb.edu.pl\/wf\/?pracownik=zbigniew-hasiewicz&amp;lang=pl\">dr hab. Zbigniew Hasiewicz<\/a><\/p>\n<h4>Przedstawiciele niesamodzielnych pracownik\u00f3w naukowych<\/h4>\n<p>22. <a href=\"http:\/\/physics.uwb.edu.pl\/wf\/?pracownik=marek-brancewicz\">dr Marek Brancewicz<\/a><br \/>\n23.<a href=\"http:\/\/physics.uwb.edu.pl\/wf\/?pracownik=wojciech-olszewski\"> dr Wojciech Olszewski<\/a><\/p>\n<h4>Przedstawiciel pracownik\u00f3w nieb\u0119d\u0105cych nauczycielami akademickimi<\/h4>\n<p>24. <a href=\"http:\/\/physics.uwb.edu.pl\/wf\/?pracownik=urszula-guzowska&amp;lang=pl\">mgr Urszula Guzowska<\/a><\/p>\n<h4>Przedstawiciele student\u00f3w<\/h4>\n<p>25. Elwira Wilczewska<\/p>\n","protected":false},"excerpt":{"rendered":"<p>Przewodnicz\u0105cy Rady &#8211; Dziekan Wydzia\u0142u 1. prof. dr hab. Jan Cie\u015bli\u0144ski Prodziekani 2. dr&nbsp; Cezary Walczyk 3. dr Krystyna Perzy\u0144ska Pracownicy samodzielni 4. prof. dr hab. Miros\u0142aw Brewczyk 5. prof. <a href=\"https:\/\/physics.uwb.edu.pl\/wf\/?page_id=89\" class=\"more-link\">[&hellip;]<\/a><\/p>\n","protected":false},"author":2,"featured_media":690,"parent":87,"menu_order":10,"comment_status":"closed","ping_status":"closed","template":"","meta":{"ngg_post_thumbnail":0,"Layout":"","footnotes":""},"categories":[3],"tags":[],"class_list":["entry","author-dobrog","post-89","page","type-page","status-publish","has-post-thumbnail","category-wydzialowe_pl"],"jetpack_sharing_enabled":true,"jetpack_shortlink":"https:\/\/wp.me\/P7nvcn-1r","_links":{"self":[{"href":"https:\/\/physics.uwb.edu.pl\/wf\/index.php?rest_route=\/wp\/v2\/pages\/89","targetHints":{"allow":["GET"]}}],"collection":[{"href":"https:\/\/physics.uwb.edu.pl\/wf\/index.php?rest_route=\/wp\/v2\/pages"}],"about":[{"href":"https:\/\/physics.uwb.edu.pl\/wf\/index.php?rest_route=\/wp\/v2\/types\/page"}],"author":[{"embeddable":true,"href":"https:\/\/physics.uwb.edu.pl\/wf\/index.php?rest_route=\/wp\/v2\/users\/2"}],"replies":[{"embeddable":true,"href":"https:\/\/physics.uwb.edu.pl\/wf\/index.php?rest_route=%2Fwp%2Fv2%2Fcomments&post=89"}],"version-history":[{"count":22,"href":"https:\/\/physics.uwb.edu.pl\/wf\/index.php?rest_route=\/wp\/v2\/pages\/89\/revisions"}],"predecessor-version":[{"id":13101,"href":"https:\/\/physics.uwb.edu.pl\/wf\/index.php?rest_route=\/wp\/v2\/pages\/89\/revisions\/13101"}],"up":[{"embeddable":true,"href":"https:\/\/physics.uwb.edu.pl\/wf\/index.php?rest_route=\/wp\/v2\/pages\/87"}],"wp:featuredmedia":[{"embeddable":true,"href":"https:\/\/physics.uwb.edu.pl\/wf\/index.php?rest_route=\/wp\/v2\/media\/690"}],"wp:attachment":[{"href":"https:\/\/physics.uwb.edu.pl\/wf\/index.php?rest_route=%2Fwp%2Fv2%2Fmedia&parent=89"}],"wp:term":[{"taxonomy":"category","embeddable":true,"href":"https:\/\/physics.uwb.edu.pl\/wf\/index.php?rest_route=%2Fwp%2Fv2%2Fcategories&post=89"},{"taxonomy":"post_tag","embeddable":true,"href":"https:\/\/physics.uwb.edu.pl\/wf\/index.php?rest_route=%2Fwp%2Fv2%2Ftags&post=89"}],"curies":[{"name":"wp","href":"https:\/\/api.w.org\/{rel}","templated":true}]}}