{"id":8947,"date":"2018-12-07T17:35:22","date_gmt":"2018-12-07T16:35:22","guid":{"rendered":"http:\/\/physics.uwb.edu.pl\/wf\/?page_id=8947"},"modified":"2021-09-15T10:57:14","modified_gmt":"2021-09-15T08:57:14","slug":"dokumenty-dla-studentow-2-2","status":"publish","type":"page","link":"https:\/\/physics.uwb.edu.pl\/wf\/?page_id=8947","title":{"rendered":"Lista zagadnie\u0144 na egzaminy dyplomowe"},"content":{"rendered":"<p><a href=\"http:\/\/physics.uwb.edu.pl\/wf\/wp-content\/uploads\/2021\/09\/Zalacznik_nr1_lista_zag_egz_-dypl_2021_2022zatwierdz-RW_28_06_2021.pdf\">Pobierz aktualn\u0105 list\u0119 zagadnie\u0144<\/a><\/p>\n<p style=\"text-align: center;\">&nbsp;<span style=\"color: #ff0000; font-size: 32px;\">Lista zagadnie\u0144 na egzaminy dyplomowe<\/span><\/p>\n<p style=\"text-align: center;\"><span style=\"color: #ff0000; font-size: 32px;\">Aktualizacja na r.akad. 2021\/2022<\/span><\/p>\n<p style=\"text-align: center;\"><a name=\"_Toc74270837\"><\/a><span style=\"font-size: 32px; color: #0000ff;\">Studia I stopnia (egzamin licencjacki)<\/span><\/p>\n<p><a name=\"_Toc74270838\"><\/a><strong><span style=\"font-size: 24px;\">Zagadnienia z zakresu modu\u0142u podstawowego (og\u00f3lne)<\/span><\/strong><\/p>\n<ol>\n<li>Kinematyka punktu materialnego (ruch post\u0119powy, ruch obrotowy, r\u00f3wnania ruchu, ruch harmoniczny, r\u00f3wnanie fali harmonicznej prostej, ruch cz\u0105stki na\u0142adowanej w polu elektrycznym i magnetycznym).<\/li>\n<li>Dynamika punktu materialnego (zasady dynamiki Newtona, masa bezw\u0142adna, inercjalny i nieinercjalny uk\u0142ad odniesienia, tarcie, si\u0142a spr\u0119\u017cysto\u015bci).<\/li>\n<li>Praca, moc, energia (energia kinetyczna, energia potencjalna w polu grawitacyjnym, energia spr\u0119\u017cysto\u015bci).<\/li>\n<li>Zasady zachowania energii, p\u0119du, momentu p\u0119du (p\u0119d, moment p\u0119du, moment si\u0142y, moment bezw\u0142adno\u015bci, \u015brodek masy).<\/li>\n<li>Prawo powszechnego ci\u0105\u017cenia (masa bezw\u0142adna i grawitacyjna, energia potencjalna w polu grawitacyjnym, problem dw\u00f3ch cia\u0142 w teorii grawitacji Newtona, prawa Keplera).<\/li>\n<li>Statyka p\u0142yn\u00f3w (poj\u0119cie ci\u015bnienia, ci\u015bnienie hydrostatyczne, prawo Pascala, prawo Archimedesa).<\/li>\n<li>Pole elektrostatyczne (prawo Coulomba, prawo Gaussa, nat\u0119\u017cenie pola elektrycznego, potencja\u0142 elektryczny, praca i energia w polu elektrycznym).<\/li>\n<li>Pole magnetostatyczne (wektor indukcji magnetycznej, pole magnetyczne przewodnik\u00f3w z pr\u0105dem, prawo Ampera, prawo Biota-Savarta, si\u0142a Lorentza).<\/li>\n<li>Pr\u0105d elektryczny i prawa przep\u0142ywu pr\u0105du (prawa Ohma, Kirchhoffa, obwody elektryczne, si\u0142a elektromotoryczna SEM, praca i moc pr\u0105du elektrycznego).<\/li>\n<li>Indukcja elektromagnetyczna, indukcyjno\u015b\u0107 wzajemna i w\u0142asna, prawo Faradaya, regu\u0142a Lentza. Obw\u00f3d z indukcyjno\u015bci\u0105 i pojemno\u015bci\u0105 (drgania gasn\u0105ce uk\u0142adu). Pr\u0105d zmienny, obwody pr\u0105du zmiennego, obw\u00f3d rezonansowy.<\/li>\n<li>Optyka geometryczna (zasada Fermata, prawo odbicia i za\u0142amania, wsp\u00f3\u0142czynnik za\u0142amania \u015bwiat\u0142a, dyspersja, ca\u0142kowite wewn\u0119trzne odbicie).<\/li>\n<li>Podstawowe przyrz\u0105dy optyczne (zwierciad\u0142o, soczewka, r\u00f3wnanie soczewki, \u015bwiat\u0142ow\u00f3d, luneta, mikroskop optyczny, kamera).<\/li>\n<li>Zjawiska falowe w fizyce (fale poprzeczne, pod\u0142u\u017cne, p\u0142askie, kuliste, efekt Dopplera, interferencja, do\u015bwiadczenie Younga, dyfrakcja, zasada Huygensa, praktyczne zastosowania tych zjawisk).<\/li>\n<li>Polaryzacja fal elektromagnetycznych (rodzaje polaryzacji, metody polaryzowania, prawo Malusa).<\/li>\n<li>Podstawy termodynamiki (gaz doskona\u0142y, r\u00f3wnanie stanu gazu doskona\u0142ego, parametry stanu, podstawowe przemiany termodynamiczne, energia wewn\u0119trzna, temperatura absolutna, entropia).<\/li>\n<li>Zasady termodynamiki, silniki cieplne i ich sprawno\u015b\u0107, cykl Carnota.<\/li>\n<li>Przemiany promieniotw\u00f3rcze i prawa nimi rz\u0105dz\u0105ce. Promieniotw\u00f3rczo\u015b\u0107 naturalna.<\/li>\n<li>Modele budowy atomu, struktura energetyczna atomu wodoru.<\/li>\n<li>Podstawy astronomii (uk\u0142ad s\u0142oneczny, ewolucja gwiazd, budowa galaktyki, mikrofalowe promieniowanie t\u0142a).<\/li>\n<li>Charakterystyka podstawowych oddzia\u0142ywa\u0144 przyrody.<\/li>\n<\/ol>\n<p><a name=\"_Toc74270839\"><\/a><strong><span style=\"font-size: 24px;\">Zagadnienia z zakresu modu\u0142u kierunkowego (przedmiot\u00f3w specjalistycznych)<\/span><\/strong><\/p>\n<h3><a name=\"_Toc74270840\"><\/a>Specjalno\u015b\u0107: <em>fizyka og\u00f3lna<\/em><\/h3>\n<ol>\n<li>Nieinercjalne uk\u0142ady odniesienia (obracaj\u0105ce si\u0119 uk\u0142ady odniesienia, si\u0142y pozorne, przyspieszenie Coriolisa, si\u0142a Coriolisa).<\/li>\n<li>Dynamika uk\u0142adu punkt\u00f3w materialnych z wi\u0119zami. Wi\u0119zy i ich rodzaje. R\u00f3wnania Lagrange\u2019a I i II rodzaju.<\/li>\n<li>Dynamika ruchu uk\u0142ad\u00f3w ze zmienn\u0105 mas\u0105.<\/li>\n<li>Dynamika p\u0142yn\u00f3w (p\u0142yn idealny, przep\u0142yw laminarny, r\u00f3wnanie ci\u0105g\u0142o\u015bci, r\u00f3wnanie Bernoulliego).<\/li>\n<li>Szczeg\u00f3lna teoria wzgl\u0119dno\u015bci (transformacja Lorentza, skr\u00f3cenie d\u0142ugo\u015bci, dylatacja czasu).<\/li>\n<li>R\u00f3wnania Maxwella w pr\u00f3\u017cni, fale elektromagnetyczne, wektor Poyntinga.<\/li>\n<li>R\u00f3wnania Maxwella ze \u017ar\u00f3d\u0142ami, potencja\u0142y op\u00f3\u017anione, pole pr\u0119dko\u015bciowe i przyspieszeniowe, promieniowanie \u0142adunku punktowego.<\/li>\n<li>Opis geometryczny i falowy powstawania obraz\u00f3w w mikroskopie.<\/li>\n<li>Podstawy mechaniki kwantowej, obserwable, funkcja falowa, r\u00f3wnanie Schr\u00f6dingera, interpretacja statystyczna.<\/li>\n<li>Tunelowanie kwantowe, rozpraszanie kwantowe na potencjale.<\/li>\n<li>Kwantowy moment p\u0119du i spin, spinowy moment magnetyczny, do\u015bwiadczenie Sterna-Gerlacha.<\/li>\n<li>Cz\u0105stki rozr\u00f3\u017cnialne i cz\u0105stki identyczne, zakaz Pauliego, uk\u0142ad okresowy pierwiastk\u00f3w.<\/li>\n<li>Modele budowy j\u0105dra atomowego (kroplowy, pow\u0142okowy).<\/li>\n<li>W\u0142a\u015bciwo\u015bci magnetyczne cia\u0142 (diamagnetyzm, paramagnetyzm, ferromagnetyzm).<\/li>\n<li>Prawo Hubble\u2019a \u2013 Lemaitre\u2019a.<\/li>\n<li>Podstawowe kategorie i definicje niepewno\u015bci pomiarowych. Metody ich szacowania.<\/li>\n<li>Poj\u0119cia zdarzenia losowego i zmiennej losowej. Podstawowe prawa rachunku prawdopodobie\u0144stwa.<\/li>\n<\/ol>\n<h3><a name=\"_Toc74270841\"><\/a>Specjalno\u015b\u0107: <em>fizyka medyczna<\/em><\/h3>\n<ol>\n<li>Podstawowe prawa mechaniki p\u0142yn\u00f3w.<\/li>\n<li>Zjawisko dyfuzji i osmoza.<\/li>\n<li>Elektryczne w\u0142asno\u015bci kom\u00f3rki.<\/li>\n<li>Elektrokart<\/li>\n<li>Oddzia\u0142ywanie cz\u0105stek na\u0142adowanych z materi\u0105. Oddzia\u0142ywania promieniowania X i gamma z materi\u0105.<\/li>\n<li>Detektory promieniowania jonizuj\u0105cego.<\/li>\n<li>Metody diagnostyczne i terapeutyczne wykorzystuj\u0105ce promieniowanie jonizuj\u0105ce.<\/li>\n<li>Rodzaje wi\u0105za\u0144 chemicznych, przyk\u0142ady cz\u0105steczek, w kt\u00f3rych wyst\u0119puj\u0105.<\/li>\n<li>Mechanizm skurczu mi\u0119\u015bni, z uwzgl\u0119dnieniem ich budowy anatomicznej, histologicznej i molekularnej.<\/li>\n<li>Rodzaje transportu substancji przez b\u0142on\u0119 kom\u00f3rkow\u0105.<\/li>\n<li>Sposoby komunikacji mi\u0119dzykom\u00f3rkowej.<\/li>\n<li>Zjawisko fluorescencji, fosforescencji i fluorescencji op\u00f3\u017anionej.<\/li>\n<li>Wolne rodniki (ich powstawanie i negatywna aktywno\u015b\u0107 w uk\u0142adach biologicznych).<\/li>\n<li>Stochastyczne i deterministyczne skutki dzia\u0142ania promieniowania jonizuj\u0105cego na materi\u0119 biologiczn\u0105.<\/li>\n<li>Prawo Bergonie i Tribondeau.<\/li>\n<li>Radiofarmaceutyki w medycynie.<\/li>\n<li>Procentowa dawka g\u0142\u0119boka (od czego zale\u017cy warto\u015b\u0107 procentowej dawki g\u0142\u0119bokiej na danej g\u0142\u0119boko\u015bci).<\/li>\n<\/ol>\n<h3><a name=\"_Toc74270842\"><\/a>Specjalno\u015b\u0107: <em>fizyka gier komputerowych i robot\u00f3w<\/em><\/h3>\n<ol>\n<li>Algorytmy i ich efektywno\u015b\u0107 na przyk\u0142adzie algorytm\u00f3w sortowania.<\/li>\n<li>Numeryczne rozwi\u0105zywanie r\u00f3wna\u0144 r\u00f3\u017cniczkowych i uk\u0142ad\u00f3w r\u00f3wna\u0144 r\u00f3\u017cniczkowych.<\/li>\n<li>Detekcja kolizji w interaktywnym otoczeniu (faza og\u00f3lna, faza szczeg\u00f3\u0142owa, obszary ograniczaj\u0105ce, twierdzenie SAT \u2013 separating axis theorem).<\/li>\n<li>Biblioteki i narz\u0119dzia u\u0142atwiaj\u0105ce implementacj\u0119 fizyki w grach komputerowych.<\/li>\n<li>Zasada dzia\u0142ania podstawowych element\u00f3w elektronicznych (rezystor, kondensator, dioda, tranzystor).<\/li>\n<li>Modele o\u015bwietlenia w grafice 3D w nawi\u0105zaniu do praw fizyki.<\/li>\n<li>System operacyjny i jego g\u0142\u00f3wne cechy (definicja systemu operacyjnego, por\u00f3wnanie system\u00f3w Linux i Windows).<\/li>\n<li>Programowanie obiektowe i proceduralne (podobie\u0144stwa i r\u00f3\u017cnice).<\/li>\n<li>Budowa i zasada dzia\u0142ania drukarek 3D typu RepRap.<\/li>\n<li>Protoko\u0142y w systemach IoT (rodzaje, charakterystyka, wykorzystywane do transmisji danych w systemach IoT).<\/li>\n<li>Mikrokontrolery &#8211; definicja, charakterystyka (platforma Arduino UNO &#8211; bootloader, rodzaje pin\u00f3w GPIO, typy interfejs\u00f3w komunikacji, programowanie Arduino UNO w \u015brodowisku Arduino IDE &#8211; narz\u0119dzia, j\u0119zyk, wady i zalety).<\/li>\n<li>Komputer Raspberry Pi (RPi) jako przedstawiciel komputer\u00f3w jednop\u0142ytkowych (definicja poj\u0119cia SBC, cechy charakterystyczne r\u00f3\u017cnych modeli RPi, por\u00f3wnanie RPi do komputer\u00f3w stacjonarnych (PC), a tak\u017ce do platformy Arduino, zastosowania SBC).<\/li>\n<li>Programowanie r\u00f3wnoleg\u0142e (wybrane architektury, programowanie z u\u017cyciem pami\u0119ci wsp\u00f3\u0142dzielonej, programowanie z przesy\u0142aniem wiadomo\u015bci).<\/li>\n<li>R\u00f3wnania hydrodynamiki.<\/li>\n<\/ol>\n<p style=\"text-align: center;\"><a name=\"_Toc74270843\"><\/a><span style=\"color: #0000ff;\"><strong><span style=\"font-size: 28px;\">Studia II stopnia (egzamin magisterski)<\/span><\/strong><\/span><\/p>\n<p><a name=\"_Toc74270844\"><\/a><strong><span style=\"font-size: 24px;\">Zagadnienia z zakresu modu\u0142u podstawowego (og\u00f3lne)<\/span><\/strong><\/p>\n<ol>\n<li>Przestrze\u0144 i czas. Uk\u0142ady inercjalne i nieinercjalne. Ruch w polu si\u0142 centralnych, precesja, nutacja cia\u0142 niebieskich.<\/li>\n<li>Transformacje Galileusza i Lorentza. Masa i energia relatywistyczna.<\/li>\n<li>Dyfrakcja \u015bwiat\u0142a, dyfrakcja Fresnela. Obraz dyfrakcyjny jako transformata Fouriera.<\/li>\n<li>Promieniowanie hamowania, cyklotronowe i synchrotronowe.<\/li>\n<li>Sie\u0107 Bravais, struktury krystalograficzne, sie\u0107 odwrotna i jej zwi\u0105zek z sieci\u0105 rzeczywist\u0105, techniki bada\u0144 struktur krystalograficznych.<\/li>\n<li>Drgania atom\u00f3w w kryszta\u0142ach.<\/li>\n<li>Twierdzenie Clausiusa, entropia, potencja\u0142y termodynamiczne, uk\u0142ady ze zmienn\u0105 liczb\u0105 cz\u0105stek, potencja\u0142 chemiczny, r\u00f3wnanie Gibbsa-Duhema, r\u00f3wnowaga termodynamiczna, regu\u0142a faz Gibbsa, r\u00f3wnanie Clausiusa-Clapeyrona.<\/li>\n<li>Rozk\u0142ad Maxwella-Boltzmanna.<\/li>\n<li>Zespo\u0142y statystyczne (mikrokanoniczny, kanoniczny, wielki kanoniczny), ich r\u00f3wnowa\u017cno\u015b\u0107 w granicy termodynamicznej.<\/li>\n<li>Gazy doskona\u0142e (Fermiego-Diraca, Bosego-Einsteina, relatywistyczny gaz Fermiego, gaz foton\u00f3w, gaz fonon\u00f3w, kondensaty Bosego-Einsteina).<\/li>\n<li>Atom wieloelektronowy w zewn\u0119trznym polu elektromagnetycznym.<\/li>\n<li>Model standardowy cz\u0105stek elementarnych.<\/li>\n<\/ol>\n<p><a name=\"_Toc74270845\"><\/a><strong><span style=\"font-size: 24px;\">Zagadnienia z zakresu modu\u0142u kierunkowego (przedmiot\u00f3w specjalistycznych)<\/span><\/strong><\/p>\n<h3><a name=\"_Toc74270846\"><\/a>Specjalno\u015b\u0107: <em>fizyka do\u015bwiadczalna<\/em><\/h3>\n<ol>\n<li>Oddzia\u0142ywania magnetyczne (dipolowe, oddzia\u0142ywanie spin-orbita, oddzia\u0142ywania wymiany).<\/li>\n<li>Zjawiska magnetyczne: diamagnetyzm, paramagnetyzm, ferromagnetyzm, antyferromagnetyzm, domeny magnetyczne.<\/li>\n<li>Podstawy fizyczne zjawiska Halla i jego zastosowania praktyczne.<\/li>\n<li>Efekty magnetooptyczne: efekt Faradaya, efekt Kerra, dichroizm ko\u0142owy i liniowy.<\/li>\n<li>Rezonans w materia\u0142ach magnetycznych, fale spinowe, rezonans ferromagnetyczny (FMR), magnetyczny rezonans j\u0105drowy (NMR).<\/li>\n<li>Proces magnesowania \u2013 p\u0119tla histerezy. Pomiary w\u0142a\u015bciwo\u015bci magnetycznych statycznych \u2013 magnetometria.<\/li>\n<li>Magnetyczna struktura domenowa. Metody wizualizacji: metody proszkowe, metody magnetooptyczne, mikroskopia si\u0142 magnetycznych (MFM).<\/li>\n<li>Rodzaje laser\u00f3w oraz ich podstawowe parametry.<\/li>\n<li>Oddzia\u0142ywanie cz\u0105stek na\u0142adowanych i promieniowania gamma z materi\u0105.<\/li>\n<li>Oddzia\u0142ywanie neutron\u00f3w z materi\u0105.<\/li>\n<li>Rozszczepienie j\u0105der ci\u0119\u017ckich. Reakcja \u0142a\u0144cuchowa. Reakcje syntezy termoj\u0105drowej.<\/li>\n<li>Elektrony w potencjale periodycznym i struktura pasmowa kryszta\u0142\u00f3w.<\/li>\n<li>Wi\u0105zania w materii skondensowanej.<\/li>\n<\/ol>\n<h3><a name=\"_Toc74270847\"><\/a>Specjalno\u015b\u0107: <em>fizyka teoretyczna<\/em><\/h3>\n<ol>\n<li>Symetrie i ich zwi\u0105zek z zasadami zachowania.<\/li>\n<li>Struktura subtelna widma energii elektronu w atomie wodoru, rachunek zaburze\u0144 niezale\u017cny od czasu, poprawki relatywistyczne.<\/li>\n<li>Zastosowanie rachunku wariacyjnego do wyznaczenia energii elektron\u00f3w w atomie helu.<\/li>\n<li>Zastosowanie rachunku wariacyjnego do wyznaczenia wi\u0105zania chemicznego w cz\u0105steczce wodoru.<\/li>\n<li>Rachunek zaburze\u0144 zale\u017cny od czasu, emisja i absorpcja wymuszona, emisja spontaniczna, zwi\u0105zek regu\u0142 przej\u015bcia z w\u0142asno\u015bciami fotonu jako cz\u0105stki kwantowej.<\/li>\n<li>Zwi\u0105zek spinu ze statystyk\u0105 i jego konsekwencje.<\/li>\n<li>R\u00f3wnanie Pauliego dla cz\u0105stki o spinie \u00bd, sprz\u0119\u017cenie z polem elektromagnetycznym.<\/li>\n<li>R\u00f3wnanie Kleina-Gordona i r\u00f3wnanie Diraca, stany swobodne o ujemnej energii, morze Diraca, antycz\u0105stki.<\/li>\n<li>Standardowy model kosmologiczny (r\u00f3wnanie Friedmana, akceleracji Wszech\u015bwiata, metryka FLRW, teoria Wielkiego Wybuchu).<\/li>\n<\/ol>\n<h3><a name=\"_Toc74270848\"><\/a>Specjalno\u015b\u0107: <em>fizyka medyczna<\/em><\/h3>\n<ol>\n<li>\u0179r\u00f3d\u0142a cz\u0105stek na\u0142adowanych w akceleratorach.<\/li>\n<li>Akceleratory cz\u0105stek na\u0142adowanych.<\/li>\n<li>Budowa i zastosowanie medycznego akceleratora liniowego.<\/li>\n<li>Optyka elektrostatyczna i magnetostatyczna w kszta\u0142towaniu i sterowaniu wi\u0105zek cz\u0105stek na\u0142adowanych.<\/li>\n<li>Zastosowanie promieniowania hamowania w aparaturze medycznej.<\/li>\n<li>Przekr\u00f3j czynny i liniowa zdolno\u015b\u0107 hamowania.<\/li>\n<li>Podstawowe metody detekcji promieniowania jonizuj\u0105cego.<\/li>\n<li>Oddzia\u0142ywanie cz\u0105stek na\u0142adowanych i promieniowania gamma z materi\u0105.<\/li>\n<li>Oddzia\u0142ywanie neutron\u00f3w z materi\u0105.<\/li>\n<li>Zastosowanie izotop\u00f3w promieniotw\u00f3rczych w medycynie.<\/li>\n<li>Idea tomografii komputerowej.<\/li>\n<li>Podstawy obrazowania magnetyczno-rezonansowego.<\/li>\n<li>Modele budowy j\u0105dra atomowego (kroplowy, gazu Fermiego, pow\u0142okowy).<\/li>\n<li>Energia progowa w reakcjach j\u0105drowych.<\/li>\n<\/ol>\n","protected":false},"excerpt":{"rendered":"<p>Pobierz aktualn\u0105 list\u0119 zagadnie\u0144 &nbsp;Lista zagadnie\u0144 na egzaminy dyplomowe Aktualizacja na r.akad. 2021\/2022 Studia I stopnia (egzamin licencjacki) Zagadnienia z zakresu modu\u0142u podstawowego (og\u00f3lne) Kinematyka punktu materialnego (ruch post\u0119powy, ruch <a href=\"https:\/\/physics.uwb.edu.pl\/wf\/?page_id=8947\" class=\"more-link\">[&hellip;]<\/a><\/p>\n","protected":false},"author":3,"featured_media":8964,"parent":38,"menu_order":3,"comment_status":"closed","ping_status":"closed","template":"","meta":{"ngg_post_thumbnail":0,"Layout":"1c","footnotes":""},"categories":[23],"tags":[],"class_list":["entry","author-mark","post-8947","page","type-page","status-publish","has-post-thumbnail","category-student_pl"],"jetpack_sharing_enabled":true,"jetpack_shortlink":"https:\/\/wp.me\/P7nvcn-2kj","_links":{"self":[{"href":"https:\/\/physics.uwb.edu.pl\/wf\/index.php?rest_route=\/wp\/v2\/pages\/8947","targetHints":{"allow":["GET"]}}],"collection":[{"href":"https:\/\/physics.uwb.edu.pl\/wf\/index.php?rest_route=\/wp\/v2\/pages"}],"about":[{"href":"https:\/\/physics.uwb.edu.pl\/wf\/index.php?rest_route=\/wp\/v2\/types\/page"}],"author":[{"embeddable":true,"href":"https:\/\/physics.uwb.edu.pl\/wf\/index.php?rest_route=\/wp\/v2\/users\/3"}],"replies":[{"embeddable":true,"href":"https:\/\/physics.uwb.edu.pl\/wf\/index.php?rest_route=%2Fwp%2Fv2%2Fcomments&post=8947"}],"version-history":[{"count":24,"href":"https:\/\/physics.uwb.edu.pl\/wf\/index.php?rest_route=\/wp\/v2\/pages\/8947\/revisions"}],"predecessor-version":[{"id":12637,"href":"https:\/\/physics.uwb.edu.pl\/wf\/index.php?rest_route=\/wp\/v2\/pages\/8947\/revisions\/12637"}],"up":[{"embeddable":true,"href":"https:\/\/physics.uwb.edu.pl\/wf\/index.php?rest_route=\/wp\/v2\/pages\/38"}],"wp:featuredmedia":[{"embeddable":true,"href":"https:\/\/physics.uwb.edu.pl\/wf\/index.php?rest_route=\/wp\/v2\/media\/8964"}],"wp:attachment":[{"href":"https:\/\/physics.uwb.edu.pl\/wf\/index.php?rest_route=%2Fwp%2Fv2%2Fmedia&parent=8947"}],"wp:term":[{"taxonomy":"category","embeddable":true,"href":"https:\/\/physics.uwb.edu.pl\/wf\/index.php?rest_route=%2Fwp%2Fv2%2Fcategories&post=8947"},{"taxonomy":"post_tag","embeddable":true,"href":"https:\/\/physics.uwb.edu.pl\/wf\/index.php?rest_route=%2Fwp%2Fv2%2Ftags&post=8947"}],"curies":[{"name":"wp","href":"https:\/\/api.w.org\/{rel}","templated":true}]}}