{"id":91,"date":"2016-02-14T11:42:49","date_gmt":"2016-02-14T10:42:49","guid":{"rendered":"http:\/\/physics.uwb.edu.pl\/wf\/?page_id=91"},"modified":"2019-05-29T16:10:24","modified_gmt":"2019-05-29T14:10:24","slug":"posiedzenia-rady-wydzialu","status":"publish","type":"page","link":"https:\/\/physics.uwb.edu.pl\/wf\/?page_id=91","title":{"rendered":"Posiedzenia Rady Wydzia\u0142u Fizyki"},"content":{"rendered":"<h3>Terminy posiedze\u0144 Rady Wydzia\u0142u Fizyki w roku akademickim 2018\/2019<\/h3>\n<ul>\n<li>24.09.2018<\/li>\n<li>26.10.2018<\/li>\n<li>26.11.2018<\/li>\n<li>17.12.2018<\/li>\n<li>18.02.2019<\/li>\n<li>25.03.2019<\/li>\n<li>15.04.2019<\/li>\n<li>07.05.2019<\/li>\n<li>27.05.2019<\/li>\n<li>24.06.2019<\/li>\n<\/ul>\n<h3>Terminy posiedze\u0144 Rady Wydzia\u0142u Fizyki w roku akademickim 2017\/2018<\/h3>\n<ul>\n<li>18.09.2017<\/li>\n<li>30.10.2017<\/li>\n<li>27.11.2017<\/li>\n<li>18.12.2017<\/li>\n<li>29.01.2018<\/li>\n<li>26.02.2018<\/li>\n<li>26.03.2018<\/li>\n<li>23.04.2018<\/li>\n<li>28.05.2018<\/li>\n<li>21.06.2018<\/li>\n<\/ul>\n<h3>Terminy posiedze\u0144 Rady Wydzia\u0142u Fizyki w roku akademickim 2016\/2017<\/h3>\n<ul>\n<li>19.09.2016 <a href=\"http:\/\/physics.uwb.edu.pl\/wf\/wp-content\/uploads\/2016\/11\/RW_19_09_2016.pdf\">(porz\u0105dek obrad)<\/a><\/li>\n<li>24.10.2016 <a href=\"http:\/\/physics.uwb.edu.pl\/wf\/wp-content\/uploads\/2016\/11\/RW_24_10_2016.pdf\">(porz\u0105dek obrad)<\/a><\/li>\n<li>28.11.2016 <a href=\"http:\/\/physics.uwb.edu.pl\/wf\/wp-content\/uploads\/2016\/11\/RW_28_11_2016.pdf\">(porz\u0105dek obrad)<\/a><\/li>\n<li>12.12.2016 <a href=\"http:\/\/physics.uwb.edu.pl\/wf\/wp-content\/uploads\/2016\/11\/RW_12_12_2016.pdf\">(porz\u0105dek obrad)<\/a><\/li>\n<li>23.01.2017<\/li>\n<li>20.02.2017<\/li>\n<li>27.03.2017<\/li>\n<li>24.04.2017<\/li>\n<li>29.05.2017<\/li>\n<li>26.06.2017<\/li>\n<\/ul>\n","protected":false},"excerpt":{"rendered":"<p>Terminy posiedze\u0144 Rady Wydzia\u0142u Fizyki w roku akademickim 2018\/2019 24.09.2018 26.10.2018 26.11.2018 17.12.2018 18.02.2019 25.03.2019 15.04.2019 07.05.2019 27.05.2019 24.06.2019 Terminy posiedze\u0144 Rady Wydzia\u0142u Fizyki w roku akademickim 2017\/2018 18.09.2017 30.10.2017 <a href=\"https:\/\/physics.uwb.edu.pl\/wf\/?page_id=91\" class=\"more-link\">[&hellip;]<\/a><\/p>\n","protected":false},"author":2,"featured_media":692,"parent":87,"menu_order":20,"comment_status":"closed","ping_status":"closed","template":"","meta":{"ngg_post_thumbnail":0,"Layout":"1c","footnotes":""},"categories":[3],"tags":[],"class_list":["entry","author-dobrog","post-91","page","type-page","status-publish","has-post-thumbnail","category-wydzialowe_pl"],"jetpack_sharing_enabled":true,"jetpack_shortlink":"https:\/\/wp.me\/P7nvcn-1t","_links":{"self":[{"href":"https:\/\/physics.uwb.edu.pl\/wf\/index.php?rest_route=\/wp\/v2\/pages\/91","targetHints":{"allow":["GET"]}}],"collection":[{"href":"https:\/\/physics.uwb.edu.pl\/wf\/index.php?rest_route=\/wp\/v2\/pages"}],"about":[{"href":"https:\/\/physics.uwb.edu.pl\/wf\/index.php?rest_route=\/wp\/v2\/types\/page"}],"author":[{"embeddable":true,"href":"https:\/\/physics.uwb.edu.pl\/wf\/index.php?rest_route=\/wp\/v2\/users\/2"}],"replies":[{"embeddable":true,"href":"https:\/\/physics.uwb.edu.pl\/wf\/index.php?rest_route=%2Fwp%2Fv2%2Fcomments&post=91"}],"version-history":[{"count":34,"href":"https:\/\/physics.uwb.edu.pl\/wf\/index.php?rest_route=\/wp\/v2\/pages\/91\/revisions"}],"predecessor-version":[{"id":9852,"href":"https:\/\/physics.uwb.edu.pl\/wf\/index.php?rest_route=\/wp\/v2\/pages\/91\/revisions\/9852"}],"up":[{"embeddable":true,"href":"https:\/\/physics.uwb.edu.pl\/wf\/index.php?rest_route=\/wp\/v2\/pages\/87"}],"wp:featuredmedia":[{"embeddable":true,"href":"https:\/\/physics.uwb.edu.pl\/wf\/index.php?rest_route=\/wp\/v2\/media\/692"}],"wp:attachment":[{"href":"https:\/\/physics.uwb.edu.pl\/wf\/index.php?rest_route=%2Fwp%2Fv2%2Fmedia&parent=91"}],"wp:term":[{"taxonomy":"category","embeddable":true,"href":"https:\/\/physics.uwb.edu.pl\/wf\/index.php?rest_route=%2Fwp%2Fv2%2Fcategories&post=91"},{"taxonomy":"post_tag","embeddable":true,"href":"https:\/\/physics.uwb.edu.pl\/wf\/index.php?rest_route=%2Fwp%2Fv2%2Ftags&post=91"}],"curies":[{"name":"wp","href":"https:\/\/api.w.org\/{rel}","templated":true}]}}