{"id":9127,"date":"2019-01-11T12:01:51","date_gmt":"2019-01-11T11:01:51","guid":{"rendered":"http:\/\/physics.uwb.edu.pl\/wf\/?page_id=9127"},"modified":"2019-01-11T12:03:58","modified_gmt":"2019-01-11T11:03:58","slug":"ogloszenie-2-2-2-2-2-2-2-2-2","status":"publish","type":"page","link":"https:\/\/physics.uwb.edu.pl\/wf\/?page_id=9127","title":{"rendered":"3rd International Summer School on Deep Learning (DeepLearn 2019)"},"content":{"rendered":"<p>Informujemy, \u017ce w dniach&nbsp; 22-26 czerwca&nbsp; 2019 odb\u0119dzie si\u0119 w Warszawie konferencja po\u015bwi\u0119cona zagadnieniom uczenia si\u0119&nbsp; maszynowego i sztucznej inteligencji. Wi\u0119cej informacji mo\u017cna znale\u017a\u0107 na stronie <a class=\"moz-txt-link-freetext\" href=\"http:\/\/deeplearn2019.irdta.eu\/\">http:\/\/deeplearn2019.irdta.eu\/<\/a><\/p>\n<p>[mla_gallery size=full ids=&#8221;9129&#8243; post_mime_type=application\/pdf post_parent=all link=file mla_viewer=true columns=1 mla_rollover_text='{+description+}&#8217; ]<\/p>\n<p>&nbsp;<\/p>\n","protected":false},"excerpt":{"rendered":"<p>Informujemy, \u017ce w dniach&nbsp; 22-26 czerwca&nbsp; 2019 odb\u0119dzie si\u0119 w Warszawie konferencja po\u015bwi\u0119cona zagadnieniom uczenia si\u0119&nbsp; maszynowego i sztucznej inteligencji. Wi\u0119cej informacji mo\u017cna znale\u017a\u0107 na stronie http:\/\/deeplearn2019.irdta.eu\/ [mla_gallery size=full ids=&#8221;9129&#8243; <a href=\"https:\/\/physics.uwb.edu.pl\/wf\/?page_id=9127\" class=\"more-link\">[&hellip;]<\/a><\/p>\n","protected":false},"author":14,"featured_media":9133,"parent":713,"menu_order":0,"comment_status":"closed","ping_status":"closed","template":"","meta":{"ngg_post_thumbnail":0,"Layout":"","footnotes":""},"categories":[27,23],"tags":[],"class_list":["entry","author-ulag","post-9127","page","type-page","status-publish","has-post-thumbnail","category-post_news_pl","category-student_pl"],"jetpack_sharing_enabled":true,"jetpack_shortlink":"https:\/\/wp.me\/P7nvcn-2nd","_links":{"self":[{"href":"https:\/\/physics.uwb.edu.pl\/wf\/index.php?rest_route=\/wp\/v2\/pages\/9127","targetHints":{"allow":["GET"]}}],"collection":[{"href":"https:\/\/physics.uwb.edu.pl\/wf\/index.php?rest_route=\/wp\/v2\/pages"}],"about":[{"href":"https:\/\/physics.uwb.edu.pl\/wf\/index.php?rest_route=\/wp\/v2\/types\/page"}],"author":[{"embeddable":true,"href":"https:\/\/physics.uwb.edu.pl\/wf\/index.php?rest_route=\/wp\/v2\/users\/14"}],"replies":[{"embeddable":true,"href":"https:\/\/physics.uwb.edu.pl\/wf\/index.php?rest_route=%2Fwp%2Fv2%2Fcomments&post=9127"}],"version-history":[{"count":4,"href":"https:\/\/physics.uwb.edu.pl\/wf\/index.php?rest_route=\/wp\/v2\/pages\/9127\/revisions"}],"predecessor-version":[{"id":9134,"href":"https:\/\/physics.uwb.edu.pl\/wf\/index.php?rest_route=\/wp\/v2\/pages\/9127\/revisions\/9134"}],"up":[{"embeddable":true,"href":"https:\/\/physics.uwb.edu.pl\/wf\/index.php?rest_route=\/wp\/v2\/pages\/713"}],"wp:featuredmedia":[{"embeddable":true,"href":"https:\/\/physics.uwb.edu.pl\/wf\/index.php?rest_route=\/wp\/v2\/media\/9133"}],"wp:attachment":[{"href":"https:\/\/physics.uwb.edu.pl\/wf\/index.php?rest_route=%2Fwp%2Fv2%2Fmedia&parent=9127"}],"wp:term":[{"taxonomy":"category","embeddable":true,"href":"https:\/\/physics.uwb.edu.pl\/wf\/index.php?rest_route=%2Fwp%2Fv2%2Fcategories&post=9127"},{"taxonomy":"post_tag","embeddable":true,"href":"https:\/\/physics.uwb.edu.pl\/wf\/index.php?rest_route=%2Fwp%2Fv2%2Ftags&post=9127"}],"curies":[{"name":"wp","href":"https:\/\/api.w.org\/{rel}","templated":true}]}}