{"id":9142,"date":"2018-12-25T13:21:45","date_gmt":"2018-12-25T12:21:45","guid":{"rendered":"http:\/\/physics.uwb.edu.pl\/wf\/?page_id=9142"},"modified":"2019-01-15T14:14:50","modified_gmt":"2019-01-15T13:14:50","slug":"inauguracja-roku-akademickiego-20172018-2-2","status":"publish","type":"page","link":"https:\/\/physics.uwb.edu.pl\/wf\/?page_id=9142","title":{"rendered":"Wsp\u00f3\u0142praca z I LO im. Adama Mickiewicza w Bia\u0142ymstoku"},"content":{"rendered":"<p><a href=\"https:\/\/www.kreatywnosc.pl\/\">Destination Imagination<\/a>&nbsp;to Olimpiada Kreatywno\u015bci skierowana do uczni\u00f3w &#8211; uczy rozwi\u0105zywania problem\u00f3w z dziedziny zagadnie\u0144 technicznych, naukowych, konstrukcyjnych, artystycznych, improwizacyjnych lub spo\u0142ecznych. 7-mio osobowa dru\u017cyna, pod kierownictwem Trenera wybiera sobie wyzwanie (jedno z wy\u017cej wymienionych) i stara si\u0119 rozwi\u0105za\u0107 zadany problem.<\/p>\n<p><a href=\"kreatywnosc.pl\"><img loading=\"lazy\" decoding=\"async\" class=\"alignnone size-full wp-image-9143\" src=\"http:\/\/physics.uwb.edu.pl\/wf\/wp-content\/uploads\/2019\/01\/destination-imagination.png\" alt=\"\" width=\"308\" height=\"80\" srcset=\"https:\/\/physics.uwb.edu.pl\/wf\/wp-content\/uploads\/2019\/01\/destination-imagination.png 308w, https:\/\/physics.uwb.edu.pl\/wf\/wp-content\/uploads\/2019\/01\/destination-imagination-150x39.png 150w, https:\/\/physics.uwb.edu.pl\/wf\/wp-content\/uploads\/2019\/01\/destination-imagination-300x78.png 300w\" sizes=\"auto, (max-width: 308px) 100vw, 308px\" \/><\/a><\/p>\n<p>Zg\u0142osi\u0142 si\u0119 do nas nasz absolwent \u2013 <strong>mgr Pawe\u0142 Andryszak<\/strong> &#8211; nauczyciel fizyki w I i w IV Liceum Og\u00f3lnokszta\u0142c\u0105cym w Bia\u0142ymstoku. Ju\u017c po <a href=\"https:\/\/ilo.pl\/projekty\/destination-imagination\">raz kolejny prowadzi<\/a> on grupk\u0119 zdolnych m\u0142odzie\u017cy ku zwyci\u0119stwu w Destination Imagination. Ma ju\u017c niema\u0142e sukcesy w tym konkursie \u2013 w 2016 roku jego dru\u017cyna 14SOCKS zdoby\u0142a Mistrzostwo Polski podczas Og\u00f3lnopolskiej Olimpiady Kreatywno\u015bci (kategoria techniczna) oraz Vice Mistrzostwo \u015awiata w Katarskiej Olimpiadzie Kreatywno\u015bci (konkurencja 24-godzina \u201eExtreme challenge\u201d). W tym roku jego podopieczni z <strong>I LO im. Adama Mickiewicza<\/strong> w Bia\u0142ymstoku spotkali si\u0119 z zagadnieniem zbudowania pojazdu lataj\u0105cego, sterowania nim i wykonania pewnej &#8220;misji&#8221;.<\/p>\n<p><img loading=\"lazy\" decoding=\"async\" class=\"alignnone size-full wp-image-9144\" src=\"http:\/\/physics.uwb.edu.pl\/wf\/wp-content\/uploads\/2019\/01\/less_than3.jpg\" alt=\"\" width=\"768\" height=\"432\" srcset=\"https:\/\/physics.uwb.edu.pl\/wf\/wp-content\/uploads\/2019\/01\/less_than3.jpg 768w, https:\/\/physics.uwb.edu.pl\/wf\/wp-content\/uploads\/2019\/01\/less_than3-150x84.jpg 150w, https:\/\/physics.uwb.edu.pl\/wf\/wp-content\/uploads\/2019\/01\/less_than3-300x169.jpg 300w\" sizes=\"auto, (max-width: 768px) 100vw, 768px\" \/><\/p>\n<p>Pawe\u0142 Andryszak przyprowadzi\u0142 swoich podopiecznych do nas &#8211;&nbsp;<strong>na Wydzia\u0142 Fizyki.&nbsp;<\/strong>Jest to \u015bwietny pomys\u0142 na wsp\u00f3\u0142prac\u0119 &#8211; gdy\u017c od 3 lat prowadzimy specjalno\u015b\u0107<a href=\"http:\/\/physics.uwb.edu.pl\/wf\/?page_id=786\"> Fizyka Gier Komputerowych i Robot<\/a><a href=\"https:\/\/ilo.pl\/projekty\/destination-imagination\"><img decoding=\"async\" class=\"alignleft\" src=\"https:\/\/ilo.pl\/images\/adas.png\" alt=\"Adam Mickiewicz\"><\/a>\u00f3w, ale mo\u017cemy sporo naucza\u0107 tak\u017ce m\u0142odszych ludzi. Na naszej specjalno\u015bci programujemy elektronik\u0119 i grafik\u0119, \u0142\u0105cz\u0105c to wszystko z fizyk\u0105. Dlatego zdolna m\u0142odzie\u017c z 1LO nie mog\u0142a lepiej trafi\u0107. Powy\u017cej zdj\u0119cie z pierwszych zaj\u0119\u0107, gdzie m\u0142odzie\u017c inwestuje sw\u00f3j czas w nauk\u0119 podstaw platformy Arduino. Warsztaty prowadzi dr Krzysztof Gawryluk, a o determinacji uczni\u00f3w niech \u015bwiadczy sam fakt, \u017ce pi\u0119\u0107 spotka\u0144 odby\u0142o si\u0119 mi\u0119dzy 24 grudnia 2018 r. a 4 stycznia 2019! Niekt\u00f3rzy aktywnie sp\u0119dzaj\u0105 czas ferii \u015bwi\u0105tecznych \ud83d\ude09<\/p>\n<p>\u017byczymy udanego startu dru\u017cynie z 1LO i gratulujemy trenerowi &#8211; mgr. Paw\u0142owi Andryszakowi pomys\u0142u przyprowadzenia m\u0142odzie\u017cy w\u0142a\u015bnie do nas, na Wydzia\u0142 Fizyki!<\/p>\n<p>&nbsp;<\/p>\n","protected":false},"excerpt":{"rendered":"<p>Destination Imagination&nbsp;to Olimpiada Kreatywno\u015bci skierowana do uczni\u00f3w &#8211; uczy rozwi\u0105zywania problem\u00f3w z dziedziny zagadnie\u0144 technicznych, naukowych, konstrukcyjnych, artystycznych, improwizacyjnych lub spo\u0142ecznych. 7-mio osobowa dru\u017cyna, pod kierownictwem Trenera wybiera sobie wyzwanie <a href=\"https:\/\/physics.uwb.edu.pl\/wf\/?page_id=9142\" class=\"more-link\">[&hellip;]<\/a><\/p>\n","protected":false},"author":5,"featured_media":9143,"parent":2744,"menu_order":0,"comment_status":"closed","ping_status":"closed","template":"","meta":{"ngg_post_thumbnail":0,"Layout":"1c","footnotes":""},"categories":[131],"tags":[],"class_list":["entry","author-gawryl","post-9142","page","type-page","status-publish","has-post-thumbnail","category-galeria_foto"],"jetpack_sharing_enabled":true,"jetpack_shortlink":"https:\/\/wp.me\/P7nvcn-2ns","_links":{"self":[{"href":"https:\/\/physics.uwb.edu.pl\/wf\/index.php?rest_route=\/wp\/v2\/pages\/9142","targetHints":{"allow":["GET"]}}],"collection":[{"href":"https:\/\/physics.uwb.edu.pl\/wf\/index.php?rest_route=\/wp\/v2\/pages"}],"about":[{"href":"https:\/\/physics.uwb.edu.pl\/wf\/index.php?rest_route=\/wp\/v2\/types\/page"}],"author":[{"embeddable":true,"href":"https:\/\/physics.uwb.edu.pl\/wf\/index.php?rest_route=\/wp\/v2\/users\/5"}],"replies":[{"embeddable":true,"href":"https:\/\/physics.uwb.edu.pl\/wf\/index.php?rest_route=%2Fwp%2Fv2%2Fcomments&post=9142"}],"version-history":[{"count":8,"href":"https:\/\/physics.uwb.edu.pl\/wf\/index.php?rest_route=\/wp\/v2\/pages\/9142\/revisions"}],"predecessor-version":[{"id":9152,"href":"https:\/\/physics.uwb.edu.pl\/wf\/index.php?rest_route=\/wp\/v2\/pages\/9142\/revisions\/9152"}],"up":[{"embeddable":true,"href":"https:\/\/physics.uwb.edu.pl\/wf\/index.php?rest_route=\/wp\/v2\/pages\/2744"}],"wp:featuredmedia":[{"embeddable":true,"href":"https:\/\/physics.uwb.edu.pl\/wf\/index.php?rest_route=\/wp\/v2\/media\/9143"}],"wp:attachment":[{"href":"https:\/\/physics.uwb.edu.pl\/wf\/index.php?rest_route=%2Fwp%2Fv2%2Fmedia&parent=9142"}],"wp:term":[{"taxonomy":"category","embeddable":true,"href":"https:\/\/physics.uwb.edu.pl\/wf\/index.php?rest_route=%2Fwp%2Fv2%2Fcategories&post=9142"},{"taxonomy":"post_tag","embeddable":true,"href":"https:\/\/physics.uwb.edu.pl\/wf\/index.php?rest_route=%2Fwp%2Fv2%2Ftags&post=9142"}],"curies":[{"name":"wp","href":"https:\/\/api.w.org\/{rel}","templated":true}]}}