{"id":9170,"date":"2019-01-17T10:19:30","date_gmt":"2019-01-17T09:19:30","guid":{"rendered":"http:\/\/physics.uwb.edu.pl\/wf\/?page_id=9170"},"modified":"2019-01-17T10:29:50","modified_gmt":"2019-01-17T09:29:50","slug":"o-marianie-smoluchowskim-w-setna-rocznice-smierci-2-2-2-2-2-4-3-2-2-2-2-2-2-2-3-3-2-3-2-2-2-2-3-2-2-2-2-2-2-2","status":"publish","type":"page","link":"https:\/\/physics.uwb.edu.pl\/wf\/?page_id=9170","title":{"rendered":"Wp\u0142yw sprz\u0119\u017cenia mi\u0119dzywarstwowego na uporz\u0105dkowanie magnetyczne i procesy magnesowania w ultracienkiej wielowarstwie Au\/Co\/Mo\/Co\/Au"},"content":{"rendered":"<h3><strong>Seminarium wydzia\u0142owe<br \/>\n<\/strong><\/h3>\n<p align=\"justify\">Dnia 2019-01-22 o godzinie 14:15 w sali 2011 Wydzia\u0142u Fizyki UwB odb\u0119dzie si\u0119 wyk\u0142ad, na kt\u00f3rym <strong>dr hab. Maria Tekielak<\/strong>&nbsp;prof. UwB z Zak\u0142adu Fizyki Magnetyk\u00f3w Wydzia\u0142u Fizyki UwB wyg\u0142osi wyk\u0142ad pt:<\/p>\n<h3 style=\"text-align: center\">&#8220;Wp\u0142yw sprz\u0119\u017cenia mi\u0119dzywarstwowego na uporz\u0105dkowanie magnetyczne i procesy magnesowania w ultracienkiej wielowarstwie Au\/Co\/Mo\/Co\/Au&#8221;<\/h3>\n<p style=\"text-align: right\">Serdecznie zapraszamy<\/p>\n<p style=\"text-align: right\">Andrzej Maziewski<\/p>\n<p style=\"text-align: justify\">W\u0142a\u015bciwo\u015bci magnetyczne uk\u0142ad\u00f3w z ultracienkimi warstwami Co zaprezentowane zostan\u0105 na przyk\u0142adzie wielowarstwy Au\/Co\/Mo\/Co\/Au. System ten wykazuje bogactwo konfiguracji magnetyzacji oraz sprz\u0119\u017ce\u0144 mi\u0119dzywarstwowych w zale\u017cno\u015bci od grubo\u015bci warstw kobaltu d<sub>Co<\/sub> oraz molibdenowej przek\u0142adki d<sub>Mo<\/sub>. W zakresie cienkiego Co (d<sub>Co<\/sub> &lt; 1.5 nm) namagnesowanie jest prostopad\u0142e do powierzchni, a rodzaj sprz\u0119\u017cenia oscyluje z grubo\u015bci\u0105 warstwy Mo pomi\u0119dzy ferromagnetycznym (F) i antyferromagnetycznym (AF). Maksimum pola sprz\u0119\u017cenia AF, si\u0119gaj\u0105ce 2.6 kOe (J = -0.3mJ\/m<sup>2<\/sup>), pojawia si\u0119 przy d<sub>Mo<\/sub> = 0,7 nm. Grubsze warstwy Co (3 nm), charakteryzuj\u0105ce si\u0119 namagnesowanem w p\u0142aszczy\u017anie, wykazuj\u0105 sprz\u0119\u017cenie F-AF-F. Struktura domen magnetycznych obu warstw Co, badana podczas procesu przemagnesowania, silnie koreluje z rodzajem i si\u0142\u0105 sprz\u0119\u017cenia. Modelowanie numeryczne, uwzgl\u0119dniaj\u0105ce pola anizotropii warstw Co oraz pole sprz\u0119\u017cenia mi\u0119dzywarstwowego, dobrze opisuje wyniki eksperymentalne.<\/p>\n<p><span class=\"gmail-s1\">&nbsp;<\/span><\/p>\n<p>&nbsp;<\/p>\n<p><span class=\"gmail-s1\">&nbsp;<\/span><\/p>\n","protected":false},"excerpt":{"rendered":"<p>Seminarium wydzia\u0142owe Dnia 2019-01-22 o godzinie 14:15 w sali 2011 Wydzia\u0142u Fizyki UwB odb\u0119dzie si\u0119 wyk\u0142ad, na kt\u00f3rym dr hab. Maria Tekielak&nbsp;prof. UwB z Zak\u0142adu Fizyki Magnetyk\u00f3w Wydzia\u0142u Fizyki UwB <a href=\"https:\/\/physics.uwb.edu.pl\/wf\/?page_id=9170\" class=\"more-link\">[&hellip;]<\/a><\/p>\n","protected":false},"author":14,"featured_media":3366,"parent":822,"menu_order":0,"comment_status":"closed","ping_status":"closed","template":"","meta":{"ngg_post_thumbnail":0,"Layout":"","footnotes":""},"categories":[69],"tags":[],"class_list":["entry","author-ulag","post-9170","page","type-page","status-publish","has-post-thumbnail","category-seminarium_pl"],"jetpack_sharing_enabled":true,"jetpack_shortlink":"https:\/\/wp.me\/P7nvcn-2nU","_links":{"self":[{"href":"https:\/\/physics.uwb.edu.pl\/wf\/index.php?rest_route=\/wp\/v2\/pages\/9170","targetHints":{"allow":["GET"]}}],"collection":[{"href":"https:\/\/physics.uwb.edu.pl\/wf\/index.php?rest_route=\/wp\/v2\/pages"}],"about":[{"href":"https:\/\/physics.uwb.edu.pl\/wf\/index.php?rest_route=\/wp\/v2\/types\/page"}],"author":[{"embeddable":true,"href":"https:\/\/physics.uwb.edu.pl\/wf\/index.php?rest_route=\/wp\/v2\/users\/14"}],"replies":[{"embeddable":true,"href":"https:\/\/physics.uwb.edu.pl\/wf\/index.php?rest_route=%2Fwp%2Fv2%2Fcomments&post=9170"}],"version-history":[{"count":2,"href":"https:\/\/physics.uwb.edu.pl\/wf\/index.php?rest_route=\/wp\/v2\/pages\/9170\/revisions"}],"predecessor-version":[{"id":9173,"href":"https:\/\/physics.uwb.edu.pl\/wf\/index.php?rest_route=\/wp\/v2\/pages\/9170\/revisions\/9173"}],"up":[{"embeddable":true,"href":"https:\/\/physics.uwb.edu.pl\/wf\/index.php?rest_route=\/wp\/v2\/pages\/822"}],"wp:featuredmedia":[{"embeddable":true,"href":"https:\/\/physics.uwb.edu.pl\/wf\/index.php?rest_route=\/wp\/v2\/media\/3366"}],"wp:attachment":[{"href":"https:\/\/physics.uwb.edu.pl\/wf\/index.php?rest_route=%2Fwp%2Fv2%2Fmedia&parent=9170"}],"wp:term":[{"taxonomy":"category","embeddable":true,"href":"https:\/\/physics.uwb.edu.pl\/wf\/index.php?rest_route=%2Fwp%2Fv2%2Fcategories&post=9170"},{"taxonomy":"post_tag","embeddable":true,"href":"https:\/\/physics.uwb.edu.pl\/wf\/index.php?rest_route=%2Fwp%2Fv2%2Ftags&post=9170"}],"curies":[{"name":"wp","href":"https:\/\/api.w.org\/{rel}","templated":true}]}}