{"id":9175,"date":"2018-11-28T11:28:30","date_gmt":"2018-11-28T10:28:30","guid":{"rendered":"http:\/\/physics.uwb.edu.pl\/wf\/?page_id=9175"},"modified":"2019-01-17T12:33:22","modified_gmt":"2019-01-17T11:33:22","slug":"east-games-united-2-2-2","status":"publish","type":"page","link":"https:\/\/physics.uwb.edu.pl\/wf\/?page_id=9175","title":{"rendered":"Ewolucja gwiazd &#8211; wizyta w ZSM w Bia\u0142ymstoku (&#8220;mechaniak&#8221;)"},"content":{"rendered":"<div>W ramach Tygodnia Nauk Humanistycznych zaproszono do naszej szko\u0142y mgr.&nbsp;<strong>Jaros\u0142awa Ryszkiewicza<\/strong>, doktoranta trzeciego roku z Wydzia\u0142u Fizyki Uniwersytetu w Bia\u0142ymstoku. Poprowadzi\u0142 on prelekcj\u0119 na temat &#8220;<strong>Ewolucja gwiazd<\/strong>&#8220;. Pan Jaros\u0142aw szczeg\u00f3\u0142owo i ciekawie om\u00f3wi\u0142 oraz pokaza\u0142 nam, jak przebiega \u017cycie gwiazd we Wszech\u015bwiecie. W prelekcji uczestniczy\u0142y klasy 1ts2 oraz 1tm2 wraz z opiekunami.<\/div>\n<div><img loading=\"lazy\" decoding=\"async\" class=\"alignnone size-large wp-image-9176\" src=\"http:\/\/physics.uwb.edu.pl\/wf\/wp-content\/uploads\/2019\/01\/20181128-mechaniak-tydzien_nauk_hum-JarekRyszkiewicz-1024x768.jpg\" alt=\"\" width=\"1024\" height=\"768\" srcset=\"https:\/\/physics.uwb.edu.pl\/wf\/wp-content\/uploads\/2019\/01\/20181128-mechaniak-tydzien_nauk_hum-JarekRyszkiewicz-1024x768.jpg 1024w, https:\/\/physics.uwb.edu.pl\/wf\/wp-content\/uploads\/2019\/01\/20181128-mechaniak-tydzien_nauk_hum-JarekRyszkiewicz-150x113.jpg 150w, https:\/\/physics.uwb.edu.pl\/wf\/wp-content\/uploads\/2019\/01\/20181128-mechaniak-tydzien_nauk_hum-JarekRyszkiewicz-300x225.jpg 300w, https:\/\/physics.uwb.edu.pl\/wf\/wp-content\/uploads\/2019\/01\/20181128-mechaniak-tydzien_nauk_hum-JarekRyszkiewicz-175x131.jpg 175w, https:\/\/physics.uwb.edu.pl\/wf\/wp-content\/uploads\/2019\/01\/20181128-mechaniak-tydzien_nauk_hum-JarekRyszkiewicz-667x500.jpg 667w, https:\/\/physics.uwb.edu.pl\/wf\/wp-content\/uploads\/2019\/01\/20181128-mechaniak-tydzien_nauk_hum-JarekRyszkiewicz.jpg 2048w\" sizes=\"auto, (max-width: 1024px) 100vw, 1024px\" \/><\/div>\n<div class=\"field field-name-body field-type-text-with-summary field-label-hidden\">\n<div class=\"field-items\">\n<div class=\"field-item even\">\n<p>Spotkanie odby\u0142o si\u0119 28 listopada 2018 r., a jego organizatorem by\u0142a pani Ewa Szyma\u0144czuk.<\/p>\n<div>&nbsp;<\/div>\n<\/div>\n<\/div>\n<\/div>\n","protected":false},"excerpt":{"rendered":"<p>W ramach Tygodnia Nauk Humanistycznych zaproszono do naszej szko\u0142y mgr.&nbsp;Jaros\u0142awa Ryszkiewicza, doktoranta trzeciego roku z Wydzia\u0142u Fizyki Uniwersytetu w Bia\u0142ymstoku. Poprowadzi\u0142 on prelekcj\u0119 na temat &#8220;Ewolucja gwiazd&#8220;. Pan Jaros\u0142aw szczeg\u00f3\u0142owo <a href=\"https:\/\/physics.uwb.edu.pl\/wf\/?page_id=9175\" class=\"more-link\">[&hellip;]<\/a><\/p>\n","protected":false},"author":5,"featured_media":9176,"parent":2744,"menu_order":0,"comment_status":"closed","ping_status":"closed","template":"","meta":{"ngg_post_thumbnail":0,"Layout":"1c","footnotes":""},"categories":[131,35],"tags":[],"class_list":["entry","author-gawryl","post-9175","page","type-page","status-publish","has-post-thumbnail","category-galeria_foto","category-popularyzacja_pl"],"jetpack_sharing_enabled":true,"jetpack_shortlink":"https:\/\/wp.me\/P7nvcn-2nZ","_links":{"self":[{"href":"https:\/\/physics.uwb.edu.pl\/wf\/index.php?rest_route=\/wp\/v2\/pages\/9175","targetHints":{"allow":["GET"]}}],"collection":[{"href":"https:\/\/physics.uwb.edu.pl\/wf\/index.php?rest_route=\/wp\/v2\/pages"}],"about":[{"href":"https:\/\/physics.uwb.edu.pl\/wf\/index.php?rest_route=\/wp\/v2\/types\/page"}],"author":[{"embeddable":true,"href":"https:\/\/physics.uwb.edu.pl\/wf\/index.php?rest_route=\/wp\/v2\/users\/5"}],"replies":[{"embeddable":true,"href":"https:\/\/physics.uwb.edu.pl\/wf\/index.php?rest_route=%2Fwp%2Fv2%2Fcomments&post=9175"}],"version-history":[{"count":1,"href":"https:\/\/physics.uwb.edu.pl\/wf\/index.php?rest_route=\/wp\/v2\/pages\/9175\/revisions"}],"predecessor-version":[{"id":9177,"href":"https:\/\/physics.uwb.edu.pl\/wf\/index.php?rest_route=\/wp\/v2\/pages\/9175\/revisions\/9177"}],"up":[{"embeddable":true,"href":"https:\/\/physics.uwb.edu.pl\/wf\/index.php?rest_route=\/wp\/v2\/pages\/2744"}],"wp:featuredmedia":[{"embeddable":true,"href":"https:\/\/physics.uwb.edu.pl\/wf\/index.php?rest_route=\/wp\/v2\/media\/9176"}],"wp:attachment":[{"href":"https:\/\/physics.uwb.edu.pl\/wf\/index.php?rest_route=%2Fwp%2Fv2%2Fmedia&parent=9175"}],"wp:term":[{"taxonomy":"category","embeddable":true,"href":"https:\/\/physics.uwb.edu.pl\/wf\/index.php?rest_route=%2Fwp%2Fv2%2Fcategories&post=9175"},{"taxonomy":"post_tag","embeddable":true,"href":"https:\/\/physics.uwb.edu.pl\/wf\/index.php?rest_route=%2Fwp%2Fv2%2Ftags&post=9175"}],"curies":[{"name":"wp","href":"https:\/\/api.w.org\/{rel}","templated":true}]}}