{"id":9201,"date":"2019-02-06T14:18:57","date_gmt":"2019-02-06T13:18:57","guid":{"rendered":"http:\/\/physics.uwb.edu.pl\/wf\/?page_id=9201"},"modified":"2019-02-06T14:24:15","modified_gmt":"2019-02-06T13:24:15","slug":"ogloszenie-2-2-2-2-2-2-2-2-2-2-2","status":"publish","type":"page","link":"https:\/\/physics.uwb.edu.pl\/wf\/?page_id=9201","title":{"rendered":"Fizycy z Uniwersytetu w Bia\u0142ymstoku odkryli nowe mo\u017cliwo\u015bci fotomagnetycznego zapisu 3D"},"content":{"rendered":"<p><strong>Wyniki bada\u0144 mi\u0119dzynarodowego zespo\u0142u fizyk\u00f3w, pod kierunkiem dr. hab. Andrzeja Stupakiewicza, prof. UwB z Zak\u0142adu Fizyki Magnetyk\u00f3w Wydzia\u0142u Fizyki, zosta\u0142y opublikowane w presti\u017cowym czasopi\u015bmie \u201eNature Communications\u201d.<\/strong><\/p>\n<p>Artyku\u0142 prezentuje now\u0105 koncepcj\u0119 selektywnego ultraszybkiego zapisu kom\u00f3rek magnetycznych w warstwie granatu z domieszk\u0105 jon\u00f3w kobaltu. Zapis odbywa si\u0119 przy zastosowaniu wy\u0142\u0105cznie ultrakr\u00f3tkich impuls\u00f3w laserowych z kombinacj\u0105 parametr\u00f3w optycznych, takich jak polaryzacja, d\u0142ugo\u015b\u0107 fali oraz nat\u0119\u017cenie \u015bwiat\u0142a. Jak m\u00f3wi dr hab. Andrzej Stupakiewicz, prof. UwB, ta unikalna mo\u017cliwo\u015b\u0107 otwiera drog\u0119 do \u201efotomagnetycznego zapisu 3D\u201d, co pozwoli\u0142oby jeszcze efektywniej wykorzysta\u0107 \u015bwiat\u0142o do zapisu informacji w pami\u0119ciach cyfrowych.<\/p>\n<p><a href=\"https:\/\/www.nature.com\/articles\/nature20807\">Uzyskane wyniki to kontynuacja bada\u0144 opublikowanych w 2017 roku w \u201eNature\u201d<\/a>. <a href=\"http:\/\/physics.uwb.edu.pl\/wf\/?page_id=4171\">Metoda zimnego ultraszybkiego zapisu informacji, odkryta przez fizyk\u00f3w z Uniwersytetu w Bia\u0142ymstoku, pozostaje nadal najszybsz\u0105 i najbardziej wydajn\u0105 metod\u0105 do zapisu przy pomocy \u015bwiat\u0142a<\/a>.<\/p>\n<p><em>&#8211; Teraz zweryfikowali\u015bmy kolejn\u0105 hipotez\u0119 naukow\u0105 opart\u0105 na oryginalnych pomys\u0142ach, kt\u00f3re powsta\u0142y w Bia\u0142ymstoku \u2013 <\/em>m\u00f3wi dr hab. Andrzej Stupakiewicz, prof. UwB. I dodaje:<em> \u2013 Tym razem opracowali\u015bmy mechanizm selektywnej aktywacji kom\u00f3rek jon\u00f3w kobaltu o r\u00f3\u017cnej symetrii krystalograficznej. W ten spos\u00f3b zaprezentowali\u015bmy, jak bardziej efektywnie ni\u017c dotychczas mo\u017cna prze\u0142\u0105czy\u0107 magnetyzacj\u0119 w trakcie zapisu. <\/em><\/p>\n<p>Jak t\u0142umacz\u0105 autorzy publikacji, mechanizm pozwalaj\u0105cy na zapis jest zwi\u0105zany z niezwykle efektywnym rezonansowym wzbudzeniem optycznym okre\u015blonych przej\u015b\u0107 elektronowych w warstwie granatu. Fizycy wst\u0119pnie szacuj\u0105, \u017ce nawet jeden foton mo\u017ce prze\u0142\u0105czy\u0107 magnetyzacj\u0119 kom\u00f3rek kobaltu o obj\u0119to\u015bci zaledwie 28 nm<sup>3 <\/sup>(nanometr\u00f3w sze\u015bciennych). Dla por\u00f3wnania warto przypomnie\u0107, i\u017c w najbardziej pojemnych obecnie terabajtowych dyskach HDD, zapisywana kom\u00f3rka bitowa ma obj\u0119to\u015b\u0107 oko\u0142o 4000 nm<sup>3<\/sup>.<\/p>\n<p>Dzi\u0119ki zastosowaniu \u201ezapisu 3D\u201d konkretny obszar warstwy mo\u017ce by\u0107 kodowany przez wi\u0105zk\u0119 \u015bwiat\u0142a o okre\u015blonej kombinacji parametr\u00f3w, wykorzystuj\u0105c optyczne pasmo telekomunikacyjne. W przysz\u0142ej technologii zapisu fotomagnetycznego mo\u017cna b\u0119dzie zastosowa\u0107 miniaturowe lasery \u015bwiat\u0142owodowe zar\u00f3wno do zapisu, jak i do transferu zapisanej informacji cyfrowej z wykorzystaniem ju\u017c istniej\u0105cej infrastruktury transmisji optycznej.<\/p>\n<p>Publikacja jest efektem mi\u0119dzynarodowej wsp\u00f3\u0142pracy naukowc\u00f3w z Zak\u0142adu Fizyki Magnetyk\u00f3w UwB z fizykami z Nijmegen (Holandia) i Moskwy. Warto te\u017c podkre\u015bli\u0107, \u017ce jednym z autor\u00f3w publikacji w \u201eNature\u201d (zar\u00f3wno tej z 2017 r., jak i obecnej) jest absolwent Wydzia\u0142u Fizyki Uniwersytetu w Bia\u0142ymstoku, dr Krzysztof Szerenos, obecnie przebywaj\u0105cy na sta\u017cu podoktorskim na Uniwersytecie w Nijmegen.<\/p>\n<p>Badania zosta\u0142y zrealizowane przy wsparciu Fundacji na rzecz Nauki Polskiej ze \u015brodk\u00f3w pochodz\u0105cych z Programu Operacyjnego Inteligentny Rozw\u00f3j 2014-2020 w ramach projektu TEAM, kt\u00f3rym kieruje dr hab. Andrzej Stupakiewicz, prof. UwB.<\/p>\n<p>Link do artyku\u0142u: <a href=\"https:\/\/www.nature.com\/articles\/s41467-019-08458-w\">https:\/\/www.nature.com\/articles\/s41467-019-08458-w<\/a><\/p>\n","protected":false},"excerpt":{"rendered":"<p>Wyniki bada\u0144 mi\u0119dzynarodowego zespo\u0142u fizyk\u00f3w, pod kierunkiem dr. hab. Andrzeja Stupakiewicza, prof. UwB z Zak\u0142adu Fizyki Magnetyk\u00f3w Wydzia\u0142u Fizyki, zosta\u0142y opublikowane w presti\u017cowym czasopi\u015bmie \u201eNature Communications\u201d. Artyku\u0142 prezentuje now\u0105 koncepcj\u0119 <a href=\"https:\/\/physics.uwb.edu.pl\/wf\/?page_id=9201\" class=\"more-link\">[&hellip;]<\/a><\/p>\n","protected":false},"author":14,"featured_media":9202,"parent":713,"menu_order":0,"comment_status":"closed","ping_status":"closed","template":"","meta":{"ngg_post_thumbnail":0,"Layout":"","footnotes":""},"categories":[27,23],"tags":[],"class_list":["entry","author-ulag","post-9201","page","type-page","status-publish","has-post-thumbnail","category-post_news_pl","category-student_pl"],"jetpack_sharing_enabled":true,"jetpack_shortlink":"https:\/\/wp.me\/P7nvcn-2op","_links":{"self":[{"href":"https:\/\/physics.uwb.edu.pl\/wf\/index.php?rest_route=\/wp\/v2\/pages\/9201","targetHints":{"allow":["GET"]}}],"collection":[{"href":"https:\/\/physics.uwb.edu.pl\/wf\/index.php?rest_route=\/wp\/v2\/pages"}],"about":[{"href":"https:\/\/physics.uwb.edu.pl\/wf\/index.php?rest_route=\/wp\/v2\/types\/page"}],"author":[{"embeddable":true,"href":"https:\/\/physics.uwb.edu.pl\/wf\/index.php?rest_route=\/wp\/v2\/users\/14"}],"replies":[{"embeddable":true,"href":"https:\/\/physics.uwb.edu.pl\/wf\/index.php?rest_route=%2Fwp%2Fv2%2Fcomments&post=9201"}],"version-history":[{"count":3,"href":"https:\/\/physics.uwb.edu.pl\/wf\/index.php?rest_route=\/wp\/v2\/pages\/9201\/revisions"}],"predecessor-version":[{"id":9206,"href":"https:\/\/physics.uwb.edu.pl\/wf\/index.php?rest_route=\/wp\/v2\/pages\/9201\/revisions\/9206"}],"up":[{"embeddable":true,"href":"https:\/\/physics.uwb.edu.pl\/wf\/index.php?rest_route=\/wp\/v2\/pages\/713"}],"wp:featuredmedia":[{"embeddable":true,"href":"https:\/\/physics.uwb.edu.pl\/wf\/index.php?rest_route=\/wp\/v2\/media\/9202"}],"wp:attachment":[{"href":"https:\/\/physics.uwb.edu.pl\/wf\/index.php?rest_route=%2Fwp%2Fv2%2Fmedia&parent=9201"}],"wp:term":[{"taxonomy":"category","embeddable":true,"href":"https:\/\/physics.uwb.edu.pl\/wf\/index.php?rest_route=%2Fwp%2Fv2%2Fcategories&post=9201"},{"taxonomy":"post_tag","embeddable":true,"href":"https:\/\/physics.uwb.edu.pl\/wf\/index.php?rest_route=%2Fwp%2Fv2%2Ftags&post=9201"}],"curies":[{"name":"wp","href":"https:\/\/api.w.org\/{rel}","templated":true}]}}