{"id":9296,"date":"2019-03-06T11:50:23","date_gmt":"2019-03-06T10:50:23","guid":{"rendered":"http:\/\/physics.uwb.edu.pl\/wf\/?page_id=9296"},"modified":"2019-03-06T13:07:51","modified_gmt":"2019-03-06T12:07:51","slug":"xiv-podlaski-festiwal-nauki-i-sztuki-3","status":"publish","type":"page","link":"https:\/\/physics.uwb.edu.pl\/wf\/?page_id=9296","title":{"rendered":"Marcowe spotkania z nauk\u0105"},"content":{"rendered":"<p><img loading=\"lazy\" decoding=\"async\" class=\"alignnone size-large wp-image-9298\" src=\"http:\/\/physics.uwb.edu.pl\/wf\/wp-content\/uploads\/2019\/03\/macowe_spotkania_z_nauka2019-1024x369.png\" alt=\"\" width=\"1024\" height=\"369\" srcset=\"https:\/\/physics.uwb.edu.pl\/wf\/wp-content\/uploads\/2019\/03\/macowe_spotkania_z_nauka2019-1024x369.png 1024w, https:\/\/physics.uwb.edu.pl\/wf\/wp-content\/uploads\/2019\/03\/macowe_spotkania_z_nauka2019-150x54.png 150w, https:\/\/physics.uwb.edu.pl\/wf\/wp-content\/uploads\/2019\/03\/macowe_spotkania_z_nauka2019-300x108.png 300w, https:\/\/physics.uwb.edu.pl\/wf\/wp-content\/uploads\/2019\/03\/macowe_spotkania_z_nauka2019-1025x369.png 1025w, https:\/\/physics.uwb.edu.pl\/wf\/wp-content\/uploads\/2019\/03\/macowe_spotkania_z_nauka2019.png 1082w\" sizes=\"auto, (max-width: 1024px) 100vw, 1024px\" \/><\/p>\n<p><strong>Co to takiego?&nbsp;<\/strong>To&nbsp;Dni&nbsp;Otwarte na Kampusie UwB &#8211; czyli zapraszamy na wydzia\u0142 Biologiczno-Chemiczny, Matematyki i Informatyki oraz na Wydzia\u0142 Fizyki. Nikt nie powie, \u017ce w takim uk\u0142adzie nie znajdzie czego\u015b dla siebie \ud83d\ude09<\/p>\n<p><strong>Kiedy?<\/strong> 21-23 marzec 2019<\/p>\n<p><strong>Co si\u0119 b\u0119dzie dzia\u0107?&nbsp;<\/strong>Zapraszamy na<\/p>\n<ol>\n<li>Warsztaty (zaj\u0119cia laboratoryjne), w trakcie kt\u00f3rych uczestnicy b\u0119d\u0105 mogli zobaczy\u0107 oraz wykona\u0107 samodzielnie do\u015bwiadczenia pod czujnym okiem pracownik\u00f3w i student\u00f3w (30-45 min.).<\/li>\n<li>Prezentacje stolikowe, gdzie b\u0119dzie mo\u017cna i wykona\u0107 ciekawe eksperymenty.<\/li>\n<li>Wycieczki po Instytucie Chemii, Instytucie Biologii, Wydziale Fizyki oraz Wydziale Matematyki i Informatyki wraz z Uniwersyteckim Centrum Obliczeniowym, w trakcie kt\u00f3rych b\u0119dzie mo\u017cna zobaczy\u0107 laboratoria i unikaln\u0105 aparatur\u0119 naukowo-badawcz\u0105 oraz us\u0142ysze\u0107 o badaniach jakie s\u0105 tam prowadzone.<\/li>\n<li>Chemiczny pokaz, z okazji Obchod\u00f3w 100-lecia Polskiego Towarzystwa Chemicznego.<\/li>\n<li>Wyk\u0142ady popularnonaukowe na temat chemii w \u017cyciu codziennym i prezentacje o Wydziale Biologiczno-Chemicznym, Wydziale Fizyki oraz Wydziale Matematyki i Informatyki .<\/li>\n<li>Chemiczne lody i dymi\u0105ce chrupki \u2013 dla odwa\u017cnych.<\/li>\n<li>Konkursy oraz zabawy z nagrodami dla dzieci i doros\u0142ych w 150 rocznic\u0119 powstania Uk\u0142adu Okresowego Pierwiastk\u00f3w.<\/li>\n<li>Liczne atrakcje przygotowane przez sponsor\u00f3w.<\/li>\n<\/ol>\n<p><strong>Rejestracja?<\/strong>&nbsp;Pocz\u0105tek rejestracji (przez www) od 11 marca 2019 r., od godz. 10:00<\/p>\n<p><strong>Wi\u0119cej informacji? <\/strong><strong><a href=\"http:\/\/dniotwarte.uwb.edu.pl\/\" target=\"_blank\" rel=\"noopener\">http:\/\/dniotwarte.uwb.edu.pl\/<\/a><\/strong><\/p>\n","protected":false},"excerpt":{"rendered":"<p>Co to takiego?&nbsp;To&nbsp;Dni&nbsp;Otwarte na Kampusie UwB &#8211; czyli zapraszamy na wydzia\u0142 Biologiczno-Chemiczny, Matematyki i Informatyki oraz na Wydzia\u0142 Fizyki. Nikt nie powie, \u017ce w takim uk\u0142adzie nie znajdzie czego\u015b dla <a href=\"https:\/\/physics.uwb.edu.pl\/wf\/?page_id=9296\" class=\"more-link\">[&hellip;]<\/a><\/p>\n","protected":false},"author":5,"featured_media":9298,"parent":305,"menu_order":1,"comment_status":"closed","ping_status":"closed","template":"","meta":{"ngg_post_thumbnail":0,"Layout":"","footnotes":""},"categories":[35],"tags":[],"class_list":["entry","author-gawryl","post-9296","page","type-page","status-publish","has-post-thumbnail","category-popularyzacja_pl"],"jetpack_sharing_enabled":true,"jetpack_shortlink":"https:\/\/wp.me\/P7nvcn-2pW","_links":{"self":[{"href":"https:\/\/physics.uwb.edu.pl\/wf\/index.php?rest_route=\/wp\/v2\/pages\/9296","targetHints":{"allow":["GET"]}}],"collection":[{"href":"https:\/\/physics.uwb.edu.pl\/wf\/index.php?rest_route=\/wp\/v2\/pages"}],"about":[{"href":"https:\/\/physics.uwb.edu.pl\/wf\/index.php?rest_route=\/wp\/v2\/types\/page"}],"author":[{"embeddable":true,"href":"https:\/\/physics.uwb.edu.pl\/wf\/index.php?rest_route=\/wp\/v2\/users\/5"}],"replies":[{"embeddable":true,"href":"https:\/\/physics.uwb.edu.pl\/wf\/index.php?rest_route=%2Fwp%2Fv2%2Fcomments&post=9296"}],"version-history":[{"count":2,"href":"https:\/\/physics.uwb.edu.pl\/wf\/index.php?rest_route=\/wp\/v2\/pages\/9296\/revisions"}],"predecessor-version":[{"id":9300,"href":"https:\/\/physics.uwb.edu.pl\/wf\/index.php?rest_route=\/wp\/v2\/pages\/9296\/revisions\/9300"}],"up":[{"embeddable":true,"href":"https:\/\/physics.uwb.edu.pl\/wf\/index.php?rest_route=\/wp\/v2\/pages\/305"}],"wp:featuredmedia":[{"embeddable":true,"href":"https:\/\/physics.uwb.edu.pl\/wf\/index.php?rest_route=\/wp\/v2\/media\/9298"}],"wp:attachment":[{"href":"https:\/\/physics.uwb.edu.pl\/wf\/index.php?rest_route=%2Fwp%2Fv2%2Fmedia&parent=9296"}],"wp:term":[{"taxonomy":"category","embeddable":true,"href":"https:\/\/physics.uwb.edu.pl\/wf\/index.php?rest_route=%2Fwp%2Fv2%2Fcategories&post=9296"},{"taxonomy":"post_tag","embeddable":true,"href":"https:\/\/physics.uwb.edu.pl\/wf\/index.php?rest_route=%2Fwp%2Fv2%2Ftags&post=9296"}],"curies":[{"name":"wp","href":"https:\/\/api.w.org\/{rel}","templated":true}]}}