{"id":9301,"date":"2019-02-27T11:53:59","date_gmt":"2019-02-27T10:53:59","guid":{"rendered":"http:\/\/physics.uwb.edu.pl\/wf\/?page_id=9301"},"modified":"2019-03-06T12:09:59","modified_gmt":"2019-03-06T11:09:59","slug":"east-games-united-2-2-3","status":"publish","type":"page","link":"https:\/\/physics.uwb.edu.pl\/wf\/?page_id=9301","title":{"rendered":"Prezentacje Edukacyjno \u2013 Doradcze \u201eUczelnie w powiecie\u201d &#8212; Siemiatycze"},"content":{"rendered":"<p>W dniu 27-02-2019 r. uczestniczyli\u015bmy w Prezentacjach Edukacyjno \u2013 Doradczych \u201eUczelnie w powiecie\u201d &#8211; odwiedzili\u015bmy Siemiatycze.<\/p>\n<p>Ide\u0105 cyklu imprez pt. &#8220;Uczelnie w powiecie&#8221; jest dostarczenie uczniom szk\u00f3\u0142 ponadpodstawowych, g\u0142\u00f3wnie maturzystom, wyczerpuj\u0105cej informacji o warunkach i mo\u017cliwo\u015bciach kontynuowania nauki po uko\u0144czeniu szko\u0142y \u015bredniej. Na stoisku Wydzia\u0142u Fizyki UwB mo\u017cna by\u0142o obejrze\u0107 proste &#8220;zabawki&#8221; elektroniczne, kt\u00f3re zaprojektowali, zrobili i zaprogramowali sami studenci naszego Wydzia\u0142u. Mo\u017cna by\u0142o wi\u0119c si\u0119 przyjrze\u0107 z bliska jak jest to wszystko po\u0142\u0105czone i popyta\u0107 o szczeg\u00f3\u0142y. Szczeg\u00f3lnym zainteresowaniem cieszy\u0142a si\u0119 &#8220;gra refleks&#8221; i jest to \u015bwietny przyk\u0142ad prostego wykorzystania wiedzy zdobywanej na studiach, w szczeg\u00f3lno\u015bci na nowej specjalizacji <a href=\"http:\/\/gry.fizyka.uwb.edu.pl\">Fizyka Gier Komputerowych i Robot\u00f3w<\/a>.&nbsp;<\/p>\n<p><img loading=\"lazy\" decoding=\"async\" class=\"alignnone wp-image-9302 size-large\" src=\"http:\/\/physics.uwb.edu.pl\/wf\/wp-content\/uploads\/2019\/03\/DSC_9938-1024x632.jpg\" alt=\"\" width=\"1024\" height=\"632\" srcset=\"https:\/\/physics.uwb.edu.pl\/wf\/wp-content\/uploads\/2019\/03\/DSC_9938-1024x632.jpg 1024w, https:\/\/physics.uwb.edu.pl\/wf\/wp-content\/uploads\/2019\/03\/DSC_9938-150x93.jpg 150w, https:\/\/physics.uwb.edu.pl\/wf\/wp-content\/uploads\/2019\/03\/DSC_9938-300x185.jpg 300w, https:\/\/physics.uwb.edu.pl\/wf\/wp-content\/uploads\/2019\/03\/DSC_9938-810x500.jpg 810w\" sizes=\"auto, (max-width: 1024px) 100vw, 1024px\" \/><\/p>\n<p>Stoisko informacyjne Wydzia\u0142u Fizyki obs\u0142ugiwali mgr Wojciech Dobrogowski oraz mgr Jaros\u0142aw Ryszkiewicz (doktorant 3-ciego roku). Trzeba zauwa\u017cy\u0107, \u017ce byli\u015bmy zaskoczeni organizacj\u0105 tej imprezy w Siemiatyczach &#8211; tym razem wszystkie uczelnie wystawia\u0142y si\u0119&#8230; na korytarzu a uczniowie mieli mo\u017cliwo\u015b\u0107 odwiedzania nas tylko podczas przerw. Brak &#8220;sali gimnastycznej&#8221; oraz &#8220;wycieczek&#8221; do stoisk podczas regularnych lekcji by\u0142 niemi\u0142ym zaskoczeniem.<\/p>\n<p>Przypominamy, \u017ce zainteresowani uczniowie maj\u0105 <strong>mo\u017cliwo\u015b\u0107 odwiedzania nas<\/strong>&nbsp;w Kampusie UwB &#8211; wystarczy uczestniczy\u0107 w oferowanych przez nas zaj\u0119ciach. Mo\u017cna wi\u0119c nam\u00f3wi\u0107 swojego nauczyciela wycieczk\u0119 do naszego Wydzia\u0142u na lekcj\u0119 fizyki (cykl <a href=\"http:\/\/physics.uwb.edu.pl\/wf\/?page_id=745\">Pokazy z fizyki<\/a>), lub te\u017c <strong>indywidualnie<\/strong> odwiedzi\u0107 nas na wyk\u0142adach <a href=\"http:\/\/physics.uwb.edu.pl\/wf\/?page_id=789\">Polskiego Towarzystwa Fizycznego<\/a>. Zach\u0119camy do polubienia naszego <a href=\"https:\/\/www.facebook.com\/WydzialFizykiUwB\/\">profilu na Facebooku<\/a>&nbsp; i wypatrywania dodatkowych okazji do spotkania &#8211; nied\u0142ugo odb\u0119d\u0105 si\u0119 Dni Wydzia\u0142u wi\u0119c warto tego nie przeoczy\u0107.<\/p>\n<p>Dzi\u0119kujemy wszystkim uczestnikom targ\u00f3w za zainteresowanie nasz\u0105 ofert\u0105 edukacyjn\u0105 i zapraszamy do odwiedzania nas.<\/p>\n","protected":false},"excerpt":{"rendered":"<p>W dniu 27-02-2019 r. uczestniczyli\u015bmy w Prezentacjach Edukacyjno \u2013 Doradczych \u201eUczelnie w powiecie\u201d &#8211; odwiedzili\u015bmy Siemiatycze. Ide\u0105 cyklu imprez pt. &#8220;Uczelnie w powiecie&#8221; jest dostarczenie uczniom szk\u00f3\u0142 ponadpodstawowych, g\u0142\u00f3wnie maturzystom, <a href=\"https:\/\/physics.uwb.edu.pl\/wf\/?page_id=9301\" class=\"more-link\">[&hellip;]<\/a><\/p>\n","protected":false},"author":5,"featured_media":9302,"parent":2744,"menu_order":0,"comment_status":"closed","ping_status":"closed","template":"","meta":{"ngg_post_thumbnail":0,"Layout":"1c","footnotes":""},"categories":[131,35],"tags":[],"class_list":["entry","author-gawryl","post-9301","page","type-page","status-publish","has-post-thumbnail","category-galeria_foto","category-popularyzacja_pl"],"jetpack_sharing_enabled":true,"jetpack_shortlink":"https:\/\/wp.me\/P7nvcn-2q1","_links":{"self":[{"href":"https:\/\/physics.uwb.edu.pl\/wf\/index.php?rest_route=\/wp\/v2\/pages\/9301","targetHints":{"allow":["GET"]}}],"collection":[{"href":"https:\/\/physics.uwb.edu.pl\/wf\/index.php?rest_route=\/wp\/v2\/pages"}],"about":[{"href":"https:\/\/physics.uwb.edu.pl\/wf\/index.php?rest_route=\/wp\/v2\/types\/page"}],"author":[{"embeddable":true,"href":"https:\/\/physics.uwb.edu.pl\/wf\/index.php?rest_route=\/wp\/v2\/users\/5"}],"replies":[{"embeddable":true,"href":"https:\/\/physics.uwb.edu.pl\/wf\/index.php?rest_route=%2Fwp%2Fv2%2Fcomments&post=9301"}],"version-history":[{"count":1,"href":"https:\/\/physics.uwb.edu.pl\/wf\/index.php?rest_route=\/wp\/v2\/pages\/9301\/revisions"}],"predecessor-version":[{"id":9304,"href":"https:\/\/physics.uwb.edu.pl\/wf\/index.php?rest_route=\/wp\/v2\/pages\/9301\/revisions\/9304"}],"up":[{"embeddable":true,"href":"https:\/\/physics.uwb.edu.pl\/wf\/index.php?rest_route=\/wp\/v2\/pages\/2744"}],"wp:featuredmedia":[{"embeddable":true,"href":"https:\/\/physics.uwb.edu.pl\/wf\/index.php?rest_route=\/wp\/v2\/media\/9302"}],"wp:attachment":[{"href":"https:\/\/physics.uwb.edu.pl\/wf\/index.php?rest_route=%2Fwp%2Fv2%2Fmedia&parent=9301"}],"wp:term":[{"taxonomy":"category","embeddable":true,"href":"https:\/\/physics.uwb.edu.pl\/wf\/index.php?rest_route=%2Fwp%2Fv2%2Fcategories&post=9301"},{"taxonomy":"post_tag","embeddable":true,"href":"https:\/\/physics.uwb.edu.pl\/wf\/index.php?rest_route=%2Fwp%2Fv2%2Ftags&post=9301"}],"curies":[{"name":"wp","href":"https:\/\/api.w.org\/{rel}","templated":true}]}}