{"id":9305,"date":"2019-02-25T12:10:39","date_gmt":"2019-02-25T11:10:39","guid":{"rendered":"http:\/\/physics.uwb.edu.pl\/wf\/?page_id=9305"},"modified":"2019-03-06T12:23:59","modified_gmt":"2019-03-06T11:23:59","slug":"east-games-united-2-2-3-2","status":"publish","type":"page","link":"https:\/\/physics.uwb.edu.pl\/wf\/?page_id=9305","title":{"rendered":"Prezentacje Edukacyjno \u2013 Doradcze \u201eUczelnie w powiecie\u201d &#8212; Sok\u00f3\u0142ka"},"content":{"rendered":"<p>W dniu 25-02-2019 r. uczestniczyli\u015bmy w Prezentacjach Edukacyjno \u2013 Doradczych \u201eUczelnie w powiecie\u201d &#8211; wsp\u00f3lnie z Dzie\u0142em Rekrutacji UwB odwiedzili\u015bmy Sok\u00f3\u0142k\u0119.<\/p>\n<p>Cykl imprez pt. &#8220;Uczelnie w powiecie&#8221; adresowany jest g\u0142\u00f3wnie do maturzyst\u00f3w chc\u0105cych kontynuowa\u0107 nauk\u0119 na studiach. Jaki kierunek wybra\u0107? Co oferuje dany wydzia\u0142? Jaka jest perspektywa znalezienia pracy po uko\u0144czeniu konkretnej specjalizacji? &#8211; na te pytania mo\u017cna by\u0142o znale\u017a\u0107 odpowied\u017a w trakcie Prezentacji Edukacyjno &#8211; Doradczych.&nbsp; Na stoisku Wydzia\u0142u Fizyki UwB mo\u017cna by\u0142o obejrze\u0107 proste &#8220;zabawki&#8221; elektroniczne powsta\u0142ych na nowej specjalizacji <a href=\"http:\/\/gry.fizyka.uwb.edu.pl\">Fizyka Gier Komputerowych i Robot\u00f3w<\/a>.&nbsp; Mo\u017cna by\u0142o wi\u0119c si\u0119 przyjrze\u0107 z bliska jak jest to wszystko po\u0142\u0105czone i popyta\u0107 o szczeg\u00f3\u0142y. Szczeg\u00f3lnym zainteresowaniem cieszy\u0142a si\u0119 &#8220;gra refleks&#8221; i jest to \u015bwietny przyk\u0142ad prostego wykorzystania wiedzy zdobywanej na studiach.<\/p>\n<p><img loading=\"lazy\" decoding=\"async\" class=\"alignnone wp-image-9306 size-large\" src=\"http:\/\/physics.uwb.edu.pl\/wf\/wp-content\/uploads\/2019\/03\/zdj_42-2-1024x683.jpg\" alt=\"\" width=\"1024\" height=\"683\" srcset=\"https:\/\/physics.uwb.edu.pl\/wf\/wp-content\/uploads\/2019\/03\/zdj_42-2.jpg 1024w, https:\/\/physics.uwb.edu.pl\/wf\/wp-content\/uploads\/2019\/03\/zdj_42-2-150x100.jpg 150w, https:\/\/physics.uwb.edu.pl\/wf\/wp-content\/uploads\/2019\/03\/zdj_42-2-300x200.jpg 300w, https:\/\/physics.uwb.edu.pl\/wf\/wp-content\/uploads\/2019\/03\/zdj_42-2-600x400.jpg 600w, https:\/\/physics.uwb.edu.pl\/wf\/wp-content\/uploads\/2019\/03\/zdj_42-2-750x500.jpg 750w, https:\/\/physics.uwb.edu.pl\/wf\/wp-content\/uploads\/2019\/03\/zdj_42-2-272x182.jpg 272w\" sizes=\"auto, (max-width: 1024px) 100vw, 1024px\" \/><\/p>\n<h6>(zdj\u0119cie:&nbsp;http:\/\/sokolka-powiat.pl\/2019\/02\/25\/uczelnie-w-powiecie-2\/)<\/h6>\n<p>Stoisko informacyjne Wydzia\u0142u Fizyki obs\u0142ugiwali dr Marek Brancewicz oraz dr Andrzej Pisarski.&nbsp;Na zako\u0144czenie imprezy zosta\u0142y wr\u0119czone nagrody za najciekawsze stanowisko\/prezentacj\u0119. Nagrod\u0119 Starosty Sok\u00f3lskiego Piotra Re\u0107ko otrzyma\u0142 przedstawiciel Uniwersytetu w Bia\u0142ymstoku (brawo!), Pa\u0144stwowej Wy\u017cszej Szko\u0142y w Suwa\u0142kach oraz Politechniki Bia\u0142ostockiej (gratulujemy!).&nbsp;<\/p>\n<p>Dzi\u0119kujemy wszystkim uczestnikom targ\u00f3w za zainteresowanie nasz\u0105 ofert\u0105 edukacyjn\u0105 i zapraszamy do odwiedzania nas&nbsp;na lekcj\u0119 fizyki (cykl <a href=\"http:\/\/physics.uwb.edu.pl\/wf\/?page_id=745\">Pokazy z fizyki<\/a>), lub te\u017c <strong>indywidualnie<\/strong> odwiedzi\u0107 nas na wyk\u0142adach <a href=\"http:\/\/physics.uwb.edu.pl\/wf\/?page_id=789\">Polskiego Towarzystwa Fizycznego<\/a>. Zach\u0119camy do polubienia naszego <a href=\"https:\/\/www.facebook.com\/WydzialFizykiUwB\/\">profilu na Facebooku<\/a>&nbsp; i wypatrywania dodatkowych okazji do spotkania &#8211; nied\u0142ugo odb\u0119d\u0105 si\u0119 Marcowe Spotkania z Nauk\u0105 wi\u0119c warto tego nie przeoczy\u0107.<\/p>\n","protected":false},"excerpt":{"rendered":"<p>W dniu 25-02-2019 r. uczestniczyli\u015bmy w Prezentacjach Edukacyjno \u2013 Doradczych \u201eUczelnie w powiecie\u201d &#8211; wsp\u00f3lnie z Dzie\u0142em Rekrutacji UwB odwiedzili\u015bmy Sok\u00f3\u0142k\u0119. Cykl imprez pt. &#8220;Uczelnie w powiecie&#8221; adresowany jest g\u0142\u00f3wnie <a href=\"https:\/\/physics.uwb.edu.pl\/wf\/?page_id=9305\" class=\"more-link\">[&hellip;]<\/a><\/p>\n","protected":false},"author":5,"featured_media":9306,"parent":2744,"menu_order":0,"comment_status":"closed","ping_status":"closed","template":"","meta":{"ngg_post_thumbnail":0,"Layout":"1c","footnotes":""},"categories":[131,35],"tags":[],"class_list":["entry","author-gawryl","post-9305","page","type-page","status-publish","has-post-thumbnail","category-galeria_foto","category-popularyzacja_pl"],"jetpack_sharing_enabled":true,"jetpack_shortlink":"https:\/\/wp.me\/P7nvcn-2q5","_links":{"self":[{"href":"https:\/\/physics.uwb.edu.pl\/wf\/index.php?rest_route=\/wp\/v2\/pages\/9305","targetHints":{"allow":["GET"]}}],"collection":[{"href":"https:\/\/physics.uwb.edu.pl\/wf\/index.php?rest_route=\/wp\/v2\/pages"}],"about":[{"href":"https:\/\/physics.uwb.edu.pl\/wf\/index.php?rest_route=\/wp\/v2\/types\/page"}],"author":[{"embeddable":true,"href":"https:\/\/physics.uwb.edu.pl\/wf\/index.php?rest_route=\/wp\/v2\/users\/5"}],"replies":[{"embeddable":true,"href":"https:\/\/physics.uwb.edu.pl\/wf\/index.php?rest_route=%2Fwp%2Fv2%2Fcomments&post=9305"}],"version-history":[{"count":4,"href":"https:\/\/physics.uwb.edu.pl\/wf\/index.php?rest_route=\/wp\/v2\/pages\/9305\/revisions"}],"predecessor-version":[{"id":9310,"href":"https:\/\/physics.uwb.edu.pl\/wf\/index.php?rest_route=\/wp\/v2\/pages\/9305\/revisions\/9310"}],"up":[{"embeddable":true,"href":"https:\/\/physics.uwb.edu.pl\/wf\/index.php?rest_route=\/wp\/v2\/pages\/2744"}],"wp:featuredmedia":[{"embeddable":true,"href":"https:\/\/physics.uwb.edu.pl\/wf\/index.php?rest_route=\/wp\/v2\/media\/9306"}],"wp:attachment":[{"href":"https:\/\/physics.uwb.edu.pl\/wf\/index.php?rest_route=%2Fwp%2Fv2%2Fmedia&parent=9305"}],"wp:term":[{"taxonomy":"category","embeddable":true,"href":"https:\/\/physics.uwb.edu.pl\/wf\/index.php?rest_route=%2Fwp%2Fv2%2Fcategories&post=9305"},{"taxonomy":"post_tag","embeddable":true,"href":"https:\/\/physics.uwb.edu.pl\/wf\/index.php?rest_route=%2Fwp%2Fv2%2Ftags&post=9305"}],"curies":[{"name":"wp","href":"https:\/\/api.w.org\/{rel}","templated":true}]}}