{"id":9327,"date":"2019-03-06T09:35:33","date_gmt":"2019-03-06T08:35:33","guid":{"rendered":"http:\/\/physics.uwb.edu.pl\/wf\/?page_id=9327"},"modified":"2019-03-14T11:51:31","modified_gmt":"2019-03-14T10:51:31","slug":"dzien-kobiet-2-2-2","status":"publish","type":"page","link":"https:\/\/physics.uwb.edu.pl\/wf\/?page_id=9327","title":{"rendered":"Studenckie Pogotowie Lekcyjne"},"content":{"rendered":"<p style=\"text-align: center\"><strong>Nab\u00f3r do Studenckiego Pogotowia Lekcyjnego.<br \/>\nZosta\u0144 wolontariuszem! Pom\u00f3\u017c dzieciakom! <\/strong><\/p>\n<p style=\"text-align: justify\"><strong>Chcesz podzieli\u0107 si\u0119 swoj\u0105 wiedz\u0105 i czasem? Chcesz zdoby\u0107 cenne do\u015bwiadczenie? Chcesz pom\u00f3c? Przy\u0142\u0105cz si\u0119 do kolejnego semestru akcji Studenckie Pogotowie Lekcyjne organizowanej przez Uniwersytet w Bia\u0142ymstoku we wsp\u00f3\u0142pracy z organizacjami charytatywnymi! Czekamy na student\u00f3w wszystkich kierunk\u00f3w. \u017bacy spoza UwB tak\u017ce mile widziani. <\/strong><\/p>\n<p>KOMU I W CZYM POMAGAMY?<\/p>\n<p style=\"text-align: justify\">Zapewniamy pomoc w odrabianiu lekcji podopiecznym \u015bwietlic socjoterapeutycznych prowadzonych przez&nbsp; CARITAS i ELEOS. Do tych plac\u00f3wek codziennie przychodz\u0105 dzieci i m\u0142odzie\u017c, kt\u00f3re przy pracach domowych zwykle nie mog\u0105 liczy\u0107 na pomoc najbli\u017cszych. To uczniowie szk\u00f3\u0142 podstawowych (wi\u0119kszo\u015b\u0107) i gimnazjalnych. Wielu z nich wychowuje si\u0119 w rodzinach dysfunkcyjnych albo w rodzinach niepe\u0142nych i ubogich. \u015awietlicowe grupy licz\u0105 zwykle kilkana\u015bcioro dzieci.<\/p>\n<p>JAK B\u0118DZIE WYGL\u0104DA\u0141A POMOC?<\/p>\n<p style=\"text-align: justify\">Organizujemy w \u015bwietlicach socjoterapeutycznych dy\u017cury student\u00f3w. Wolontariusze b\u0119d\u0105 dy\u017curowa\u0107 w wybranych plac\u00f3wkach raz w tygodniu (od poniedzia\u0142ku do pi\u0105tku), w godzinach popo\u0142udniowych, wed\u0142ug ustalonych z nimi grafik\u00f3w. Student\u00f3w b\u0119d\u0105 wspiera\u0107 zatrudnieni w \u015bwietlicach wykwalifikowani opiekunowie. Dy\u017cury potrwaj\u0105 do ko\u0144ca semestru.<\/p>\n<p>DLACZEGO WARTO W\u0141\u0104CZY\u0106 SI\u0118 DO AKCJI?<\/p>\n<p>Praca na rzecz dzieci to okazja do zdobycia bezcennych do\u015bwiadcze\u0144, wzmocnienia kompetencji interpersonalnych i sprawdzenia si\u0119 w kontakcie z innymi lud\u017ami. Niesienie pomocy potrzebuj\u0105cym daje satysfakcj\u0119, uczy empatii i wra\u017cliwo\u015bci na los innych.<\/p>\n<p>NA CO MOG\u0104 LICZY\u0106 WOLONTARIUSZE?<\/p>\n<p style=\"text-align: justify\">Pracownicy \u015bwietlic przeka\u017c\u0105 wolontariuszom niezb\u0119dne wskaz\u00f3wki i wyja\u015bni\u0105 specyfik\u0119 pracy ze swoimi podopiecznymi. Ka\u017cdy student, kt\u00f3ry w\u0142\u0105czy si\u0119 do akcji, po zako\u0144czeniu dy\u017cur\u00f3w mo\u017ce otrzyma\u0107 ze \u015bwietlicy za\u015bwiadczenie o pracy wolontariackiej, wraz z opisem zrealizowanych zada\u0144 i wymiarem godzin. Ka\u017cdy wolontariusz, kt\u00f3ry b\u0119dzie dy\u017curowa\u0142 sumiennie i systematycznie, na koniec roku akademickiego otrzyma dodatkowo pami\u0105tkowy certyfikat. Dokumenty te mog\u0105 przyda\u0107 si\u0119 przy staraniach o stypendium, sta\u017c czy prac\u0119.<\/p>\n<p>CO ZROBI\u0106, \u017bEBY W\u0141\u0104CZY\u0106 SI\u0118 DO AKCJI?<\/p>\n<p style=\"text-align: justify\">Trzeba <a href=\"http:\/\/physics.uwb.edu.pl\/wf\/wp-content\/uploads\/2019\/03\/KARTA-ZGLOSZENIA_2018_2019_letni.pdf\" target=\"_blank\" rel=\"noopener\"><strong>wype\u0142ni\u0107 kart\u0119 zg\u0142oszeniow\u0105<\/strong><\/a>, a w niej wskaza\u0107 miejsce i por\u0119 (dzie\u0144 tygodnia, godziny), w jakich chcesz i mo\u017cesz pomaga\u0107. <a href=\"http:\/\/physics.uwb.edu.pl\/wf\/wp-content\/uploads\/2019\/03\/KARTA-ZGLOSZENIA_2018_2019_letni.pdf\" target=\"_blank\" rel=\"noopener\"><strong>Kart\u0119 trzeba wys\u0142a\u0107 na adres: <\/strong><\/a><a href=\"mailto:pogotowie@uwb.edu.pl\"><strong>pogotowie@uwb.edu.pl<\/strong><\/a> <strong>do 14 marca 2019 r.<\/strong> W tytule maila wpisz <strong>\u201e<a href=\"http:\/\/physics.uwb.edu.pl\/wf\/wp-content\/uploads\/2019\/03\/KARTA-ZGLOSZENIA_2018_2019_letni.pdf\" target=\"_blank\" rel=\"noopener\">Zg\u0142oszenie<\/a>\u201d<\/strong>. Organizatorzy poinformuj\u0105 ci\u0119 o wynikach naboru i prze\u015bl\u0105 grafik dy\u017cur\u00f3w drog\u0105 mailow\u0105. <u>Dy\u017cury rozpoczn\u0105 si\u0119 18 marca<\/u>.<\/p>\n<p style=\"text-align: justify\">W przypadku, gdy t\u0119 sam\u0105 plac\u00f3wk\u0119 i ten sam termin dy\u017cur\u00f3w wska\u017ce wi\u0119ksza liczba zg\u0142aszaj\u0105cych si\u0119 student\u00f3w&nbsp; &#8211; o zakwalifikowaniu do udzia\u0142u w akcji b\u0119dzie decydowa\u0142a przede wszystkim kolejno\u015b\u0107 zg\u0142osze\u0144. Na ostateczny kszta\u0142t grafiku mo\u017ce mie\u0107 te\u017c wp\u0142yw kierunek studi\u00f3w i znajomo\u015b\u0107 j\u0119zyk\u00f3w obcych \u2013 chcemy zagwarantowa\u0107 podopiecznym \u015bwietlic mo\u017cliwie wszechstronn\u0105 pomoc. <strong>W pierwszej kolejno\u015bci do grafiku b\u0119d\u0105 wpisywane osoby, kt\u00f3re ju\u017c dy\u017curowa\u0142y w wybranej plac\u00f3wce<\/strong> \u2013 w tytule maila prosz\u0119 wpisa\u0107 <strong>\u201eZg\u0142oszenie \u2013 kontynuacja\u201d<\/strong>.<\/p>\n<p>UWAGA!<\/p>\n<p style=\"text-align: justify\"><strong>Wolontariat daje mn\u00f3stwo satysfakcji, ale wymaga wytrwa\u0142o\u015bci i konsekwencji. Podopieczni \u015bwietlic potrzebuj\u0105 pomocy systematycznej, dlatego czekamy na <u>przemy\u015blane zg\u0142oszenia<\/u>! <\/strong><\/p>\n","protected":false},"excerpt":{"rendered":"<p>Nab\u00f3r do Studenckiego Pogotowia Lekcyjnego. Zosta\u0144 wolontariuszem! Pom\u00f3\u017c dzieciakom! Chcesz podzieli\u0107 si\u0119 swoj\u0105 wiedz\u0105 i czasem? Chcesz zdoby\u0107 cenne do\u015bwiadczenie? Chcesz pom\u00f3c? Przy\u0142\u0105cz si\u0119 do kolejnego semestru akcji Studenckie Pogotowie <a href=\"https:\/\/physics.uwb.edu.pl\/wf\/?page_id=9327\" class=\"more-link\">[&hellip;]<\/a><\/p>\n","protected":false},"author":14,"featured_media":9330,"parent":119,"menu_order":0,"comment_status":"closed","ping_status":"closed","template":"","meta":{"ngg_post_thumbnail":0,"Layout":"","footnotes":""},"categories":[27],"tags":[],"class_list":["entry","author-ulag","post-9327","page","type-page","status-publish","has-post-thumbnail","category-post_news_pl"],"jetpack_sharing_enabled":true,"jetpack_shortlink":"https:\/\/wp.me\/P7nvcn-2qr","_links":{"self":[{"href":"https:\/\/physics.uwb.edu.pl\/wf\/index.php?rest_route=\/wp\/v2\/pages\/9327","targetHints":{"allow":["GET"]}}],"collection":[{"href":"https:\/\/physics.uwb.edu.pl\/wf\/index.php?rest_route=\/wp\/v2\/pages"}],"about":[{"href":"https:\/\/physics.uwb.edu.pl\/wf\/index.php?rest_route=\/wp\/v2\/types\/page"}],"author":[{"embeddable":true,"href":"https:\/\/physics.uwb.edu.pl\/wf\/index.php?rest_route=\/wp\/v2\/users\/14"}],"replies":[{"embeddable":true,"href":"https:\/\/physics.uwb.edu.pl\/wf\/index.php?rest_route=%2Fwp%2Fv2%2Fcomments&post=9327"}],"version-history":[{"count":1,"href":"https:\/\/physics.uwb.edu.pl\/wf\/index.php?rest_route=\/wp\/v2\/pages\/9327\/revisions"}],"predecessor-version":[{"id":9331,"href":"https:\/\/physics.uwb.edu.pl\/wf\/index.php?rest_route=\/wp\/v2\/pages\/9327\/revisions\/9331"}],"up":[{"embeddable":true,"href":"https:\/\/physics.uwb.edu.pl\/wf\/index.php?rest_route=\/wp\/v2\/pages\/119"}],"wp:featuredmedia":[{"embeddable":true,"href":"https:\/\/physics.uwb.edu.pl\/wf\/index.php?rest_route=\/wp\/v2\/media\/9330"}],"wp:attachment":[{"href":"https:\/\/physics.uwb.edu.pl\/wf\/index.php?rest_route=%2Fwp%2Fv2%2Fmedia&parent=9327"}],"wp:term":[{"taxonomy":"category","embeddable":true,"href":"https:\/\/physics.uwb.edu.pl\/wf\/index.php?rest_route=%2Fwp%2Fv2%2Fcategories&post=9327"},{"taxonomy":"post_tag","embeddable":true,"href":"https:\/\/physics.uwb.edu.pl\/wf\/index.php?rest_route=%2Fwp%2Fv2%2Ftags&post=9327"}],"curies":[{"name":"wp","href":"https:\/\/api.w.org\/{rel}","templated":true}]}}