{"id":9353,"date":"2019-03-14T11:36:04","date_gmt":"2019-03-14T10:36:04","guid":{"rendered":"http:\/\/physics.uwb.edu.pl\/wf\/?page_id=9353"},"modified":"2019-03-14T11:36:04","modified_gmt":"2019-03-14T10:36:04","slug":"erasmus-2-2-3","status":"publish","type":"page","link":"https:\/\/physics.uwb.edu.pl\/wf\/?page_id=9353","title":{"rendered":"Rekrutacja: wymagania"},"content":{"rendered":"<h2 style=\"text-align: center\">Wymagania<\/h2>\n<p><b>Kandydaci na wyjazdy w ramach programu Erasmus+ podlegaj\u0105 dwuetapowej procedurze kwalifikacyjnej:<\/b><\/p>\n<p>&nbsp;<\/p>\n<h4 style=\"text-align: center\">I. ETAP FORMALNY:<\/h4>\n<p>z\u0142o\u017cenie dokument\u00f3w w j\u0119zyku polskim <u>do ko\u0144ca marca ka\u017cdego roku<\/u> (konkretna data b\u0119dzie podana w p\u00f3\u017aniejszym terminie):<br \/>\n\u2022&nbsp;&nbsp; &nbsp;<b>CV<\/b> \u2013 zawiera informacje dotycz\u0105ce edukacji (<u>wskazanie aktualnego roku studi\u00f3w, kierunku, trybu<\/u>), praktyk, dodatkowych osi\u0105gni\u0119\u0107, zainteresowa\u0144, \u015bredniej z ostatniego roku studi\u00f3w<br \/>\n\u2022&nbsp;&nbsp; &nbsp;<b>list motywacyjny<\/b> &#8211; zawiera wyb\u00f3r uczelni partnerskiej wraz z uzasadnieniem (maksymalnie 1 strona tekstu); adresowany jest do Komisji Rekrutacyjnej Programu Erasmus + na Wydziale Fizyki Uniwersytetu w Bia\u0142ymstoku<\/p>\n<p>&nbsp;<\/p>\n<h4 style=\"text-align: center\">II. ROZMOWA KWALIFIKACYJNA<\/h4>\n<p>(Konkretna data rozmowy podana jest w p\u00f3\u017cniejszym terminie). Odbywa si\u0119 przed komisj\u0105 rekrutacyjn\u0105 z\u0142o\u017con\u0105 z koordynatora programu, przedstawiciela w\u0142adz dzieka\u0144skich, przedstawiciela student\u00f3w oraz osoby sprawdzaj\u0105cej znajomo\u015b\u0107 j\u0119zyka obcego. Przeprowadzana jest w j\u0119zyku obcym, w kt\u00f3rym odbywaj\u0105 si\u0119 studia na wybranej uczelni. Sprawdzana jest znajomo\u015b\u0107 j\u0119zyka pozwalaj\u0105ca na swobodn\u0105 komunikacj\u0119.<\/p>\n<p>Wyniki podane zostan\u0105 bezpo\u015brednio po przeprowadzeniu wszystkich rozm\u00f3w kwalifikacyjnych.<\/p>\n<p><b>Dokumenty nale\u017cy sk\u0142ada\u0107 do Wydzia\u0142owego Koordynatora Erasmus+&nbsp; <\/b><b>dr Krystyny Perzy\u0144skiej <\/b><\/p>\n<p>&#8211; osobi\u015bcie &#8211; pok. 1065<br \/>\n&#8211; via e-mail: <a href=\"mailto:k.perzynska@uwb.edu.pl\"><u>k.perzynska@uwb.edu.pl<\/u><\/a> podaj\u0105c w temacie: \u201eERASMUS+\u201d<\/p>\n<h3 style=\"text-align: center\">Zasady programu<\/h3>\n<ol>\n<li>Okres studi\u00f3w zaliczony za granic\u0105 jest uznany w ramach programu studi\u00f3w na Wydziale Fizyki.<\/li>\n<li>Przedmioty zaliczone za granic\u0105 s\u0105 uznawane na Wydziale Fizyki zgodnie z przyj\u0119tymi zasadami i systemem ECTS.<\/li>\n<li>Stypendysta otrzymuje wsparcie finansowe z programu Erasmus+ w postaci comiesi\u0119cznego stypendium. W zale\u017cno\u015bci od kraju, w kt\u00f3rym znajduje si\u0119 uczelnia partnerska kwota stypendium waha si\u0119 pomi\u0119dzy 300 i 500 Euro\/miesi\u0105c. W przypadku wyjazdu na praktyk\u0119 stypendium wynosi odpowiednio: 400-600 Euro\/miesi\u0105c.<\/li>\n<li>Osoby w trudnej sytuacji materialnej mog\u0105 otrzyma\u0107 z bud\u017cetu przyznanego uczelni dodatkowo 200 Euro na ka\u017cdy miesi\u0105c pobytu. Do uzyskania dodatku socjalnego kwalifikowane s\u0105 osoby, kt\u00f3re w momencie z\u0142o\u017cenia wniosku o wyjazd posiada\u0142y prawo do stypendium socjalnego na Uniwersytecie w Bia\u0142ymstoku.<\/li>\n<li>Studenci ze \u015bredni\u0105 ocen powy\u017cej 4,0 mog\u0105 ubiega\u0107 si\u0119 o wsparcie Dziekana Wydzia\u0142u Fizyki w zakresie pokrycia cz\u0119\u015bci koszt\u00f3w dojazdu na uczelni\u0119 przyjmuj\u0105c\u0105.<\/li>\n<\/ol>\n","protected":false},"excerpt":{"rendered":"<p>Wymagania Kandydaci na wyjazdy w ramach programu Erasmus+ podlegaj\u0105 dwuetapowej procedurze kwalifikacyjnej: &nbsp; I. ETAP FORMALNY: z\u0142o\u017cenie dokument\u00f3w w j\u0119zyku polskim do ko\u0144ca marca ka\u017cdego roku (konkretna data b\u0119dzie podana <a href=\"https:\/\/physics.uwb.edu.pl\/wf\/?page_id=9353\" class=\"more-link\">[&hellip;]<\/a><\/p>\n","protected":false},"author":14,"featured_media":730,"parent":729,"menu_order":40,"comment_status":"closed","ping_status":"closed","template":"","meta":{"ngg_post_thumbnail":0,"Layout":"1c","footnotes":""},"categories":[23],"tags":[],"class_list":["entry","author-ulag","post-9353","page","type-page","status-publish","has-post-thumbnail","category-student_pl"],"jetpack_sharing_enabled":true,"jetpack_shortlink":"https:\/\/wp.me\/P7nvcn-2qR","_links":{"self":[{"href":"https:\/\/physics.uwb.edu.pl\/wf\/index.php?rest_route=\/wp\/v2\/pages\/9353","targetHints":{"allow":["GET"]}}],"collection":[{"href":"https:\/\/physics.uwb.edu.pl\/wf\/index.php?rest_route=\/wp\/v2\/pages"}],"about":[{"href":"https:\/\/physics.uwb.edu.pl\/wf\/index.php?rest_route=\/wp\/v2\/types\/page"}],"author":[{"embeddable":true,"href":"https:\/\/physics.uwb.edu.pl\/wf\/index.php?rest_route=\/wp\/v2\/users\/14"}],"replies":[{"embeddable":true,"href":"https:\/\/physics.uwb.edu.pl\/wf\/index.php?rest_route=%2Fwp%2Fv2%2Fcomments&post=9353"}],"version-history":[{"count":1,"href":"https:\/\/physics.uwb.edu.pl\/wf\/index.php?rest_route=\/wp\/v2\/pages\/9353\/revisions"}],"predecessor-version":[{"id":9354,"href":"https:\/\/physics.uwb.edu.pl\/wf\/index.php?rest_route=\/wp\/v2\/pages\/9353\/revisions\/9354"}],"up":[{"embeddable":true,"href":"https:\/\/physics.uwb.edu.pl\/wf\/index.php?rest_route=\/wp\/v2\/pages\/729"}],"wp:featuredmedia":[{"embeddable":true,"href":"https:\/\/physics.uwb.edu.pl\/wf\/index.php?rest_route=\/wp\/v2\/media\/730"}],"wp:attachment":[{"href":"https:\/\/physics.uwb.edu.pl\/wf\/index.php?rest_route=%2Fwp%2Fv2%2Fmedia&parent=9353"}],"wp:term":[{"taxonomy":"category","embeddable":true,"href":"https:\/\/physics.uwb.edu.pl\/wf\/index.php?rest_route=%2Fwp%2Fv2%2Fcategories&post=9353"},{"taxonomy":"post_tag","embeddable":true,"href":"https:\/\/physics.uwb.edu.pl\/wf\/index.php?rest_route=%2Fwp%2Fv2%2Ftags&post=9353"}],"curies":[{"name":"wp","href":"https:\/\/api.w.org\/{rel}","templated":true}]}}