{"id":9368,"date":"2019-03-22T11:06:01","date_gmt":"2019-03-22T10:06:01","guid":{"rendered":"http:\/\/physics.uwb.edu.pl\/wf\/?page_id=9368"},"modified":"2019-03-22T11:06:01","modified_gmt":"2019-03-22T10:06:01","slug":"o-marianie-smoluchowskim-w-setna-rocznice-smierci-2-2-2-2-2-4-3-2-2-2-2-2-2-2-3-3-2-3-2-2-2-2-3-2-2-2-2-2-2-3-2-2-2-2-2-2","status":"publish","type":"page","link":"https:\/\/physics.uwb.edu.pl\/wf\/?page_id=9368","title":{"rendered":"Astrofotografia w praktyce &#8211; wiedza w pigu\u0142ce"},"content":{"rendered":"<h3><strong>Seminarium wydzia\u0142owe<br \/>\n<\/strong><\/h3>\n<p align=\"justify\">Dnia 2019-03-26 o godzinie 14:15 w sali 2011 Wydzia\u0142u Fizyki UwB odb\u0119dzie si\u0119 wyk\u0142ad, na kt\u00f3rym&nbsp;<strong>Wojciech Burzy\u0144ski z Polskiego Towarzystwa Mi\u0142o\u015bnik\u00f3w Astronomii <\/strong>wyg\u0142osi wyk\u0142ad pt:<\/p>\n<h3 style=\"text-align: center\"><span style=\"font-size: 28px\">&#8220;Astrofotografia w praktyce &#8211; wiedza w pigu\u0142ce&#8221; <\/span><\/h3>\n<p style=\"text-align: right\">Serdecznie zapraszamy<\/p>\n<p style=\"text-align: right\">Andrzej Maziewski<\/p>\n<p style=\"text-align: right\">&nbsp;<\/p>\n<p style=\"text-align: center\"><em><strong>Astrofotografia w praktyce &#8211; wiedza w pigu\u0142ce<\/strong><\/em><\/p>\n<p style=\"text-align: left\">Prezentacja porusza temat fotografowania nocnego nieba i znajduj\u0105cych si\u0119 na nim obiekt\u00f3w astronomicznych. Opisana b\u0119dzie metodyka oraz niezb\u0119dny sprz\u0119t do wykonania fotografii nieba.<\/p>\n<p style=\"text-align: justify\">Polskie Towarzystwo Mi\u0142o\u015bnik\u00f3w Astronomii jest jednym z najstarszych towarzystw naukowych w Polsce (powsta\u0142o w 1919-1921 roku). Oddzia\u0142 Bia\u0142ostocki PTMA od kilku lat wsp\u00f3\u0142pracuje z Wydzia\u0142em Fizyki UwB. PTMA zajmuje si\u0119 popularyzacj\u0105 astronomii, obserwacj\u0105 nieba. Jednym z ostatnich podlaskich wynik\u00f3w PTMA by\u0142o odkrycie gwiazdy zmiennej typu Delta Scuti. Fotografie nieba rozwieszone przy sali 2011 WF UwB zosta\u0142y wykonane przez cz\u0142onk\u00f3w PTMA i b\u0119d\u0105 wykorzystane w czasie tegorocznego Marcowego Spotkania z Nauk\u0105 21-23 III.<\/p>\n<p>&nbsp;<\/p>\n","protected":false},"excerpt":{"rendered":"<p>Seminarium wydzia\u0142owe Dnia 2019-03-26 o godzinie 14:15 w sali 2011 Wydzia\u0142u Fizyki UwB odb\u0119dzie si\u0119 wyk\u0142ad, na kt\u00f3rym&nbsp;Wojciech Burzy\u0144ski z Polskiego Towarzystwa Mi\u0142o\u015bnik\u00f3w Astronomii wyg\u0142osi wyk\u0142ad pt: &#8220;Astrofotografia w praktyce <a href=\"https:\/\/physics.uwb.edu.pl\/wf\/?page_id=9368\" class=\"more-link\">[&hellip;]<\/a><\/p>\n","protected":false},"author":14,"featured_media":3366,"parent":822,"menu_order":0,"comment_status":"closed","ping_status":"closed","template":"","meta":{"ngg_post_thumbnail":0,"Layout":"1c","footnotes":""},"categories":[69],"tags":[],"class_list":["entry","author-ulag","post-9368","page","type-page","status-publish","has-post-thumbnail","category-seminarium_pl"],"jetpack_sharing_enabled":true,"jetpack_shortlink":"https:\/\/wp.me\/P7nvcn-2r6","_links":{"self":[{"href":"https:\/\/physics.uwb.edu.pl\/wf\/index.php?rest_route=\/wp\/v2\/pages\/9368","targetHints":{"allow":["GET"]}}],"collection":[{"href":"https:\/\/physics.uwb.edu.pl\/wf\/index.php?rest_route=\/wp\/v2\/pages"}],"about":[{"href":"https:\/\/physics.uwb.edu.pl\/wf\/index.php?rest_route=\/wp\/v2\/types\/page"}],"author":[{"embeddable":true,"href":"https:\/\/physics.uwb.edu.pl\/wf\/index.php?rest_route=\/wp\/v2\/users\/14"}],"replies":[{"embeddable":true,"href":"https:\/\/physics.uwb.edu.pl\/wf\/index.php?rest_route=%2Fwp%2Fv2%2Fcomments&post=9368"}],"version-history":[{"count":1,"href":"https:\/\/physics.uwb.edu.pl\/wf\/index.php?rest_route=\/wp\/v2\/pages\/9368\/revisions"}],"predecessor-version":[{"id":9369,"href":"https:\/\/physics.uwb.edu.pl\/wf\/index.php?rest_route=\/wp\/v2\/pages\/9368\/revisions\/9369"}],"up":[{"embeddable":true,"href":"https:\/\/physics.uwb.edu.pl\/wf\/index.php?rest_route=\/wp\/v2\/pages\/822"}],"wp:featuredmedia":[{"embeddable":true,"href":"https:\/\/physics.uwb.edu.pl\/wf\/index.php?rest_route=\/wp\/v2\/media\/3366"}],"wp:attachment":[{"href":"https:\/\/physics.uwb.edu.pl\/wf\/index.php?rest_route=%2Fwp%2Fv2%2Fmedia&parent=9368"}],"wp:term":[{"taxonomy":"category","embeddable":true,"href":"https:\/\/physics.uwb.edu.pl\/wf\/index.php?rest_route=%2Fwp%2Fv2%2Fcategories&post=9368"},{"taxonomy":"post_tag","embeddable":true,"href":"https:\/\/physics.uwb.edu.pl\/wf\/index.php?rest_route=%2Fwp%2Fv2%2Ftags&post=9368"}],"curies":[{"name":"wp","href":"https:\/\/api.w.org\/{rel}","templated":true}]}}