{"id":9371,"date":"2019-03-13T10:44:15","date_gmt":"2019-03-13T09:44:15","guid":{"rendered":"http:\/\/physics.uwb.edu.pl\/wf\/?page_id=9371"},"modified":"2019-03-23T08:04:00","modified_gmt":"2019-03-23T07:04:00","slug":"east-games-united-2-2-3-3","status":"publish","type":"page","link":"https:\/\/physics.uwb.edu.pl\/wf\/?page_id=9371","title":{"rendered":"Gie\u0142da pomys\u0142\u00f3w na \u017cycie &#8212; \u0141om\u017ca"},"content":{"rendered":"<p>W dniu 13-03-2019 r. uczestniczyli\u015bmy w XIX Gie\u0142dzie pomys\u0142\u00f3w na \u017cycie zorganiozowanej przez III Liceum Og\u00f3lnokszta\u0142c\u0105cym w \u0141om\u017cy.<\/p>\n<p>To du\u017ca impreza adresowana do m\u0142odzie\u017cy &#8211; w tym roku prezentowali si\u0119: Akademia Marynarki Wojennej im. Bohater\u00f3w Westerplatte w Gdyni, Politechnika Bia\u0142ostocka, Policealna Szko\u0142a Zawodowa nr 1 w \u0141om\u017cy, Niepa\u0144stwowa Wy\u017csza Szko\u0142a Pedagogiczna w Bia\u0142ymstoku, Wy\u017csza Szko\u0142a Finans\u00f3w i Zarz\u0105dzania w Bia\u0142ymstoku, Pa\u0144stwowa Wy\u017csza Szko\u0142a Informatyki i Przedsi\u0119biorczo\u015bci w \u0141om\u017cy, Wy\u017csza Szko\u0142a Agrobiznesu w \u0141om\u017cy, Wojskowa Akademia Techniczna w Warszawie, Wy\u017csza Szko\u0142a Administracji Publicznej w Ostro\u0142\u0119ce, Uniwersytet Warmi\u0144sko-Mazurski w Olsztynie &#8211; Wydzia\u0142 Nauk o \u015arodowisku, Wydzia\u0142 Biologii i Biotechnologii, Wydzia\u0142 Sztuki, Oxfordon Studia w Anglii, Uniwersytet Medyczny w Bia\u0142ymstoku, Uniwersytet Przyrodniczo &#8211; Humanistyczny w Siedlcach, Akademia Wychowania Fizycznego w Bia\u0142ej Podlaskiej, Uniwersytet Warszawski &#8211; Instytut Anglistyki, Uczelnia Ja\u0144skiego w \u0141om\u017cy, Wy\u017csza Szko\u0142a Gospodarki w Bydgoszczy &#8211; Wydzia\u0142 Gospodarki Turystycznej w E\u0142ku, Uniwersytet Warmi\u0144sko-Mazurski w Olsztynie, <strong>Uniwersytet w Bia\u0142ymstoku &#8211;&nbsp; Centrum Rekrutacji + Wydzia\u0142 Fizyki<\/strong> + Wydzia\u0142 Matematyki i Informatyki + Wydzia\u0142 Biologiczno &#8211; Chemiczny,&nbsp; Wy\u017csza Szko\u0142a Zawodowa Ochrony Zdrowia TWP w \u0141om\u017cy, Akademia Pedagogiki Specjalnej im. Marii Grzegorzewskiej w Warszawie, Akademia Sztuki Wojennej w Warszawie, Uniwersytet Kardyna\u0142a Stefana Wyszy\u0144skiego w Warszawie,&nbsp; Polsko &#8211; Japo\u0144ska Szko\u0142a Technik Komputerowych w Warszawie, Wy\u017csza Szko\u0142a Policji w Szczytnie, Wy\u017csza Szko\u0142a Kryminologii i Penitencjarystyki w Warszawie, Wy\u017csza Szko\u0142a Medyczna w Bia\u0142ymstoku, Wojskowa Komenda Uzupe\u0142nie\u0144 w \u0141om\u017cy oraz Szko\u0142a G\u0142\u00f3wna Gospodarstwa Wiejskiego w Warszawie.<\/p>\n<p>Wydzia\u0142 Fizyki reprezentowali nasi doktoranci &#8211; mgr Marta Kaczanowska oraz mgr Micha\u0142 Miszczy\u0144ski. Na stoisku Wydzia\u0142u Fizyki UwB mo\u017cna by\u0142o obejrze\u0107 prost\u0105 gr\u0119 elektroniczn\u0105 &#8220;Reflex&#8221; (kt\u00f3r\u0105 zaprojektowali, zrobili i zaprogramowali studenci naszego Wydzia\u0142u ze specjalno\u015bci <a href=\"http:\/\/gry.fizyka.uwb.edu.pl\">Fizyka Gier Komputerowych i Robot\u00f3w<\/a>) oraz gry komputerowe: Bilard i Symulator Samochodu (tak\u017ce autorstwa naszych student\u00f3w). O tym, ile w tych pracach jest fizyki opowiadali i wyja\u015bniali nasi doktoranci.<\/p>\n<p><img loading=\"lazy\" decoding=\"async\" class=\"alignnone wp-image-9372 size-medium\" src=\"http:\/\/physics.uwb.edu.pl\/wf\/wp-content\/uploads\/2019\/03\/20190313_095649-e1553324197538-169x300.jpg\" alt=\"\" width=\"169\" height=\"300\" srcset=\"https:\/\/physics.uwb.edu.pl\/wf\/wp-content\/uploads\/2019\/03\/20190313_095649-e1553324197538-169x300.jpg 169w, https:\/\/physics.uwb.edu.pl\/wf\/wp-content\/uploads\/2019\/03\/20190313_095649-e1553324197538-576x1024.jpg 576w, https:\/\/physics.uwb.edu.pl\/wf\/wp-content\/uploads\/2019\/03\/20190313_095649-e1553324197538-281x500.jpg 281w\" sizes=\"auto, (max-width: 169px) 100vw, 169px\" \/> <img loading=\"lazy\" decoding=\"async\" class=\"alignnone wp-image-9373 \" src=\"http:\/\/physics.uwb.edu.pl\/wf\/wp-content\/uploads\/2019\/03\/20190313_130144-300x169.jpg\" alt=\"\" width=\"533\" height=\"300\" srcset=\"https:\/\/physics.uwb.edu.pl\/wf\/wp-content\/uploads\/2019\/03\/20190313_130144-300x169.jpg 300w, https:\/\/physics.uwb.edu.pl\/wf\/wp-content\/uploads\/2019\/03\/20190313_130144-150x84.jpg 150w, https:\/\/physics.uwb.edu.pl\/wf\/wp-content\/uploads\/2019\/03\/20190313_130144-1024x576.jpg 1024w, https:\/\/physics.uwb.edu.pl\/wf\/wp-content\/uploads\/2019\/03\/20190313_130144-889x500.jpg 889w\" sizes=\"auto, (max-width: 533px) 100vw, 533px\" \/><\/p>\n<p>Dzi\u0119kujemy wszystkim uczestnikom targ\u00f3w za zainteresowanie nasz\u0105 ofert\u0105 edukacyjn\u0105 i zapraszamy do odwiedzania nas.<\/p>\n","protected":false},"excerpt":{"rendered":"<p>W dniu 13-03-2019 r. uczestniczyli\u015bmy w XIX Gie\u0142dzie pomys\u0142\u00f3w na \u017cycie zorganiozowanej przez III Liceum Og\u00f3lnokszta\u0142c\u0105cym w \u0141om\u017cy. To du\u017ca impreza adresowana do m\u0142odzie\u017cy &#8211; w tym roku prezentowali si\u0119: <a href=\"https:\/\/physics.uwb.edu.pl\/wf\/?page_id=9371\" class=\"more-link\">[&hellip;]<\/a><\/p>\n","protected":false},"author":5,"featured_media":9372,"parent":2744,"menu_order":0,"comment_status":"closed","ping_status":"closed","template":"","meta":{"ngg_post_thumbnail":0,"Layout":"1c","footnotes":""},"categories":[131,35],"tags":[],"class_list":["entry","author-gawryl","post-9371","page","type-page","status-publish","has-post-thumbnail","category-galeria_foto","category-popularyzacja_pl"],"jetpack_sharing_enabled":true,"jetpack_shortlink":"https:\/\/wp.me\/P7nvcn-2r9","_links":{"self":[{"href":"https:\/\/physics.uwb.edu.pl\/wf\/index.php?rest_route=\/wp\/v2\/pages\/9371","targetHints":{"allow":["GET"]}}],"collection":[{"href":"https:\/\/physics.uwb.edu.pl\/wf\/index.php?rest_route=\/wp\/v2\/pages"}],"about":[{"href":"https:\/\/physics.uwb.edu.pl\/wf\/index.php?rest_route=\/wp\/v2\/types\/page"}],"author":[{"embeddable":true,"href":"https:\/\/physics.uwb.edu.pl\/wf\/index.php?rest_route=\/wp\/v2\/users\/5"}],"replies":[{"embeddable":true,"href":"https:\/\/physics.uwb.edu.pl\/wf\/index.php?rest_route=%2Fwp%2Fv2%2Fcomments&post=9371"}],"version-history":[{"count":3,"href":"https:\/\/physics.uwb.edu.pl\/wf\/index.php?rest_route=\/wp\/v2\/pages\/9371\/revisions"}],"predecessor-version":[{"id":9376,"href":"https:\/\/physics.uwb.edu.pl\/wf\/index.php?rest_route=\/wp\/v2\/pages\/9371\/revisions\/9376"}],"up":[{"embeddable":true,"href":"https:\/\/physics.uwb.edu.pl\/wf\/index.php?rest_route=\/wp\/v2\/pages\/2744"}],"wp:featuredmedia":[{"embeddable":true,"href":"https:\/\/physics.uwb.edu.pl\/wf\/index.php?rest_route=\/wp\/v2\/media\/9372"}],"wp:attachment":[{"href":"https:\/\/physics.uwb.edu.pl\/wf\/index.php?rest_route=%2Fwp%2Fv2%2Fmedia&parent=9371"}],"wp:term":[{"taxonomy":"category","embeddable":true,"href":"https:\/\/physics.uwb.edu.pl\/wf\/index.php?rest_route=%2Fwp%2Fv2%2Fcategories&post=9371"},{"taxonomy":"post_tag","embeddable":true,"href":"https:\/\/physics.uwb.edu.pl\/wf\/index.php?rest_route=%2Fwp%2Fv2%2Ftags&post=9371"}],"curies":[{"name":"wp","href":"https:\/\/api.w.org\/{rel}","templated":true}]}}