{"id":9377,"date":"2019-03-16T10:06:32","date_gmt":"2019-03-16T09:06:32","guid":{"rendered":"http:\/\/physics.uwb.edu.pl\/wf\/?page_id=9377"},"modified":"2019-04-09T15:56:13","modified_gmt":"2019-04-09T13:56:13","slug":"east-games-united-2-2-3-3-2","status":"publish","type":"page","link":"https:\/\/physics.uwb.edu.pl\/wf\/?page_id=9377","title":{"rendered":"Warsztaty dla LO w Mo\u0144kach"},"content":{"rendered":"<p>W dniu 16-03-2019 r. rozpocz\u0119\u0142y si\u0119 warsztaty z fizyki dla uczni\u00f3w Liceum Og\u00f3lnokszta\u0142c\u0105cego w Mo\u0144kach. Z inicjatyw\u0105 wyst\u0105pi\u0142 wicedyrektor szko\u0142y Dariusz Hry\u0144, kt\u00f3ry postara\u0142 si\u0119 o zorganizowanie finansowania dla swoich uczni\u00f3w (projekt &#8220;Wymagane kompetencje&#8221;). Zaj\u0119cia obejmuj\u0105 spotkania w trzech blokach tematycznych:<\/p>\n<ol>\n<li>Eksperymenty fizyczne sterowane komputerem (prowadzi mgr W. Dobrogowski),<\/li>\n<li>Klasyczne eksperymenty fizyczne (prowadzi mgr P. Chomienia) oraz<\/li>\n<li>Arduino w sterowaniu obwodami pr\u0105du (prowadzi dr K. Gawryluk).<\/li>\n<\/ol>\n<p>ngg_shortcode_0_placeholderJak wida\u0107 wszystko &#8220;kr\u0119ci si\u0119&#8221; wok\u00f3\u0142 fizyki uczonej nowocze\u015bnie, przy pomocy komputera. Warsztaty to spotkania w soboty (w godz. 10-15) i dotycz\u0105 trzech grup uczni\u00f3w, kt\u00f3rzy przyje\u017cd\u017caj\u0105 do Wydzia\u0142uFizyki do Kampusie UwB. Gratulujemy zaanga\u017cowania uczni\u00f3w oraz dyrekcji!<\/p>\n<p>&nbsp;<\/p>\n","protected":false},"excerpt":{"rendered":"<p>W dniu 16-03-2019 r. rozpocz\u0119\u0142y si\u0119 warsztaty z fizyki dla uczni\u00f3w Liceum Og\u00f3lnokszta\u0142c\u0105cego w Mo\u0144kach. Z inicjatyw\u0105 wyst\u0105pi\u0142 wicedyrektor szko\u0142y Dariusz Hry\u0144, kt\u00f3ry postara\u0142 si\u0119 o zorganizowanie finansowania dla swoich <a href=\"https:\/\/physics.uwb.edu.pl\/wf\/?page_id=9377\" class=\"more-link\">[&hellip;]<\/a><\/p>\n","protected":false},"author":5,"featured_media":9379,"parent":2744,"menu_order":0,"comment_status":"closed","ping_status":"closed","template":"","meta":{"ngg_post_thumbnail":0,"Layout":"1c","footnotes":""},"categories":[131,35],"tags":[],"class_list":["entry","author-gawryl","post-9377","page","type-page","status-publish","has-post-thumbnail","category-galeria_foto","category-popularyzacja_pl"],"jetpack_sharing_enabled":true,"jetpack_shortlink":"https:\/\/wp.me\/P7nvcn-2rf","_links":{"self":[{"href":"https:\/\/physics.uwb.edu.pl\/wf\/index.php?rest_route=\/wp\/v2\/pages\/9377","targetHints":{"allow":["GET"]}}],"collection":[{"href":"https:\/\/physics.uwb.edu.pl\/wf\/index.php?rest_route=\/wp\/v2\/pages"}],"about":[{"href":"https:\/\/physics.uwb.edu.pl\/wf\/index.php?rest_route=\/wp\/v2\/types\/page"}],"author":[{"embeddable":true,"href":"https:\/\/physics.uwb.edu.pl\/wf\/index.php?rest_route=\/wp\/v2\/users\/5"}],"replies":[{"embeddable":true,"href":"https:\/\/physics.uwb.edu.pl\/wf\/index.php?rest_route=%2Fwp%2Fv2%2Fcomments&post=9377"}],"version-history":[{"count":4,"href":"https:\/\/physics.uwb.edu.pl\/wf\/index.php?rest_route=\/wp\/v2\/pages\/9377\/revisions"}],"predecessor-version":[{"id":9624,"href":"https:\/\/physics.uwb.edu.pl\/wf\/index.php?rest_route=\/wp\/v2\/pages\/9377\/revisions\/9624"}],"up":[{"embeddable":true,"href":"https:\/\/physics.uwb.edu.pl\/wf\/index.php?rest_route=\/wp\/v2\/pages\/2744"}],"wp:featuredmedia":[{"embeddable":true,"href":"https:\/\/physics.uwb.edu.pl\/wf\/index.php?rest_route=\/wp\/v2\/media\/9379"}],"wp:attachment":[{"href":"https:\/\/physics.uwb.edu.pl\/wf\/index.php?rest_route=%2Fwp%2Fv2%2Fmedia&parent=9377"}],"wp:term":[{"taxonomy":"category","embeddable":true,"href":"https:\/\/physics.uwb.edu.pl\/wf\/index.php?rest_route=%2Fwp%2Fv2%2Fcategories&post=9377"},{"taxonomy":"post_tag","embeddable":true,"href":"https:\/\/physics.uwb.edu.pl\/wf\/index.php?rest_route=%2Fwp%2Fv2%2Ftags&post=9377"}],"curies":[{"name":"wp","href":"https:\/\/api.w.org\/{rel}","templated":true}]}}