{"id":9407,"date":"2019-03-30T09:10:07","date_gmt":"2019-03-30T08:10:07","guid":{"rendered":"http:\/\/physics.uwb.edu.pl\/wf\/?page_id=9407"},"modified":"2019-04-02T09:14:47","modified_gmt":"2019-04-02T07:14:47","slug":"east-games-united-2-2-3-3-2-2-2","status":"publish","type":"page","link":"https:\/\/physics.uwb.edu.pl\/wf\/?page_id=9407","title":{"rendered":"III Konferencja Nauczycieli Fizyki 2019"},"content":{"rendered":"<p>W dniu 30.03.2019 r. na Wydziale Fizyki UwB odby\u0142a si\u0119 III Konferencja Nauczycieli Fizyki 2019. Szczeg\u00f3\u0142y na <a href=\"http:\/\/physics.uwb.edu.pl\/wf\/knf2019\/\">stronie konferencji<\/a>.<\/p>\n","protected":false},"excerpt":{"rendered":"<p>W dniu 30.03.2019 r. na Wydziale Fizyki UwB odby\u0142a si\u0119 III Konferencja Nauczycieli Fizyki 2019. Szczeg\u00f3\u0142y na stronie konferencji.<\/p>\n","protected":false},"author":5,"featured_media":9408,"parent":2744,"menu_order":0,"comment_status":"closed","ping_status":"closed","template":"","meta":{"ngg_post_thumbnail":0,"Layout":"1c","footnotes":""},"categories":[131,35],"tags":[],"class_list":["entry","author-gawryl","post-9407","page","type-page","status-publish","has-post-thumbnail","category-galeria_foto","category-popularyzacja_pl"],"jetpack_sharing_enabled":true,"jetpack_shortlink":"https:\/\/wp.me\/P7nvcn-2rJ","_links":{"self":[{"href":"https:\/\/physics.uwb.edu.pl\/wf\/index.php?rest_route=\/wp\/v2\/pages\/9407","targetHints":{"allow":["GET"]}}],"collection":[{"href":"https:\/\/physics.uwb.edu.pl\/wf\/index.php?rest_route=\/wp\/v2\/pages"}],"about":[{"href":"https:\/\/physics.uwb.edu.pl\/wf\/index.php?rest_route=\/wp\/v2\/types\/page"}],"author":[{"embeddable":true,"href":"https:\/\/physics.uwb.edu.pl\/wf\/index.php?rest_route=\/wp\/v2\/users\/5"}],"replies":[{"embeddable":true,"href":"https:\/\/physics.uwb.edu.pl\/wf\/index.php?rest_route=%2Fwp%2Fv2%2Fcomments&post=9407"}],"version-history":[{"count":2,"href":"https:\/\/physics.uwb.edu.pl\/wf\/index.php?rest_route=\/wp\/v2\/pages\/9407\/revisions"}],"predecessor-version":[{"id":9410,"href":"https:\/\/physics.uwb.edu.pl\/wf\/index.php?rest_route=\/wp\/v2\/pages\/9407\/revisions\/9410"}],"up":[{"embeddable":true,"href":"https:\/\/physics.uwb.edu.pl\/wf\/index.php?rest_route=\/wp\/v2\/pages\/2744"}],"wp:featuredmedia":[{"embeddable":true,"href":"https:\/\/physics.uwb.edu.pl\/wf\/index.php?rest_route=\/wp\/v2\/media\/9408"}],"wp:attachment":[{"href":"https:\/\/physics.uwb.edu.pl\/wf\/index.php?rest_route=%2Fwp%2Fv2%2Fmedia&parent=9407"}],"wp:term":[{"taxonomy":"category","embeddable":true,"href":"https:\/\/physics.uwb.edu.pl\/wf\/index.php?rest_route=%2Fwp%2Fv2%2Fcategories&post=9407"},{"taxonomy":"post_tag","embeddable":true,"href":"https:\/\/physics.uwb.edu.pl\/wf\/index.php?rest_route=%2Fwp%2Fv2%2Ftags&post=9407"}],"curies":[{"name":"wp","href":"https:\/\/api.w.org\/{rel}","templated":true}]}}