{"id":9607,"date":"2019-03-18T14:37:22","date_gmt":"2019-03-18T13:37:22","guid":{"rendered":"http:\/\/physics.uwb.edu.pl\/wf\/?page_id=9607"},"modified":"2019-04-03T14:50:10","modified_gmt":"2019-04-03T12:50:10","slug":"east-games-united-2-2-3-3-2-2-2-2","status":"publish","type":"page","link":"https:\/\/physics.uwb.edu.pl\/wf\/?page_id=9607","title":{"rendered":"Talenty XXI wieku &#8211; edycja VI (2019 r)"},"content":{"rendered":"<p>Jak co rok Wydzia\u0142 Fizyki bierze aktywny udzia\u0142 w <strong>Talentach XXI wieku<\/strong> &#8211; zaj\u0119ciach pozalekcyjnych organizowanych przez <a href=\"http:\/\/www.ckubialystok.pl\/\">Centrum Edukcaji Ustwicznej<\/a> w Bia\u0142ymstoku. Tegoroczne warsztaty (edycja VI-ta) rozpocz\u0119\u0142y si\u0119 w marcu 2019 i obejmuj\u0105 6 spotka\u0144 w miesi\u0105cach marzec-kwiecie\u0144, ka\u017cde spotkanie po 3 godziny lekcyjne (po godzinie 16-tej, aby nie by\u0142o kolizji z regularnymi zaj\u0119ciami szkolnymi). Adresatami warsztat\u00f3w s\u0105 uczniowie gimnazjum, szko\u0142y podstawowej (klasy 7-8) oraz klasy ponadgimnazjalnej (w sumie dwie grupy).<\/p>\n<p>Nasi pracownicy (mgr Wojciech Dobrogowski i mgr Piotr Chomienia) prowadz\u0105 zaj\u0119cia do\u015bwiadczalno &#8211; pomiarowych z fizyki&nbsp;w oparciu o skomputeryzowane zestawy pomiarowe. Przybli\u017cone zostn\u0105&nbsp;zasady&nbsp;wykorzystania system\u00f3w komputerowych w pomiarze i obserwacji wielko\u015bci\/zjawisk fizycznych. Celem zaj\u0119\u0107 jest rozwijanie umiej\u0119tno\u015bci kreatywnego i tw\u00f3rczego my\u015blenia w oparciu o wykorzystywanie metod badawczych w postaci eksperymentu fizycznego (pomiaru wielko\u015bci fizycznych) i narz\u0119dzi komputerowych (IT).&nbsp;<\/p>\n<p>Tematyka zaj\u0119\u0107 obejmuje:&nbsp;<\/p>\n<ul>\n<li>Pomiar pr\u0119dko\u015bci w spadku swobodnym. Wprowadzenie do b\u0142\u0119d\u00f3w pomiarowych.<\/li>\n<li>Wyznaczanie przy\u015bpieszenia ziemskiego. B\u0142\u0119dy pomiarowe.<\/li>\n<li>Pomiary elektryczne. Obwody zast\u0119pcze dla opornik\u00f3w.<\/li>\n<li>Dynamika w\u0142\u0105czania \u017car\u00f3wki oraz diody LED.<\/li>\n<li>Drgania wahad\u0142a spr\u0119\u017cynowego.<\/li>\n<li>Wyznaczanie sta\u0142ej k. Ciep\u0142o. Stygni\u0119cie cia\u0142.<\/li>\n<li>Wykorzystanie kamery (multimedi\u00f3w) do analizy ruchu. Spadek swobodny. Rzut uko\u015bny.<\/li>\n<\/ul>\n<p>Gratulujemy m\u0142odzie\u017cy zainteresowania naukami \u015bcis\u0142ymi! Zapraszamy do wsp\u00f3\u0142pracy nauczycieli, nie tylko w ramach Talent\u00f3w XXI w ale i innych okazji.<\/p>\n<p>&nbsp;<\/p>\n","protected":false},"excerpt":{"rendered":"<p>Jak co rok Wydzia\u0142 Fizyki bierze aktywny udzia\u0142 w Talentach XXI wieku &#8211; zaj\u0119ciach pozalekcyjnych organizowanych przez Centrum Edukcaji Ustwicznej w Bia\u0142ymstoku. Tegoroczne warsztaty (edycja VI-ta) rozpocz\u0119\u0142y si\u0119 w marcu <a href=\"https:\/\/physics.uwb.edu.pl\/wf\/?page_id=9607\" class=\"more-link\">[&hellip;]<\/a><\/p>\n","protected":false},"author":5,"featured_media":9608,"parent":2744,"menu_order":0,"comment_status":"closed","ping_status":"closed","template":"","meta":{"ngg_post_thumbnail":0,"Layout":"1c","footnotes":""},"categories":[131,35],"tags":[],"class_list":["entry","author-gawryl","post-9607","page","type-page","status-publish","has-post-thumbnail","category-galeria_foto","category-popularyzacja_pl"],"jetpack_sharing_enabled":true,"jetpack_shortlink":"https:\/\/wp.me\/P7nvcn-2uX","_links":{"self":[{"href":"https:\/\/physics.uwb.edu.pl\/wf\/index.php?rest_route=\/wp\/v2\/pages\/9607","targetHints":{"allow":["GET"]}}],"collection":[{"href":"https:\/\/physics.uwb.edu.pl\/wf\/index.php?rest_route=\/wp\/v2\/pages"}],"about":[{"href":"https:\/\/physics.uwb.edu.pl\/wf\/index.php?rest_route=\/wp\/v2\/types\/page"}],"author":[{"embeddable":true,"href":"https:\/\/physics.uwb.edu.pl\/wf\/index.php?rest_route=\/wp\/v2\/users\/5"}],"replies":[{"embeddable":true,"href":"https:\/\/physics.uwb.edu.pl\/wf\/index.php?rest_route=%2Fwp%2Fv2%2Fcomments&post=9607"}],"version-history":[{"count":5,"href":"https:\/\/physics.uwb.edu.pl\/wf\/index.php?rest_route=\/wp\/v2\/pages\/9607\/revisions"}],"predecessor-version":[{"id":9613,"href":"https:\/\/physics.uwb.edu.pl\/wf\/index.php?rest_route=\/wp\/v2\/pages\/9607\/revisions\/9613"}],"up":[{"embeddable":true,"href":"https:\/\/physics.uwb.edu.pl\/wf\/index.php?rest_route=\/wp\/v2\/pages\/2744"}],"wp:featuredmedia":[{"embeddable":true,"href":"https:\/\/physics.uwb.edu.pl\/wf\/index.php?rest_route=\/wp\/v2\/media\/9608"}],"wp:attachment":[{"href":"https:\/\/physics.uwb.edu.pl\/wf\/index.php?rest_route=%2Fwp%2Fv2%2Fmedia&parent=9607"}],"wp:term":[{"taxonomy":"category","embeddable":true,"href":"https:\/\/physics.uwb.edu.pl\/wf\/index.php?rest_route=%2Fwp%2Fv2%2Fcategories&post=9607"},{"taxonomy":"post_tag","embeddable":true,"href":"https:\/\/physics.uwb.edu.pl\/wf\/index.php?rest_route=%2Fwp%2Fv2%2Ftags&post=9607"}],"curies":[{"name":"wp","href":"https:\/\/api.w.org\/{rel}","templated":true}]}}