{"id":9651,"date":"2019-04-19T14:54:58","date_gmt":"2019-04-19T12:54:58","guid":{"rendered":"http:\/\/physics.uwb.edu.pl\/wf\/?page_id=9651"},"modified":"2019-04-23T10:00:29","modified_gmt":"2019-04-23T08:00:29","slug":"targi-edukacyjne-w-grajewie-2-2-3-3","status":"publish","type":"page","link":"https:\/\/physics.uwb.edu.pl\/wf\/?page_id=9651","title":{"rendered":"Tajemnice czarnych dziur &#8211; audycja w Radiu Bia\u0142ystok"},"content":{"rendered":"<p>W dniu 19 kwietnia 2019 r. go\u015b\u0107mi audycji <a href=\"https:\/\/www.radio.bialystok.pl\/radioskop\/index\/id\/168153?fbclid=IwAR2qSmiRFiEUUE0sjxGwOhAna32WD-ZLBVWpqxFvyGoVXtaHy9bQcJFmLMw\">Radioskop w Radiu Bia\u0142ystok<\/a> byli prof. Piotr Jaranowski oraz dr hab. Marek Niko\u0142ajuk. Tematem przewodnim by\u0142a niedawna informacja o sfotografowaniu czarnej dziury.<\/p>\n<p><img loading=\"lazy\" decoding=\"async\" class=\"alignnone size-full wp-image-9652\" src=\"http:\/\/physics.uwb.edu.pl\/wf\/wp-content\/uploads\/2019\/04\/radioskop-PJ_MN.jpeg\" alt=\"\" width=\"790\" height=\"455\" srcset=\"https:\/\/physics.uwb.edu.pl\/wf\/wp-content\/uploads\/2019\/04\/radioskop-PJ_MN.jpeg 790w, https:\/\/physics.uwb.edu.pl\/wf\/wp-content\/uploads\/2019\/04\/radioskop-PJ_MN-150x86.jpeg 150w, https:\/\/physics.uwb.edu.pl\/wf\/wp-content\/uploads\/2019\/04\/radioskop-PJ_MN-300x173.jpeg 300w\" sizes=\"auto, (max-width: 790px) 100vw, 790px\" \/><\/p>\n<p>Pe\u0142na audycja do ods\u0142uchania pod <a href=\"https:\/\/www.radio.bialystok.pl\/radioskop\/index\/id\/168153?fbclid=IwAR2qSmiRFiEUUE0sjxGwOhAna32WD-ZLBVWpqxFvyGoVXtaHy9bQcJFmLMw\">tym linkiem<\/a>.<\/p>\n","protected":false},"excerpt":{"rendered":"<p>W dniu 19 kwietnia 2019 r. go\u015b\u0107mi audycji Radioskop w Radiu Bia\u0142ystok byli prof. Piotr Jaranowski oraz dr hab. Marek Niko\u0142ajuk. Tematem przewodnim by\u0142a niedawna informacja o sfotografowaniu czarnej dziury. <a href=\"https:\/\/physics.uwb.edu.pl\/wf\/?page_id=9651\" class=\"more-link\">[&hellip;]<\/a><\/p>\n","protected":false},"author":5,"featured_media":9652,"parent":2744,"menu_order":0,"comment_status":"closed","ping_status":"closed","template":"","meta":{"ngg_post_thumbnail":0,"Layout":"1c","footnotes":""},"categories":[166,131],"tags":[],"class_list":["entry","author-gawryl","post-9651","page","type-page","status-publish","has-post-thumbnail","category-edukacyjne","category-galeria_foto"],"jetpack_sharing_enabled":true,"jetpack_shortlink":"https:\/\/wp.me\/P7nvcn-2vF","_links":{"self":[{"href":"https:\/\/physics.uwb.edu.pl\/wf\/index.php?rest_route=\/wp\/v2\/pages\/9651","targetHints":{"allow":["GET"]}}],"collection":[{"href":"https:\/\/physics.uwb.edu.pl\/wf\/index.php?rest_route=\/wp\/v2\/pages"}],"about":[{"href":"https:\/\/physics.uwb.edu.pl\/wf\/index.php?rest_route=\/wp\/v2\/types\/page"}],"author":[{"embeddable":true,"href":"https:\/\/physics.uwb.edu.pl\/wf\/index.php?rest_route=\/wp\/v2\/users\/5"}],"replies":[{"embeddable":true,"href":"https:\/\/physics.uwb.edu.pl\/wf\/index.php?rest_route=%2Fwp%2Fv2%2Fcomments&post=9651"}],"version-history":[{"count":2,"href":"https:\/\/physics.uwb.edu.pl\/wf\/index.php?rest_route=\/wp\/v2\/pages\/9651\/revisions"}],"predecessor-version":[{"id":9654,"href":"https:\/\/physics.uwb.edu.pl\/wf\/index.php?rest_route=\/wp\/v2\/pages\/9651\/revisions\/9654"}],"up":[{"embeddable":true,"href":"https:\/\/physics.uwb.edu.pl\/wf\/index.php?rest_route=\/wp\/v2\/pages\/2744"}],"wp:featuredmedia":[{"embeddable":true,"href":"https:\/\/physics.uwb.edu.pl\/wf\/index.php?rest_route=\/wp\/v2\/media\/9652"}],"wp:attachment":[{"href":"https:\/\/physics.uwb.edu.pl\/wf\/index.php?rest_route=%2Fwp%2Fv2%2Fmedia&parent=9651"}],"wp:term":[{"taxonomy":"category","embeddable":true,"href":"https:\/\/physics.uwb.edu.pl\/wf\/index.php?rest_route=%2Fwp%2Fv2%2Fcategories&post=9651"},{"taxonomy":"post_tag","embeddable":true,"href":"https:\/\/physics.uwb.edu.pl\/wf\/index.php?rest_route=%2Fwp%2Fv2%2Ftags&post=9651"}],"curies":[{"name":"wp","href":"https:\/\/api.w.org\/{rel}","templated":true}]}}