{"id":9666,"date":"2019-05-07T10:16:26","date_gmt":"2019-05-07T08:16:26","guid":{"rendered":"http:\/\/physics.uwb.edu.pl\/wf\/?page_id=9666"},"modified":"2019-05-08T13:36:00","modified_gmt":"2019-05-08T11:36:00","slug":"habilitacje-2","status":"publish","type":"page","link":"https:\/\/physics.uwb.edu.pl\/wf\/?page_id=9666","title":{"rendered":"Profesury"},"content":{"rendered":"<p>&nbsp;<\/p>\n<h3 style=\"text-align: center\">Post\u0119powania o nadanie tytu\u0142u profesora<\/h3>\n<h3>W toku:<\/h3>\n<p>&nbsp;<strong>dr hab. Marek Kisielewski, prof. UwB<\/strong><\/p>\n<ul>\n<li><a href=\"http:\/\/physics.uwb.edu.pl\/wf\/wp-content\/uploads\/2018\/11\/uchwala_185_2018.pdf\" target=\"_blank\" rel=\"noopener\"><span style=\"font-size: 12px\">Uchwa\u0142a Rady Wydzia\u0142u numer 185 z dnia 24 wrze\u015bnia 2018&nbsp;<\/span><span style=\"font-size: 12px\">w sprawie wszcz\u0119cia post\u0119powania o nadanie tytu\u0142u profesora nauk fizycznych dr hab. Markowi Kisielewskiemu<\/span><\/a><\/li>\n<li><a href=\"http:\/\/physics.uwb.edu.pl\/wf\/wp-content\/uploads\/2018\/11\/uchwala_186_2018.pdf\" target=\"_blank\" rel=\"noopener\"><span style=\"font-size: 12px\">Uchwa\u0142a Rady Wydzia\u0142u numer 186&nbsp; z dnia 24 wrze\u015bnia 2018&nbsp;<\/span><span style=\"font-size: 12px\">w sprawie wyznaczenia kandydat\u00f3w na recenzent\u00f3w post\u0119powaniu o nadaniu tytu\u0142u profesora nauk fizycznych dr hab. Markowi Kisielewskiemu<\/span><\/a><\/li>\n<li><span style=\"font-size: 12px\"><a href=\"http:\/\/physics.uwb.edu.pl\/wf\/wp-content\/uploads\/2019\/05\/uchwa\u0142a_199_2019.pdf\" target=\"_blank\" rel=\"noopener\">Uchwa\u0142a rady Wydzia\u0142u numer 199 z dnia 7 maja 2019 w sprawie poparcia wniosku o nadanie tytu\u0142u profesora nauki fizycznych drowi hab. Markowi Kisielewskiemu<\/a><\/span><\/li>\n<\/ul>\n","protected":false},"excerpt":{"rendered":"<p>&nbsp; Post\u0119powania o nadanie tytu\u0142u profesora W toku: &nbsp;dr hab. Marek Kisielewski, prof. UwB Uchwa\u0142a Rady Wydzia\u0142u numer 185 z dnia 24 wrze\u015bnia 2018&nbsp;w sprawie wszcz\u0119cia post\u0119powania o nadanie tytu\u0142u <a href=\"https:\/\/physics.uwb.edu.pl\/wf\/?page_id=9666\" class=\"more-link\">[&hellip;]<\/a><\/p>\n","protected":false},"author":14,"featured_media":9672,"parent":430,"menu_order":0,"comment_status":"closed","ping_status":"closed","template":"","meta":{"ngg_post_thumbnail":0,"Layout":"1c","footnotes":""},"categories":[42],"tags":[],"class_list":["entry","author-ulag","post-9666","page","type-page","status-publish","has-post-thumbnail","category-nauka_pl"],"jetpack_sharing_enabled":true,"jetpack_shortlink":"https:\/\/wp.me\/P7nvcn-2vU","_links":{"self":[{"href":"https:\/\/physics.uwb.edu.pl\/wf\/index.php?rest_route=\/wp\/v2\/pages\/9666","targetHints":{"allow":["GET"]}}],"collection":[{"href":"https:\/\/physics.uwb.edu.pl\/wf\/index.php?rest_route=\/wp\/v2\/pages"}],"about":[{"href":"https:\/\/physics.uwb.edu.pl\/wf\/index.php?rest_route=\/wp\/v2\/types\/page"}],"author":[{"embeddable":true,"href":"https:\/\/physics.uwb.edu.pl\/wf\/index.php?rest_route=\/wp\/v2\/users\/14"}],"replies":[{"embeddable":true,"href":"https:\/\/physics.uwb.edu.pl\/wf\/index.php?rest_route=%2Fwp%2Fv2%2Fcomments&post=9666"}],"version-history":[{"count":10,"href":"https:\/\/physics.uwb.edu.pl\/wf\/index.php?rest_route=\/wp\/v2\/pages\/9666\/revisions"}],"predecessor-version":[{"id":9728,"href":"https:\/\/physics.uwb.edu.pl\/wf\/index.php?rest_route=\/wp\/v2\/pages\/9666\/revisions\/9728"}],"up":[{"embeddable":true,"href":"https:\/\/physics.uwb.edu.pl\/wf\/index.php?rest_route=\/wp\/v2\/pages\/430"}],"wp:featuredmedia":[{"embeddable":true,"href":"https:\/\/physics.uwb.edu.pl\/wf\/index.php?rest_route=\/wp\/v2\/media\/9672"}],"wp:attachment":[{"href":"https:\/\/physics.uwb.edu.pl\/wf\/index.php?rest_route=%2Fwp%2Fv2%2Fmedia&parent=9666"}],"wp:term":[{"taxonomy":"category","embeddable":true,"href":"https:\/\/physics.uwb.edu.pl\/wf\/index.php?rest_route=%2Fwp%2Fv2%2Fcategories&post=9666"},{"taxonomy":"post_tag","embeddable":true,"href":"https:\/\/physics.uwb.edu.pl\/wf\/index.php?rest_route=%2Fwp%2Fv2%2Ftags&post=9666"}],"curies":[{"name":"wp","href":"https:\/\/api.w.org\/{rel}","templated":true}]}}