{"id":9668,"date":"2019-05-07T10:06:40","date_gmt":"2019-05-07T08:06:40","guid":{"rendered":"http:\/\/physics.uwb.edu.pl\/wf\/?page_id=9668"},"modified":"2019-05-27T13:14:55","modified_gmt":"2019-05-27T11:14:55","slug":"polsie-towarzystwo-fizyczne-oddzial-w-bialymstoku-2","status":"publish","type":"page","link":"https:\/\/physics.uwb.edu.pl\/wf\/?page_id=9668","title":{"rendered":"XVII Podlaski Festiwal Nauki i Sztuki"},"content":{"rendered":"<p>XVII Podlaski Festiwal Nauki i Sztuki<\/p>\n<p><img loading=\"lazy\" decoding=\"async\" class=\"wp-image-9661 aligncenter\" src=\"http:\/\/physics.uwb.edu.pl\/wf\/wp-content\/uploads\/2019\/05\/17PFNiSz-300x129.jpg\" alt=\"\" width=\"621\" height=\"267\" srcset=\"https:\/\/physics.uwb.edu.pl\/wf\/wp-content\/uploads\/2019\/05\/17PFNiSz-300x129.jpg 300w, https:\/\/physics.uwb.edu.pl\/wf\/wp-content\/uploads\/2019\/05\/17PFNiSz-150x64.jpg 150w, https:\/\/physics.uwb.edu.pl\/wf\/wp-content\/uploads\/2019\/05\/17PFNiSz.jpg 700w\" sizes=\"auto, (max-width: 621px) 100vw, 621px\" \/><\/p>\n<p><strong>20 maja 2019<\/strong> &#8211; XVII Podlaski Festiwal Nauki i Sztuki na Wydziale Fizyki Uniwersytetu w Bia\u0142ymstoku<\/p>\n<p><strong>Imprezy festiwalowe<\/strong>:<\/p>\n<ol>\n<li>Ultraszybki zapis informacji za pomoc\u0105 \u015bwiat\u0142a (prof. Andrzej Stupakiewicz)<\/li>\n<li>Wa\u017cymy nasz\u0105 planet\u0119 Ziemi\u0119 (prof. Krzysztof Szyma\u0144ski)<\/li>\n<li>Efekty laserowe (dr Jan Kisielewski)<\/li>\n<li>Astrofotografia amatorska (mgr \u0141ukasz Wo\u0142yniec)<\/li>\n<li>Rzecz o neutrinach (dr Jan \u017bochowski)<\/li>\n<li>W drodze po algorytmy po studencku (studenci Wydzia\u0142u Fizyki)<\/li>\n<li>Algorytmy rzeczywisto\u015bci w eksperymentach fizycznych (studenci Wydzia\u0142u Fizyki)<\/li>\n<li>Wahad\u0142o Foucaulta (student Pawe\u0142 Butkiewicz) &#8211; impreza cykliczna<\/li>\n<li>Wystawa fotografii obiekt\u00f3w kosmicznych (Bia\u0142ostocki Oddzia\u0142 Polskiego Towarzystwa Mi\u0142o\u015bnik\u00f3w Astronomii)<\/li>\n<li>Astro quiz (Bia\u0142ostocki Oddzia\u0142 Polskiego Towarzystwa Mi\u0142o\u015bnik\u00f3w Astronomii)<\/li>\n<li>Jak promienie X \u201ewidz\u0105\u201d rzeczywisto\u015b\u0107?&nbsp; (dr hab. Katarzyna Re\u0107ko) &#8211; impreza cykliczna<\/li>\n<li>Widmo w laboratorium (prof. Andrzej Andrejczuk) &#8211; impreza cykliczna<\/li>\n<li>Impreza magnetyczna (prof. Marek Kisielewski) &#8211; impreza cykliczna<\/li>\n<li>Amatorskie obserwacje astronomiczne (Bia\u0142ostocki Oddzia\u0142 Polskiego Towarzystwa Mi\u0142o\u015bnik\u00f3w Astronomii)<\/li>\n<li>Arduino w sterowaniu dronem (dr. Cezary Walczyk) &#8211; impreza cykliczna<\/li>\n<\/ol>\n<p><strong>Fotorelacja:<\/strong> <a href=\"http:\/\/physics.uwb.edu.pl\/wf\/?page_id=9775\">http:\/\/physics.uwb.edu.pl\/wf\/?page_id=9775<\/a><br \/>\n<strong>O nas w<\/strong> <a href=\"https:\/\/poranny.pl\/xvii-podlaski-festiwal-nauki-i-sztuki-to-swieto-z-atrakcjami-codziennie-az-do-soboty-zdjecia\/ar\/c1-14144969\">Kurierze Porannym<\/a><\/p>\n<p><strong>21 maja 2019<\/strong> &#8211; XVII Podlaski Festiwal Nauki i Sztuki w \u0141om\u017cy<\/p>\n<p><strong>Imprezy festiwalowe<\/strong>:<\/p>\n<ol>\n<li>&#8220;Rzeczywisto\u015b\u0107&#8221; gwiazd &#8211; ewolucja od narodzin do \u015bmierci (mgr Marcin Marculewicz)<\/li>\n<\/ol>\n<p><strong>22 maja 2019<\/strong> &#8211; XVII Podlaski Festiwal Nauki i Sztuki w Suwa\u0142kach<\/p>\n<p><strong>Imprezy festiwalowe<\/strong>:<\/p>\n<ol>\n<li>Rzeczywiste nara\u017cenie ludno\u015bci na promieniowanie jonizuj\u0105ce (mgr Anna Ostasz-Sokolik)<\/li>\n<\/ol>\n<p><strong>25 maja 2019<\/strong> &#8211; Rodzinny Piknik Naukowy \u2013 Stadion Miejski w Bia\u0142ymstoku<\/p>\n<p><strong>Imprezy festiwalowe<\/strong>:<\/p>\n<ol>\n<li>W drodze po algorytmy po studencku (studenci Wydzia\u0142u Fizyki)<\/li>\n<li>Algorytmy rzeczywisto\u015bci w eksperymentach fizycznych (studenci Wydzia\u0142u Fizyki)<\/li>\n<li>Algorytmy Wszech\u015bwiata (Bia\u0142ostocki Oddzia\u0142 Polskiego Towarzystwa Mi\u0142o\u015bnik\u00f3w Astronomii)<\/li>\n<\/ol>\n<p><strong>Fotorelacja:<\/strong> <a href=\"http:\/\/physics.uwb.edu.pl\/wf\/?page_id=9775\">http:\/\/physics.uwb.edu.pl\/wf\/?page_id=9775<\/a><\/p>\n<p>Rejestracja na wybrane imprezy festiwalowe dost\u0119pna jest:<\/p>\n<p>na stronie<strong>: <a href=\"http:\/\/podlaskifestiwal.pl\/\">http:\/\/podlaskifestiwal.pl\/<\/a><\/strong><\/p>\n<p>lub bezpo\u015brednio u wydzia\u0142owego koordynatora Festiwalu dr hab. Katarzyny Re\u0107ko &#8211; <a class=\"moz-txt-link-abbreviated\" href=\"mailto:k.recko@uwb.edu.pl\">k.recko@uwb.edu.pl<\/a>,<br \/>\n(85) 738 8192<\/p>\n<p><strong>Serdecznie zapraszamy!<\/strong><\/p>\n","protected":false},"excerpt":{"rendered":"<p>XVII Podlaski Festiwal Nauki i Sztuki 20 maja 2019 &#8211; XVII Podlaski Festiwal Nauki i Sztuki na Wydziale Fizyki Uniwersytetu w Bia\u0142ymstoku Imprezy festiwalowe: Ultraszybki zapis informacji za pomoc\u0105 \u015bwiat\u0142a <a href=\"https:\/\/physics.uwb.edu.pl\/wf\/?page_id=9668\" class=\"more-link\">[&hellip;]<\/a><\/p>\n","protected":false},"author":25,"featured_media":0,"parent":305,"menu_order":1,"comment_status":"closed","ping_status":"closed","template":"","meta":{"ngg_post_thumbnail":0,"Layout":"","footnotes":""},"categories":[166,35,3],"tags":[],"class_list":["entry","author-wolszewski","post-9668","page","type-page","status-publish","category-edukacyjne","category-popularyzacja_pl","category-wydzialowe_pl"],"jetpack_sharing_enabled":true,"jetpack_shortlink":"https:\/\/wp.me\/P7nvcn-2vW","_links":{"self":[{"href":"https:\/\/physics.uwb.edu.pl\/wf\/index.php?rest_route=\/wp\/v2\/pages\/9668","targetHints":{"allow":["GET"]}}],"collection":[{"href":"https:\/\/physics.uwb.edu.pl\/wf\/index.php?rest_route=\/wp\/v2\/pages"}],"about":[{"href":"https:\/\/physics.uwb.edu.pl\/wf\/index.php?rest_route=\/wp\/v2\/types\/page"}],"author":[{"embeddable":true,"href":"https:\/\/physics.uwb.edu.pl\/wf\/index.php?rest_route=\/wp\/v2\/users\/25"}],"replies":[{"embeddable":true,"href":"https:\/\/physics.uwb.edu.pl\/wf\/index.php?rest_route=%2Fwp%2Fv2%2Fcomments&post=9668"}],"version-history":[{"count":20,"href":"https:\/\/physics.uwb.edu.pl\/wf\/index.php?rest_route=\/wp\/v2\/pages\/9668\/revisions"}],"predecessor-version":[{"id":9826,"href":"https:\/\/physics.uwb.edu.pl\/wf\/index.php?rest_route=\/wp\/v2\/pages\/9668\/revisions\/9826"}],"up":[{"embeddable":true,"href":"https:\/\/physics.uwb.edu.pl\/wf\/index.php?rest_route=\/wp\/v2\/pages\/305"}],"wp:attachment":[{"href":"https:\/\/physics.uwb.edu.pl\/wf\/index.php?rest_route=%2Fwp%2Fv2%2Fmedia&parent=9668"}],"wp:term":[{"taxonomy":"category","embeddable":true,"href":"https:\/\/physics.uwb.edu.pl\/wf\/index.php?rest_route=%2Fwp%2Fv2%2Fcategories&post=9668"},{"taxonomy":"post_tag","embeddable":true,"href":"https:\/\/physics.uwb.edu.pl\/wf\/index.php?rest_route=%2Fwp%2Fv2%2Ftags&post=9668"}],"curies":[{"name":"wp","href":"https:\/\/api.w.org\/{rel}","templated":true}]}}