{"id":9729,"date":"2019-05-08T13:49:51","date_gmt":"2019-05-08T11:49:51","guid":{"rendered":"http:\/\/physics.uwb.edu.pl\/wf\/?page_id=9729"},"modified":"2019-05-08T13:49:51","modified_gmt":"2019-05-08T11:49:51","slug":"o-marianie-smoluchowskim-w-setna-rocznice-smierci-2-2-2-2-2-4-3-2-2-2-2-2-2-2-3-3-2-3-2-2-2-2-3-2-2-2-2-2-2-3-2-2-2-2-2-2-2-2-2-2-2","status":"publish","type":"page","link":"https:\/\/physics.uwb.edu.pl\/wf\/?page_id=9729","title":{"rendered":"Wyznaczanie globalnych parametr\u00f3w  kwazar\u00f3w o s\u0142abych liniach emisyjnych"},"content":{"rendered":"<h3><strong>Konwersatorium wydzia\u0142owe<br \/>\n<\/strong><\/h3>\n<p align=\"justify\">Dnia 2019-05-14 o godzinie 13:15 w sali 2011 Wydzia\u0142u Fizyki UwB odb\u0119dzie si\u0119 wyk\u0142ad, na kt\u00f3rym&nbsp;<strong>mgr. Marcin Marculewicz (doktorant Wydzia\u0142u Fizyki UwB) <\/strong>wyg\u0142osi wyk\u0142ad pt:<\/p>\n<h3 style=\"text-align: center\"><span style=\"font-size: 28px\">&#8220;Wyznaczanie globalnych parametr\u00f3w kwazar\u00f3w o s\u0142abych liniach emisyjnych&#8221; <\/span><\/h3>\n<p style=\"text-align: right\">Serdecznie zapraszamy<\/p>\n<p style=\"text-align: right\">Andrzej Maziewski<\/p>\n<p style=\"text-align: right\">Jerzy Przeszowski<\/p>\n<p style=\"text-align: justify\">Kwazary WLQ (weak emission-line quasars) s\u0105 obiektami o niespotykanie s\u0142abych liniach emisyjnych. Ich w\u0142asno\u015bci s\u0105 zupe\u0142nie inne od Lacertyd (BL Lac), ale sp\u00f3jne z normalnymi galaktykami aktywnym (AGN &#8211; active galactic nucleus) (Plotkin et al. 2010). Istnieje kilka wyja\u015bnie\u0144 s\u0142abych linii emisyjnych: 1) obecno\u015b\u0107 zimnego dysku akrecyjnego (Laor \\&amp; Davis 2011) lub nieefektywne tempo akrecji (Yuan \\&amp; Narayan 2004), 2) obecno\u015b\u0107 gazu zwanego &#8220;shielding gas&#8221;, 3) rejon szerokich linii emisyjnych (BLR &#8211; broad emission-line region jest s\u0142abo rozbudowany (Shemmer et al. 2010) 4) aktywno\u015b\u0107 WLQ dopiero si\u0119 rozpocz\u0119\u0142a (Hryniewicz et al. 2009).<br \/>\nPrzedstawiona zostanie metoda wyznaczenia masy supermasywnej czarnej dziury obiektu SDSS J094533.99+100950.1 oparta o r\u00f3wnania Novikov-Thorne. Nasze wyniki zosta\u0142y por\u00f3wnane z wyznaczonymi ju\u017c masami z prac (Czerny et al. 2011), (Laor \\&amp; Davis 2011). Przygotowali\u015bmy wi\u0119ksze zestawienie modeli dla kolejnych kwazar\u00f3w o s\u0142abych liniach emisyjnych i dla nich wyznaczyli\u015bmy mas\u0119 supermasywnej czarnej dziury oraz tempo akrecji.<\/p>\n<p style=\"text-align: justify\">&nbsp;<\/p>\n<p>&nbsp;<\/p>\n","protected":false},"excerpt":{"rendered":"<p>Konwersatorium wydzia\u0142owe Dnia 2019-05-14 o godzinie 13:15 w sali 2011 Wydzia\u0142u Fizyki UwB odb\u0119dzie si\u0119 wyk\u0142ad, na kt\u00f3rym&nbsp;mgr. Marcin Marculewicz (doktorant Wydzia\u0142u Fizyki UwB) wyg\u0142osi wyk\u0142ad pt: &#8220;Wyznaczanie globalnych parametr\u00f3w <a href=\"https:\/\/physics.uwb.edu.pl\/wf\/?page_id=9729\" class=\"more-link\">[&hellip;]<\/a><\/p>\n","protected":false},"author":14,"featured_media":8413,"parent":822,"menu_order":0,"comment_status":"closed","ping_status":"closed","template":"","meta":{"ngg_post_thumbnail":0,"Layout":"1c","footnotes":""},"categories":[69],"tags":[],"class_list":["entry","author-ulag","post-9729","page","type-page","status-publish","has-post-thumbnail","category-seminarium_pl"],"jetpack_sharing_enabled":true,"jetpack_shortlink":"https:\/\/wp.me\/P7nvcn-2wV","_links":{"self":[{"href":"https:\/\/physics.uwb.edu.pl\/wf\/index.php?rest_route=\/wp\/v2\/pages\/9729","targetHints":{"allow":["GET"]}}],"collection":[{"href":"https:\/\/physics.uwb.edu.pl\/wf\/index.php?rest_route=\/wp\/v2\/pages"}],"about":[{"href":"https:\/\/physics.uwb.edu.pl\/wf\/index.php?rest_route=\/wp\/v2\/types\/page"}],"author":[{"embeddable":true,"href":"https:\/\/physics.uwb.edu.pl\/wf\/index.php?rest_route=\/wp\/v2\/users\/14"}],"replies":[{"embeddable":true,"href":"https:\/\/physics.uwb.edu.pl\/wf\/index.php?rest_route=%2Fwp%2Fv2%2Fcomments&post=9729"}],"version-history":[{"count":1,"href":"https:\/\/physics.uwb.edu.pl\/wf\/index.php?rest_route=\/wp\/v2\/pages\/9729\/revisions"}],"predecessor-version":[{"id":9730,"href":"https:\/\/physics.uwb.edu.pl\/wf\/index.php?rest_route=\/wp\/v2\/pages\/9729\/revisions\/9730"}],"up":[{"embeddable":true,"href":"https:\/\/physics.uwb.edu.pl\/wf\/index.php?rest_route=\/wp\/v2\/pages\/822"}],"wp:featuredmedia":[{"embeddable":true,"href":"https:\/\/physics.uwb.edu.pl\/wf\/index.php?rest_route=\/wp\/v2\/media\/8413"}],"wp:attachment":[{"href":"https:\/\/physics.uwb.edu.pl\/wf\/index.php?rest_route=%2Fwp%2Fv2%2Fmedia&parent=9729"}],"wp:term":[{"taxonomy":"category","embeddable":true,"href":"https:\/\/physics.uwb.edu.pl\/wf\/index.php?rest_route=%2Fwp%2Fv2%2Fcategories&post=9729"},{"taxonomy":"post_tag","embeddable":true,"href":"https:\/\/physics.uwb.edu.pl\/wf\/index.php?rest_route=%2Fwp%2Fv2%2Ftags&post=9729"}],"curies":[{"name":"wp","href":"https:\/\/api.w.org\/{rel}","templated":true}]}}