{"id":9740,"date":"2019-05-14T14:51:50","date_gmt":"2019-05-14T12:51:50","guid":{"rendered":"http:\/\/physics.uwb.edu.pl\/wf\/?page_id=9740"},"modified":"2019-05-14T14:51:52","modified_gmt":"2019-05-14T12:51:52","slug":"aktualnosci-z-zakladu-fizyki-magnetykow-4","status":"publish","type":"page","link":"https:\/\/physics.uwb.edu.pl\/wf\/?page_id=9740","title":{"rendered":"Og\u0142oszenie &#8211; Godziny Dzieka\u0144skie"},"content":{"rendered":"<p>W dniu 20 maja br. (poniedzia\u0142ek) godziny: 8:00 &#8211; 18:00 s\u0105 <u>wolne od zaj\u0119\u0107 dydaktycznych.<\/u><\/p>\n<p>&nbsp;<\/p>\n<p>W dniu 12 czerwca (\u015broda) realizowane b\u0119d\u0105 zaj\u0119cia dydaktyczne <u>przewidziane rozk\u0142adem zaj\u0119\u0107 na poniedzia\u0142ek<\/u>.<\/p>\n","protected":false},"excerpt":{"rendered":"<p>W dniu 20 maja br. (poniedzia\u0142ek) godziny: 8:00 &#8211; 18:00 s\u0105 wolne od zaj\u0119\u0107 dydaktycznych. &nbsp; W dniu 12 czerwca (\u015broda) realizowane b\u0119d\u0105 zaj\u0119cia dydaktyczne przewidziane rozk\u0142adem zaj\u0119\u0107 na poniedzia\u0142ek.<\/p>\n","protected":false},"author":14,"featured_media":1622,"parent":713,"menu_order":0,"comment_status":"closed","ping_status":"closed","template":"","meta":{"ngg_post_thumbnail":0,"Layout":"","footnotes":""},"categories":[27],"tags":[],"class_list":["entry","author-ulag","post-9740","page","type-page","status-publish","has-post-thumbnail","category-post_news_pl"],"jetpack_sharing_enabled":true,"jetpack_shortlink":"https:\/\/wp.me\/P7nvcn-2x6","_links":{"self":[{"href":"https:\/\/physics.uwb.edu.pl\/wf\/index.php?rest_route=\/wp\/v2\/pages\/9740","targetHints":{"allow":["GET"]}}],"collection":[{"href":"https:\/\/physics.uwb.edu.pl\/wf\/index.php?rest_route=\/wp\/v2\/pages"}],"about":[{"href":"https:\/\/physics.uwb.edu.pl\/wf\/index.php?rest_route=\/wp\/v2\/types\/page"}],"author":[{"embeddable":true,"href":"https:\/\/physics.uwb.edu.pl\/wf\/index.php?rest_route=\/wp\/v2\/users\/14"}],"replies":[{"embeddable":true,"href":"https:\/\/physics.uwb.edu.pl\/wf\/index.php?rest_route=%2Fwp%2Fv2%2Fcomments&post=9740"}],"version-history":[{"count":1,"href":"https:\/\/physics.uwb.edu.pl\/wf\/index.php?rest_route=\/wp\/v2\/pages\/9740\/revisions"}],"predecessor-version":[{"id":9741,"href":"https:\/\/physics.uwb.edu.pl\/wf\/index.php?rest_route=\/wp\/v2\/pages\/9740\/revisions\/9741"}],"up":[{"embeddable":true,"href":"https:\/\/physics.uwb.edu.pl\/wf\/index.php?rest_route=\/wp\/v2\/pages\/713"}],"wp:featuredmedia":[{"embeddable":true,"href":"https:\/\/physics.uwb.edu.pl\/wf\/index.php?rest_route=\/wp\/v2\/media\/1622"}],"wp:attachment":[{"href":"https:\/\/physics.uwb.edu.pl\/wf\/index.php?rest_route=%2Fwp%2Fv2%2Fmedia&parent=9740"}],"wp:term":[{"taxonomy":"category","embeddable":true,"href":"https:\/\/physics.uwb.edu.pl\/wf\/index.php?rest_route=%2Fwp%2Fv2%2Fcategories&post=9740"},{"taxonomy":"post_tag","embeddable":true,"href":"https:\/\/physics.uwb.edu.pl\/wf\/index.php?rest_route=%2Fwp%2Fv2%2Ftags&post=9740"}],"curies":[{"name":"wp","href":"https:\/\/api.w.org\/{rel}","templated":true}]}}