{"id":98,"date":"2016-02-14T11:47:26","date_gmt":"2016-02-14T10:47:26","guid":{"rendered":"http:\/\/physics.uwb.edu.pl\/wf\/?page_id=98"},"modified":"2021-11-26T11:26:33","modified_gmt":"2021-11-26T10:26:33","slug":"system-jakosci-ksztalcenia","status":"publish","type":"page","link":"https:\/\/physics.uwb.edu.pl\/wf\/?page_id=98","title":{"rendered":"System jako\u015bci kszta\u0142cenia"},"content":{"rendered":"<p style=\"text-align: justify;\">Zgodnie z Uchwa\u0142\u0105 nr 2614 Senatu Uniwersytetu w Bia\u0142ymstoku z dnia 19 listopada 2019 r. decyzj\u0105 Dziekana Wydzia\u0142u Fizyki Uniwersytetu w Bia\u0142ymstoku, w dniu 30 listopada 2020 r. powo\u0142ane zosta\u0142y trzy cz\u0142ony wydzia\u0142owego systemu kszta\u0142cenia na kadencj\u0119 2020-2024:<\/p>\n<ol>\n<li><a href=\"http:\/\/physics.uwb.edu.pl\/wf\/wp-content\/uploads\/2020\/12\/wzjk_2020.pdf\">Wydzia\u0142owy Zesp\u00f3\u0142 ds. Jako\u015bci Kszta\u0142cenia<\/a><\/li>\n<li><a href=\"http:\/\/physics.uwb.edu.pl\/wf\/wp-content\/uploads\/2020\/12\/kzd_2020.pdf\">Kierunkowy Zesp\u00f3\u0142 Dydaktyczny<\/a><\/li>\n<li><a href=\"http:\/\/physics.uwb.edu.pl\/wf\/wp-content\/uploads\/2020\/12\/WRK_2020.pdf\">Wydzia\u0142owa Rada Konsultacyjna<\/a><\/li>\n<\/ol>\n<h3>Sprawozdanie z dzia\u0142a\u0144 wydzia\u0142owego systemu jako\u015bci kszta\u0142cenia w roku akademickim:<\/h3>\n<ul>\n<li><a href=\"http:\/\/physics.uwb.edu.pl\/wf\/wp-content\/uploads\/2021\/11\/uchwala_224_2021_zalacznik.pdf\">2020\/2021<\/a><\/li>\n<li><a href=\"http:\/\/physics.uwb.edu.pl\/wf\/wp-content\/uploads\/2020\/11\/Sprawozdanie_WSZJK_2019-2020_WF.pdf\">2019\/2020<\/a><\/li>\n<li><a href=\"http:\/\/physics.uwb.edu.pl\/wf\/wp-content\/uploads\/2020\/02\/Sprawozdanie_WZJK_2018-2019_PJ.pdf\" target=\"_blank\" rel=\"noopener noreferrer\">2018\/2019<\/a><\/li>\n<li><a href=\"http:\/\/physics.uwb.edu.pl\/wf\/wp-content\/uploads\/2018\/12\/sprawozdanie.pdf\" target=\"_blank\" rel=\"noopener noreferrer\">2017\/2018<\/a><\/li>\n<li><a href=\"wp-content\/uploads\/2017\/12\/jakoscKsztal_16.pdf\">2016\/2017<\/a><\/li>\n<li><a href=\"wp-content\/uploads\/2016\/03\/jakoscKsztal_15.pdf\">2015\/2016<\/a><\/li>\n<li><a href=\"wp-content\/uploads\/2016\/03\/jakoscKsztal_14.pdf\">2014\/2015<\/a><\/li>\n<li><a href=\"wp-content\/uploads\/2016\/03\/jakoscKsztal_13.pdf\">2013\/2014<\/a><\/li>\n<li><a href=\"wp-content\/uploads\/2016\/03\/jakoscKsztal_12.pdf\">2012\/2013<\/a><\/li>\n<li><a href=\"wp-content\/uploads\/2016\/03\/jakoscKsztal_11.pdf\">2011\/2012<\/a><\/li>\n<li><a href=\"wp-content\/uploads\/2016\/03\/jakoscKsztal_10.pdf\">2010\/2011<\/a><\/li>\n<li><a href=\"wp-content\/uploads\/2016\/03\/jakoscKsztal_09.pdf\">2009\/2010<\/a><\/li>\n<\/ul>\n<p>Za\u0142\u0105czniki<\/p>\n<ul>\n<li><a href=\"wp-content\/uploads\/2017\/12\/zal_16.pdf\">Za\u0142\u0105cznik 1 <\/a><a href=\"wp-content\/uploads\/2017\/12\/zal_16.pdf\">do sprawozdania z roku 2016\/2017<\/a><\/li>\n<li><a href=\"http:\/\/physics.uwb.edu.pl\/wf\/wp-content\/uploads\/2020\/02\/Za\u0142acznik_1.docx\">Za\u0142\u0105cznik 1 do sprawozdania z roku 2018\/2019<\/a><\/li>\n<li><a href=\"http:\/\/physics.uwb.edu.pl\/wf\/wp-content\/uploads\/2020\/11\/Zalacznik-WZJK-WFiz-do-rocznego-sprawozdania-z-dzialania-systemow-zapewniania-jakosci-2020.10.01.pdf\" rel=\"nofollow noreferrer\">Za\u0142\u0105cznik do sprawozdania z roku 2019\/2020<\/a><\/li>\n<li><a href=\"http:\/\/physics.uwb.edu.pl\/wf\/wp-content\/uploads\/2020\/11\/Zalacznik_1_do-sprawozdania-WZJK_2019_2020.pdf\" rel=\"nofollow noreferrer\">Za\u0142\u0105cznik 1 do sprawozdania z roku 2019\/2020<\/a><\/li>\n<\/ul>\n<p><strong>Druki do pobrania:<\/strong><\/p>\n<p>Na podstawie Zarz\u0105dzenia Rektora numer 2614:<\/p>\n<ul>\n<li><a href=\"http:\/\/physics.uwb.edu.pl\/wf\/wp-content\/uploads\/2020\/02\/Nr-2614-za\u0142.-1-Protok\u00f3\u0142-hospitacji-zaj\u0119\u0107-dydaktycznych.docx\">Protok\u00f3\u0142 hospitacji zaj\u0119\u0107 dydaktycznych<\/a><\/li>\n<li><a href=\"http:\/\/physics.uwb.edu.pl\/wf\/wp-content\/uploads\/2020\/02\/Nr-2614-za\u0142.-2-Ankieta-oceny-student\u00f3w-i-doktorant\u00f3w-1.docx\">Ankieta oceny student\u00f3w i doktorant\u00f3w<\/a><\/li>\n<li><a href=\"http:\/\/physics.uwb.edu.pl\/wf\/wp-content\/uploads\/2020\/02\/Nr-2614-za\u0142.-3a-Ankieta-ewaluacyjna-wydzia\u0142y.docx\">Ankieta ewaluacyjna wydzia\u0142u<\/a><\/li>\n<li><a href=\"http:\/\/physics.uwb.edu.pl\/wf\/wp-content\/uploads\/2020\/02\/Nr-2614-za\u0142.-4a-Ankieta-student\u00f3w-uczestnicz\u0105cych-w-wymianie-mi\u0119dzyuczelnianej.docx\">Ankieta student\u00f3w uczestnicz\u0105cych w wymianie mi\u0119dzyuczelnianej<\/a><\/li>\n<li><a href=\"http:\/\/physics.uwb.edu.pl\/wf\/wp-content\/uploads\/2020\/02\/Nr-2614-za\u0142.-5-Ankieta-absolwenta.docx\">Ankieta absolwenta<\/a><\/li>\n<li><a href=\"http:\/\/physics.uwb.edu.pl\/wf\/wp-content\/uploads\/2020\/02\/Nr-2614-za\u0142.-6a-Sprawozdanie-wydzia\u0142\u00f3w.docx\">Sprawozdanie wydzia\u0142\u00f3w<\/a><\/li>\n<li><a href=\"http:\/\/physics.uwb.edu.pl\/wf\/wp-content\/uploads\/2020\/02\/Nr-2614-za\u0142.-6b-Sprawozdanie-szk\u00f3\u0142-doktorskich.docx\">Sprawozdanie szk\u00f3\u0142 doktorskich<\/a><\/li>\n<li><a href=\"http:\/\/physics.uwb.edu.pl\/wf\/wp-content\/uploads\/2020\/02\/Nr-2614-za\u0142.-6c-Sprawozdanie-jednostek-og\u00f3lnouczelnianych.docx\">Sprawozdanie jednostek og\u00f3lnouczelnianych<\/a><\/li>\n<\/ul>\n<p>Wcze\u015bniejsze dokumenty:<\/p>\n<ul>\n<li><a href=\"http:\/\/physics.uwb.edu.pl\/wf\/wp-content\/uploads\/2019\/05\/Hospitacja_Protokol.docx\">Protok\u00f3\u0142 hospitacji zaj\u0119\u0107 dydaktycznych<\/a><\/li>\n<li><a href=\"http:\/\/physics.uwb.edu.pl\/wf\/wp-content\/uploads\/2017\/09\/ankietaOcenyZaj\u0119c.pdf\">Ankieta oceny zaj\u0119\u0107 dydaktycznych<\/a><\/li>\n<li><a href=\"http:\/\/physics.uwb.edu.pl\/wf\/wp-content\/uploads\/2017\/09\/ankietaEwaluacyjna.pdf\">Ankieta ewaluacyjna<\/a><\/li>\n<li><a href=\"http:\/\/physics.uwb.edu.pl\/wf\/wp-content\/uploads\/2017\/09\/ankietaStudentow.pdf\">Ankieta student\u00f3w uczestnicz\u0105cych w wymianie mi\u0119dzyuczelnianej<\/a><\/li>\n<li><a href=\"http:\/\/physics.uwb.edu.pl\/wf\/wp-content\/uploads\/2017\/09\/evaluationForm.pdf\">Evaluation Form for the International Students at the Faculty of Physics<\/a><\/li>\n<li><a href=\"http:\/\/physics.uwb.edu.pl\/wf\/wp-content\/uploads\/2017\/09\/ankietaAbsolwenta.pdf\">Ankieta absolwenta<\/a><\/li>\n<li><a href=\"http:\/\/physics.uwb.edu.pl\/wf\/wp-content\/uploads\/2017\/09\/ankietaDoktoranta.pdf\">Ankieta doktoranta<\/a><\/li>\n<li><a href=\"http:\/\/physics.uwb.edu.pl\/wf\/wp-content\/uploads\/2017\/09\/ankietaPracodawcy.pdf\">Ankieta pracodawcy<\/a><\/li>\n<\/ul>\n","protected":false},"excerpt":{"rendered":"<p>Zgodnie z Uchwa\u0142\u0105 nr 2614 Senatu Uniwersytetu w Bia\u0142ymstoku z dnia 19 listopada 2019 r. decyzj\u0105 Dziekana Wydzia\u0142u Fizyki Uniwersytetu w Bia\u0142ymstoku, w dniu 30 listopada 2020 r. powo\u0142ane zosta\u0142y <a href=\"https:\/\/physics.uwb.edu.pl\/wf\/?page_id=98\" class=\"more-link\">[&hellip;]<\/a><\/p>\n","protected":false},"author":2,"featured_media":0,"parent":592,"menu_order":40,"comment_status":"closed","ping_status":"closed","template":"","meta":{"ngg_post_thumbnail":0,"Layout":"2c-l","footnotes":""},"categories":[3],"tags":[],"class_list":["entry","author-dobrog","post-98","page","type-page","status-publish","category-wydzialowe_pl"],"jetpack_sharing_enabled":true,"jetpack_shortlink":"https:\/\/wp.me\/P7nvcn-1A","_links":{"self":[{"href":"https:\/\/physics.uwb.edu.pl\/wf\/index.php?rest_route=\/wp\/v2\/pages\/98","targetHints":{"allow":["GET"]}}],"collection":[{"href":"https:\/\/physics.uwb.edu.pl\/wf\/index.php?rest_route=\/wp\/v2\/pages"}],"about":[{"href":"https:\/\/physics.uwb.edu.pl\/wf\/index.php?rest_route=\/wp\/v2\/types\/page"}],"author":[{"embeddable":true,"href":"https:\/\/physics.uwb.edu.pl\/wf\/index.php?rest_route=\/wp\/v2\/users\/2"}],"replies":[{"embeddable":true,"href":"https:\/\/physics.uwb.edu.pl\/wf\/index.php?rest_route=%2Fwp%2Fv2%2Fcomments&post=98"}],"version-history":[{"count":38,"href":"https:\/\/physics.uwb.edu.pl\/wf\/index.php?rest_route=\/wp\/v2\/pages\/98\/revisions"}],"predecessor-version":[{"id":13076,"href":"https:\/\/physics.uwb.edu.pl\/wf\/index.php?rest_route=\/wp\/v2\/pages\/98\/revisions\/13076"}],"up":[{"embeddable":true,"href":"https:\/\/physics.uwb.edu.pl\/wf\/index.php?rest_route=\/wp\/v2\/pages\/592"}],"wp:attachment":[{"href":"https:\/\/physics.uwb.edu.pl\/wf\/index.php?rest_route=%2Fwp%2Fv2%2Fmedia&parent=98"}],"wp:term":[{"taxonomy":"category","embeddable":true,"href":"https:\/\/physics.uwb.edu.pl\/wf\/index.php?rest_route=%2Fwp%2Fv2%2Fcategories&post=98"},{"taxonomy":"post_tag","embeddable":true,"href":"https:\/\/physics.uwb.edu.pl\/wf\/index.php?rest_route=%2Fwp%2Fv2%2Ftags&post=98"}],"curies":[{"name":"wp","href":"https:\/\/api.w.org\/{rel}","templated":true}]}}