{"id":9810,"date":"2019-05-24T10:18:24","date_gmt":"2019-05-24T08:18:24","guid":{"rendered":"http:\/\/physics.uwb.edu.pl\/wf\/?page_id=9810"},"modified":"2019-05-24T14:03:39","modified_gmt":"2019-05-24T12:03:39","slug":"wyklad-ptf-promieniowanie-jonizujace-jest-cool-2-3-2-2-2-2-2-2-2","status":"publish","type":"page","link":"https:\/\/physics.uwb.edu.pl\/wf\/?page_id=9810","title":{"rendered":"Wyk\u0142ady PTF: Dziwno\u015b\u0107 &#8211; dziwna w\u0142asno\u015b\u0107 cz\u0105stek  elementarnych"},"content":{"rendered":"<p><em><strong>Wyk\u0142ady PTF o\/Bia\u0142ystok &#8211; zapowiedzi<\/strong><\/em><\/p>\n<p style=\"text-align: center\">W sobot\u0119 1 czerwca 2019 roku o godz. 11.00<br \/>\nw sali 2011 Wydzia\u0142u Fizyki przy ul. Konstantego Cio\u0142kowskiego 1L<br \/>\n<strong>dr Eryk Czerwi\u0144ski<\/strong><br \/>\nz Instytutu Fizyki Uniwersytetu Jagiello\u0144skiego<br \/>\nwyg\u0142osi wyk\u0142ad pt.<br \/>\n<strong>Dziwno\u015b\u0107 &#8211; dziwna w\u0142asno\u015b\u0107 cz\u0105stek <\/strong><br \/>\n<strong>elementarnych<\/strong><\/p>\n<p><strong>&nbsp;<\/strong><\/p>\n<p style=\"text-align: justify\">Zaskakuj\u0105ce w\u0142a\u015bciwo\u015bci najl\u017cejszych cz\u0105stek dziwnych wielokrotnie prowadzi\u0142y do nieoczekiwanych odkry\u0107 w naszym rozumieniu praw fizyki, zaczynaj\u0105c od samego odkrycia dziwno\u015bci, przez model kwarkowy i \u0142amanie symetrii zamiany materii na antymateri\u0119, odbicia przestrzennego oraz symetrii odwr\u00f3cenia w czasie, po spl\u0105tanie kwantowe. Na wyk\u0142adzie przedstawi\u0119 kr\u00f3tk\u0105 histori\u0119 tych odkry\u0107 oraz pytania, na kt\u00f3re nie znamy odpowiedzi, a kt\u00f3re s\u0105 wa\u017cne dla opisu Wszech\u015bwiata.&nbsp;Przy okazji przedstawi\u0119 ide\u0119 dzia\u0142ania nawigacji satelitarnej w oparciu o Twierdzenie Pitagorasa.<\/p>\n<p style=\"text-align: justify\"><em>Dr Eryk Czerwi\u0144ski uparcie szuka \u0142amania symetrii CPT w uk\u0142adach sk\u0142adaj\u0105cych si\u0119 z materii i antymaterii. W ramach tych dzia\u0142a\u0144 buduje i obs\u0142uguje detektory oraz analizuje dane zebrane z ich wykorzystaniem, a w wolnych chwilach gra w szachy, squasha i siatk\u00f3wk\u0119. Odby\u0142 sta\u017c w Centrum Badawczym Juelich w Niemczech oraz Narodowym Instytucie Fizyki J\u0105drowej we W\u0142oszech. Jest laureatem m.in. nagrody im. Prof. Stefana Pie\u0144kowskiego przyznawanej przez Instytut Fizyki Do\u015bwiadczalnej Uniwersytetu Warszawskiego za znacz\u0105ce osi\u0105gni\u0119cia naukowe w dziedzinie eksperymentalnej fizyki, astronomii, chemii i biologii oraz nagrody im. Prof. Henryka Niewodnicza\u0144skiego przyznawanej przez Instytut Fizyki Uniwersytetu Jagiello\u0144skiego za znacz\u0105ce osi\u0105gni\u0119cia naukowe w dziedzinie fizyki lub biofizyki. <\/em><\/p>\n<p>Wszystkie osoby zainteresowane serdecznie zapraszamy!<br \/>\nZarz\u0105d OB PTF<\/p>\n","protected":false},"excerpt":{"rendered":"<p>Wyk\u0142ady PTF o\/Bia\u0142ystok &#8211; zapowiedzi W sobot\u0119 1 czerwca 2019 roku o godz. 11.00 w sali 2011 Wydzia\u0142u Fizyki przy ul. Konstantego Cio\u0142kowskiego 1L dr Eryk Czerwi\u0144ski z Instytutu Fizyki <a href=\"https:\/\/physics.uwb.edu.pl\/wf\/?page_id=9810\" class=\"more-link\">[&hellip;]<\/a><\/p>\n","protected":false},"author":10,"featured_media":1879,"parent":789,"menu_order":0,"comment_status":"closed","ping_status":"closed","template":"","meta":{"ngg_post_thumbnail":0,"Layout":"","footnotes":""},"categories":[40],"tags":[],"class_list":["entry","author-pzaleski","post-9810","page","type-page","status-publish","has-post-thumbnail","category-ptf_wyklad"],"jetpack_sharing_enabled":true,"jetpack_shortlink":"https:\/\/wp.me\/P7nvcn-2ye","_links":{"self":[{"href":"https:\/\/physics.uwb.edu.pl\/wf\/index.php?rest_route=\/wp\/v2\/pages\/9810","targetHints":{"allow":["GET"]}}],"collection":[{"href":"https:\/\/physics.uwb.edu.pl\/wf\/index.php?rest_route=\/wp\/v2\/pages"}],"about":[{"href":"https:\/\/physics.uwb.edu.pl\/wf\/index.php?rest_route=\/wp\/v2\/types\/page"}],"author":[{"embeddable":true,"href":"https:\/\/physics.uwb.edu.pl\/wf\/index.php?rest_route=\/wp\/v2\/users\/10"}],"replies":[{"embeddable":true,"href":"https:\/\/physics.uwb.edu.pl\/wf\/index.php?rest_route=%2Fwp%2Fv2%2Fcomments&post=9810"}],"version-history":[{"count":3,"href":"https:\/\/physics.uwb.edu.pl\/wf\/index.php?rest_route=\/wp\/v2\/pages\/9810\/revisions"}],"predecessor-version":[{"id":9817,"href":"https:\/\/physics.uwb.edu.pl\/wf\/index.php?rest_route=\/wp\/v2\/pages\/9810\/revisions\/9817"}],"up":[{"embeddable":true,"href":"https:\/\/physics.uwb.edu.pl\/wf\/index.php?rest_route=\/wp\/v2\/pages\/789"}],"wp:featuredmedia":[{"embeddable":true,"href":"https:\/\/physics.uwb.edu.pl\/wf\/index.php?rest_route=\/wp\/v2\/media\/1879"}],"wp:attachment":[{"href":"https:\/\/physics.uwb.edu.pl\/wf\/index.php?rest_route=%2Fwp%2Fv2%2Fmedia&parent=9810"}],"wp:term":[{"taxonomy":"category","embeddable":true,"href":"https:\/\/physics.uwb.edu.pl\/wf\/index.php?rest_route=%2Fwp%2Fv2%2Fcategories&post=9810"},{"taxonomy":"post_tag","embeddable":true,"href":"https:\/\/physics.uwb.edu.pl\/wf\/index.php?rest_route=%2Fwp%2Fv2%2Ftags&post=9810"}],"curies":[{"name":"wp","href":"https:\/\/api.w.org\/{rel}","templated":true}]}}