{"id":9853,"date":"2019-05-30T10:53:48","date_gmt":"2019-05-30T08:53:48","guid":{"rendered":"http:\/\/physics.uwb.edu.pl\/wf\/?page_id=9853"},"modified":"2019-05-30T10:53:48","modified_gmt":"2019-05-30T08:53:48","slug":"o-marianie-smoluchowskim-w-setna-rocznice-smierci-2-2-2-2-2-4-3-2-2-2-2-2-2-2-3-3-2-3-2-2-2-2-3-2-2-2-2-2-2-3-2-2-2-2-2-2-2-2-2-3-3","status":"publish","type":"page","link":"https:\/\/physics.uwb.edu.pl\/wf\/?page_id=9853","title":{"rendered":"Internet rzeczy \u2013aplikacje steruj\u0105ce"},"content":{"rendered":"<h3><strong>Seminarium wydzia\u0142owe<br \/>\n<\/strong><\/h3>\n<p align=\"justify\">Dnia 2019-06-04 o godzinie 12:15 w sali 2011 Wydzia\u0142u Fizyki UwB odb\u0119dzie si\u0119 wyk\u0142ad, na kt\u00f3rym <strong>dr Cezary Walczyk (Zak\u0142ad Teorii Pola, Wydzia\u0142 Fizyki UwB), <\/strong>wyg\u0142osi wyk\u0142ad pt:<\/p>\n<h3 style=\"text-align: center\"><span style=\"font-size: 28px\">&#8220;Internet rzeczy \u2013aplikacje steruj\u0105ce&#8221; <\/span><\/h3>\n<p style=\"text-align: right\">Serdecznie zapraszamy<\/p>\n<p style=\"text-align: right\">Jerzy Przeszowski<\/p>\n<p style=\"text-align: justify\"><span class=\"gmail-s1\">Na seminarium zostan\u0105 przedstawione narz\u0119dzia informatyczne, kt\u00f3re dzi\u0119ki wykorzystaniu popularnych protoko\u0142\u00f3w komunikacyjnych (takich jak: Modbus, MQTT, OSC), umo\u017cliwiaj\u0105 szybkie tworzenie aplikacji kontroluj\u0105cych urz\u0105dzenia IoT.<\/span><\/p>\n<p style=\"text-align: justify\">&nbsp;<\/p>\n<p>&nbsp;<\/p>\n","protected":false},"excerpt":{"rendered":"<p>Seminarium wydzia\u0142owe Dnia 2019-06-04 o godzinie 12:15 w sali 2011 Wydzia\u0142u Fizyki UwB odb\u0119dzie si\u0119 wyk\u0142ad, na kt\u00f3rym dr Cezary Walczyk (Zak\u0142ad Teorii Pola, Wydzia\u0142 Fizyki UwB), wyg\u0142osi wyk\u0142ad pt: <a href=\"https:\/\/physics.uwb.edu.pl\/wf\/?page_id=9853\" class=\"more-link\">[&hellip;]<\/a><\/p>\n","protected":false},"author":14,"featured_media":3366,"parent":822,"menu_order":0,"comment_status":"closed","ping_status":"closed","template":"","meta":{"ngg_post_thumbnail":0,"Layout":"1c","footnotes":""},"categories":[69],"tags":[],"class_list":["entry","author-ulag","post-9853","page","type-page","status-publish","has-post-thumbnail","category-seminarium_pl"],"jetpack_sharing_enabled":true,"jetpack_shortlink":"https:\/\/wp.me\/P7nvcn-2yV","_links":{"self":[{"href":"https:\/\/physics.uwb.edu.pl\/wf\/index.php?rest_route=\/wp\/v2\/pages\/9853","targetHints":{"allow":["GET"]}}],"collection":[{"href":"https:\/\/physics.uwb.edu.pl\/wf\/index.php?rest_route=\/wp\/v2\/pages"}],"about":[{"href":"https:\/\/physics.uwb.edu.pl\/wf\/index.php?rest_route=\/wp\/v2\/types\/page"}],"author":[{"embeddable":true,"href":"https:\/\/physics.uwb.edu.pl\/wf\/index.php?rest_route=\/wp\/v2\/users\/14"}],"replies":[{"embeddable":true,"href":"https:\/\/physics.uwb.edu.pl\/wf\/index.php?rest_route=%2Fwp%2Fv2%2Fcomments&post=9853"}],"version-history":[{"count":1,"href":"https:\/\/physics.uwb.edu.pl\/wf\/index.php?rest_route=\/wp\/v2\/pages\/9853\/revisions"}],"predecessor-version":[{"id":9854,"href":"https:\/\/physics.uwb.edu.pl\/wf\/index.php?rest_route=\/wp\/v2\/pages\/9853\/revisions\/9854"}],"up":[{"embeddable":true,"href":"https:\/\/physics.uwb.edu.pl\/wf\/index.php?rest_route=\/wp\/v2\/pages\/822"}],"wp:featuredmedia":[{"embeddable":true,"href":"https:\/\/physics.uwb.edu.pl\/wf\/index.php?rest_route=\/wp\/v2\/media\/3366"}],"wp:attachment":[{"href":"https:\/\/physics.uwb.edu.pl\/wf\/index.php?rest_route=%2Fwp%2Fv2%2Fmedia&parent=9853"}],"wp:term":[{"taxonomy":"category","embeddable":true,"href":"https:\/\/physics.uwb.edu.pl\/wf\/index.php?rest_route=%2Fwp%2Fv2%2Fcategories&post=9853"},{"taxonomy":"post_tag","embeddable":true,"href":"https:\/\/physics.uwb.edu.pl\/wf\/index.php?rest_route=%2Fwp%2Fv2%2Ftags&post=9853"}],"curies":[{"name":"wp","href":"https:\/\/api.w.org\/{rel}","templated":true}]}}