{"id":9879,"date":"2019-06-05T12:23:52","date_gmt":"2019-06-05T10:23:52","guid":{"rendered":"http:\/\/physics.uwb.edu.pl\/wf\/?page_id=9879"},"modified":"2019-06-05T12:23:52","modified_gmt":"2019-06-05T10:23:52","slug":"o-marianie-smoluchowskim-w-setna-rocznice-smierci-2-2-2-2-2-4-3-2-2-2-2-2-2-2-3-3-2-3-2-2-2-2-3-2-2-2-2-2-2-3-2-2-2-2-2-2-2-2-2-3-3-2-2","status":"publish","type":"page","link":"https:\/\/physics.uwb.edu.pl\/wf\/?page_id=9879","title":{"rendered":"Zastosowanie sondy scyntylacyjnej do pomiaru  in vitro aktywno\u015bci 18F-FDG we krwi"},"content":{"rendered":"<h3><strong>Seminarium wydzia\u0142owe<br \/>\n<\/strong><\/h3>\n<p align=\"justify\">Dnia 2019-06-11 o godzinie 14:15 w sali 2011 Wydzia\u0142u Fizyki UwB odb\u0119dzie si\u0119 wyk\u0142ad, na kt\u00f3rym <strong>mgr Anna Ostasz- Sokolik (doktorantka Wydzia\u0142u FIzyki UwB), <\/strong>wyg\u0142osi wyk\u0142ad pt:<\/p>\n<h3 style=\"text-align: center\"><span style=\"font-size: 28px\">&#8220;<\/span><span style=\"font-size: 36px\"><strong>Zastosowanie sondy scyntylacyjnej do pomiaru<\/strong><\/span><\/h3>\n<p align=\"center\"><span style=\"font-size: 36px\"><strong> in vitro aktywno\u015bci 18F-FDG we krwi<\/strong><\/span><span style=\"font-size: 28px\">&#8221; <\/span><\/p>\n<p style=\"text-align: right\">Serdecznie zapraszamy<\/p>\n<p style=\"text-align: right\">Andrzej Maziewski<\/p>\n<p style=\"text-align: right\">Jerzy Przeszowski<\/p>\n<p>18F-fluorodeoksyglukoza (FDG) jest najcz\u0119\u015bciej stosowanym radiofarmaceutykiem w badaniach PET. Jego biodystrybucja zale\u017cy od wielu czynnik\u00f3w. Ocena aktywno\u015bci izotopu we krwi badanych jest nieodzownym elementem okre\u015blenia farmakokinetyki radioznacznika w ustroju. Aktywno\u015b\u0107 w\u0142a\u015bciw\u0105 krwi mo\u017cemy mierzy\u0107 mi\u0119dzy innymi pobieraj\u0105c pr\u00f3bki krwi i rejestruj\u0105c nat\u0119\u017cenie promieniowania emitowane przez te pr\u00f3bki za pomoc\u0105 sondy scyntylacyjnej. Takie pomiary by\u0142y przeprowadzone w grupie pacjent\u00f3w bior\u0105cych udzia\u0142 w badaniach brunatnej tkanki t\u0142uszczowej prowadzonych przez Uniwersytet Medyczny w Bia\u0142ymstoku z wykorzystaniem PET\/MR. Wyniki otrzymane wspomnian\u0105 metod\u0105 r\u00f3\u017cni\u0105 si\u0119 nieznacznie od tych uzyskanych z bada\u0144 PET.<\/p>\n<p>&nbsp;<\/p>\n<p style=\"text-align: justify\">&nbsp;<\/p>\n<p>&nbsp;<\/p>\n","protected":false},"excerpt":{"rendered":"<p>Seminarium wydzia\u0142owe Dnia 2019-06-11 o godzinie 14:15 w sali 2011 Wydzia\u0142u Fizyki UwB odb\u0119dzie si\u0119 wyk\u0142ad, na kt\u00f3rym mgr Anna Ostasz- Sokolik (doktorantka Wydzia\u0142u FIzyki UwB), wyg\u0142osi wyk\u0142ad pt: &#8220;Zastosowanie <a href=\"https:\/\/physics.uwb.edu.pl\/wf\/?page_id=9879\" class=\"more-link\">[&hellip;]<\/a><\/p>\n","protected":false},"author":14,"featured_media":3366,"parent":822,"menu_order":0,"comment_status":"closed","ping_status":"closed","template":"","meta":{"ngg_post_thumbnail":0,"Layout":"1c","footnotes":""},"categories":[69],"tags":[],"class_list":["entry","author-ulag","post-9879","page","type-page","status-publish","has-post-thumbnail","category-seminarium_pl"],"jetpack_sharing_enabled":true,"jetpack_shortlink":"https:\/\/wp.me\/P7nvcn-2zl","_links":{"self":[{"href":"https:\/\/physics.uwb.edu.pl\/wf\/index.php?rest_route=\/wp\/v2\/pages\/9879","targetHints":{"allow":["GET"]}}],"collection":[{"href":"https:\/\/physics.uwb.edu.pl\/wf\/index.php?rest_route=\/wp\/v2\/pages"}],"about":[{"href":"https:\/\/physics.uwb.edu.pl\/wf\/index.php?rest_route=\/wp\/v2\/types\/page"}],"author":[{"embeddable":true,"href":"https:\/\/physics.uwb.edu.pl\/wf\/index.php?rest_route=\/wp\/v2\/users\/14"}],"replies":[{"embeddable":true,"href":"https:\/\/physics.uwb.edu.pl\/wf\/index.php?rest_route=%2Fwp%2Fv2%2Fcomments&post=9879"}],"version-history":[{"count":1,"href":"https:\/\/physics.uwb.edu.pl\/wf\/index.php?rest_route=\/wp\/v2\/pages\/9879\/revisions"}],"predecessor-version":[{"id":9880,"href":"https:\/\/physics.uwb.edu.pl\/wf\/index.php?rest_route=\/wp\/v2\/pages\/9879\/revisions\/9880"}],"up":[{"embeddable":true,"href":"https:\/\/physics.uwb.edu.pl\/wf\/index.php?rest_route=\/wp\/v2\/pages\/822"}],"wp:featuredmedia":[{"embeddable":true,"href":"https:\/\/physics.uwb.edu.pl\/wf\/index.php?rest_route=\/wp\/v2\/media\/3366"}],"wp:attachment":[{"href":"https:\/\/physics.uwb.edu.pl\/wf\/index.php?rest_route=%2Fwp%2Fv2%2Fmedia&parent=9879"}],"wp:term":[{"taxonomy":"category","embeddable":true,"href":"https:\/\/physics.uwb.edu.pl\/wf\/index.php?rest_route=%2Fwp%2Fv2%2Fcategories&post=9879"},{"taxonomy":"post_tag","embeddable":true,"href":"https:\/\/physics.uwb.edu.pl\/wf\/index.php?rest_route=%2Fwp%2Fv2%2Ftags&post=9879"}],"curies":[{"name":"wp","href":"https:\/\/api.w.org\/{rel}","templated":true}]}}