{"id":9897,"date":"2019-06-07T12:02:31","date_gmt":"2019-06-07T10:02:31","guid":{"rendered":"http:\/\/physics.uwb.edu.pl\/wf\/?page_id=9897"},"modified":"2019-06-08T06:35:11","modified_gmt":"2019-06-08T04:35:11","slug":"xvii-gielda-pomyslow-na-zycie-lomza-2-2-2-2-3-2","status":"publish","type":"page","link":"https:\/\/physics.uwb.edu.pl\/wf\/?page_id=9897","title":{"rendered":"&#8220;Nie szukaj daleko&#8221; &#8211; wizyta w 1LO w Bia\u0142ymstoku"},"content":{"rendered":"<p>7 czerwca 2019 r. byli\u015bmy w 1 LO im. Adama Mickiewicza w Bia\u0142ymstoku. Wyst\u0105pienie zatytuowane &#8220;Nie szukaj daleko: fizyka gier komputerowych i robot\u00f3w na UwB&#8221; wyg\u0142osi\u0142 dr Krzysztof Gawryluk. Ko\u0144c\u00f3wka roku sprzyja tego typu wizytom &#8211; oceny s\u0105 ju\u017c zaproponowane, uczniowie pracuj\u0105 mniej intensywanie a za oknem upa\u0142y&#8230; Dlatego wyk\u0142ad by\u0142 bardziej informacyjny ni\u017c naukowy.<\/p>\n<p><img loading=\"lazy\" decoding=\"async\" class=\"alignnone wp-image-9898\" src=\"http:\/\/physics.uwb.edu.pl\/wf\/wp-content\/uploads\/2019\/06\/IMG-20190607-WA0001-1024x724.jpg\" alt=\"\" width=\"600\" height=\"425\" srcset=\"https:\/\/physics.uwb.edu.pl\/wf\/wp-content\/uploads\/2019\/06\/IMG-20190607-WA0001-1024x724.jpg 1024w, https:\/\/physics.uwb.edu.pl\/wf\/wp-content\/uploads\/2019\/06\/IMG-20190607-WA0001-150x106.jpg 150w, https:\/\/physics.uwb.edu.pl\/wf\/wp-content\/uploads\/2019\/06\/IMG-20190607-WA0001-300x212.jpg 300w, https:\/\/physics.uwb.edu.pl\/wf\/wp-content\/uploads\/2019\/06\/IMG-20190607-WA0001-707x500.jpg 707w, https:\/\/physics.uwb.edu.pl\/wf\/wp-content\/uploads\/2019\/06\/IMG-20190607-WA0001.jpg 1600w\" sizes=\"auto, (max-width: 600px) 100vw, 600px\" \/><\/p>\n<p>Spotkanie w ca\u0142o\u015bci dotyczy\u0142o prezentacji specjalno\u015bci <a href=\"http:\/\/gry.fizyka.uwb.edu.pl\">fizyka gier komputerowych i robot\u00f3w<\/a> &#8211; otwartej na Wydziale Fizyki trzy lata temu. To ci\u0105gle nowo\u015b\u0107 na naszym wydziale (pierwsi absolwenci dopiero w tym roku!), ale tak\u017ce nowo\u015b\u0107 w ofercie edukacyjnej szk\u00f3l w wojew\u00f3dztwie podlaskim. To w\u0142a\u015bnie u nas &#8211; na Wydziale Fizyki &#8211; mo\u017cna \u0142\u0105czy\u0107 ze sob\u0105 nauk\u0119 fizyki i&nbsp; informatyki w spos\u00f3b nowoczesny, interdyscyplinarny. W\u0142a\u015bnie tej interdyscyplinarno\u015bci po\u015bwi\u0119cone by\u0142o wyst\u0105pienie dr. Gawryluka, kt\u00f3ry przedstawi\u0142 jak si\u0119 \u0142\u0105cz\u0105 ze sob\u0105 fizyka, robotyka, grafika kompuerowa i informatyka. Obecni uczniowie klas 1 i 2 (profile politechniczno-informatyczne) us\u0142yszeli o zaletach studiowania bez konieczno\u015bci wyjazdu poza granice bia\u0142egosoku, na rodzimej uczelni. Spotkanie zosta\u0142o zorganizowane przez mgra Paw\u0142a Andryszaka &#8211; naszego absolwenta, a teraz nauczyciela przedmiotu fizyka w 1LO &#8211; serdecznie dzi\u0119kujemy za tego typu inicyjatywy.&nbsp;<\/p>\n<p>Dzi\u0119kujemy za zaproszenie i mo\u017cliwo\u015b\u0107 przedstawienia swoim podopiecznym naszej oferty edukacyjnej &#8211; \u015bwiata symulacji komputerowych i programowalnej elektroniki. Mamy nadziej\u0119, \u017ce wybieraj\u0105c swoj\u0105 przysz\u0142o\u015b\u0107 pami\u0119ta\u0107 b\u0119dziecie o Wydziale Fizyki i <a href=\"http:\/\/physics.uwb.edu.pl\/wf\/?page_id=161\">naszej ofercie edukacyjnej<\/a>.<\/p>\n","protected":false},"excerpt":{"rendered":"<p>7 czerwca 2019 r. byli\u015bmy w 1 LO im. Adama Mickiewicza w Bia\u0142ymstoku. Wyst\u0105pienie zatytuowane &#8220;Nie szukaj daleko: fizyka gier komputerowych i robot\u00f3w na UwB&#8221; wyg\u0142osi\u0142 dr Krzysztof Gawryluk. Ko\u0144c\u00f3wka <a href=\"https:\/\/physics.uwb.edu.pl\/wf\/?page_id=9897\" class=\"more-link\">[&hellip;]<\/a><\/p>\n","protected":false},"author":5,"featured_media":9898,"parent":2744,"menu_order":0,"comment_status":"closed","ping_status":"closed","template":"","meta":{"ngg_post_thumbnail":0,"Layout":"1c","footnotes":""},"categories":[166,131,35],"tags":[],"class_list":["entry","author-gawryl","post-9897","page","type-page","status-publish","has-post-thumbnail","category-edukacyjne","category-galeria_foto","category-popularyzacja_pl"],"jetpack_sharing_enabled":true,"jetpack_shortlink":"https:\/\/wp.me\/P7nvcn-2zD","_links":{"self":[{"href":"https:\/\/physics.uwb.edu.pl\/wf\/index.php?rest_route=\/wp\/v2\/pages\/9897","targetHints":{"allow":["GET"]}}],"collection":[{"href":"https:\/\/physics.uwb.edu.pl\/wf\/index.php?rest_route=\/wp\/v2\/pages"}],"about":[{"href":"https:\/\/physics.uwb.edu.pl\/wf\/index.php?rest_route=\/wp\/v2\/types\/page"}],"author":[{"embeddable":true,"href":"https:\/\/physics.uwb.edu.pl\/wf\/index.php?rest_route=\/wp\/v2\/users\/5"}],"replies":[{"embeddable":true,"href":"https:\/\/physics.uwb.edu.pl\/wf\/index.php?rest_route=%2Fwp%2Fv2%2Fcomments&post=9897"}],"version-history":[{"count":3,"href":"https:\/\/physics.uwb.edu.pl\/wf\/index.php?rest_route=\/wp\/v2\/pages\/9897\/revisions"}],"predecessor-version":[{"id":9901,"href":"https:\/\/physics.uwb.edu.pl\/wf\/index.php?rest_route=\/wp\/v2\/pages\/9897\/revisions\/9901"}],"up":[{"embeddable":true,"href":"https:\/\/physics.uwb.edu.pl\/wf\/index.php?rest_route=\/wp\/v2\/pages\/2744"}],"wp:featuredmedia":[{"embeddable":true,"href":"https:\/\/physics.uwb.edu.pl\/wf\/index.php?rest_route=\/wp\/v2\/media\/9898"}],"wp:attachment":[{"href":"https:\/\/physics.uwb.edu.pl\/wf\/index.php?rest_route=%2Fwp%2Fv2%2Fmedia&parent=9897"}],"wp:term":[{"taxonomy":"category","embeddable":true,"href":"https:\/\/physics.uwb.edu.pl\/wf\/index.php?rest_route=%2Fwp%2Fv2%2Fcategories&post=9897"},{"taxonomy":"post_tag","embeddable":true,"href":"https:\/\/physics.uwb.edu.pl\/wf\/index.php?rest_route=%2Fwp%2Fv2%2Ftags&post=9897"}],"curies":[{"name":"wp","href":"https:\/\/api.w.org\/{rel}","templated":true}]}}