{"id":9903,"date":"2019-06-12T13:38:39","date_gmt":"2019-06-12T11:38:39","guid":{"rendered":"http:\/\/physics.uwb.edu.pl\/wf\/?page_id=9903"},"modified":"2019-06-12T13:40:31","modified_gmt":"2019-06-12T11:40:31","slug":"o-marianie-smoluchowskim-w-setna-rocznice-smierci-2-2-2-2-2-4-3-2-2-2-2-2-2-2-3-3-2-3-2-2-2-2-3-2-2-2-2-2-2-3-2-2-2-2-2-2-2-2-2-3-3-2-2-2-2","status":"publish","type":"page","link":"https:\/\/physics.uwb.edu.pl\/wf\/?page_id=9903","title":{"rendered":"Nowy model ewaluacji jako\u015bci dzia\u0142alno\u015bci naukowej i kategoryzacji podmiot\u00f3w w dyscyplinach naukowych i artystycznych"},"content":{"rendered":"<p>W imieniu Pani Prorektor prof. I. \u015awi\u0119cickiej dziekan Wydzia\u0142u Fizyki zaprasza na wyk\u0142ad przewodnicz\u0105cego <em><strong>Komisji Ewaluacji Nauki, prof. dra hab. B\u0142a\u017ceja Skocznia<\/strong><\/em>, kt\u00f3ry odb\u0119dzie si\u0119 we <em><strong>wtorek 25.06<\/strong><\/em> w auli <em><strong>Wydzia\u0142u Fizyki (sala 2011) o godz. 11.00.<\/strong><\/em><\/p>\n<p>Tytu\u0142 wyk\u0142adu to &#8220;<em><strong>Nowy model ewaluacji jako\u015bci dzia\u0142alno\u015bci naukowej i kategoryzacji podmiot\u00f3w w dyscyplinach naukowych i artystycznych.<\/strong><\/em>&#8221;<\/p>\n<p>&nbsp;<\/p>\n<p>Prof. B\u0142a\u017cej Skocze\u0144 obecnie kieruje Centrum Projektowania Akcelerator\u00f3w Wydzia\u0142u Mechanicznego Politechniki Krakowskiej. Odby\u0142 sta\u017ce naukowe na Uniwersytecie Technicznym w Wiedniu (1992) i w Toyohashi University of Technology w Japonii (1993). Pracowa\u0142 r\u00f3wnie\u017c w Institut Fran\u00e7ais de M\u00e9canique Avanc\u00e9e (2006). Kierowa\u0142 w CERN jednym z zespo\u0142\u00f3w zajmuj\u0105cych si\u0119 projektem Wielkiego Zderzacza Hadron\u00f3w (LHC). W 2013 r. zosta\u0142 cz\u0142onkiem Komitetu Ewaluacji Jednostek Naukowych Ministerstwa Nauki i Szkolnictwa Wy\u017cszego. Jest przewodnicz\u0105cym Sekcji Mechaniki Materia\u0142\u00f3w Komitetu Mechaniki PAN. Autor oko\u0142o 200 publikacji, ksi\u0105\u017cek, raport\u00f3w i opracowa\u0144 naukowych, w tym trzech monografii.<\/p>\n","protected":false},"excerpt":{"rendered":"<p>W imieniu Pani Prorektor prof. I. \u015awi\u0119cickiej dziekan Wydzia\u0142u Fizyki zaprasza na wyk\u0142ad przewodnicz\u0105cego Komisji Ewaluacji Nauki, prof. dra hab. B\u0142a\u017ceja Skocznia, kt\u00f3ry odb\u0119dzie si\u0119 we wtorek 25.06 w auli <a href=\"https:\/\/physics.uwb.edu.pl\/wf\/?page_id=9903\" class=\"more-link\">[&hellip;]<\/a><\/p>\n","protected":false},"author":14,"featured_media":1622,"parent":822,"menu_order":0,"comment_status":"closed","ping_status":"closed","template":"","meta":{"ngg_post_thumbnail":0,"Layout":"1c","footnotes":""},"categories":[69],"tags":[],"class_list":["entry","author-ulag","post-9903","page","type-page","status-publish","has-post-thumbnail","category-seminarium_pl"],"jetpack_sharing_enabled":true,"jetpack_shortlink":"https:\/\/wp.me\/P7nvcn-2zJ","_links":{"self":[{"href":"https:\/\/physics.uwb.edu.pl\/wf\/index.php?rest_route=\/wp\/v2\/pages\/9903","targetHints":{"allow":["GET"]}}],"collection":[{"href":"https:\/\/physics.uwb.edu.pl\/wf\/index.php?rest_route=\/wp\/v2\/pages"}],"about":[{"href":"https:\/\/physics.uwb.edu.pl\/wf\/index.php?rest_route=\/wp\/v2\/types\/page"}],"author":[{"embeddable":true,"href":"https:\/\/physics.uwb.edu.pl\/wf\/index.php?rest_route=\/wp\/v2\/users\/14"}],"replies":[{"embeddable":true,"href":"https:\/\/physics.uwb.edu.pl\/wf\/index.php?rest_route=%2Fwp%2Fv2%2Fcomments&post=9903"}],"version-history":[{"count":2,"href":"https:\/\/physics.uwb.edu.pl\/wf\/index.php?rest_route=\/wp\/v2\/pages\/9903\/revisions"}],"predecessor-version":[{"id":9905,"href":"https:\/\/physics.uwb.edu.pl\/wf\/index.php?rest_route=\/wp\/v2\/pages\/9903\/revisions\/9905"}],"up":[{"embeddable":true,"href":"https:\/\/physics.uwb.edu.pl\/wf\/index.php?rest_route=\/wp\/v2\/pages\/822"}],"wp:featuredmedia":[{"embeddable":true,"href":"https:\/\/physics.uwb.edu.pl\/wf\/index.php?rest_route=\/wp\/v2\/media\/1622"}],"wp:attachment":[{"href":"https:\/\/physics.uwb.edu.pl\/wf\/index.php?rest_route=%2Fwp%2Fv2%2Fmedia&parent=9903"}],"wp:term":[{"taxonomy":"category","embeddable":true,"href":"https:\/\/physics.uwb.edu.pl\/wf\/index.php?rest_route=%2Fwp%2Fv2%2Fcategories&post=9903"},{"taxonomy":"post_tag","embeddable":true,"href":"https:\/\/physics.uwb.edu.pl\/wf\/index.php?rest_route=%2Fwp%2Fv2%2Ftags&post=9903"}],"curies":[{"name":"wp","href":"https:\/\/api.w.org\/{rel}","templated":true}]}}