{"id":9931,"date":"2019-06-17T14:23:20","date_gmt":"2019-06-17T12:23:20","guid":{"rendered":"http:\/\/physics.uwb.edu.pl\/wf\/?page_id=9931"},"modified":"2020-01-13T11:53:14","modified_gmt":"2020-01-13T10:53:14","slug":"wydzial-fizyki-uwb-uruchamia-studia-doktoranckie-2-2","status":"publish","type":"page","link":"https:\/\/physics.uwb.edu.pl\/wf\/?page_id=9931","title":{"rendered":"Solaris i Pirx \u2013 gwiazda i planeta pozas\u0142oneczna"},"content":{"rendered":"<div class=\"body\">\n<p><strong>Solaris i Pirx \u2013 gwiazda i&nbsp; planeta pozas\u0142oneczna nazwana przez Polak\u00f3w<br \/>\n<\/strong><\/p>\n<p style=\"text-align: justify\">Mi\u0119dzynarodowa Unia Astronomiczna (IAU) w stulecie swojego istnienia og\u0142osi\u0142a konkurs i zbiera\u0142a propozycje nazw planet pozas\u0142onecznych. Konkurs trwa\u0142 rok. Uk\u0142ad planetarny przydzielony Polsce do nazwania to BD+14 4559. Uk\u0142ad znajduje si\u0119 w konstelacji Pegasa (widocznego w Polsce) i le\u017cy 161 lat \u015bwietlnych od nas.<\/p>\n<\/div>\n<p style=\"text-align: justify\">17 grudnia 2019 r. Mi\u0119dzynarodowa Unia Astronomiczna og\u0142osi\u0142a wyniki konkursu i od tej pory w kosmosie b\u0119dzie gwiazda o nazwie <strong>Solaris<\/strong> i planeta nazwana<strong> Pirx<\/strong>.<\/p>\n<div class=\"body\">\n<p style=\"text-align: justify\">Solaris jest kar\u0142em o pomara\u0144czowym zabarwieniu. Pirx to gazowy olbrzym o masie 1,04 masy Jowisza okr\u0105\u017caj\u0105cy Solarisa w ci\u0105gu 269 dni i le\u017c\u0105cy od niej w odleg\u0142o\u015bci 0,78 jednostki astronomicznej (1 jednostka astronomiczna to \u015brednia odleg\u0142o\u015b\u0107 Ziemia-S\u0142o\u0144ce).<\/p>\n<p>Wi\u0119cej szczego\u0142\u00f3w na: <a href=\"https:\/\/www.iau100.pl\/planety\/\">https:\/\/www.iau100.pl\/planety\/<\/a><\/p>\n<\/div>\n","protected":false},"excerpt":{"rendered":"<p>Solaris i Pirx \u2013 gwiazda i&nbsp; planeta pozas\u0142oneczna nazwana przez Polak\u00f3w Mi\u0119dzynarodowa Unia Astronomiczna (IAU) w stulecie swojego istnienia og\u0142osi\u0142a konkurs i zbiera\u0142a propozycje nazw planet pozas\u0142onecznych. Konkurs trwa\u0142 rok. <a href=\"https:\/\/physics.uwb.edu.pl\/wf\/?page_id=9931\" class=\"more-link\">[&hellip;]<\/a><\/p>\n","protected":false},"author":14,"featured_media":9932,"parent":713,"menu_order":0,"comment_status":"closed","ping_status":"closed","template":"","meta":{"ngg_post_thumbnail":0,"Layout":"1c","footnotes":""},"categories":[],"tags":[],"class_list":["entry","author-ulag","post-9931","page","type-page","status-publish","has-post-thumbnail"],"jetpack_sharing_enabled":true,"jetpack_shortlink":"https:\/\/wp.me\/P7nvcn-2Ab","_links":{"self":[{"href":"https:\/\/physics.uwb.edu.pl\/wf\/index.php?rest_route=\/wp\/v2\/pages\/9931","targetHints":{"allow":["GET"]}}],"collection":[{"href":"https:\/\/physics.uwb.edu.pl\/wf\/index.php?rest_route=\/wp\/v2\/pages"}],"about":[{"href":"https:\/\/physics.uwb.edu.pl\/wf\/index.php?rest_route=\/wp\/v2\/types\/page"}],"author":[{"embeddable":true,"href":"https:\/\/physics.uwb.edu.pl\/wf\/index.php?rest_route=\/wp\/v2\/users\/14"}],"replies":[{"embeddable":true,"href":"https:\/\/physics.uwb.edu.pl\/wf\/index.php?rest_route=%2Fwp%2Fv2%2Fcomments&post=9931"}],"version-history":[{"count":8,"href":"https:\/\/physics.uwb.edu.pl\/wf\/index.php?rest_route=\/wp\/v2\/pages\/9931\/revisions"}],"predecessor-version":[{"id":10546,"href":"https:\/\/physics.uwb.edu.pl\/wf\/index.php?rest_route=\/wp\/v2\/pages\/9931\/revisions\/10546"}],"up":[{"embeddable":true,"href":"https:\/\/physics.uwb.edu.pl\/wf\/index.php?rest_route=\/wp\/v2\/pages\/713"}],"wp:featuredmedia":[{"embeddable":true,"href":"https:\/\/physics.uwb.edu.pl\/wf\/index.php?rest_route=\/wp\/v2\/media\/9932"}],"wp:attachment":[{"href":"https:\/\/physics.uwb.edu.pl\/wf\/index.php?rest_route=%2Fwp%2Fv2%2Fmedia&parent=9931"}],"wp:term":[{"taxonomy":"category","embeddable":true,"href":"https:\/\/physics.uwb.edu.pl\/wf\/index.php?rest_route=%2Fwp%2Fv2%2Fcategories&post=9931"},{"taxonomy":"post_tag","embeddable":true,"href":"https:\/\/physics.uwb.edu.pl\/wf\/index.php?rest_route=%2Fwp%2Fv2%2Ftags&post=9931"}],"curies":[{"name":"wp","href":"https:\/\/api.w.org\/{rel}","templated":true}]}}