{"id":39,"date":"2017-01-13T10:47:13","date_gmt":"2017-01-13T10:47:13","guid":{"rendered":"http:\/\/physics.uwb.edu.pl\/wf\/knf\/?page_id=39"},"modified":"2017-05-21T19:16:22","modified_gmt":"2017-05-21T19:16:22","slug":"publikacje","status":"publish","type":"page","link":"https:\/\/physics.uwb.edu.pl\/wf\/knf\/publikacje\/","title":{"rendered":"Publikacje"},"content":{"rendered":"<h1>Publikacje z udzia\u0142em cz\u0142onk\u00f3w KNF<\/h1>\n<ol>\n<li>Kamil \u0141api\u0144ski, Elwira Borawska, Grzegorz Kulesza, \u0141ukasz Wieleszczyk, <em>Mechanizmy transportu energii w \u017car\u00f3wce<\/em>, Wydawnictwo Uniwersytetu Przyrodniczo-Humanistycznego w Siedlcach, 2011 r. ISBN 978-83-7051-646-8<\/li>\n<li>K. Szyma\u0144ski, J.L. Cie\u015bli\u0144ski and K. \u0141api\u0144ski, <em>Van der Pauw method on a sample with an isolated hole<\/em>, Phys. Lett. A 377 (2013) 651<\/li>\n<li>Elwira Borawska, Grzegorz Ostapczuk, <em>Wp\u0142yw wybranych jon\u00f3w na zm\u0119tnienie herbaty<\/em>, Zeszyty Studenckiego Ruchu Naukowego Uniwersytetu Jana Kochanowskiego w Kielcach, 2014\/22, ISSN 1231-1006<\/li>\n<li>K. Szyma\u0144ski, J.L. Cie\u015bli\u0144ski and K. \u0141api\u0144ski,<em> Determination of the Riemann modulus and sheet resistance of a sample with a hole by the van der Pauw method<\/em>, Meas. Sci. Technol. 26 (2015) 055003 (5pp)<\/li>\n<li>Krzysztof Szyma\u0144ski, Kamil \u0141api\u0144ski, Jan L Cie\u015bli\u0144ski, Artur Kobus,Piotr Zaleski, Maria Biernacka and Krystyna Perzy\u0144ska, <em>Determination of the Riemann modulus and sheet resistivity by a six-point generalization of the van der Pauw method<\/em>, Meas. Sci. Technol. 26 (2015) 085012 (6pp)<\/li>\n<li>Anna Wasilewska, Tadeusz Porowski, Krzysztof Szyma\u0144ski, \u0141ukasz \u0141abieniec, Andrzej Andrejczuk, Zg\u0142oszenie do UPRP: <em>Urz\u0105dzenie do badania stopnia zm\u0119tnienia p\u0142yn\u00f3w w warunkach, dynamicznych oraz spos\u00f3b badania stopnia zm\u0119tnienia p\u0142yn\u00f3w w warunkach dynamicznych<\/em>. Data przyj\u0119cia 2016-09-30, Numer zg\u0142oszenia P.418941.<\/li>\n<li>\n<div>Katarzyna Taranta-Janusz, \u0141ukasz \u0141abieniec, Tadeusz Porowski, Krzysztof Szyma\u0144ski, Halina Porowska, Anna Wasilewska, <em>Determining normal values of urinary phosphorus excretion in 3913 healthy children aged 2\u201318 to aid early diagnosis and treatment for urolithiasis, <\/em>(wys\u0142ane do redakcji Acta Pediatrica i zaakceptowane do druku)<\/div>\n<\/li>\n<\/ol>\n","protected":false},"excerpt":{"rendered":"<p>Publikacje z udzia\u0142em cz\u0142onk\u00f3w KNF Kamil \u0141api\u0144ski, Elwira Borawska, Grzegorz Kulesza, \u0141ukasz Wieleszczyk, Mechanizmy transportu energii w \u017car\u00f3wce, Wydawnictwo Uniwersytetu Przyrodniczo-Humanistycznego w Siedlcach, 2011 r. ISBN 978-83-7051-646-8 K. Szyma\u0144ski, J.L. Cie\u015bli\u0144ski and K. \u0141api\u0144ski, Van der Pauw method on a &hellip; <a href=\"https:\/\/physics.uwb.edu.pl\/wf\/knf\/publikacje\/\">Czytaj dalej <span class=\"meta-nav\">&rarr;<\/span><\/a><\/p>\n","protected":false},"author":2,"featured_media":0,"parent":0,"menu_order":0,"comment_status":"closed","ping_status":"closed","template":"","meta":{"ngg_post_thumbnail":0,"footnotes":""},"class_list":["post-39","page","type-page","status-publish","hentry"],"_links":{"self":[{"href":"https:\/\/physics.uwb.edu.pl\/wf\/knf\/wp-json\/wp\/v2\/pages\/39","targetHints":{"allow":["GET"]}}],"collection":[{"href":"https:\/\/physics.uwb.edu.pl\/wf\/knf\/wp-json\/wp\/v2\/pages"}],"about":[{"href":"https:\/\/physics.uwb.edu.pl\/wf\/knf\/wp-json\/wp\/v2\/types\/page"}],"author":[{"embeddable":true,"href":"https:\/\/physics.uwb.edu.pl\/wf\/knf\/wp-json\/wp\/v2\/users\/2"}],"replies":[{"embeddable":true,"href":"https:\/\/physics.uwb.edu.pl\/wf\/knf\/wp-json\/wp\/v2\/comments?post=39"}],"version-history":[{"count":3,"href":"https:\/\/physics.uwb.edu.pl\/wf\/knf\/wp-json\/wp\/v2\/pages\/39\/revisions"}],"predecessor-version":[{"id":133,"href":"https:\/\/physics.uwb.edu.pl\/wf\/knf\/wp-json\/wp\/v2\/pages\/39\/revisions\/133"}],"wp:attachment":[{"href":"https:\/\/physics.uwb.edu.pl\/wf\/knf\/wp-json\/wp\/v2\/media?parent=39"}],"curies":[{"name":"wp","href":"https:\/\/api.w.org\/{rel}","templated":true}]}}